{"id":10763,"date":"2021-08-18T15:27:58","date_gmt":"2021-08-18T18:27:58","guid":{"rendered":"http:\/\/sobradinho.rs.gov.br\/portal\/?page_id=10763"},"modified":"2021-08-18T15:28:53","modified_gmt":"2021-08-18T18:28:53","slug":"transparencia-covid19","status":"publish","type":"page","link":"http:\/\/www.sobradinho.rs.gov.br\/portal\/?page_id=10763","title":{"rendered":"Transpar\u00eancia Covid19"},"content":{"rendered":"\n<p>Os insumos adquiridos n\u00e3o foram apenas para sala de vacina\u00e7\u00e3o, e sim para todos os estabelecimentos de sa\u00fade.<\/p>\n\n\n\n<figure class=\"wp-block-image size-large\"><a href=\"https:\/\/portal.tce.rs.gov.br\/aplicprod\/f?p=50500:16:::NO:RIR:P16_PAG_RETORNO,P16_CD_ORGAO:4,60700&amp;cs=1ePcIKBEynVmrpcZUxfEnilQwXv8\"><img fetchpriority=\"high\" decoding=\"async\" width=\"416\" height=\"155\" src=\"http:\/\/sobradinho.rs.gov.br\/portal\/wp-content\/uploads\/2021\/08\/covid-trans.jpg\" alt=\"\" class=\"wp-image-10764\" srcset=\"http:\/\/www.sobradinho.rs.gov.br\/portal\/wp-content\/uploads\/2021\/08\/covid-trans.jpg 416w, http:\/\/www.sobradinho.rs.gov.br\/portal\/wp-content\/uploads\/2021\/08\/covid-trans-300x112.jpg 300w, http:\/\/www.sobradinho.rs.gov.br\/portal\/wp-content\/uploads\/2021\/08\/covid-trans-260x97.jpg 260w, http:\/\/www.sobradinho.rs.gov.br\/portal\/wp-content\/uploads\/2021\/08\/covid-trans-50x19.jpg 50w, http:\/\/www.sobradinho.rs.gov.br\/portal\/wp-content\/uploads\/2021\/08\/covid-trans-150x56.jpg 150w\" sizes=\"(max-width: 416px) 100vw, 416px\" \/><\/a><\/figure>\n\n\n\n<p><\/p>\n","protected":false},"excerpt":{"rendered":"<p>Os insumos adquiridos n\u00e3o foram apenas para sala de vacina\u00e7\u00e3o, e sim para todos os estabelecimentos de sa\u00fade.<\/p>\n","protected":false},"author":2,"featured_media":0,"parent":0,"menu_order":0,"comment_status":"closed","ping_status":"closed","template":"","meta":{"_eb_attr":"","site-sidebar-layout":"default","site-content-layout":"","ast-site-content-layout":"default","site-content-style":"default","site-sidebar-style":"default","ast-global-header-display":"","ast-banner-title-visibility":"","ast-main-header-display":"","ast-hfb-above-header-display":"","ast-hfb-below-header-display":"","ast-hfb-mobile-header-display":"","site-post-title":"","ast-breadcrumbs-content":"","ast-featured-img":"","footer-sml-layout":"","theme-transparent-header-meta":"","adv-header-id-meta":"","stick-header-meta":"","header-above-stick-meta":"","header-main-stick-meta":"","header-below-stick-meta":"","astra-migrate-meta-layouts":"default","ast-page-background-enabled":"default","ast-page-background-meta":{"desktop":{"background-color":"var(--ast-global-color-4)","background-image":"","background-repeat":"repeat","background-position":"center center","background-size":"auto","background-attachment":"scroll","background-type":"","background-media":"","overlay-type":"","overlay-color":"","overlay-opacity":"","overlay-gradient":""},"tablet":{"background-color":"","background-image":"","background-repeat":"repeat","background-position":"center center","background-size":"auto","background-attachment":"scroll","background-type":"","background-media":"","overlay-type":"","overlay-color":"","overlay-opacity":"","overlay-gradient":""},"mobile":{"background-color":"","background-image":"","background-repeat":"repeat","background-position":"center center","background-size":"auto","background-attachment":"scroll","background-type":"","background-media":"","overlay-type":"","overlay-color":"","overlay-opacity":"","overlay-gradient":""}},"ast-content-background-meta":{"desktop":{"background-color":"var(--ast-global-color-5)","background-image":"","background-repeat":"repeat","background-position":"center center","background-size":"auto","background-attachment":"scroll","background-type":"","background-media":"","overlay-type":"","overlay-color":"","overlay-opacity":"","overlay-gradient":""},"tablet":{"background-color":"var(--ast-global-color-5)","background-image":"","background-repeat":"repeat","background-position":"center center","background-size":"auto","background-attachment":"scroll","background-type":"","background-media":"","overlay-type":"","overlay-color":"","overlay-opacity":"","overlay-gradient":""},"mobile":{"background-color":"var(--ast-global-color-5)","background-image":"","background-repeat":"repeat","background-position":"center center","background-size":"auto","background-attachment":"scroll","background-type":"","background-media":"","overlay-type":"","overlay-color":"","overlay-opacity":"","overlay-gradient":""}},"footnotes":""},"class_list":["post-10763","page","type-page","status-publish","hentry"],"_links":{"self":[{"href":"http:\/\/www.sobradinho.rs.gov.br\/portal\/index.php?rest_route=\/wp\/v2\/pages\/10763","targetHints":{"allow":["GET"]}}],"collection":[{"href":"http:\/\/www.sobradinho.rs.gov.br\/portal\/index.php?rest_route=\/wp\/v2\/pages"}],"about":[{"href":"http:\/\/www.sobradinho.rs.gov.br\/portal\/index.php?rest_route=\/wp\/v2\/types\/page"}],"author":[{"embeddable":true,"href":"http:\/\/www.sobradinho.rs.gov.br\/portal\/index.php?rest_route=\/wp\/v2\/users\/2"}],"replies":[{"embeddable":true,"href":"http:\/\/www.sobradinho.rs.gov.br\/portal\/index.php?rest_route=%2Fwp%2Fv2%2Fcomments&post=10763"}],"version-history":[{"count":2,"href":"http:\/\/www.sobradinho.rs.gov.br\/portal\/index.php?rest_route=\/wp\/v2\/pages\/10763\/revisions"}],"predecessor-version":[{"id":10766,"href":"http:\/\/www.sobradinho.rs.gov.br\/portal\/index.php?rest_route=\/wp\/v2\/pages\/10763\/revisions\/10766"}],"wp:attachment":[{"href":"http:\/\/www.sobradinho.rs.gov.br\/portal\/index.php?rest_route=%2Fwp%2Fv2%2Fmedia&parent=10763"}],"curies":[{"name":"wp","href":"https:\/\/api.w.org\/{rel}","templated":true}]}}