{"id":10803,"date":"2021-08-23T11:30:45","date_gmt":"2021-08-23T14:30:45","guid":{"rendered":"http:\/\/sobradinho.rs.gov.br\/portal\/?page_id=10803"},"modified":"2021-11-24T14:59:05","modified_gmt":"2021-11-24T17:59:05","slug":"registro-de-sobra-identificada-de-doses-de-vacinas-covid-19","status":"publish","type":"page","link":"http:\/\/www.sobradinho.rs.gov.br\/portal\/?page_id=10803","title":{"rendered":"Registro de Sobra Identificada de Doses de Vacinas Covid-19"},"content":{"rendered":"\n<p class=\"has-text-align-center\">O munic\u00edpio n\u00e3o apresentou sobras, no final do dia, s\u00e3o abertos frascos apenas quando o quantitativo de pessoas \u00e9 suficiente para o quantitativo de doses no frasco.<\/p>\n\n\n\n<figure class=\"wp-block-image size-large\"><img fetchpriority=\"high\" decoding=\"async\" width=\"710\" height=\"1005\" src=\"http:\/\/sobradinho.rs.gov.br\/portal\/wp-content\/uploads\/2021\/11\/WhatsApp-Image-2021-11-24-at-14.54.41.jpeg\" alt=\"Vacina\" class=\"wp-image-11740\" srcset=\"http:\/\/www.sobradinho.rs.gov.br\/portal\/wp-content\/uploads\/2021\/11\/WhatsApp-Image-2021-11-24-at-14.54.41.jpeg 710w, http:\/\/www.sobradinho.rs.gov.br\/portal\/wp-content\/uploads\/2021\/11\/WhatsApp-Image-2021-11-24-at-14.54.41-212x300.jpeg 212w, http:\/\/www.sobradinho.rs.gov.br\/portal\/wp-content\/uploads\/2021\/11\/WhatsApp-Image-2021-11-24-at-14.54.41-103x146.jpeg 103w, http:\/\/www.sobradinho.rs.gov.br\/portal\/wp-content\/uploads\/2021\/11\/WhatsApp-Image-2021-11-24-at-14.54.41-35x50.jpeg 35w, http:\/\/www.sobradinho.rs.gov.br\/portal\/wp-content\/uploads\/2021\/11\/WhatsApp-Image-2021-11-24-at-14.54.41-53x75.jpeg 53w\" sizes=\"(max-width: 710px) 100vw, 710px\" \/><\/figure>\n","protected":false},"excerpt":{"rendered":"<p>O munic\u00edpio n\u00e3o apresentou sobras, no final do dia, s\u00e3o abertos frascos apenas quando o quantitativo de pessoas \u00e9 suficiente [&hellip;]<\/p>\n","protected":false},"author":2,"featured_media":0,"parent":0,"menu_order":0,"comment_status":"closed","ping_status":"closed","template":"","meta":{"_eb_attr":"","site-sidebar-layout":"default","site-content-layout":"","ast-site-content-layout":"default","site-content-style":"default","site-sidebar-style":"default","ast-global-header-display":"","ast-banner-title-visibility":"","ast-main-header-display":"","ast-hfb-above-header-display":"","ast-hfb-below-header-display":"","ast-hfb-mobile-header-display":"","site-post-title":"","ast-breadcrumbs-content":"","ast-featured-img":"","footer-sml-layout":"","theme-transparent-header-meta":"","adv-header-id-meta":"","stick-header-meta":"","header-above-stick-meta":"","header-main-stick-meta":"","header-below-stick-meta":"","astra-migrate-meta-layouts":"default","ast-page-background-enabled":"default","ast-page-background-meta":{"desktop":{"background-color":"var(--ast-global-color-4)","background-image":"","background-repeat":"repeat","background-position":"center center","background-size":"auto","background-attachment":"scroll","background-type":"","background-media":"","overlay-type":"","overlay-color":"","overlay-opacity":"","overlay-gradient":""},"tablet":{"background-color":"","background-image":"","background-repeat":"repeat","background-position":"center center","background-size":"auto","background-attachment":"scroll","background-type":"","background-media":"","overlay-type":"","overlay-color":"","overlay-opacity":"","overlay-gradient":""},"mobile":{"background-color":"","background-image":"","background-repeat":"repeat","background-position":"center center","background-size":"auto","background-attachment":"scroll","background-type":"","background-media":"","overlay-type":"","overlay-color":"","overlay-opacity":"","overlay-gradient":""}},"ast-content-background-meta":{"desktop":{"background-color":"var(--ast-global-color-5)","background-image":"","background-repeat":"repeat","background-position":"center center","background-size":"auto","background-attachment":"scroll","background-type":"","background-media":"","overlay-type":"","overlay-color":"","overlay-opacity":"","overlay-gradient":""},"tablet":{"background-color":"var(--ast-global-color-5)","background-image":"","background-repeat":"repeat","background-position":"center center","background-size":"auto","background-attachment":"scroll","background-type":"","background-media":"","overlay-type":"","overlay-color":"","overlay-opacity":"","overlay-gradient":""},"mobile":{"background-color":"var(--ast-global-color-5)","background-image":"","background-repeat":"repeat","background-position":"center center","background-size":"auto","background-attachment":"scroll","background-type":"","background-media":"","overlay-type":"","overlay-color":"","overlay-opacity":"","overlay-gradient":""}},"footnotes":""},"class_list":["post-10803","page","type-page","status-publish","hentry"],"_links":{"self":[{"href":"http:\/\/www.sobradinho.rs.gov.br\/portal\/index.php?rest_route=\/wp\/v2\/pages\/10803","targetHints":{"allow":["GET"]}}],"collection":[{"href":"http:\/\/www.sobradinho.rs.gov.br\/portal\/index.php?rest_route=\/wp\/v2\/pages"}],"about":[{"href":"http:\/\/www.sobradinho.rs.gov.br\/portal\/index.php?rest_route=\/wp\/v2\/types\/page"}],"author":[{"embeddable":true,"href":"http:\/\/www.sobradinho.rs.gov.br\/portal\/index.php?rest_route=\/wp\/v2\/users\/2"}],"replies":[{"embeddable":true,"href":"http:\/\/www.sobradinho.rs.gov.br\/portal\/index.php?rest_route=%2Fwp%2Fv2%2Fcomments&post=10803"}],"version-history":[{"count":4,"href":"http:\/\/www.sobradinho.rs.gov.br\/portal\/index.php?rest_route=\/wp\/v2\/pages\/10803\/revisions"}],"predecessor-version":[{"id":11743,"href":"http:\/\/www.sobradinho.rs.gov.br\/portal\/index.php?rest_route=\/wp\/v2\/pages\/10803\/revisions\/11743"}],"wp:attachment":[{"href":"http:\/\/www.sobradinho.rs.gov.br\/portal\/index.php?rest_route=%2Fwp%2Fv2%2Fmedia&parent=10803"}],"curies":[{"name":"wp","href":"https:\/\/api.w.org\/{rel}","templated":true}]}}