{"id":10835,"date":"2021-08-24T14:05:01","date_gmt":"2021-08-24T17:05:01","guid":{"rendered":"http:\/\/sobradinho.rs.gov.br\/portal\/?page_id=10835"},"modified":"2021-08-24T15:46:50","modified_gmt":"2021-08-24T18:46:50","slug":"horarios-e-locais-de-vacinacao-para-covid-19","status":"publish","type":"page","link":"http:\/\/www.sobradinho.rs.gov.br\/portal\/?page_id=10835","title":{"rendered":"Hor\u00e1rios e locais de Vacina\u00e7\u00e3o para COVID-19"},"content":{"rendered":"\n<p><strong>Nova etapa de vacina\u00e7\u00e3o contra a Covid-19 em Sobradinho<\/strong><\/p>\n\n\n\n<figure class=\"wp-block-image size-large is-resized\"><img fetchpriority=\"high\" decoding=\"async\" src=\"http:\/\/sobradinho.rs.gov.br\/portal\/wp-content\/uploads\/2021\/08\/vacinacao-1-1024x1024.jpg\" alt=\"\" class=\"wp-image-10845\" width=\"226\" height=\"226\" srcset=\"http:\/\/www.sobradinho.rs.gov.br\/portal\/wp-content\/uploads\/2021\/08\/vacinacao-1-1024x1024.jpg 1024w, http:\/\/www.sobradinho.rs.gov.br\/portal\/wp-content\/uploads\/2021\/08\/vacinacao-1-300x300.jpg 300w, http:\/\/www.sobradinho.rs.gov.br\/portal\/wp-content\/uploads\/2021\/08\/vacinacao-1-150x150.jpg 150w, http:\/\/www.sobradinho.rs.gov.br\/portal\/wp-content\/uploads\/2021\/08\/vacinacao-1-768x768.jpg 768w, http:\/\/www.sobradinho.rs.gov.br\/portal\/wp-content\/uploads\/2021\/08\/vacinacao-1-1536x1536.jpg 1536w, http:\/\/www.sobradinho.rs.gov.br\/portal\/wp-content\/uploads\/2021\/08\/vacinacao-1-2048x2048.jpg 2048w, http:\/\/www.sobradinho.rs.gov.br\/portal\/wp-content\/uploads\/2021\/08\/vacinacao-1-146x146.jpg 146w, http:\/\/www.sobradinho.rs.gov.br\/portal\/wp-content\/uploads\/2021\/08\/vacinacao-1-50x50.jpg 50w, http:\/\/www.sobradinho.rs.gov.br\/portal\/wp-content\/uploads\/2021\/08\/vacinacao-1-75x75.jpg 75w, http:\/\/www.sobradinho.rs.gov.br\/portal\/wp-content\/uploads\/2021\/08\/vacinacao-1-85x85.jpg 85w, http:\/\/www.sobradinho.rs.gov.br\/portal\/wp-content\/uploads\/2021\/08\/vacinacao-1-80x80.jpg 80w\" sizes=\"(max-width: 226px) 100vw, 226px\" \/><\/figure>\n\n\n\n<p class=\"has-text-align-left\">A Secretaria Municipal da Sa\u00fade (SMS) de Sobradinho informa que iniciou a vacina\u00e7\u00e3o contra Covid-19 para pessoas com idade a partir de 18 anos, lembrando que devem fazer o agendamento no posto de sa\u00fade de sua refer\u00eancia, levando cart\u00e3o SUS pertencente ao munic\u00edpio de Sobradinho e comprovante de resid\u00eancia.<\/p>\n\n\n\n<p class=\"has-text-align-left\">A Secretaria aproveita para orientar as pessoas com 20 anos ou mais e pessoas com comorbidades, que, por algum motivo ainda n\u00e3o receberam a vacina, que devem procurar sua unidade de sa\u00fade para agendar a aplica\u00e7\u00e3o da mesma.<\/p>\n\n\n\n<p class=\"has-text-align-left\">Para maiores informa\u00e7\u00f5es e agendamento devem entrar em contato pelos telefones:<\/p>\n\n\n\n<p><strong>Posto de Sa\u00fade Bairro Copetti<\/strong> \u2013 Rua Ar\u00e3o Rodrigues de Souza, n\u00b0 36, Bairro Copetti \u2013 Telefone 3742-2611<br><strong>Posto de Sa\u00fade Bairro Rio Branco<\/strong> \u2013 Prof. Ivo Rathke n\u00b0149 Bairro Rio Branco \u2013 Telefone 3742-3576<br><strong>Posto de Sa\u00fade Bairro Baixada<\/strong> \u2013 Rua Frederico Mundstock n\u00ba 117 Bairro Baixada \u2013 Telefone 3742-3399<br><strong>Posto de Sa\u00fade Bairro Vera Cruz <\/strong>\u2013 Rua Anita Garibaldi n\u00b0 54 Bairro Vera Cruz \u2013 Telefone 3742-2151<br><strong>Posto de Sa\u00fade Central<\/strong> \u2013 Rua Jo\u00e3o Alfredo n\u00b0 77 Bairro Centro \u2013 Telefone<br>3742-1164<br>Todas as unidades de sa\u00fade funcionam das 7h30 \u00e0s 11h30 e das 13h \u00e0s 17 horas<\/p>\n","protected":false},"excerpt":{"rendered":"<p>Nova etapa de vacina\u00e7\u00e3o contra a Covid-19 em Sobradinho A Secretaria Municipal da Sa\u00fade (SMS) de Sobradinho informa que iniciou [&hellip;]<\/p>\n","protected":false},"author":2,"featured_media":0,"parent":0,"menu_order":0,"comment_status":"closed","ping_status":"closed","template":"","meta":{"_eb_attr":"","site-sidebar-layout":"default","site-content-layout":"","ast-site-content-layout":"default","site-content-style":"default","site-sidebar-style":"default","ast-global-header-display":"","ast-banner-title-visibility":"","ast-main-header-display":"","ast-hfb-above-header-display":"","ast-hfb-below-header-display":"","ast-hfb-mobile-header-display":"","site-post-title":"","ast-breadcrumbs-content":"","ast-featured-img":"","footer-sml-layout":"","theme-transparent-header-meta":"","adv-header-id-meta":"","stick-header-meta":"","header-above-stick-meta":"","header-main-stick-meta":"","header-below-stick-meta":"","astra-migrate-meta-layouts":"default","ast-page-background-enabled":"default","ast-page-background-meta":{"desktop":{"background-color":"var(--ast-global-color-4)","background-image":"","background-repeat":"repeat","background-position":"center center","background-size":"auto","background-attachment":"scroll","background-type":"","background-media":"","overlay-type":"","overlay-color":"","overlay-opacity":"","overlay-gradient":""},"tablet":{"background-color":"","background-image":"","background-repeat":"repeat","background-position":"center center","background-size":"auto","background-attachment":"scroll","background-type":"","background-media":"","overlay-type":"","overlay-color":"","overlay-opacity":"","overlay-gradient":""},"mobile":{"background-color":"","background-image":"","background-repeat":"repeat","background-position":"center center","background-size":"auto","background-attachment":"scroll","background-type":"","background-media":"","overlay-type":"","overlay-color":"","overlay-opacity":"","overlay-gradient":""}},"ast-content-background-meta":{"desktop":{"background-color":"var(--ast-global-color-5)","background-image":"","background-repeat":"repeat","background-position":"center center","background-size":"auto","background-attachment":"scroll","background-type":"","background-media":"","overlay-type":"","overlay-color":"","overlay-opacity":"","overlay-gradient":""},"tablet":{"background-color":"var(--ast-global-color-5)","background-image":"","background-repeat":"repeat","background-position":"center center","background-size":"auto","background-attachment":"scroll","background-type":"","background-media":"","overlay-type":"","overlay-color":"","overlay-opacity":"","overlay-gradient":""},"mobile":{"background-color":"var(--ast-global-color-5)","background-image":"","background-repeat":"repeat","background-position":"center center","background-size":"auto","background-attachment":"scroll","background-type":"","background-media":"","overlay-type":"","overlay-color":"","overlay-opacity":"","overlay-gradient":""}},"footnotes":""},"class_list":["post-10835","page","type-page","status-publish","hentry"],"_links":{"self":[{"href":"http:\/\/www.sobradinho.rs.gov.br\/portal\/index.php?rest_route=\/wp\/v2\/pages\/10835","targetHints":{"allow":["GET"]}}],"collection":[{"href":"http:\/\/www.sobradinho.rs.gov.br\/portal\/index.php?rest_route=\/wp\/v2\/pages"}],"about":[{"href":"http:\/\/www.sobradinho.rs.gov.br\/portal\/index.php?rest_route=\/wp\/v2\/types\/page"}],"author":[{"embeddable":true,"href":"http:\/\/www.sobradinho.rs.gov.br\/portal\/index.php?rest_route=\/wp\/v2\/users\/2"}],"replies":[{"embeddable":true,"href":"http:\/\/www.sobradinho.rs.gov.br\/portal\/index.php?rest_route=%2Fwp%2Fv2%2Fcomments&post=10835"}],"version-history":[{"count":5,"href":"http:\/\/www.sobradinho.rs.gov.br\/portal\/index.php?rest_route=\/wp\/v2\/pages\/10835\/revisions"}],"predecessor-version":[{"id":10848,"href":"http:\/\/www.sobradinho.rs.gov.br\/portal\/index.php?rest_route=\/wp\/v2\/pages\/10835\/revisions\/10848"}],"wp:attachment":[{"href":"http:\/\/www.sobradinho.rs.gov.br\/portal\/index.php?rest_route=%2Fwp%2Fv2%2Fmedia&parent=10835"}],"curies":[{"name":"wp","href":"https:\/\/api.w.org\/{rel}","templated":true}]}}