{"id":11548,"date":"2021-10-29T14:32:27","date_gmt":"2021-10-29T17:32:27","guid":{"rendered":"http:\/\/sobradinho.rs.gov.br\/portal\/?page_id=11548"},"modified":"2022-02-21T13:30:57","modified_gmt":"2022-02-21T16:30:57","slug":"prestacao-de-contas","status":"publish","type":"page","link":"http:\/\/www.sobradinho.rs.gov.br\/portal\/?page_id=11548","title":{"rendered":"Associa\u00e7\u00e3o Civil Corpo de Bombeiros Volunt\u00e1rios de Sobradinho &#8211; Presta\u00e7\u00e3o de Contas"},"content":{"rendered":"\n<p><\/p>\n\n\n\n<div class=\"wp-block-file\"><a href=\"http:\/\/sobradinho.rs.gov.br\/portal\/wp-content\/uploads\/2022\/02\/Prestacao-de-Contas-Associacao-Civil-Corpo-de-Bombeiros-Voluntarios-de-Sobradinho.pdf\">Presta\u00e7\u00e3o de Contas &#8211; Associa\u00e7\u00e3o Civil Corpo de Bombeiros Volunt\u00e1rios de Sobradinho<\/a><a href=\"http:\/\/sobradinho.rs.gov.br\/portal\/wp-content\/uploads\/2022\/02\/Prestacao-de-Contas-Associacao-Civil-Corpo-de-Bombeiros-Voluntarios-de-Sobradinho.pdf\" class=\"wp-block-file__button\" download>Baixar<\/a><\/div>\n\n\n\n<div class=\"wp-block-file\"><a href=\"http:\/\/sobradinho.rs.gov.br\/portal\/wp-content\/uploads\/2022\/02\/Notificacao-01.2022.pdf\">Notifica\u00e7\u00e3o 01.2022<\/a><a href=\"http:\/\/sobradinho.rs.gov.br\/portal\/wp-content\/uploads\/2022\/02\/Notificacao-01.2022.pdf\" class=\"wp-block-file__button\" download>Baixar<\/a><\/div>\n\n\n\n<div class=\"wp-block-file\"><a href=\"http:\/\/sobradinho.rs.gov.br\/portal\/wp-content\/uploads\/2022\/02\/Prestacao-de-Contas-Complementar-Associacao-Civil-Corpo-de-Bombeiros-Voluntarios-de-Sobradinho.pdf\">Presta\u00e7\u00e3o de Contas Complementar &#8211; Associa\u00e7\u00e3o Civil Corpo de Bombeiros Volunt\u00e1rios de Sobradinho<\/a><a href=\"http:\/\/sobradinho.rs.gov.br\/portal\/wp-content\/uploads\/2022\/02\/Prestacao-de-Contas-Complementar-Associacao-Civil-Corpo-de-Bombeiros-Voluntarios-de-Sobradinho.pdf\" class=\"wp-block-file__button\" download>Baixar<\/a><\/div>\n","protected":false},"excerpt":{"rendered":"","protected":false},"author":19,"featured_media":0,"parent":0,"menu_order":0,"comment_status":"closed","ping_status":"closed","template":"","meta":{"_eb_attr":"","site-sidebar-layout":"default","site-content-layout":"","ast-site-content-layout":"default","site-content-style":"default","site-sidebar-style":"default","ast-global-header-display":"","ast-banner-title-visibility":"","ast-main-header-display":"","ast-hfb-above-header-display":"","ast-hfb-below-header-display":"","ast-hfb-mobile-header-display":"","site-post-title":"","ast-breadcrumbs-content":"","ast-featured-img":"","footer-sml-layout":"","theme-transparent-header-meta":"","adv-header-id-meta":"","stick-header-meta":"","header-above-stick-meta":"","header-main-stick-meta":"","header-below-stick-meta":"","astra-migrate-meta-layouts":"default","ast-page-background-enabled":"default","ast-page-background-meta":{"desktop":{"background-color":"var(--ast-global-color-4)","background-image":"","background-repeat":"repeat","background-position":"center center","background-size":"auto","background-attachment":"scroll","background-type":"","background-media":"","overlay-type":"","overlay-color":"","overlay-opacity":"","overlay-gradient":""},"tablet":{"background-color":"","background-image":"","background-repeat":"repeat","background-position":"center center","background-size":"auto","background-attachment":"scroll","background-type":"","background-media":"","overlay-type":"","overlay-color":"","overlay-opacity":"","overlay-gradient":""},"mobile":{"background-color":"","background-image":"","background-repeat":"repeat","background-position":"center center","background-size":"auto","background-attachment":"scroll","background-type":"","background-media":"","overlay-type":"","overlay-color":"","overlay-opacity":"","overlay-gradient":""}},"ast-content-background-meta":{"desktop":{"background-color":"var(--ast-global-color-5)","background-image":"","background-repeat":"repeat","background-position":"center center","background-size":"auto","background-attachment":"scroll","background-type":"","background-media":"","overlay-type":"","overlay-color":"","overlay-opacity":"","overlay-gradient":""},"tablet":{"background-color":"var(--ast-global-color-5)","background-image":"","background-repeat":"repeat","background-position":"center center","background-size":"auto","background-attachment":"scroll","background-type":"","background-media":"","overlay-type":"","overlay-color":"","overlay-opacity":"","overlay-gradient":""},"mobile":{"background-color":"var(--ast-global-color-5)","background-image":"","background-repeat":"repeat","background-position":"center center","background-size":"auto","background-attachment":"scroll","background-type":"","background-media":"","overlay-type":"","overlay-color":"","overlay-opacity":"","overlay-gradient":""}},"footnotes":""},"class_list":["post-11548","page","type-page","status-publish","hentry"],"_links":{"self":[{"href":"http:\/\/www.sobradinho.rs.gov.br\/portal\/index.php?rest_route=\/wp\/v2\/pages\/11548","targetHints":{"allow":["GET"]}}],"collection":[{"href":"http:\/\/www.sobradinho.rs.gov.br\/portal\/index.php?rest_route=\/wp\/v2\/pages"}],"about":[{"href":"http:\/\/www.sobradinho.rs.gov.br\/portal\/index.php?rest_route=\/wp\/v2\/types\/page"}],"author":[{"embeddable":true,"href":"http:\/\/www.sobradinho.rs.gov.br\/portal\/index.php?rest_route=\/wp\/v2\/users\/19"}],"replies":[{"embeddable":true,"href":"http:\/\/www.sobradinho.rs.gov.br\/portal\/index.php?rest_route=%2Fwp%2Fv2%2Fcomments&post=11548"}],"version-history":[{"count":7,"href":"http:\/\/www.sobradinho.rs.gov.br\/portal\/index.php?rest_route=\/wp\/v2\/pages\/11548\/revisions"}],"predecessor-version":[{"id":12354,"href":"http:\/\/www.sobradinho.rs.gov.br\/portal\/index.php?rest_route=\/wp\/v2\/pages\/11548\/revisions\/12354"}],"wp:attachment":[{"href":"http:\/\/www.sobradinho.rs.gov.br\/portal\/index.php?rest_route=%2Fwp%2Fv2%2Fmedia&parent=11548"}],"curies":[{"name":"wp","href":"https:\/\/api.w.org\/{rel}","templated":true}]}}