{"id":11984,"date":"2022-01-03T15:38:47","date_gmt":"2022-01-03T18:38:47","guid":{"rendered":"http:\/\/sobradinho.rs.gov.br\/portal\/?page_id=11984"},"modified":"2022-01-03T15:38:49","modified_gmt":"2022-01-03T18:38:49","slug":"decretos-2022","status":"publish","type":"page","link":"http:\/\/www.sobradinho.rs.gov.br\/portal\/?page_id=11984","title":{"rendered":"Decretos 2022"},"content":{"rendered":"<div class=\"sdm_download_item \"><div class=\"sdm_download_item_top\"><div class=\"sdm_download_thumbnail\"><\/div><div class=\"sdm_download_title\">Decreto 7351\/2022 &#8211; INSTITUI TURNO \u00daNICO NAS REPARTI\u00c7\u00d5ES P\u00daBLICAS MUNICIPAIS NOS DIAS DOS JOGOS DO BRASIL NA 1\u00aa FASE DA COPA DO MUNDO &#8211; FIFA 2022, E D\u00c1 OUTRAS PROVID\u00caNCIAS.<\/div><\/div><div style=\"clear:both;\"><\/div><div class=\"sdm_download_description\"><p><a href=\"http:\/\/sobradinho.rs.gov.br\/portal\/wp-content\/uploads\/2022\/11\/DECRETO-7351.2022.doc\">DECRETO 7351.2022<\/a><\/p>\n<\/div><div class=\"sdm_download_link\"><span class=\"sdm_download_button\"><a href=\"http:\/\/www.sobradinho.rs.gov.br\/portal\/?sdm_process_download=1&download_id=14161\" class=\"sdm_download grey\" title=\"Decreto 7351\/2022 &#8211; INSTITUI TURNO \u00daNICO NAS REPARTI\u00c7\u00d5ES P\u00daBLICAS MUNICIPAIS NOS DIAS DOS JOGOS DO BRASIL NA 1\u00aa FASE DA COPA DO MUNDO &#8211; FIFA 2022, E D\u00c1 OUTRAS PROVID\u00caNCIAS.\" target=\"_self\">Baixar agora!<\/a><\/span><span class=\"sdm_download_item_count\"><span class=\"sdm_item_count_number\">0<\/span><span class=\"sdm_item_count_string\"> Downloads<\/span><\/span><\/div><\/div><div class=\"sdm_download_item \"><div class=\"sdm_download_item_top\"><div class=\"sdm_download_thumbnail\"><\/div><div class=\"sdm_download_title\">DECRETO 7329.2022 &#8211; DECRETA LUTO OFICIAL NO MUNIC\u00cdPIO DE SOBRADINHO, POR MOTIVO DE FALECIMENTO DE ILO RENATO MORAES<\/div><\/div><div style=\"clear:both;\"><\/div><div class=\"sdm_download_description\"><p><a href=\"http:\/\/sobradinho.rs.gov.br\/portal\/wp-content\/uploads\/2022\/09\/DECRETO-7329.2022.pdf\">DECRETO 7329.2022<\/a><\/p>\n<\/div><div class=\"sdm_download_link\"><span class=\"sdm_download_button\"><a href=\"http:\/\/www.sobradinho.rs.gov.br\/portal\/?sdm_process_download=1&download_id=13905\" class=\"sdm_download grey\" title=\"DECRETO 7329.2022 &#8211; DECRETA LUTO OFICIAL NO MUNIC\u00cdPIO DE SOBRADINHO, POR MOTIVO DE FALECIMENTO DE ILO RENATO MORAES\" target=\"_self\">Baixar agora!<\/a><\/span><span class=\"sdm_download_item_count\"><span class=\"sdm_item_count_number\">0<\/span><span class=\"sdm_item_count_string\"> Downloads<\/span><\/span><\/div><\/div><div class=\"sdm_download_item \"><div class=\"sdm_download_item_top\"><div class=\"sdm_download_thumbnail\"><\/div><div class=\"sdm_download_title\">DECRETO 7226.2022 &#8211; COVID-19<\/div><\/div><div style=\"clear:both;\"><\/div><div class=\"sdm_download_description\"><p><a href=\"http:\/\/sobradinho.rs.gov.br\/portal\/wp-content\/uploads\/2022\/04\/DECRETO7226.2022-COVID-1.pdf\">DECRETO7226.2022 &#8211; COVID (1)<\/a><\/p>\n<\/div><div class=\"sdm_download_link\"><span class=\"sdm_download_button\"><a href=\"http:\/\/www.sobradinho.rs.gov.br\/portal\/?sdm_process_download=1&download_id=12780\" class=\"sdm_download grey\" title=\"DECRETO 7226.2022 &#8211; COVID-19\" target=\"_self\">Baixar agora!<\/a><\/span><span class=\"sdm_download_item_count\"><span class=\"sdm_item_count_number\">0<\/span><span class=\"sdm_item_count_string\"> Downloads<\/span><\/span><\/div><\/div><div class=\"sdm_download_item \"><div class=\"sdm_download_item_top\"><div class=\"sdm_download_thumbnail\"><\/div><div class=\"sdm_download_title\">DECRETO 7215.2022 &#8211; COVID<\/div><\/div><div style=\"clear:both;\"><\/div><div class=\"sdm_download_description\"><p><a href=\"https:\/\/sobradinho.rs.gov.br\/portal\/wp-content\/uploads\/2022\/03\/DECRETO7215.2022-COVID.pdf\">DECRETO7215.2022 &#8211; COVID<\/a><\/p>\n<\/div><div class=\"sdm_download_link\"><span class=\"sdm_download_button\"><a href=\"http:\/\/www.sobradinho.rs.gov.br\/portal\/?sdm_process_download=1&download_id=12621\" class=\"sdm_download grey\" title=\"DECRETO 7215.2022 &#8211; COVID\" target=\"_self\">Baixar agora!<\/a><\/span><span class=\"sdm_download_item_count\"><span class=\"sdm_item_count_number\">0<\/span><span class=\"sdm_item_count_string\"> Downloads<\/span><\/span><\/div><\/div><div class=\"sdm_download_item \"><div class=\"sdm_download_item_top\"><div class=\"sdm_download_thumbnail\"><\/div><div class=\"sdm_download_title\">Prefeitura de Sobradinho emite novo decreto<\/div><\/div><div style=\"clear:both;\"><\/div><div class=\"sdm_download_description\"><p><a href=\"https:\/\/sobradinho.rs.gov.br\/portal\/wp-content\/uploads\/2022\/03\/DECRETO7215.2022-COVID-1.pdf\">DECRETO7215.2022 &#8211; COVID (1)<\/a><\/p>\n<\/div><div class=\"sdm_download_link\"><span class=\"sdm_download_button\"><a href=\"http:\/\/www.sobradinho.rs.gov.br\/portal\/?sdm_process_download=1&download_id=12618\" class=\"sdm_download grey\" title=\"Prefeitura de Sobradinho emite novo decreto\" target=\"_self\">Baixar agora!<\/a><\/span><span class=\"sdm_download_item_count\"><span class=\"sdm_item_count_number\">0<\/span><span class=\"sdm_item_count_string\"> Downloads<\/span><\/span><\/div><\/div><div class=\"sdm_download_item \"><div class=\"sdm_download_item_top\"><div class=\"sdm_download_thumbnail\"><\/div><div class=\"sdm_download_title\">DECRETO 7189.2022<\/div><\/div><div style=\"clear:both;\"><\/div><div class=\"sdm_download_description\"><p><a href=\"https:\/\/sobradinho.rs.gov.br\/portal\/wp-content\/uploads\/2022\/01\/DECRETO7189.2022.pdf\">DECRETO7189.2022<\/a><\/p>\n<\/div><div class=\"sdm_download_link\"><span class=\"sdm_download_button\"><a href=\"http:\/\/www.sobradinho.rs.gov.br\/portal\/?sdm_process_download=1&download_id=12162\" class=\"sdm_download grey\" title=\"DECRETO 7189.2022\" target=\"_self\">Baixar agora!<\/a><\/span><span class=\"sdm_download_item_count\"><span class=\"sdm_item_count_number\">0<\/span><span class=\"sdm_item_count_string\"> Downloads<\/span><\/span><\/div><\/div><div class=\"sdm_clear_float\"><\/div><div class=\"sdm_pagination\"><\/div>\n","protected":false},"excerpt":{"rendered":"","protected":false},"author":2,"featured_media":0,"parent":0,"menu_order":0,"comment_status":"closed","ping_status":"closed","template":"","meta":{"_eb_attr":"","site-sidebar-layout":"default","site-content-layout":"","ast-site-content-layout":"default","site-content-style":"default","site-sidebar-style":"default","ast-global-header-display":"","ast-banner-title-visibility":"","ast-main-header-display":"","ast-hfb-above-header-display":"","ast-hfb-below-header-display":"","ast-hfb-mobile-header-display":"","site-post-title":"","ast-breadcrumbs-content":"","ast-featured-img":"","footer-sml-layout":"","theme-transparent-header-meta":"","adv-header-id-meta":"","stick-header-meta":"","header-above-stick-meta":"","header-main-stick-meta":"","header-below-stick-meta":"","astra-migrate-meta-layouts":"default","ast-page-background-enabled":"default","ast-page-background-meta":{"desktop":{"background-color":"var(--ast-global-color-4)","background-image":"","background-repeat":"repeat","background-position":"center center","background-size":"auto","background-attachment":"scroll","background-type":"","background-media":"","overlay-type":"","overlay-color":"","overlay-opacity":"","overlay-gradient":""},"tablet":{"background-color":"","background-image":"","background-repeat":"repeat","background-position":"center center","background-size":"auto","background-attachment":"scroll","background-type":"","background-media":"","overlay-type":"","overlay-color":"","overlay-opacity":"","overlay-gradient":""},"mobile":{"background-color":"","background-image":"","background-repeat":"repeat","background-position":"center center","background-size":"auto","background-attachment":"scroll","background-type":"","background-media":"","overlay-type":"","overlay-color":"","overlay-opacity":"","overlay-gradient":""}},"ast-content-background-meta":{"desktop":{"background-color":"var(--ast-global-color-5)","background-image":"","background-repeat":"repeat","background-position":"center center","background-size":"auto","background-attachment":"scroll","background-type":"","background-media":"","overlay-type":"","overlay-color":"","overlay-opacity":"","overlay-gradient":""},"tablet":{"background-color":"var(--ast-global-color-5)","background-image":"","background-repeat":"repeat","background-position":"center center","background-size":"auto","background-attachment":"scroll","background-type":"","background-media":"","overlay-type":"","overlay-color":"","overlay-opacity":"","overlay-gradient":""},"mobile":{"background-color":"var(--ast-global-color-5)","background-image":"","background-repeat":"repeat","background-position":"center center","background-size":"auto","background-attachment":"scroll","background-type":"","background-media":"","overlay-type":"","overlay-color":"","overlay-opacity":"","overlay-gradient":""}},"footnotes":""},"class_list":["post-11984","page","type-page","status-publish","hentry"],"_links":{"self":[{"href":"http:\/\/www.sobradinho.rs.gov.br\/portal\/index.php?rest_route=\/wp\/v2\/pages\/11984","targetHints":{"allow":["GET"]}}],"collection":[{"href":"http:\/\/www.sobradinho.rs.gov.br\/portal\/index.php?rest_route=\/wp\/v2\/pages"}],"about":[{"href":"http:\/\/www.sobradinho.rs.gov.br\/portal\/index.php?rest_route=\/wp\/v2\/types\/page"}],"author":[{"embeddable":true,"href":"http:\/\/www.sobradinho.rs.gov.br\/portal\/index.php?rest_route=\/wp\/v2\/users\/2"}],"replies":[{"embeddable":true,"href":"http:\/\/www.sobradinho.rs.gov.br\/portal\/index.php?rest_route=%2Fwp%2Fv2%2Fcomments&post=11984"}],"version-history":[{"count":1,"href":"http:\/\/www.sobradinho.rs.gov.br\/portal\/index.php?rest_route=\/wp\/v2\/pages\/11984\/revisions"}],"predecessor-version":[{"id":11985,"href":"http:\/\/www.sobradinho.rs.gov.br\/portal\/index.php?rest_route=\/wp\/v2\/pages\/11984\/revisions\/11985"}],"wp:attachment":[{"href":"http:\/\/www.sobradinho.rs.gov.br\/portal\/index.php?rest_route=%2Fwp%2Fv2%2Fmedia&parent=11984"}],"curies":[{"name":"wp","href":"https:\/\/api.w.org\/{rel}","templated":true}]}}