{"id":14247,"date":"2023-01-04T08:12:17","date_gmt":"2023-01-04T11:12:17","guid":{"rendered":"http:\/\/sobradinho.rs.gov.br\/portal\/?page_id=14247"},"modified":"2023-01-04T08:12:19","modified_gmt":"2023-01-04T11:12:19","slug":"editais-e-concursos-2023","status":"publish","type":"page","link":"http:\/\/www.sobradinho.rs.gov.br\/portal\/?page_id=14247","title":{"rendered":"editais e concursos 2023"},"content":{"rendered":"<div class=\"sdm_download_item \"><div class=\"sdm_download_item_top\"><div class=\"sdm_download_thumbnail\"><\/div><div class=\"sdm_download_title\">AUS\u00caNCIA DE CANDIDATOS INSCRITOS \u2013 PROCESSO SELETIVO SIMPLIFICADO PARA CONTRATATA\u00c7\u00c3O DE FONOAUDI\u00d3LOGO \u2013 SELE\u00c7\u00c3O P\u00daBLICA N\u00ba 25\/2023<\/div><\/div><div style=\"clear:both;\"><\/div><div class=\"sdm_download_description\"><\/div><div class=\"sdm_download_link\"><span class=\"sdm_download_button\"><a href=\"http:\/\/www.sobradinho.rs.gov.br\/portal\/?sdm_process_download=1&download_id=15810\" class=\"sdm_download grey\" title=\"AUS\u00caNCIA DE CANDIDATOS INSCRITOS \u2013 PROCESSO SELETIVO SIMPLIFICADO PARA CONTRATATA\u00c7\u00c3O DE FONOAUDI\u00d3LOGO \u2013 SELE\u00c7\u00c3O P\u00daBLICA N\u00ba 25\/2023\" target=\"_self\">Baixar agora!<\/a><\/span><span class=\"sdm_download_item_count\"><span class=\"sdm_item_count_number\">564<\/span><span class=\"sdm_item_count_string\"> Downloads<\/span><\/span><\/div><\/div><div class=\"sdm_download_item \"><div class=\"sdm_download_item_top\"><div class=\"sdm_download_thumbnail\"><\/div><div class=\"sdm_download_title\">HOMOLOGA\u00c7\u00c3O FINAL \u2013 PROCESSO SELETIVO SIMPLIFICADO PARA CONTRATATA\u00c7\u00c3O DE MONITOR DE EDUCA\u00c7\u00c3O INFANTIL \u2013 SELE\u00c7\u00c3O P\u00daBLICA N\u00ba 23\/2023<\/div><\/div><div style=\"clear:both;\"><\/div><div class=\"sdm_download_description\"><\/div><div class=\"sdm_download_link\"><span class=\"sdm_download_button\"><a href=\"http:\/\/www.sobradinho.rs.gov.br\/portal\/?sdm_process_download=1&download_id=15803\" class=\"sdm_download grey\" title=\"HOMOLOGA\u00c7\u00c3O FINAL \u2013 PROCESSO SELETIVO SIMPLIFICADO PARA CONTRATATA\u00c7\u00c3O DE MONITOR DE EDUCA\u00c7\u00c3O INFANTIL \u2013 SELE\u00c7\u00c3O P\u00daBLICA N\u00ba 23\/2023\" target=\"_self\">Baixar agora!<\/a><\/span><span class=\"sdm_download_item_count\"><span class=\"sdm_item_count_number\">935<\/span><span class=\"sdm_item_count_string\"> Downloads<\/span><\/span><\/div><\/div><div class=\"sdm_download_item \"><div class=\"sdm_download_item_top\"><div class=\"sdm_download_thumbnail\"><\/div><div class=\"sdm_download_title\">HOMOLOGA\u00c7\u00c3O FINAL \u2013 PROCESSO SELETIVO SIMPLIFICADO PARA CONTRATA\u00c7\u00c3O DE M\u00c9DICO ESF \u2013 SELE\u00c7\u00c3O P\u00daBLICA N\u00ba 24\/2023<\/div><\/div><div style=\"clear:both;\"><\/div><div class=\"sdm_download_description\"><\/div><div class=\"sdm_download_link\"><span class=\"sdm_download_button\"><a href=\"http:\/\/www.sobradinho.rs.gov.br\/portal\/?sdm_process_download=1&download_id=15785\" class=\"sdm_download grey\" title=\"HOMOLOGA\u00c7\u00c3O FINAL \u2013 PROCESSO SELETIVO SIMPLIFICADO PARA CONTRATA\u00c7\u00c3O DE M\u00c9DICO ESF \u2013 SELE\u00c7\u00c3O P\u00daBLICA N\u00ba 24\/2023\" target=\"_self\">Baixar agora!<\/a><\/span><span class=\"sdm_download_item_count\"><span class=\"sdm_item_count_number\">653<\/span><span class=\"sdm_item_count_string\"> Downloads<\/span><\/span><\/div><\/div><div class=\"sdm_download_item \"><div class=\"sdm_download_item_top\"><div class=\"sdm_download_thumbnail\"><\/div><div class=\"sdm_download_title\">PUBLICA\u00c7\u00c3O DO RESULTADO PRELIMINAR \u2013 PROCESSO SELETIVO SIMPLIFICADO PARA CONTRATATA\u00c7\u00c3O DE MONITOR DE EDUCA\u00c7\u00c3O INFANTIL \u2013 SELE\u00c7\u00c3O P\u00daBLICA N\u00ba 23\/2023<\/div><\/div><div style=\"clear:both;\"><\/div><div class=\"sdm_download_description\"><\/div><div class=\"sdm_download_link\"><span class=\"sdm_download_button\"><a href=\"http:\/\/www.sobradinho.rs.gov.br\/portal\/?sdm_process_download=1&download_id=15779\" class=\"sdm_download grey\" title=\"PUBLICA\u00c7\u00c3O DO RESULTADO PRELIMINAR \u2013 PROCESSO SELETIVO SIMPLIFICADO PARA CONTRATATA\u00c7\u00c3O DE MONITOR DE EDUCA\u00c7\u00c3O INFANTIL \u2013 SELE\u00c7\u00c3O P\u00daBLICA N\u00ba 23\/2023\" target=\"_self\">Baixar agora!<\/a><\/span><span class=\"sdm_download_item_count\"><span class=\"sdm_item_count_number\">821<\/span><span class=\"sdm_item_count_string\"> Downloads<\/span><\/span><\/div><\/div><div class=\"sdm_download_item \"><div class=\"sdm_download_item_top\"><div class=\"sdm_download_thumbnail\"><\/div><div class=\"sdm_download_title\">CLASSIFICA\u00c7\u00c3O OFICIAL \u2013 PROGRAMA BOLSA EST\u00c1GIO CIEE \u2013 EDITAL N\u00ba 02\/2023<\/div><\/div><div style=\"clear:both;\"><\/div><div class=\"sdm_download_description\"><\/div><div class=\"sdm_download_link\"><span class=\"sdm_download_button\"><a href=\"http:\/\/www.sobradinho.rs.gov.br\/portal\/?sdm_process_download=1&download_id=15773\" class=\"sdm_download grey\" title=\"CLASSIFICA\u00c7\u00c3O OFICIAL \u2013 PROGRAMA BOLSA EST\u00c1GIO CIEE \u2013 EDITAL N\u00ba 02\/2023\" target=\"_self\">Baixar agora!<\/a><\/span><span class=\"sdm_download_item_count\"><span class=\"sdm_item_count_number\">716<\/span><span class=\"sdm_item_count_string\"> Downloads<\/span><\/span><\/div><\/div><div class=\"sdm_download_item \"><div class=\"sdm_download_item_top\"><div class=\"sdm_download_thumbnail\"><\/div><div class=\"sdm_download_title\">RETIFICA-SE O EDITAL DE LEIL\u00c3O N\u00ba 53\/2023, QUE TRATA DA ALIENA\u00c7\u00c3O DE ANIMAIS, TERNEIROS, APREENDIDOS E N\u00c3O RECLAMADOS NO PRAZO LEGAL POR SEUS PROPRIET\u00c1RIOS<\/div><\/div><div style=\"clear:both;\"><\/div><div class=\"sdm_download_description\"><\/div><div class=\"sdm_download_link\"><span class=\"sdm_download_button\"><a href=\"http:\/\/www.sobradinho.rs.gov.br\/portal\/?sdm_process_download=1&download_id=15769\" class=\"sdm_download grey\" title=\"RETIFICA-SE O EDITAL DE LEIL\u00c3O N\u00ba 53\/2023, QUE TRATA DA ALIENA\u00c7\u00c3O DE ANIMAIS, TERNEIROS, APREENDIDOS E N\u00c3O RECLAMADOS NO PRAZO LEGAL POR SEUS PROPRIET\u00c1RIOS\" target=\"_self\">Baixar agora!<\/a><\/span><span class=\"sdm_download_item_count\"><span class=\"sdm_item_count_number\">536<\/span><span class=\"sdm_item_count_string\"> Downloads<\/span><\/span><\/div><\/div><div class=\"sdm_download_item \"><div class=\"sdm_download_item_top\"><div class=\"sdm_download_thumbnail\"><\/div><div class=\"sdm_download_title\">RESULTADO PRELIMINAR \u2013 PROCESSO SELETIVO SIMPLIFICADO PARA CONTRATA\u00c7\u00c3O DE M\u00c9DICO ESF \u2013 SELE\u00c7\u00c3O P\u00daBLICA N\u00ba 24\/2023<\/div><\/div><div style=\"clear:both;\"><\/div><div class=\"sdm_download_description\"><\/div><div class=\"sdm_download_link\"><span class=\"sdm_download_button\"><a href=\"http:\/\/www.sobradinho.rs.gov.br\/portal\/?sdm_process_download=1&download_id=15766\" class=\"sdm_download grey\" title=\"RESULTADO PRELIMINAR \u2013 PROCESSO SELETIVO SIMPLIFICADO PARA CONTRATA\u00c7\u00c3O DE M\u00c9DICO ESF \u2013 SELE\u00c7\u00c3O P\u00daBLICA N\u00ba 24\/2023\" target=\"_self\">Baixar agora!<\/a><\/span><span class=\"sdm_download_item_count\"><span class=\"sdm_item_count_number\">550<\/span><span class=\"sdm_item_count_string\"> Downloads<\/span><\/span><\/div><\/div><div class=\"sdm_download_item \"><div class=\"sdm_download_item_top\"><div class=\"sdm_download_thumbnail\"><\/div><div class=\"sdm_download_title\">PUBLICA\u00c7\u00c3O DA RELA\u00c7\u00c3O FINAL DE INSCRITOS \u2013 PROCESSO SELETIVO SIMPLIFICADO PARA CONTRATATA\u00c7\u00c3O DE MONITOR DE EDUCA\u00c7\u00c3O INFANTIL \u2013 SELE\u00c7\u00c3O P\u00daBLICA N\u00ba 23\/2023<\/div><\/div><div style=\"clear:both;\"><\/div><div class=\"sdm_download_description\"><\/div><div class=\"sdm_download_link\"><span class=\"sdm_download_button\"><a href=\"http:\/\/www.sobradinho.rs.gov.br\/portal\/?sdm_process_download=1&download_id=15757\" class=\"sdm_download grey\" title=\"PUBLICA\u00c7\u00c3O DA RELA\u00c7\u00c3O FINAL DE INSCRITOS \u2013 PROCESSO SELETIVO SIMPLIFICADO PARA CONTRATATA\u00c7\u00c3O DE MONITOR DE EDUCA\u00c7\u00c3O INFANTIL \u2013 SELE\u00c7\u00c3O P\u00daBLICA N\u00ba 23\/2023\" target=\"_self\">Baixar agora!<\/a><\/span><span class=\"sdm_download_item_count\"><span class=\"sdm_item_count_number\">701<\/span><span class=\"sdm_item_count_string\"> Downloads<\/span><\/span><\/div><\/div><div class=\"sdm_download_item \"><div class=\"sdm_download_item_top\"><div class=\"sdm_download_thumbnail\"><\/div><div class=\"sdm_download_title\">CLASSIFICA\u00c7\u00c3O PRELIMINAR \u2013 PROGRAMA BOLSA EST\u00c1GIO CIEE \u2013 EDITAL N\u00ba 02\/2023<\/div><\/div><div style=\"clear:both;\"><\/div><div class=\"sdm_download_description\"><\/div><div class=\"sdm_download_link\"><span class=\"sdm_download_button\"><a href=\"http:\/\/www.sobradinho.rs.gov.br\/portal\/?sdm_process_download=1&download_id=15749\" class=\"sdm_download grey\" title=\"CLASSIFICA\u00c7\u00c3O PRELIMINAR \u2013 PROGRAMA BOLSA EST\u00c1GIO CIEE \u2013 EDITAL N\u00ba 02\/2023\" target=\"_self\">Baixar agora!<\/a><\/span><span class=\"sdm_download_item_count\"><span class=\"sdm_item_count_number\">596<\/span><span class=\"sdm_item_count_string\"> Downloads<\/span><\/span><\/div><\/div><div class=\"sdm_download_item \"><div class=\"sdm_download_item_top\"><div class=\"sdm_download_thumbnail\"><\/div><div class=\"sdm_download_title\">EDITAL DE ABERTURA DE LEIL\u00c3O P\u00daBLICO N\u00ba 53\/2023 &#8211; ALIENA\u00c7\u00c3O DE 03 (TR\u00caS) ANIMAIS &#8211; TERNEIROS<\/div><\/div><div style=\"clear:both;\"><\/div><div class=\"sdm_download_description\"><\/div><div class=\"sdm_download_link\"><span class=\"sdm_download_button\"><a href=\"http:\/\/www.sobradinho.rs.gov.br\/portal\/?sdm_process_download=1&download_id=15744\" class=\"sdm_download grey\" title=\"EDITAL DE ABERTURA DE LEIL\u00c3O P\u00daBLICO N\u00ba 53\/2023 &#8211; ALIENA\u00c7\u00c3O DE 03 (TR\u00caS) ANIMAIS &#8211; TERNEIROS\" target=\"_self\">Baixar agora!<\/a><\/span><span class=\"sdm_download_item_count\"><span class=\"sdm_item_count_number\">564<\/span><span class=\"sdm_item_count_string\"> Downloads<\/span><\/span><\/div><\/div><div class=\"sdm_download_item \"><div class=\"sdm_download_item_top\"><div class=\"sdm_download_thumbnail\"><\/div><div class=\"sdm_download_title\">LISTA OFICIAL DE INSCRITOS \u2013 PROGRAMA BOLSA EST\u00c1GIO CIEE \u2013 EDITAL N\u00ba 02\/2023<\/div><\/div><div style=\"clear:both;\"><\/div><div class=\"sdm_download_description\"><\/div><div class=\"sdm_download_link\"><span class=\"sdm_download_button\"><a href=\"http:\/\/www.sobradinho.rs.gov.br\/portal\/?sdm_process_download=1&download_id=15741\" class=\"sdm_download grey\" title=\"LISTA OFICIAL DE INSCRITOS \u2013 PROGRAMA BOLSA EST\u00c1GIO CIEE \u2013 EDITAL N\u00ba 02\/2023\" target=\"_self\">Baixar agora!<\/a><\/span><span class=\"sdm_download_item_count\"><span class=\"sdm_item_count_number\">502<\/span><span class=\"sdm_item_count_string\"> Downloads<\/span><\/span><\/div><\/div><div class=\"sdm_download_item \"><div class=\"sdm_download_item_top\"><div class=\"sdm_download_thumbnail\"><\/div><div class=\"sdm_download_title\">PRORROGA\u00c7\u00c3O DAS INSCRI\u00c7\u00d5ES &#8211; PROCESSO SELETIVO SIMPLIFICADO PARA CONTRATATA\u00c7\u00c3O DE FONOAUDI\u00d3LOGO &#8211; SELE\u00c7\u00c3O P\u00daBLICA N\u00ba 25\/2023<\/div><\/div><div style=\"clear:both;\"><\/div><div class=\"sdm_download_description\"><\/div><div class=\"sdm_download_link\"><span class=\"sdm_download_button\"><a href=\"http:\/\/www.sobradinho.rs.gov.br\/portal\/?sdm_process_download=1&download_id=15735\" class=\"sdm_download grey\" title=\"PRORROGA\u00c7\u00c3O DAS INSCRI\u00c7\u00d5ES &#8211; PROCESSO SELETIVO SIMPLIFICADO PARA CONTRATATA\u00c7\u00c3O DE FONOAUDI\u00d3LOGO &#8211; SELE\u00c7\u00c3O P\u00daBLICA N\u00ba 25\/2023\" target=\"_self\">Baixar agora!<\/a><\/span><span class=\"sdm_download_item_count\"><span class=\"sdm_item_count_number\">524<\/span><span class=\"sdm_item_count_string\"> Downloads<\/span><\/span><\/div><\/div><div class=\"sdm_download_item \"><div class=\"sdm_download_item_top\"><div class=\"sdm_download_thumbnail\"><\/div><div class=\"sdm_download_title\">PUBLICA\u00c7\u00c3O DOS INSCRITOS &#8211; PROCESSO SELETIVO SIMPLIFICADO PARA CONTRATATA\u00c7\u00c3O DE MONITOR DE EDUCA\u00c7\u00c3O INFANTIL &#8211; SELE\u00c7\u00c3O P\u00daBLICA N\u00ba 23\/2023<\/div><\/div><div style=\"clear:both;\"><\/div><div class=\"sdm_download_description\"><\/div><div class=\"sdm_download_link\"><span class=\"sdm_download_button\"><a href=\"http:\/\/www.sobradinho.rs.gov.br\/portal\/?sdm_process_download=1&download_id=15732\" class=\"sdm_download grey\" title=\"PUBLICA\u00c7\u00c3O DOS INSCRITOS &#8211; PROCESSO SELETIVO SIMPLIFICADO PARA CONTRATATA\u00c7\u00c3O DE MONITOR DE EDUCA\u00c7\u00c3O INFANTIL &#8211; SELE\u00c7\u00c3O P\u00daBLICA N\u00ba 23\/2023\" target=\"_self\">Baixar agora!<\/a><\/span><span class=\"sdm_download_item_count\"><span class=\"sdm_item_count_number\">638<\/span><span class=\"sdm_item_count_string\"> Downloads<\/span><\/span><\/div><\/div><div class=\"sdm_download_item \"><div class=\"sdm_download_item_top\"><div class=\"sdm_download_thumbnail\"><\/div><div class=\"sdm_download_title\">LISTA PRELIMINAR DE INSCRITOS &#8211; PROGRAMA BOLSA EST\u00c1GIO CIEE \u2013 EDITAL N\u00ba 02\/2023<\/div><\/div><div style=\"clear:both;\"><\/div><div class=\"sdm_download_description\"><\/div><div class=\"sdm_download_link\"><span class=\"sdm_download_button\"><a href=\"http:\/\/www.sobradinho.rs.gov.br\/portal\/?sdm_process_download=1&download_id=15729\" class=\"sdm_download grey\" title=\"LISTA PRELIMINAR DE INSCRITOS &#8211; PROGRAMA BOLSA EST\u00c1GIO CIEE \u2013 EDITAL N\u00ba 02\/2023\" target=\"_self\">Baixar agora!<\/a><\/span><span class=\"sdm_download_item_count\"><span class=\"sdm_item_count_number\">524<\/span><span class=\"sdm_item_count_string\"> Downloads<\/span><\/span><\/div><\/div><div class=\"sdm_download_item \"><div class=\"sdm_download_item_top\"><div class=\"sdm_download_thumbnail\"><\/div><div class=\"sdm_download_title\">HOMOLOGA\u00c7\u00c3O DA RELA\u00c7\u00c3O FINAL DE INSCRITOS \u2013 PROCESSO SELETIVO SIMPLIFICADO PARA CONTRATA\u00c7\u00c3O DE M\u00c9DICO ESF \u2013 SELE\u00c7\u00c3O P\u00daBLICA N\u00ba 24\/2023<\/div><\/div><div style=\"clear:both;\"><\/div><div class=\"sdm_download_description\"><\/div><div class=\"sdm_download_link\"><span class=\"sdm_download_button\"><a href=\"http:\/\/www.sobradinho.rs.gov.br\/portal\/?sdm_process_download=1&download_id=15723\" class=\"sdm_download grey\" title=\"HOMOLOGA\u00c7\u00c3O DA RELA\u00c7\u00c3O FINAL DE INSCRITOS \u2013 PROCESSO SELETIVO SIMPLIFICADO PARA CONTRATA\u00c7\u00c3O DE M\u00c9DICO ESF \u2013 SELE\u00c7\u00c3O P\u00daBLICA N\u00ba 24\/2023\" target=\"_self\">Baixar agora!<\/a><\/span><span class=\"sdm_download_item_count\"><span class=\"sdm_item_count_number\">583<\/span><span class=\"sdm_item_count_string\"> Downloads<\/span><\/span><\/div><\/div><div class=\"sdm_download_item \"><div class=\"sdm_download_item_top\"><div class=\"sdm_download_thumbnail\"><\/div><div class=\"sdm_download_title\">EDITAL N\u00ba 140\/2023 &#8211; DIVULGA\u00c7\u00c3O DE APREENS\u00c3O DE ANIMAIS<\/div><\/div><div style=\"clear:both;\"><\/div><div class=\"sdm_download_description\"><\/div><div class=\"sdm_download_link\"><span class=\"sdm_download_button\"><a href=\"http:\/\/www.sobradinho.rs.gov.br\/portal\/?sdm_process_download=1&download_id=15720\" class=\"sdm_download grey\" title=\"EDITAL N\u00ba 140\/2023 &#8211; DIVULGA\u00c7\u00c3O DE APREENS\u00c3O DE ANIMAIS\" target=\"_self\">Baixar agora!<\/a><\/span><span class=\"sdm_download_item_count\"><span class=\"sdm_item_count_number\">553<\/span><span class=\"sdm_item_count_string\"> Downloads<\/span><\/span><\/div><\/div><div class=\"sdm_download_item \"><div class=\"sdm_download_item_top\"><div class=\"sdm_download_thumbnail\"><\/div><div class=\"sdm_download_title\">EDITAL N\u00ba 139\/2023 &#8211; CONVOCA OS CONSELHEIROS TUTELARES ELEITOS PARA SOLENIDADE DE DIPLOMA\u00c7\u00c3O E POSSE<\/div><\/div><div style=\"clear:both;\"><\/div><div class=\"sdm_download_description\"><\/div><div class=\"sdm_download_link\"><span class=\"sdm_download_button\"><a href=\"http:\/\/www.sobradinho.rs.gov.br\/portal\/?sdm_process_download=1&download_id=15713\" class=\"sdm_download grey\" title=\"EDITAL N\u00ba 139\/2023 &#8211; CONVOCA OS CONSELHEIROS TUTELARES ELEITOS PARA SOLENIDADE DE DIPLOMA\u00c7\u00c3O E POSSE\" target=\"_self\">Baixar agora!<\/a><\/span><span class=\"sdm_download_item_count\"><span class=\"sdm_item_count_number\">537<\/span><span class=\"sdm_item_count_string\"> Downloads<\/span><\/span><\/div><\/div><div class=\"sdm_download_item \"><div class=\"sdm_download_item_top\"><div class=\"sdm_download_thumbnail\"><\/div><div class=\"sdm_download_title\">LISTA DE INSCRITOS &#8211; PROCESSO SELETIVO DE DIRETORES ESCOLARES &#8211; EDITAL N\u00ba 001\/2023<\/div><\/div><div style=\"clear:both;\"><\/div><div class=\"sdm_download_description\"><p>Secretaria Municipal de Educa\u00e7\u00e3o, Cultura, Turismo e Desporto<\/p>\n<\/div><div class=\"sdm_download_link\"><span class=\"sdm_download_button\"><a href=\"http:\/\/www.sobradinho.rs.gov.br\/portal\/?sdm_process_download=1&download_id=15708\" class=\"sdm_download grey\" title=\"LISTA DE INSCRITOS &#8211; PROCESSO SELETIVO DE DIRETORES ESCOLARES &#8211; EDITAL N\u00ba 001\/2023\" target=\"_self\">Baixar agora!<\/a><\/span><span class=\"sdm_download_item_count\"><span class=\"sdm_item_count_number\">582<\/span><span class=\"sdm_item_count_string\"> Downloads<\/span><\/span><\/div><\/div><div class=\"sdm_download_item \"><div class=\"sdm_download_item_top\"><div class=\"sdm_download_thumbnail\"><\/div><div class=\"sdm_download_title\">LISTA PRELIMINAR DE INSCRITOS &#8211; PROCESSO SELETIVO SIMPLIFICADO PARA CONTRATA\u00c7\u00c3O DE M\u00c9DICO ESF &#8211; SELE\u00c7\u00c3O P\u00daBLICA N\u00ba 24\/2023<\/div><\/div><div style=\"clear:both;\"><\/div><div class=\"sdm_download_description\"><\/div><div class=\"sdm_download_link\"><span class=\"sdm_download_button\"><a href=\"http:\/\/www.sobradinho.rs.gov.br\/portal\/?sdm_process_download=1&download_id=15705\" class=\"sdm_download grey\" title=\"LISTA PRELIMINAR DE INSCRITOS &#8211; PROCESSO SELETIVO SIMPLIFICADO PARA CONTRATA\u00c7\u00c3O DE M\u00c9DICO ESF &#8211; SELE\u00c7\u00c3O P\u00daBLICA N\u00ba 24\/2023\" target=\"_self\">Baixar agora!<\/a><\/span><span class=\"sdm_download_item_count\"><span class=\"sdm_item_count_number\">523<\/span><span class=\"sdm_item_count_string\"> Downloads<\/span><\/span><\/div><\/div><div class=\"sdm_download_item \"><div class=\"sdm_download_item_top\"><div class=\"sdm_download_thumbnail\"><\/div><div class=\"sdm_download_title\">EDITAL DE SELE\u00c7\u00c3O DE PROJETOS CULTURAIS DAS DEMAIS \u00c1REAS DA CULTURA \u2013 LEI PAULO GUSTAVO<\/div><\/div><div style=\"clear:both;\"><\/div><div class=\"sdm_download_description\"><p>SECRETARIA MUNICIPAL DE EDUCA\u00c7\u00c3O, CULTURA, TURISMO E DESPORTO<\/p>\n<\/div><div class=\"sdm_download_link\"><span class=\"sdm_download_button\"><a href=\"http:\/\/www.sobradinho.rs.gov.br\/portal\/?sdm_process_download=1&download_id=15700\" class=\"sdm_download grey\" title=\"EDITAL DE SELE\u00c7\u00c3O DE PROJETOS CULTURAIS DAS DEMAIS \u00c1REAS DA CULTURA \u2013 LEI PAULO GUSTAVO\" target=\"_self\">Baixar agora!<\/a><\/span><span class=\"sdm_download_item_count\"><span class=\"sdm_item_count_number\">521<\/span><span class=\"sdm_item_count_string\"> Downloads<\/span><\/span><\/div><\/div><div class=\"sdm_clear_float\"><\/div><div class=\"sdm_pagination\"><span aria-current=\"page\" class=\"page-numbers current\">1<\/span>\n<a class=\"page-numbers\" href=\"http:\/\/www.sobradinho.rs.gov.br\/portal\/index.php#038;paged=2\">2<\/a>\n<a class=\"page-numbers\" href=\"http:\/\/www.sobradinho.rs.gov.br\/portal\/index.php#038;paged=3\">3<\/a>\n<span class=\"page-numbers dots\">&hellip;<\/span>\n<a class=\"page-numbers\" href=\"http:\/\/www.sobradinho.rs.gov.br\/portal\/index.php#038;paged=9\">9<\/a>\n<a class=\"next page-numbers\" href=\"http:\/\/www.sobradinho.rs.gov.br\/portal\/index.php#038;paged=2\">&raquo;<\/a><\/div>\n","protected":false},"excerpt":{"rendered":"","protected":false},"author":2,"featured_media":0,"parent":0,"menu_order":0,"comment_status":"closed","ping_status":"closed","template":"","meta":{"_eb_attr":"","site-sidebar-layout":"default","site-content-layout":"","ast-site-content-layout":"default","site-content-style":"default","site-sidebar-style":"default","ast-global-header-display":"","ast-banner-title-visibility":"","ast-main-header-display":"","ast-hfb-above-header-display":"","ast-hfb-below-header-display":"","ast-hfb-mobile-header-display":"","site-post-title":"","ast-breadcrumbs-content":"","ast-featured-img":"","footer-sml-layout":"","theme-transparent-header-meta":"","adv-header-id-meta":"","stick-header-meta":"","header-above-stick-meta":"","header-main-stick-meta":"","header-below-stick-meta":"","astra-migrate-meta-layouts":"default","ast-page-background-enabled":"default","ast-page-background-meta":{"desktop":{"background-color":"var(--ast-global-color-4)","background-image":"","background-repeat":"repeat","background-position":"center center","background-size":"auto","background-attachment":"scroll","background-type":"","background-media":"","overlay-type":"","overlay-color":"","overlay-opacity":"","overlay-gradient":""},"tablet":{"background-color":"","background-image":"","background-repeat":"repeat","background-position":"center center","background-size":"auto","background-attachment":"scroll","background-type":"","background-media":"","overlay-type":"","overlay-color":"","overlay-opacity":"","overlay-gradient":""},"mobile":{"background-color":"","background-image":"","background-repeat":"repeat","background-position":"center center","background-size":"auto","background-attachment":"scroll","background-type":"","background-media":"","overlay-type":"","overlay-color":"","overlay-opacity":"","overlay-gradient":""}},"ast-content-background-meta":{"desktop":{"background-color":"var(--ast-global-color-5)","background-image":"","background-repeat":"repeat","background-position":"center center","background-size":"auto","background-attachment":"scroll","background-type":"","background-media":"","overlay-type":"","overlay-color":"","overlay-opacity":"","overlay-gradient":""},"tablet":{"background-color":"var(--ast-global-color-5)","background-image":"","background-repeat":"repeat","background-position":"center center","background-size":"auto","background-attachment":"scroll","background-type":"","background-media":"","overlay-type":"","overlay-color":"","overlay-opacity":"","overlay-gradient":""},"mobile":{"background-color":"var(--ast-global-color-5)","background-image":"","background-repeat":"repeat","background-position":"center center","background-size":"auto","background-attachment":"scroll","background-type":"","background-media":"","overlay-type":"","overlay-color":"","overlay-opacity":"","overlay-gradient":""}},"footnotes":""},"class_list":["post-14247","page","type-page","status-publish","hentry"],"_links":{"self":[{"href":"http:\/\/www.sobradinho.rs.gov.br\/portal\/index.php?rest_route=\/wp\/v2\/pages\/14247","targetHints":{"allow":["GET"]}}],"collection":[{"href":"http:\/\/www.sobradinho.rs.gov.br\/portal\/index.php?rest_route=\/wp\/v2\/pages"}],"about":[{"href":"http:\/\/www.sobradinho.rs.gov.br\/portal\/index.php?rest_route=\/wp\/v2\/types\/page"}],"author":[{"embeddable":true,"href":"http:\/\/www.sobradinho.rs.gov.br\/portal\/index.php?rest_route=\/wp\/v2\/users\/2"}],"replies":[{"embeddable":true,"href":"http:\/\/www.sobradinho.rs.gov.br\/portal\/index.php?rest_route=%2Fwp%2Fv2%2Fcomments&post=14247"}],"version-history":[{"count":1,"href":"http:\/\/www.sobradinho.rs.gov.br\/portal\/index.php?rest_route=\/wp\/v2\/pages\/14247\/revisions"}],"predecessor-version":[{"id":14249,"href":"http:\/\/www.sobradinho.rs.gov.br\/portal\/index.php?rest_route=\/wp\/v2\/pages\/14247\/revisions\/14249"}],"wp:attachment":[{"href":"http:\/\/www.sobradinho.rs.gov.br\/portal\/index.php?rest_route=%2Fwp%2Fv2%2Fmedia&parent=14247"}],"curies":[{"name":"wp","href":"https:\/\/api.w.org\/{rel}","templated":true}]}}