{"id":14255,"date":"2023-01-04T08:30:25","date_gmt":"2023-01-04T11:30:25","guid":{"rendered":"http:\/\/sobradinho.rs.gov.br\/portal\/?page_id=14255"},"modified":"2023-01-04T08:30:27","modified_gmt":"2023-01-04T11:30:27","slug":"licitacoes-2023","status":"publish","type":"page","link":"http:\/\/www.sobradinho.rs.gov.br\/portal\/?page_id=14255","title":{"rendered":"Licita\u00e7\u00f5es 2023"},"content":{"rendered":"<div class=\"sdm_download_item \"><div class=\"sdm_download_item_top\"><div class=\"sdm_download_thumbnail\"><\/div><div class=\"sdm_download_title\">Preg\u00e3o Presencial n\u00ba 51\/2023- Contrata\u00e7\u00e3o de empresa para presta\u00e7\u00e3o de servi\u00e7os de acesso \u00e0 Internet para conex\u00e3o com a rede mundial de computadores (internet), com fornecimento e suporte t\u00e9cnico, visando atender a necessidades da s Secretarias municipais, com a disponibiliza\u00e7\u00e3o de equipamentos em comodato e instala\u00e7\u00e3o inclusa, conforme Termo de Refer\u00eancia em anexo, para atender as necessidades da Administra\u00e7\u00e3o Municipal<\/div><\/div><div style=\"clear:both;\"><\/div><div class=\"sdm_download_description\"><\/div><div class=\"sdm_download_link\"><span class=\"sdm_download_button\"><a href=\"http:\/\/www.sobradinho.rs.gov.br\/portal\/?sdm_process_download=1&download_id=15789\" class=\"sdm_download grey\" title=\"Preg\u00e3o Presencial n\u00ba 51\/2023- Contrata\u00e7\u00e3o de empresa para presta\u00e7\u00e3o de servi\u00e7os de acesso \u00e0 Internet para conex\u00e3o com a rede mundial de computadores (internet), com fornecimento e suporte t\u00e9cnico, visando atender a necessidades da s Secretarias municipais, com a disponibiliza\u00e7\u00e3o de equipamentos em comodato e instala\u00e7\u00e3o inclusa, conforme Termo de Refer\u00eancia em anexo, para atender as necessidades da Administra\u00e7\u00e3o Municipal\" target=\"_self\">Baixar agora!<\/a><\/span><span class=\"sdm_download_item_count\"><span class=\"sdm_item_count_number\">464<\/span><span class=\"sdm_item_count_string\"> Downloads<\/span><\/span><\/div><\/div><div class=\"sdm_download_item \"><div class=\"sdm_download_item_top\"><div class=\"sdm_download_thumbnail\"><\/div><div class=\"sdm_download_title\">RETIFICA-SE O EDITAL DE LEIL\u00c3O N\u00ba 53\/2023, QUE TRATA DA ALIENA\u00c7\u00c3O DE ANIMAIS, TERNEIROS, APREENDIDOS E N\u00c3O RECLAMADOS NO PRAZO LEGAL POR SEUS PROPRIET\u00c1RIOS<\/div><\/div><div style=\"clear:both;\"><\/div><div class=\"sdm_download_description\"><\/div><div class=\"sdm_download_link\"><span class=\"sdm_download_button\"><a href=\"http:\/\/www.sobradinho.rs.gov.br\/portal\/?sdm_process_download=1&download_id=15769\" class=\"sdm_download grey\" title=\"RETIFICA-SE O EDITAL DE LEIL\u00c3O N\u00ba 53\/2023, QUE TRATA DA ALIENA\u00c7\u00c3O DE ANIMAIS, TERNEIROS, APREENDIDOS E N\u00c3O RECLAMADOS NO PRAZO LEGAL POR SEUS PROPRIET\u00c1RIOS\" target=\"_self\">Baixar agora!<\/a><\/span><span class=\"sdm_download_item_count\"><span class=\"sdm_item_count_number\">517<\/span><span class=\"sdm_item_count_string\"> Downloads<\/span><\/span><\/div><\/div><div class=\"sdm_download_item \"><div class=\"sdm_download_item_top\"><div class=\"sdm_download_thumbnail\"><\/div><div class=\"sdm_download_title\">EDITAL DE ABERTURA DE LEIL\u00c3O P\u00daBLICO N\u00ba 53\/2023 &#8211; ALIENA\u00c7\u00c3O DE 03 (TR\u00caS) ANIMAIS &#8211; TERNEIROS<\/div><\/div><div style=\"clear:both;\"><\/div><div class=\"sdm_download_description\"><\/div><div class=\"sdm_download_link\"><span class=\"sdm_download_button\"><a href=\"http:\/\/www.sobradinho.rs.gov.br\/portal\/?sdm_process_download=1&download_id=15744\" class=\"sdm_download grey\" title=\"EDITAL DE ABERTURA DE LEIL\u00c3O P\u00daBLICO N\u00ba 53\/2023 &#8211; ALIENA\u00c7\u00c3O DE 03 (TR\u00caS) ANIMAIS &#8211; TERNEIROS\" target=\"_self\">Baixar agora!<\/a><\/span><span class=\"sdm_download_item_count\"><span class=\"sdm_item_count_number\">546<\/span><span class=\"sdm_item_count_string\"> Downloads<\/span><\/span><\/div><\/div><div class=\"sdm_download_item \"><div class=\"sdm_download_item_top\"><div class=\"sdm_download_thumbnail\"><\/div><div class=\"sdm_download_title\">Edital de Preg\u00e3o Eletr\u00f4nico 49\/2023- Aquisi\u00e7\u00e3o de materiais a serem utilizados na implanta\u00e7\u00e3o de rede de agua em Linha Carijinho<\/div><\/div><div style=\"clear:both;\"><\/div><div class=\"sdm_download_description\"><\/div><div class=\"sdm_download_link\"><span class=\"sdm_download_button\"><a href=\"http:\/\/www.sobradinho.rs.gov.br\/portal\/?sdm_process_download=1&download_id=15662\" class=\"sdm_download grey\" title=\"Edital de Preg\u00e3o Eletr\u00f4nico 49\/2023- Aquisi\u00e7\u00e3o de materiais a serem utilizados na implanta\u00e7\u00e3o de rede de agua em Linha Carijinho\" target=\"_self\">Baixar agora!<\/a><\/span><span class=\"sdm_download_item_count\"><span class=\"sdm_item_count_number\">535<\/span><span class=\"sdm_item_count_string\"> Downloads<\/span><\/span><\/div><\/div><div class=\"sdm_download_item \"><div class=\"sdm_download_item_top\"><div class=\"sdm_download_thumbnail\"><\/div><div class=\"sdm_download_title\">Edital de Preg\u00e3o Presencial n\u00ba 47\/2023-Aquisi\u00e7\u00e3o de c\u00e2meras de v\u00eddeo monitoramento<\/div><\/div><div style=\"clear:both;\"><\/div><div class=\"sdm_download_description\"><\/div><div class=\"sdm_download_link\"><span class=\"sdm_download_button\"><a href=\"http:\/\/www.sobradinho.rs.gov.br\/portal\/?sdm_process_download=1&download_id=15659\" class=\"sdm_download grey\" title=\"Edital de Preg\u00e3o Presencial n\u00ba 47\/2023-Aquisi\u00e7\u00e3o de c\u00e2meras de v\u00eddeo monitoramento\" target=\"_self\">Baixar agora!<\/a><\/span><span class=\"sdm_download_item_count\"><span class=\"sdm_item_count_number\">512<\/span><span class=\"sdm_item_count_string\"> Downloads<\/span><\/span><\/div><\/div><div class=\"sdm_download_item \"><div class=\"sdm_download_item_top\"><div class=\"sdm_download_thumbnail\"><\/div><div class=\"sdm_download_title\">EDITAL DE PREG\u00c3O ELETRONICO RP N\u00ba 43\/2023 Aquisi\u00e7\u00e3o de utens\u00edlios de cozinha a serem utilizados nas EMEIS e EMEBS<\/div><\/div><div style=\"clear:both;\"><\/div><div class=\"sdm_download_description\"><\/div><div class=\"sdm_download_link\"><span class=\"sdm_download_button\"><a href=\"http:\/\/www.sobradinho.rs.gov.br\/portal\/?sdm_process_download=1&download_id=15605\" class=\"sdm_download grey\" title=\"EDITAL DE PREG\u00c3O ELETRONICO RP N\u00ba 43\/2023 Aquisi\u00e7\u00e3o de utens\u00edlios de cozinha a serem utilizados nas EMEIS e EMEBS\" target=\"_self\">Baixar agora!<\/a><\/span><span class=\"sdm_download_item_count\"><span class=\"sdm_item_count_number\">517<\/span><span class=\"sdm_item_count_string\"> Downloads<\/span><\/span><\/div><\/div><div class=\"sdm_download_item \"><div class=\"sdm_download_item_top\"><div class=\"sdm_download_thumbnail\"><\/div><div class=\"sdm_download_title\">ATAS DA TOMADA DE PRE\u00c7O 44\/2023<\/div><\/div><div style=\"clear:both;\"><\/div><div class=\"sdm_download_description\"><\/div><div class=\"sdm_download_link\"><span class=\"sdm_download_button\"><a href=\"http:\/\/www.sobradinho.rs.gov.br\/portal\/?sdm_process_download=1&download_id=15595\" class=\"sdm_download grey\" title=\"ATAS DA TOMADA DE PRE\u00c7O 44\/2023\" target=\"_self\">Baixar agora!<\/a><\/span><span class=\"sdm_download_item_count\"><span class=\"sdm_item_count_number\">949<\/span><span class=\"sdm_item_count_string\"> Downloads<\/span><\/span><\/div><\/div><div class=\"sdm_download_item \"><div class=\"sdm_download_item_top\"><div class=\"sdm_download_thumbnail\"><\/div><div class=\"sdm_download_title\">EDITAL DE PREG\u00c3O ELETRONICO N\u00ba 39\/2023 REGISTRO DE PRE\u00c7OS PARA AQUISI\u00c7\u00c3O EVENTUAL DE MATERIAL DE EXPEDIENTE PARA ATENDER AS NECESSIDADES DAS SECRETARIAS MUNICIPAIS<\/div><\/div><div style=\"clear:both;\"><\/div><div class=\"sdm_download_description\"><\/div><div class=\"sdm_download_link\"><span class=\"sdm_download_button\"><a href=\"http:\/\/www.sobradinho.rs.gov.br\/portal\/?sdm_process_download=1&download_id=15581\" class=\"sdm_download grey\" title=\"EDITAL DE PREG\u00c3O ELETRONICO N\u00ba 39\/2023 REGISTRO DE PRE\u00c7OS PARA AQUISI\u00c7\u00c3O EVENTUAL DE MATERIAL DE EXPEDIENTE PARA ATENDER AS NECESSIDADES DAS SECRETARIAS MUNICIPAIS\" target=\"_self\">Baixar agora!<\/a><\/span><span class=\"sdm_download_item_count\"><span class=\"sdm_item_count_number\">582<\/span><span class=\"sdm_item_count_string\"> Downloads<\/span><\/span><\/div><\/div><div class=\"sdm_download_item \"><div class=\"sdm_download_item_top\"><div class=\"sdm_download_thumbnail\"><\/div><div class=\"sdm_download_title\">EDITAL DE ABERTURA DE LEIL\u00c3O P\u00daBLICO &#8211; EQUINOS<\/div><\/div><div style=\"clear:both;\"><\/div><div class=\"sdm_download_description\"><p><a href=\"https:\/\/sobradinho.rs.gov.br\/portal\/wp-content\/uploads\/2023\/10\/EDITAL-45.2023-Retifica-Edital-45-LEILAO-EQUINOS.pdf\">RETIFICA\u00c7\u00c3O &#8211; ALTERA\u00c7\u00c3O DE DATA<\/a><\/p>\n<\/div><div class=\"sdm_download_link\"><span class=\"sdm_download_button\"><a href=\"http:\/\/www.sobradinho.rs.gov.br\/portal\/?sdm_process_download=1&download_id=15577\" class=\"sdm_download grey\" title=\"EDITAL DE ABERTURA DE LEIL\u00c3O P\u00daBLICO &#8211; EQUINOS\" target=\"_self\">Baixar agora!<\/a><\/span><span class=\"sdm_download_item_count\"><span class=\"sdm_item_count_number\">542<\/span><span class=\"sdm_item_count_string\"> Downloads<\/span><\/span><\/div><\/div><div class=\"sdm_download_item \"><div class=\"sdm_download_item_top\"><div class=\"sdm_download_thumbnail\"><\/div><div class=\"sdm_download_title\">EDITAL DE PREG\u00c3O PRESENCIAL N\u00ba 27\/2023 aquisi\u00e7\u00e3o de materiais de constru\u00e7\u00e3o para uso na constru\u00e7\u00e3o de passeio p\u00fablico do Acesso Euclides Bento Pereira<\/div><\/div><div style=\"clear:both;\"><\/div><div class=\"sdm_download_description\"><\/div><div class=\"sdm_download_link\"><span class=\"sdm_download_button\"><a href=\"http:\/\/www.sobradinho.rs.gov.br\/portal\/?sdm_process_download=1&download_id=15566\" class=\"sdm_download grey\" title=\"EDITAL DE PREG\u00c3O PRESENCIAL N\u00ba 27\/2023 aquisi\u00e7\u00e3o de materiais de constru\u00e7\u00e3o para uso na constru\u00e7\u00e3o de passeio p\u00fablico do Acesso Euclides Bento Pereira\" target=\"_self\">Baixar agora!<\/a><\/span><span class=\"sdm_download_item_count\"><span class=\"sdm_item_count_number\">503<\/span><span class=\"sdm_item_count_string\"> Downloads<\/span><\/span><\/div><\/div><div class=\"sdm_download_item \"><div class=\"sdm_download_item_top\"><div class=\"sdm_download_thumbnail\"><\/div><div class=\"sdm_download_title\">EDITAL DE PREG\u00c3O ELETRONICO RP N\u00ba 42\/2023 Eventual aquisi\u00e7\u00e3o de Equipamentos para atender as necessidades dos consult\u00f3rios Odontol\u00f3gicos municipais<\/div><\/div><div style=\"clear:both;\"><\/div><div class=\"sdm_download_description\"><\/div><div class=\"sdm_download_link\"><span class=\"sdm_download_button\"><a href=\"http:\/\/www.sobradinho.rs.gov.br\/portal\/?sdm_process_download=1&download_id=15557\" class=\"sdm_download grey\" title=\"EDITAL DE PREG\u00c3O ELETRONICO RP N\u00ba 42\/2023 Eventual aquisi\u00e7\u00e3o de Equipamentos para atender as necessidades dos consult\u00f3rios Odontol\u00f3gicos municipais\" target=\"_self\">Baixar agora!<\/a><\/span><span class=\"sdm_download_item_count\"><span class=\"sdm_item_count_number\">519<\/span><span class=\"sdm_item_count_string\"> Downloads<\/span><\/span><\/div><\/div><div class=\"sdm_download_item \"><div class=\"sdm_download_item_top\"><div class=\"sdm_download_thumbnail\"><\/div><div class=\"sdm_download_title\">EDITAL DE TOMADA DE PRE\u00c7OS N\u00ba 44\/2023 Contrata\u00e7\u00e3o de empresa para executar Amplia\u00e7\u00e3o do Sal\u00e3o Comunit\u00e1rio e Constru\u00e7\u00e3o de Pra\u00e7a no Bairro Pe\u00f5es<\/div><\/div><div style=\"clear:both;\"><\/div><div class=\"sdm_download_description\"><\/div><div class=\"sdm_download_link\"><span class=\"sdm_download_button\"><a href=\"http:\/\/www.sobradinho.rs.gov.br\/portal\/?sdm_process_download=1&download_id=15546\" class=\"sdm_download grey\" title=\"EDITAL DE TOMADA DE PRE\u00c7OS N\u00ba 44\/2023 Contrata\u00e7\u00e3o de empresa para executar Amplia\u00e7\u00e3o do Sal\u00e3o Comunit\u00e1rio e Constru\u00e7\u00e3o de Pra\u00e7a no Bairro Pe\u00f5es\" target=\"_self\">Baixar agora!<\/a><\/span><span class=\"sdm_download_item_count\"><span class=\"sdm_item_count_number\">523<\/span><span class=\"sdm_item_count_string\"> Downloads<\/span><\/span><\/div><\/div><div class=\"sdm_download_item \"><div class=\"sdm_download_item_top\"><div class=\"sdm_download_thumbnail\"><\/div><div class=\"sdm_download_title\">EDITAL DE LEIL\u00c3O 38\/2023<\/div><\/div><div style=\"clear:both;\"><\/div><div class=\"sdm_download_description\"><\/div><div class=\"sdm_download_link\"><span class=\"sdm_download_button\"><a href=\"http:\/\/www.sobradinho.rs.gov.br\/portal\/?sdm_process_download=1&download_id=15441\" class=\"sdm_download grey\" title=\"EDITAL DE LEIL\u00c3O 38\/2023\" target=\"_self\">Baixar agora!<\/a><\/span><span class=\"sdm_download_item_count\"><span class=\"sdm_item_count_number\">540<\/span><span class=\"sdm_item_count_string\"> Downloads<\/span><\/span><\/div><\/div><div class=\"sdm_download_item \"><div class=\"sdm_download_item_top\"><div class=\"sdm_download_thumbnail\"><\/div><div class=\"sdm_download_title\">ESCLARECIMENTO PP 35\/2023<\/div><\/div><div style=\"clear:both;\"><\/div><div class=\"sdm_download_description\"><\/div><div class=\"sdm_download_link\"><span class=\"sdm_download_button\"><a href=\"http:\/\/www.sobradinho.rs.gov.br\/portal\/?sdm_process_download=1&download_id=15409\" class=\"sdm_download grey\" title=\"ESCLARECIMENTO PP 35\/2023\" target=\"_self\">Baixar agora!<\/a><\/span><span class=\"sdm_download_item_count\"><span class=\"sdm_item_count_number\">558<\/span><span class=\"sdm_item_count_string\"> Downloads<\/span><\/span><\/div><\/div><div class=\"sdm_download_item \"><div class=\"sdm_download_item_top\"><div class=\"sdm_download_thumbnail\"><\/div><div class=\"sdm_download_title\">EDITAL DE PREG\u00c3O PRESENCIAL N\u00ba 37\/2023 Tipo de julgamento: Menor pre\u00e7o global<\/div><\/div><div style=\"clear:both;\"><\/div><div class=\"sdm_download_description\"><\/div><div class=\"sdm_download_link\"><span class=\"sdm_download_button\"><a href=\"http:\/\/www.sobradinho.rs.gov.br\/portal\/?sdm_process_download=1&download_id=15348\" class=\"sdm_download grey\" title=\"EDITAL DE PREG\u00c3O PRESENCIAL N\u00ba 37\/2023 Tipo de julgamento: Menor pre\u00e7o global\" target=\"_self\">Baixar agora!<\/a><\/span><span class=\"sdm_download_item_count\"><span class=\"sdm_item_count_number\">518<\/span><span class=\"sdm_item_count_string\"> Downloads<\/span><\/span><\/div><\/div><div class=\"sdm_download_item \"><div class=\"sdm_download_item_top\"><div class=\"sdm_download_thumbnail\"><\/div><div class=\"sdm_download_title\">Edital de PP 36\/2023-Constra\u00e7\u00e3o de presta\u00e7\u00e3o de servi\u00e7os veterin\u00e1rios para realiza\u00e7\u00e3o de castra\u00e7\u00f5es em f\u00eameas caninas<\/div><\/div><div style=\"clear:both;\"><\/div><div class=\"sdm_download_description\"><\/div><div class=\"sdm_download_link\"><span class=\"sdm_download_button\"><a href=\"http:\/\/www.sobradinho.rs.gov.br\/portal\/?sdm_process_download=1&download_id=15317\" class=\"sdm_download grey\" title=\"Edital de PP 36\/2023-Constra\u00e7\u00e3o de presta\u00e7\u00e3o de servi\u00e7os veterin\u00e1rios para realiza\u00e7\u00e3o de castra\u00e7\u00f5es em f\u00eameas caninas\" target=\"_self\">Baixar agora!<\/a><\/span><span class=\"sdm_download_item_count\"><span class=\"sdm_item_count_number\">538<\/span><span class=\"sdm_item_count_string\"> Downloads<\/span><\/span><\/div><\/div><div class=\"sdm_download_item \"><div class=\"sdm_download_item_top\"><div class=\"sdm_download_thumbnail\"><\/div><div class=\"sdm_download_title\">Edital de PP 35\/2023-Aquisi\u00e7\u00e3o de equipamentos para academias ao ar livre e playgrounds a serem instalados nas pra\u00e7as municipais<\/div><\/div><div style=\"clear:both;\"><\/div><div class=\"sdm_download_description\"><\/div><div class=\"sdm_download_link\"><span class=\"sdm_download_button\"><a href=\"http:\/\/www.sobradinho.rs.gov.br\/portal\/?sdm_process_download=1&download_id=15314\" class=\"sdm_download grey\" title=\"Edital de PP 35\/2023-Aquisi\u00e7\u00e3o de equipamentos para academias ao ar livre e playgrounds a serem instalados nas pra\u00e7as municipais\" target=\"_self\">Baixar agora!<\/a><\/span><span class=\"sdm_download_item_count\"><span class=\"sdm_item_count_number\">539<\/span><span class=\"sdm_item_count_string\"> Downloads<\/span><\/span><\/div><\/div><div class=\"sdm_download_item \"><div class=\"sdm_download_item_top\"><div class=\"sdm_download_thumbnail\"><\/div><div class=\"sdm_download_title\">EDITAL PP\/RP-34\/2023- Aquisi\u00e7\u00e3o de material de constru\u00e7\u00e3o para finaliza\u00e7\u00e3o das casas populares.<\/div><\/div><div style=\"clear:both;\"><\/div><div class=\"sdm_download_description\"><\/div><div class=\"sdm_download_link\"><span class=\"sdm_download_button\"><a href=\"http:\/\/www.sobradinho.rs.gov.br\/portal\/?sdm_process_download=1&download_id=15311\" class=\"sdm_download grey\" title=\"EDITAL PP\/RP-34\/2023- Aquisi\u00e7\u00e3o de material de constru\u00e7\u00e3o para finaliza\u00e7\u00e3o das casas populares.\" target=\"_self\">Baixar agora!<\/a><\/span><span class=\"sdm_download_item_count\"><span class=\"sdm_item_count_number\">507<\/span><span class=\"sdm_item_count_string\"> Downloads<\/span><\/span><\/div><\/div><div class=\"sdm_download_item \"><div class=\"sdm_download_item_top\"><div class=\"sdm_download_thumbnail\"><\/div><div class=\"sdm_download_title\">AVISO DE SUSPENSAO PREG\u00c3O 33\/2023<\/div><\/div><div style=\"clear:both;\"><\/div><div class=\"sdm_download_description\"><\/div><div class=\"sdm_download_link\"><span class=\"sdm_download_button\"><a href=\"http:\/\/www.sobradinho.rs.gov.br\/portal\/?sdm_process_download=1&download_id=15308\" class=\"sdm_download grey\" title=\"AVISO DE SUSPENSAO PREG\u00c3O 33\/2023\" target=\"_self\">Baixar agora!<\/a><\/span><span class=\"sdm_download_item_count\"><span class=\"sdm_item_count_number\">535<\/span><span class=\"sdm_item_count_string\"> Downloads<\/span><\/span><\/div><\/div><div class=\"sdm_download_item \"><div class=\"sdm_download_item_top\"><div class=\"sdm_download_thumbnail\"><\/div><div class=\"sdm_download_title\">EDITAL DE PP 32\/2023-Aquisi\u00e7\u00e3o eventual, pelo sistema de registro de pre\u00e7os, de recarga de G\u00c1S de cozinha P13 e P45 para uso nas diversas secretarias<\/div><\/div><div style=\"clear:both;\"><\/div><div class=\"sdm_download_description\"><\/div><div class=\"sdm_download_link\"><span class=\"sdm_download_button\"><a href=\"http:\/\/www.sobradinho.rs.gov.br\/portal\/?sdm_process_download=1&download_id=15283\" class=\"sdm_download grey\" title=\"EDITAL DE PP 32\/2023-Aquisi\u00e7\u00e3o eventual, pelo sistema de registro de pre\u00e7os, de recarga de G\u00c1S de cozinha P13 e P45 para uso nas diversas secretarias\" target=\"_self\">Baixar agora!<\/a><\/span><span class=\"sdm_download_item_count\"><span class=\"sdm_item_count_number\">536<\/span><span class=\"sdm_item_count_string\"> Downloads<\/span><\/span><\/div><\/div><div class=\"sdm_clear_float\"><\/div><div class=\"sdm_pagination\"><span aria-current=\"page\" class=\"page-numbers current\">1<\/span>\n<a class=\"page-numbers\" href=\"http:\/\/www.sobradinho.rs.gov.br\/portal\/index.php#038;paged=2\">2<\/a>\n<a class=\"page-numbers\" href=\"http:\/\/www.sobradinho.rs.gov.br\/portal\/index.php#038;paged=3\">3<\/a>\n<a class=\"page-numbers\" href=\"http:\/\/www.sobradinho.rs.gov.br\/portal\/index.php#038;paged=4\">4<\/a>\n<a class=\"next page-numbers\" href=\"http:\/\/www.sobradinho.rs.gov.br\/portal\/index.php#038;paged=2\">&raquo;<\/a><\/div>\n","protected":false},"excerpt":{"rendered":"","protected":false},"author":2,"featured_media":0,"parent":0,"menu_order":0,"comment_status":"closed","ping_status":"closed","template":"","meta":{"_eb_attr":"","site-sidebar-layout":"default","site-content-layout":"","ast-site-content-layout":"default","site-content-style":"default","site-sidebar-style":"default","ast-global-header-display":"","ast-banner-title-visibility":"","ast-main-header-display":"","ast-hfb-above-header-display":"","ast-hfb-below-header-display":"","ast-hfb-mobile-header-display":"","site-post-title":"","ast-breadcrumbs-content":"","ast-featured-img":"","footer-sml-layout":"","theme-transparent-header-meta":"","adv-header-id-meta":"","stick-header-meta":"","header-above-stick-meta":"","header-main-stick-meta":"","header-below-stick-meta":"","astra-migrate-meta-layouts":"default","ast-page-background-enabled":"default","ast-page-background-meta":{"desktop":{"background-color":"var(--ast-global-color-4)","background-image":"","background-repeat":"repeat","background-position":"center center","background-size":"auto","background-attachment":"scroll","background-type":"","background-media":"","overlay-type":"","overlay-color":"","overlay-opacity":"","overlay-gradient":""},"tablet":{"background-color":"","background-image":"","background-repeat":"repeat","background-position":"center center","background-size":"auto","background-attachment":"scroll","background-type":"","background-media":"","overlay-type":"","overlay-color":"","overlay-opacity":"","overlay-gradient":""},"mobile":{"background-color":"","background-image":"","background-repeat":"repeat","background-position":"center center","background-size":"auto","background-attachment":"scroll","background-type":"","background-media":"","overlay-type":"","overlay-color":"","overlay-opacity":"","overlay-gradient":""}},"ast-content-background-meta":{"desktop":{"background-color":"var(--ast-global-color-5)","background-image":"","background-repeat":"repeat","background-position":"center center","background-size":"auto","background-attachment":"scroll","background-type":"","background-media":"","overlay-type":"","overlay-color":"","overlay-opacity":"","overlay-gradient":""},"tablet":{"background-color":"var(--ast-global-color-5)","background-image":"","background-repeat":"repeat","background-position":"center center","background-size":"auto","background-attachment":"scroll","background-type":"","background-media":"","overlay-type":"","overlay-color":"","overlay-opacity":"","overlay-gradient":""},"mobile":{"background-color":"var(--ast-global-color-5)","background-image":"","background-repeat":"repeat","background-position":"center center","background-size":"auto","background-attachment":"scroll","background-type":"","background-media":"","overlay-type":"","overlay-color":"","overlay-opacity":"","overlay-gradient":""}},"footnotes":""},"class_list":["post-14255","page","type-page","status-publish","hentry"],"_links":{"self":[{"href":"http:\/\/www.sobradinho.rs.gov.br\/portal\/index.php?rest_route=\/wp\/v2\/pages\/14255","targetHints":{"allow":["GET"]}}],"collection":[{"href":"http:\/\/www.sobradinho.rs.gov.br\/portal\/index.php?rest_route=\/wp\/v2\/pages"}],"about":[{"href":"http:\/\/www.sobradinho.rs.gov.br\/portal\/index.php?rest_route=\/wp\/v2\/types\/page"}],"author":[{"embeddable":true,"href":"http:\/\/www.sobradinho.rs.gov.br\/portal\/index.php?rest_route=\/wp\/v2\/users\/2"}],"replies":[{"embeddable":true,"href":"http:\/\/www.sobradinho.rs.gov.br\/portal\/index.php?rest_route=%2Fwp%2Fv2%2Fcomments&post=14255"}],"version-history":[{"count":1,"href":"http:\/\/www.sobradinho.rs.gov.br\/portal\/index.php?rest_route=\/wp\/v2\/pages\/14255\/revisions"}],"predecessor-version":[{"id":14257,"href":"http:\/\/www.sobradinho.rs.gov.br\/portal\/index.php?rest_route=\/wp\/v2\/pages\/14255\/revisions\/14257"}],"wp:attachment":[{"href":"http:\/\/www.sobradinho.rs.gov.br\/portal\/index.php?rest_route=%2Fwp%2Fv2%2Fmedia&parent=14255"}],"curies":[{"name":"wp","href":"https:\/\/api.w.org\/{rel}","templated":true}]}}