{"id":14753,"date":"2023-07-13T08:06:49","date_gmt":"2023-07-13T11:06:49","guid":{"rendered":"http:\/\/sobradinho.rs.gov.br\/portal\/?page_id=14753"},"modified":"2023-07-14T15:29:58","modified_gmt":"2023-07-14T18:29:58","slug":"estrutura-organizacional","status":"publish","type":"page","link":"http:\/\/www.sobradinho.rs.gov.br\/portal\/?page_id=14753","title":{"rendered":"Estrutura Organizacional"},"content":{"rendered":"\t\t<div data-elementor-type=\"wp-page\" data-elementor-id=\"14753\" class=\"elementor elementor-14753\" data-elementor-settings=\"{&quot;ha_cmc_init_switcher&quot;:&quot;no&quot;}\" data-elementor-post-type=\"page\">\n\t\t\t\t\t\t<section class=\"elementor-section elementor-top-section elementor-element elementor-element-0703dea elementor-section-boxed elementor-section-height-default elementor-section-height-default\" data-id=\"0703dea\" data-element_type=\"section\" data-settings=\"{&quot;_ha_eqh_enable&quot;:false}\">\n\t\t\t\t\t\t<div class=\"elementor-container elementor-column-gap-default\">\n\t\t\t\t\t<div class=\"elementor-column elementor-col-100 elementor-top-column elementor-element elementor-element-210317a\" data-id=\"210317a\" data-element_type=\"column\">\n\t\t\t<div class=\"elementor-widget-wrap elementor-element-populated\">\n\t\t\t\t\t\t<div class=\"elementor-element elementor-element-737a2e4 elementor-widget elementor-widget-text-editor\" data-id=\"737a2e4\" data-element_type=\"widget\" data-widget_type=\"text-editor.default\">\n\t\t\t\t<div class=\"elementor-widget-container\">\n\t\t\t\t\t\t\t\t\t<p>Segue abaixo a Estrutura Organizacional regulamentada pela <a href=\"http:\/\/sobradinho.rs.gov.br\/portal\/wp-content\/uploads\/2023\/07\/Lei-Municipal-No-2.520-de-06-de-abril-de-2005.pdf\">Lei Municipal N\u00ba 2.520, de 06 de abril de 2005<\/a>, que Disp\u00f5e Sobre a Estrutura Organizacional e define a Estrutura Administrativa do Poder Executivo do Munic\u00edpio de Sobradinho.\u00a0<\/p>\t\t\t\t\t\t\t\t<\/div>\n\t\t\t\t<\/div>\n\t\t\t\t\t<\/div>\n\t\t<\/div>\n\t\t\t\t\t<\/div>\n\t\t<\/section>\n\t\t\t\t<section class=\"elementor-section elementor-top-section elementor-element elementor-element-278a2f1 elementor-section-boxed elementor-section-height-default elementor-section-height-default\" data-id=\"278a2f1\" data-element_type=\"section\" data-settings=\"{&quot;_ha_eqh_enable&quot;:false}\">\n\t\t\t\t\t\t<div class=\"elementor-container elementor-column-gap-default\">\n\t\t\t\t\t<div class=\"elementor-column elementor-col-100 elementor-top-column elementor-element elementor-element-7da0bb9\" data-id=\"7da0bb9\" data-element_type=\"column\">\n\t\t\t<div class=\"elementor-widget-wrap elementor-element-populated\">\n\t\t\t\t\t\t<div class=\"elementor-element elementor-element-2d6982d elementor-widget elementor-widget-toggle\" data-id=\"2d6982d\" data-element_type=\"widget\" data-widget_type=\"toggle.default\">\n\t\t\t\t<div class=\"elementor-widget-container\">\n\t\t\t\t\t\t\t<div class=\"elementor-toggle\">\n\t\t\t\t\t\t\t<div class=\"elementor-toggle-item\">\n\t\t\t\t\t<div id=\"elementor-tab-title-4761\" class=\"elementor-tab-title\" data-tab=\"1\" role=\"button\" aria-controls=\"elementor-tab-content-4761\" aria-expanded=\"false\">\n\t\t\t\t\t\t\t\t\t\t\t\t<span class=\"elementor-toggle-icon elementor-toggle-icon-left\" aria-hidden=\"true\">\n\t\t\t\t\t\t\t\t\t\t\t\t\t\t\t<span class=\"elementor-toggle-icon-closed\"><i class=\"fas fa-caret-right\"><\/i><\/span>\n\t\t\t\t\t\t\t\t<span class=\"elementor-toggle-icon-opened\"><i class=\"elementor-toggle-icon-opened fas fa-caret-up\"><\/i><\/span>\n\t\t\t\t\t\t\t\t\t\t\t\t\t<\/span>\n\t\t\t\t\t\t\t\t\t\t\t\t<a class=\"elementor-toggle-title\" tabindex=\"0\">GABINETE DO PREFEITO<\/a>\n\t\t\t\t\t<\/div>\n\n\t\t\t\t\t<div id=\"elementor-tab-content-4761\" class=\"elementor-tab-content elementor-clearfix\" data-tab=\"1\" role=\"region\" aria-labelledby=\"elementor-tab-title-4761\"><p><img fetchpriority=\"high\" decoding=\"async\" class=\"alignnone wp-image-15080 size-full\" src=\"http:\/\/sobradinho.rs.gov.br\/portal\/wp-content\/uploads\/2023\/07\/GABINETE-DO-PREFEITO.png\" alt=\"\" width=\"617\" height=\"514\" srcset=\"http:\/\/www.sobradinho.rs.gov.br\/portal\/wp-content\/uploads\/2023\/07\/GABINETE-DO-PREFEITO.png 617w, http:\/\/www.sobradinho.rs.gov.br\/portal\/wp-content\/uploads\/2023\/07\/GABINETE-DO-PREFEITO-300x250.png 300w, http:\/\/www.sobradinho.rs.gov.br\/portal\/wp-content\/uploads\/2023\/07\/GABINETE-DO-PREFEITO-175x146.png 175w, http:\/\/www.sobradinho.rs.gov.br\/portal\/wp-content\/uploads\/2023\/07\/GABINETE-DO-PREFEITO-50x42.png 50w, http:\/\/www.sobradinho.rs.gov.br\/portal\/wp-content\/uploads\/2023\/07\/GABINETE-DO-PREFEITO-90x75.png 90w\" sizes=\"(max-width: 617px) 100vw, 617px\" \/><\/p><\/div>\n\t\t\t\t<\/div>\n\t\t\t\t\t\t\t<div class=\"elementor-toggle-item\">\n\t\t\t\t\t<div id=\"elementor-tab-title-4762\" class=\"elementor-tab-title\" data-tab=\"2\" role=\"button\" aria-controls=\"elementor-tab-content-4762\" aria-expanded=\"false\">\n\t\t\t\t\t\t\t\t\t\t\t\t<span class=\"elementor-toggle-icon elementor-toggle-icon-left\" aria-hidden=\"true\">\n\t\t\t\t\t\t\t\t\t\t\t\t\t\t\t<span class=\"elementor-toggle-icon-closed\"><i class=\"fas fa-caret-right\"><\/i><\/span>\n\t\t\t\t\t\t\t\t<span class=\"elementor-toggle-icon-opened\"><i class=\"elementor-toggle-icon-opened fas fa-caret-up\"><\/i><\/span>\n\t\t\t\t\t\t\t\t\t\t\t\t\t<\/span>\n\t\t\t\t\t\t\t\t\t\t\t\t<a class=\"elementor-toggle-title\" tabindex=\"0\">SECRETARIA DA ADMINISTRA\u00c7\u00c3O<\/a>\n\t\t\t\t\t<\/div>\n\n\t\t\t\t\t<div id=\"elementor-tab-content-4762\" class=\"elementor-tab-content elementor-clearfix\" data-tab=\"2\" role=\"region\" aria-labelledby=\"elementor-tab-title-4762\"><p><img decoding=\"async\" class=\"alignnone wp-image-15082 size-full\" src=\"http:\/\/sobradinho.rs.gov.br\/portal\/wp-content\/uploads\/2023\/07\/SECRETARIA-DA-ADMINISTRACAO-2.png\" alt=\"\" width=\"627\" height=\"411\" srcset=\"http:\/\/www.sobradinho.rs.gov.br\/portal\/wp-content\/uploads\/2023\/07\/SECRETARIA-DA-ADMINISTRACAO-2.png 627w, http:\/\/www.sobradinho.rs.gov.br\/portal\/wp-content\/uploads\/2023\/07\/SECRETARIA-DA-ADMINISTRACAO-2-300x197.png 300w, http:\/\/www.sobradinho.rs.gov.br\/portal\/wp-content\/uploads\/2023\/07\/SECRETARIA-DA-ADMINISTRACAO-2-223x146.png 223w, http:\/\/www.sobradinho.rs.gov.br\/portal\/wp-content\/uploads\/2023\/07\/SECRETARIA-DA-ADMINISTRACAO-2-50x33.png 50w, http:\/\/www.sobradinho.rs.gov.br\/portal\/wp-content\/uploads\/2023\/07\/SECRETARIA-DA-ADMINISTRACAO-2-114x75.png 114w\" sizes=\"(max-width: 627px) 100vw, 627px\" \/><\/p><\/div>\n\t\t\t\t<\/div>\n\t\t\t\t\t\t\t<div class=\"elementor-toggle-item\">\n\t\t\t\t\t<div id=\"elementor-tab-title-4763\" class=\"elementor-tab-title\" data-tab=\"3\" role=\"button\" aria-controls=\"elementor-tab-content-4763\" aria-expanded=\"false\">\n\t\t\t\t\t\t\t\t\t\t\t\t<span class=\"elementor-toggle-icon elementor-toggle-icon-left\" aria-hidden=\"true\">\n\t\t\t\t\t\t\t\t\t\t\t\t\t\t\t<span class=\"elementor-toggle-icon-closed\"><i class=\"fas fa-caret-right\"><\/i><\/span>\n\t\t\t\t\t\t\t\t<span class=\"elementor-toggle-icon-opened\"><i class=\"elementor-toggle-icon-opened fas fa-caret-up\"><\/i><\/span>\n\t\t\t\t\t\t\t\t\t\t\t\t\t<\/span>\n\t\t\t\t\t\t\t\t\t\t\t\t<a class=\"elementor-toggle-title\" tabindex=\"0\">SECRETARIA MUNICIPAL DE EDUCA\u00c7\u00c3O, CULTURA, TURISMO E DESPORTOS<\/a>\n\t\t\t\t\t<\/div>\n\n\t\t\t\t\t<div id=\"elementor-tab-content-4763\" class=\"elementor-tab-content elementor-clearfix\" data-tab=\"3\" role=\"region\" aria-labelledby=\"elementor-tab-title-4763\"><p><img decoding=\"async\" class=\"alignnone wp-image-15083 size-full\" src=\"http:\/\/sobradinho.rs.gov.br\/portal\/wp-content\/uploads\/2023\/07\/EDUCACAO.png\" alt=\"\" width=\"615\" height=\"340\" srcset=\"http:\/\/www.sobradinho.rs.gov.br\/portal\/wp-content\/uploads\/2023\/07\/EDUCACAO.png 615w, http:\/\/www.sobradinho.rs.gov.br\/portal\/wp-content\/uploads\/2023\/07\/EDUCACAO-300x166.png 300w, http:\/\/www.sobradinho.rs.gov.br\/portal\/wp-content\/uploads\/2023\/07\/EDUCACAO-260x144.png 260w, http:\/\/www.sobradinho.rs.gov.br\/portal\/wp-content\/uploads\/2023\/07\/EDUCACAO-50x28.png 50w, http:\/\/www.sobradinho.rs.gov.br\/portal\/wp-content\/uploads\/2023\/07\/EDUCACAO-136x75.png 136w\" sizes=\"(max-width: 615px) 100vw, 615px\" \/><\/p><\/div>\n\t\t\t\t<\/div>\n\t\t\t\t\t\t\t<div class=\"elementor-toggle-item\">\n\t\t\t\t\t<div id=\"elementor-tab-title-4764\" class=\"elementor-tab-title\" data-tab=\"4\" role=\"button\" aria-controls=\"elementor-tab-content-4764\" aria-expanded=\"false\">\n\t\t\t\t\t\t\t\t\t\t\t\t<span class=\"elementor-toggle-icon elementor-toggle-icon-left\" aria-hidden=\"true\">\n\t\t\t\t\t\t\t\t\t\t\t\t\t\t\t<span class=\"elementor-toggle-icon-closed\"><i class=\"fas fa-caret-right\"><\/i><\/span>\n\t\t\t\t\t\t\t\t<span class=\"elementor-toggle-icon-opened\"><i class=\"elementor-toggle-icon-opened fas fa-caret-up\"><\/i><\/span>\n\t\t\t\t\t\t\t\t\t\t\t\t\t<\/span>\n\t\t\t\t\t\t\t\t\t\t\t\t<a class=\"elementor-toggle-title\" tabindex=\"0\">SECRETARIA MUNICIPAL DA SA\u00daDE<\/a>\n\t\t\t\t\t<\/div>\n\n\t\t\t\t\t<div id=\"elementor-tab-content-4764\" class=\"elementor-tab-content elementor-clearfix\" data-tab=\"4\" role=\"region\" aria-labelledby=\"elementor-tab-title-4764\"><p><img loading=\"lazy\" decoding=\"async\" class=\"alignnone wp-image-15087 size-full\" src=\"http:\/\/sobradinho.rs.gov.br\/portal\/wp-content\/uploads\/2023\/07\/sAUDE.png\" alt=\"\" width=\"507\" height=\"511\" srcset=\"http:\/\/www.sobradinho.rs.gov.br\/portal\/wp-content\/uploads\/2023\/07\/sAUDE.png 507w, http:\/\/www.sobradinho.rs.gov.br\/portal\/wp-content\/uploads\/2023\/07\/sAUDE-298x300.png 298w, http:\/\/www.sobradinho.rs.gov.br\/portal\/wp-content\/uploads\/2023\/07\/sAUDE-150x150.png 150w, http:\/\/www.sobradinho.rs.gov.br\/portal\/wp-content\/uploads\/2023\/07\/sAUDE-145x146.png 145w, http:\/\/www.sobradinho.rs.gov.br\/portal\/wp-content\/uploads\/2023\/07\/sAUDE-50x50.png 50w, http:\/\/www.sobradinho.rs.gov.br\/portal\/wp-content\/uploads\/2023\/07\/sAUDE-74x75.png 74w, http:\/\/www.sobradinho.rs.gov.br\/portal\/wp-content\/uploads\/2023\/07\/sAUDE-85x85.png 85w, http:\/\/www.sobradinho.rs.gov.br\/portal\/wp-content\/uploads\/2023\/07\/sAUDE-80x80.png 80w\" sizes=\"(max-width: 507px) 100vw, 507px\" \/><\/p><\/div>\n\t\t\t\t<\/div>\n\t\t\t\t\t\t\t<div class=\"elementor-toggle-item\">\n\t\t\t\t\t<div id=\"elementor-tab-title-4765\" class=\"elementor-tab-title\" data-tab=\"5\" role=\"button\" aria-controls=\"elementor-tab-content-4765\" aria-expanded=\"false\">\n\t\t\t\t\t\t\t\t\t\t\t\t<span class=\"elementor-toggle-icon elementor-toggle-icon-left\" aria-hidden=\"true\">\n\t\t\t\t\t\t\t\t\t\t\t\t\t\t\t<span class=\"elementor-toggle-icon-closed\"><i class=\"fas fa-caret-right\"><\/i><\/span>\n\t\t\t\t\t\t\t\t<span class=\"elementor-toggle-icon-opened\"><i class=\"elementor-toggle-icon-opened fas fa-caret-up\"><\/i><\/span>\n\t\t\t\t\t\t\t\t\t\t\t\t\t<\/span>\n\t\t\t\t\t\t\t\t\t\t\t\t<a class=\"elementor-toggle-title\" tabindex=\"0\">SECRETARIA MUNICIPAL DE FINAN\u00c7AS E PLANEJAMENTO<\/a>\n\t\t\t\t\t<\/div>\n\n\t\t\t\t\t<div id=\"elementor-tab-content-4765\" class=\"elementor-tab-content elementor-clearfix\" data-tab=\"5\" role=\"region\" aria-labelledby=\"elementor-tab-title-4765\"><p><img loading=\"lazy\" decoding=\"async\" class=\"alignnone wp-image-15088 size-full\" src=\"http:\/\/sobradinho.rs.gov.br\/portal\/wp-content\/uploads\/2023\/07\/FINANCAS.jpg\" alt=\"\" width=\"538\" height=\"421\" srcset=\"http:\/\/www.sobradinho.rs.gov.br\/portal\/wp-content\/uploads\/2023\/07\/FINANCAS.jpg 538w, http:\/\/www.sobradinho.rs.gov.br\/portal\/wp-content\/uploads\/2023\/07\/FINANCAS-300x235.jpg 300w, http:\/\/www.sobradinho.rs.gov.br\/portal\/wp-content\/uploads\/2023\/07\/FINANCAS-187x146.jpg 187w, http:\/\/www.sobradinho.rs.gov.br\/portal\/wp-content\/uploads\/2023\/07\/FINANCAS-50x39.jpg 50w, http:\/\/www.sobradinho.rs.gov.br\/portal\/wp-content\/uploads\/2023\/07\/FINANCAS-96x75.jpg 96w\" sizes=\"(max-width: 538px) 100vw, 538px\" \/><\/p><\/div>\n\t\t\t\t<\/div>\n\t\t\t\t\t\t\t<div class=\"elementor-toggle-item\">\n\t\t\t\t\t<div id=\"elementor-tab-title-4766\" class=\"elementor-tab-title\" data-tab=\"6\" role=\"button\" aria-controls=\"elementor-tab-content-4766\" aria-expanded=\"false\">\n\t\t\t\t\t\t\t\t\t\t\t\t<span class=\"elementor-toggle-icon elementor-toggle-icon-left\" aria-hidden=\"true\">\n\t\t\t\t\t\t\t\t\t\t\t\t\t\t\t<span class=\"elementor-toggle-icon-closed\"><i class=\"fas fa-caret-right\"><\/i><\/span>\n\t\t\t\t\t\t\t\t<span class=\"elementor-toggle-icon-opened\"><i class=\"elementor-toggle-icon-opened fas fa-caret-up\"><\/i><\/span>\n\t\t\t\t\t\t\t\t\t\t\t\t\t<\/span>\n\t\t\t\t\t\t\t\t\t\t\t\t<a class=\"elementor-toggle-title\" tabindex=\"0\">SECRETARIA MUNICIPAL DE AGRICULTURA E MEIO AMBIENTE<\/a>\n\t\t\t\t\t<\/div>\n\n\t\t\t\t\t<div id=\"elementor-tab-content-4766\" class=\"elementor-tab-content elementor-clearfix\" data-tab=\"6\" role=\"region\" aria-labelledby=\"elementor-tab-title-4766\"><p><img loading=\"lazy\" decoding=\"async\" class=\"alignnone wp-image-15089 size-full\" src=\"http:\/\/sobradinho.rs.gov.br\/portal\/wp-content\/uploads\/2023\/07\/AGRICULTURA.png\" alt=\"\" width=\"502\" height=\"380\" srcset=\"http:\/\/www.sobradinho.rs.gov.br\/portal\/wp-content\/uploads\/2023\/07\/AGRICULTURA.png 502w, http:\/\/www.sobradinho.rs.gov.br\/portal\/wp-content\/uploads\/2023\/07\/AGRICULTURA-300x227.png 300w, http:\/\/www.sobradinho.rs.gov.br\/portal\/wp-content\/uploads\/2023\/07\/AGRICULTURA-193x146.png 193w, http:\/\/www.sobradinho.rs.gov.br\/portal\/wp-content\/uploads\/2023\/07\/AGRICULTURA-50x38.png 50w, http:\/\/www.sobradinho.rs.gov.br\/portal\/wp-content\/uploads\/2023\/07\/AGRICULTURA-99x75.png 99w\" sizes=\"(max-width: 502px) 100vw, 502px\" \/><\/p><\/div>\n\t\t\t\t<\/div>\n\t\t\t\t\t\t\t<div class=\"elementor-toggle-item\">\n\t\t\t\t\t<div id=\"elementor-tab-title-4767\" class=\"elementor-tab-title\" data-tab=\"7\" role=\"button\" aria-controls=\"elementor-tab-content-4767\" aria-expanded=\"false\">\n\t\t\t\t\t\t\t\t\t\t\t\t<span class=\"elementor-toggle-icon elementor-toggle-icon-left\" aria-hidden=\"true\">\n\t\t\t\t\t\t\t\t\t\t\t\t\t\t\t<span class=\"elementor-toggle-icon-closed\"><i class=\"fas fa-caret-right\"><\/i><\/span>\n\t\t\t\t\t\t\t\t<span class=\"elementor-toggle-icon-opened\"><i class=\"elementor-toggle-icon-opened fas fa-caret-up\"><\/i><\/span>\n\t\t\t\t\t\t\t\t\t\t\t\t\t<\/span>\n\t\t\t\t\t\t\t\t\t\t\t\t<a class=\"elementor-toggle-title\" tabindex=\"0\">SECRETARIA MUNICIPAL DA IND\u00daSTRIA, COM\u00c9RCIO E SERVI\u00c7OS<\/a>\n\t\t\t\t\t<\/div>\n\n\t\t\t\t\t<div id=\"elementor-tab-content-4767\" class=\"elementor-tab-content elementor-clearfix\" data-tab=\"7\" role=\"region\" aria-labelledby=\"elementor-tab-title-4767\"><p><img loading=\"lazy\" decoding=\"async\" class=\"alignnone wp-image-15090 size-full\" src=\"http:\/\/sobradinho.rs.gov.br\/portal\/wp-content\/uploads\/2023\/07\/INDUSTRIA.png\" alt=\"\" width=\"497\" height=\"190\" srcset=\"http:\/\/www.sobradinho.rs.gov.br\/portal\/wp-content\/uploads\/2023\/07\/INDUSTRIA.png 497w, http:\/\/www.sobradinho.rs.gov.br\/portal\/wp-content\/uploads\/2023\/07\/INDUSTRIA-300x115.png 300w, http:\/\/www.sobradinho.rs.gov.br\/portal\/wp-content\/uploads\/2023\/07\/INDUSTRIA-260x99.png 260w, http:\/\/www.sobradinho.rs.gov.br\/portal\/wp-content\/uploads\/2023\/07\/INDUSTRIA-50x19.png 50w, http:\/\/www.sobradinho.rs.gov.br\/portal\/wp-content\/uploads\/2023\/07\/INDUSTRIA-150x57.png 150w\" sizes=\"(max-width: 497px) 100vw, 497px\" \/><\/p><\/div>\n\t\t\t\t<\/div>\n\t\t\t\t\t\t\t<div class=\"elementor-toggle-item\">\n\t\t\t\t\t<div id=\"elementor-tab-title-4768\" class=\"elementor-tab-title\" data-tab=\"8\" role=\"button\" aria-controls=\"elementor-tab-content-4768\" aria-expanded=\"false\">\n\t\t\t\t\t\t\t\t\t\t\t\t<span class=\"elementor-toggle-icon elementor-toggle-icon-left\" aria-hidden=\"true\">\n\t\t\t\t\t\t\t\t\t\t\t\t\t\t\t<span class=\"elementor-toggle-icon-closed\"><i class=\"fas fa-caret-right\"><\/i><\/span>\n\t\t\t\t\t\t\t\t<span class=\"elementor-toggle-icon-opened\"><i class=\"elementor-toggle-icon-opened fas fa-caret-up\"><\/i><\/span>\n\t\t\t\t\t\t\t\t\t\t\t\t\t<\/span>\n\t\t\t\t\t\t\t\t\t\t\t\t<a class=\"elementor-toggle-title\" tabindex=\"0\">SECRETARIA MUNICIPAL DE ASSIST\u00caNCIA SOCIAL<\/a>\n\t\t\t\t\t<\/div>\n\n\t\t\t\t\t<div id=\"elementor-tab-content-4768\" class=\"elementor-tab-content elementor-clearfix\" data-tab=\"8\" role=\"region\" aria-labelledby=\"elementor-tab-title-4768\"><p><img loading=\"lazy\" decoding=\"async\" class=\"alignnone wp-image-15091 size-full\" src=\"http:\/\/sobradinho.rs.gov.br\/portal\/wp-content\/uploads\/2023\/07\/ASSISTENCIA.png\" alt=\"\" width=\"539\" height=\"379\" srcset=\"http:\/\/www.sobradinho.rs.gov.br\/portal\/wp-content\/uploads\/2023\/07\/ASSISTENCIA.png 539w, http:\/\/www.sobradinho.rs.gov.br\/portal\/wp-content\/uploads\/2023\/07\/ASSISTENCIA-300x211.png 300w, http:\/\/www.sobradinho.rs.gov.br\/portal\/wp-content\/uploads\/2023\/07\/ASSISTENCIA-208x146.png 208w, http:\/\/www.sobradinho.rs.gov.br\/portal\/wp-content\/uploads\/2023\/07\/ASSISTENCIA-50x35.png 50w, http:\/\/www.sobradinho.rs.gov.br\/portal\/wp-content\/uploads\/2023\/07\/ASSISTENCIA-107x75.png 107w\" sizes=\"(max-width: 539px) 100vw, 539px\" \/><\/p><\/div>\n\t\t\t\t<\/div>\n\t\t\t\t\t\t\t<div class=\"elementor-toggle-item\">\n\t\t\t\t\t<div id=\"elementor-tab-title-4769\" class=\"elementor-tab-title\" data-tab=\"9\" role=\"button\" aria-controls=\"elementor-tab-content-4769\" aria-expanded=\"false\">\n\t\t\t\t\t\t\t\t\t\t\t\t<span class=\"elementor-toggle-icon elementor-toggle-icon-left\" aria-hidden=\"true\">\n\t\t\t\t\t\t\t\t\t\t\t\t\t\t\t<span class=\"elementor-toggle-icon-closed\"><i class=\"fas fa-caret-right\"><\/i><\/span>\n\t\t\t\t\t\t\t\t<span class=\"elementor-toggle-icon-opened\"><i class=\"elementor-toggle-icon-opened fas fa-caret-up\"><\/i><\/span>\n\t\t\t\t\t\t\t\t\t\t\t\t\t<\/span>\n\t\t\t\t\t\t\t\t\t\t\t\t<a class=\"elementor-toggle-title\" tabindex=\"0\">SECRETARIA MUNICIPAL DE OBRAS E SERVI\u00c7OS URBANOS<\/a>\n\t\t\t\t\t<\/div>\n\n\t\t\t\t\t<div id=\"elementor-tab-content-4769\" class=\"elementor-tab-content elementor-clearfix\" data-tab=\"9\" role=\"region\" aria-labelledby=\"elementor-tab-title-4769\"><p><img loading=\"lazy\" decoding=\"async\" class=\"alignnone wp-image-15092 size-full\" src=\"http:\/\/sobradinho.rs.gov.br\/portal\/wp-content\/uploads\/2023\/07\/OBRAS.png\" alt=\"\" width=\"523\" height=\"434\" srcset=\"http:\/\/www.sobradinho.rs.gov.br\/portal\/wp-content\/uploads\/2023\/07\/OBRAS.png 523w, http:\/\/www.sobradinho.rs.gov.br\/portal\/wp-content\/uploads\/2023\/07\/OBRAS-300x249.png 300w, http:\/\/www.sobradinho.rs.gov.br\/portal\/wp-content\/uploads\/2023\/07\/OBRAS-176x146.png 176w, http:\/\/www.sobradinho.rs.gov.br\/portal\/wp-content\/uploads\/2023\/07\/OBRAS-50x41.png 50w, http:\/\/www.sobradinho.rs.gov.br\/portal\/wp-content\/uploads\/2023\/07\/OBRAS-90x75.png 90w\" sizes=\"(max-width: 523px) 100vw, 523px\" \/><\/p><\/div>\n\t\t\t\t<\/div>\n\t\t\t\t\t\t\t\t<\/div>\n\t\t\t\t\t\t<\/div>\n\t\t\t\t<\/div>\n\t\t\t\t\t<\/div>\n\t\t<\/div>\n\t\t\t\t\t<\/div>\n\t\t<\/section>\n\t\t\t\t<\/div>\n\t\t","protected":false},"excerpt":{"rendered":"<p>Segue abaixo a Estrutura Organizacional regulamentada pela Lei Municipal N\u00ba 2.520, de 06 de abril de 2005, que Disp\u00f5e Sobre [&hellip;]<\/p>\n","protected":false},"author":2,"featured_media":0,"parent":0,"menu_order":0,"comment_status":"closed","ping_status":"closed","template":"","meta":{"_eb_attr":"","site-sidebar-layout":"default","site-content-layout":"","ast-site-content-layout":"default","site-content-style":"default","site-sidebar-style":"default","ast-global-header-display":"","ast-banner-title-visibility":"","ast-main-header-display":"","ast-hfb-above-header-display":"","ast-hfb-below-header-display":"","ast-hfb-mobile-header-display":"","site-post-title":"","ast-breadcrumbs-content":"","ast-featured-img":"","footer-sml-layout":"","theme-transparent-header-meta":"","adv-header-id-meta":"","stick-header-meta":"","header-above-stick-meta":"","header-main-stick-meta":"","header-below-stick-meta":"","astra-migrate-meta-layouts":"default","ast-page-background-enabled":"default","ast-page-background-meta":{"desktop":{"background-color":"var(--ast-global-color-4)","background-image":"","background-repeat":"repeat","background-position":"center center","background-size":"auto","background-attachment":"scroll","background-type":"","background-media":"","overlay-type":"","overlay-color":"","overlay-opacity":"","overlay-gradient":""},"tablet":{"background-color":"","background-image":"","background-repeat":"repeat","background-position":"center center","background-size":"auto","background-attachment":"scroll","background-type":"","background-media":"","overlay-type":"","overlay-color":"","overlay-opacity":"","overlay-gradient":""},"mobile":{"background-color":"","background-image":"","background-repeat":"repeat","background-position":"center center","background-size":"auto","background-attachment":"scroll","background-type":"","background-media":"","overlay-type":"","overlay-color":"","overlay-opacity":"","overlay-gradient":""}},"ast-content-background-meta":{"desktop":{"background-color":"var(--ast-global-color-5)","background-image":"","background-repeat":"repeat","background-position":"center center","background-size":"auto","background-attachment":"scroll","background-type":"","background-media":"","overlay-type":"","overlay-color":"","overlay-opacity":"","overlay-gradient":""},"tablet":{"background-color":"var(--ast-global-color-5)","background-image":"","background-repeat":"repeat","background-position":"center center","background-size":"auto","background-attachment":"scroll","background-type":"","background-media":"","overlay-type":"","overlay-color":"","overlay-opacity":"","overlay-gradient":""},"mobile":{"background-color":"var(--ast-global-color-5)","background-image":"","background-repeat":"repeat","background-position":"center center","background-size":"auto","background-attachment":"scroll","background-type":"","background-media":"","overlay-type":"","overlay-color":"","overlay-opacity":"","overlay-gradient":""}},"footnotes":""},"class_list":["post-14753","page","type-page","status-publish","hentry"],"_links":{"self":[{"href":"http:\/\/www.sobradinho.rs.gov.br\/portal\/index.php?rest_route=\/wp\/v2\/pages\/14753","targetHints":{"allow":["GET"]}}],"collection":[{"href":"http:\/\/www.sobradinho.rs.gov.br\/portal\/index.php?rest_route=\/wp\/v2\/pages"}],"about":[{"href":"http:\/\/www.sobradinho.rs.gov.br\/portal\/index.php?rest_route=\/wp\/v2\/types\/page"}],"author":[{"embeddable":true,"href":"http:\/\/www.sobradinho.rs.gov.br\/portal\/index.php?rest_route=\/wp\/v2\/users\/2"}],"replies":[{"embeddable":true,"href":"http:\/\/www.sobradinho.rs.gov.br\/portal\/index.php?rest_route=%2Fwp%2Fv2%2Fcomments&post=14753"}],"version-history":[{"count":19,"href":"http:\/\/www.sobradinho.rs.gov.br\/portal\/index.php?rest_route=\/wp\/v2\/pages\/14753\/revisions"}],"predecessor-version":[{"id":15095,"href":"http:\/\/www.sobradinho.rs.gov.br\/portal\/index.php?rest_route=\/wp\/v2\/pages\/14753\/revisions\/15095"}],"wp:attachment":[{"href":"http:\/\/www.sobradinho.rs.gov.br\/portal\/index.php?rest_route=%2Fwp%2Fv2%2Fmedia&parent=14753"}],"curies":[{"name":"wp","href":"https:\/\/api.w.org\/{rel}","templated":true}]}}