{"id":14797,"date":"2023-07-13T11:11:14","date_gmt":"2023-07-13T14:11:14","guid":{"rendered":"http:\/\/sobradinho.rs.gov.br\/portal\/?page_id=14797"},"modified":"2024-10-15T16:26:39","modified_gmt":"2024-10-15T19:26:39","slug":"planejamento-e-servicos-da-saude","status":"publish","type":"page","link":"http:\/\/www.sobradinho.rs.gov.br\/portal\/?page_id=14797","title":{"rendered":"Planejamento e Servi\u00e7os da Sa\u00fade"},"content":{"rendered":"\t\t<div data-elementor-type=\"wp-page\" data-elementor-id=\"14797\" class=\"elementor elementor-14797\" data-elementor-settings=\"{&quot;ha_cmc_init_switcher&quot;:&quot;no&quot;}\" data-elementor-post-type=\"page\">\n\t\t\t\t\t\t<section class=\"elementor-section elementor-top-section elementor-element elementor-element-b7579dd elementor-section-boxed elementor-section-height-default elementor-section-height-default\" data-id=\"b7579dd\" data-element_type=\"section\" data-settings=\"{&quot;_ha_eqh_enable&quot;:false}\">\n\t\t\t\t\t\t<div class=\"elementor-container elementor-column-gap-default\">\n\t\t\t\t\t<div class=\"elementor-column elementor-col-100 elementor-top-column elementor-element elementor-element-b41ad6a\" data-id=\"b41ad6a\" data-element_type=\"column\">\n\t\t\t<div class=\"elementor-widget-wrap elementor-element-populated\">\n\t\t\t\t\t\t<div class=\"elementor-element elementor-element-3350fa8 elementor-widget elementor-widget-toggle\" data-id=\"3350fa8\" data-element_type=\"widget\" data-widget_type=\"toggle.default\">\n\t\t\t\t<div class=\"elementor-widget-container\">\n\t\t\t\t\t\t\t<div class=\"elementor-toggle\">\n\t\t\t\t\t\t\t<div class=\"elementor-toggle-item\">\n\t\t\t\t\t<div id=\"elementor-tab-title-5381\" class=\"elementor-tab-title\" data-tab=\"1\" role=\"button\" aria-controls=\"elementor-tab-content-5381\" aria-expanded=\"false\">\n\t\t\t\t\t\t\t\t\t\t\t\t<span class=\"elementor-toggle-icon elementor-toggle-icon-left\" aria-hidden=\"true\">\n\t\t\t\t\t\t\t\t\t\t\t\t\t\t\t<span class=\"elementor-toggle-icon-closed\"><i class=\"fas fa-caret-right\"><\/i><\/span>\n\t\t\t\t\t\t\t\t<span class=\"elementor-toggle-icon-opened\"><i class=\"elementor-toggle-icon-opened fas fa-caret-up\"><\/i><\/span>\n\t\t\t\t\t\t\t\t\t\t\t\t\t<\/span>\n\t\t\t\t\t\t\t\t\t\t\t\t<a class=\"elementor-toggle-title\" tabindex=\"0\">PLANEJAMENTO E RELAT\u00d3RIO DE GEST\u00c3O EM SA\u00daDE<\/a>\n\t\t\t\t\t<\/div>\n\n\t\t\t\t\t<div id=\"elementor-tab-content-5381\" class=\"elementor-tab-content elementor-clearfix\" data-tab=\"1\" role=\"region\" aria-labelledby=\"elementor-tab-title-5381\"><ul><li><a href=\"http:\/\/sobradinho.rs.gov.br\/portal\/wp-content\/uploads\/2023\/07\/Olano-Municipal-de-Saude.pdf\">Plano Municipal de Sa\u00fade.<\/a><\/li><li>Relat\u00f3rio Anual de Gest\u00e3o &#8211; RAG<\/li><li><a href=\"http:\/\/sobradinho.rs.gov.br\/portal\/wp-content\/uploads\/2023\/07\/Resolucao-CMS-002-2023-que-Aprova-o-Relatorio-Anual-da-Saude.pdf\">Resolu\u00e7\u00e3o que aprova o Relat\u00f3rio Anual de Gest\u00e3o<\/a><\/li><li><a href=\"http:\/\/sobradinho.rs.gov.br\/portal\/wp-content\/uploads\/2023\/07\/Programacao-Anual-da-saude.pdf\">Programa\u00e7\u00e3o Anual de Sa\u00fade 2022 &#8211; 2025\u00a0<\/a><\/li><\/ul><\/div>\n\t\t\t\t<\/div>\n\t\t\t\t\t\t\t<div class=\"elementor-toggle-item\">\n\t\t\t\t\t<div id=\"elementor-tab-title-5382\" class=\"elementor-tab-title\" data-tab=\"2\" role=\"button\" aria-controls=\"elementor-tab-content-5382\" aria-expanded=\"false\">\n\t\t\t\t\t\t\t\t\t\t\t\t<span class=\"elementor-toggle-icon elementor-toggle-icon-left\" aria-hidden=\"true\">\n\t\t\t\t\t\t\t\t\t\t\t\t\t\t\t<span class=\"elementor-toggle-icon-closed\"><i class=\"fas fa-caret-right\"><\/i><\/span>\n\t\t\t\t\t\t\t\t<span class=\"elementor-toggle-icon-opened\"><i class=\"elementor-toggle-icon-opened fas fa-caret-up\"><\/i><\/span>\n\t\t\t\t\t\t\t\t\t\t\t\t\t<\/span>\n\t\t\t\t\t\t\t\t\t\t\t\t<a class=\"elementor-toggle-title\" tabindex=\"0\">ATRIBUI\u00c7\u00d5ES DA SECRETARIA DA SA\u00daDE<\/a>\n\t\t\t\t\t<\/div>\n\n\t\t\t\t\t<div id=\"elementor-tab-content-5382\" class=\"elementor-tab-content elementor-clearfix\" data-tab=\"2\" role=\"region\" aria-labelledby=\"elementor-tab-title-5382\"><p>A Secretaria Municipal de Sa\u00fade tem por atividades b\u00e1sicas a que est\u00e1 baseada no Programa de Sa\u00fade de Fam\u00edlia e na medicina preventiva;<\/p><p>-Pelas tarefas relativas a vigil\u00e2ncia sanit\u00e1ria;<\/p><p>-Pelas atividades t\u00e9cnicas da \u00e1rea de sa\u00fade;<\/p><p>-Pelo controle\u00a0 dos Postos e Ambulat\u00f3rios Municipais;<\/p><p>-Dar suporte administrativo as atividades da Secretaria, exercendo controle sobre quest\u00f5es de planejamento, organiza\u00e7\u00e3o, e dire\u00e7\u00e3o;<\/p><p>\u2013 Auxiliar na elabora\u00e7\u00e3o do plano de metas, da Secretaria, procedendo \u00a0o fich\u00e1rio, coordenando o ambulat\u00f3rio municipal;<\/p><p>Promover as a\u00e7\u00f5es comunit\u00e1rias \u00a0de base, nas diversas modalidades da sa\u00fade, estabelecendo o plano de metas, mantendo o arquivo, delegando e centralizando.<\/p><\/div>\n\t\t\t\t<\/div>\n\t\t\t\t\t\t\t<div class=\"elementor-toggle-item\">\n\t\t\t\t\t<div id=\"elementor-tab-title-5383\" class=\"elementor-tab-title\" data-tab=\"3\" role=\"button\" aria-controls=\"elementor-tab-content-5383\" aria-expanded=\"false\">\n\t\t\t\t\t\t\t\t\t\t\t\t<span class=\"elementor-toggle-icon elementor-toggle-icon-left\" aria-hidden=\"true\">\n\t\t\t\t\t\t\t\t\t\t\t\t\t\t\t<span class=\"elementor-toggle-icon-closed\"><i class=\"fas fa-caret-right\"><\/i><\/span>\n\t\t\t\t\t\t\t\t<span class=\"elementor-toggle-icon-opened\"><i class=\"elementor-toggle-icon-opened fas fa-caret-up\"><\/i><\/span>\n\t\t\t\t\t\t\t\t\t\t\t\t\t<\/span>\n\t\t\t\t\t\t\t\t\t\t\t\t<a class=\"elementor-toggle-title\" tabindex=\"0\">MEDICAMENTOS SUS<\/a>\n\t\t\t\t\t<\/div>\n\n\t\t\t\t\t<div id=\"elementor-tab-content-5383\" class=\"elementor-tab-content elementor-clearfix\" data-tab=\"3\" role=\"region\" aria-labelledby=\"elementor-tab-title-5383\"><div><span style=\"font-family: Arial, Verdana;\">Os medicamentos fornecidos pelos SUS seguem a listagem b\u00e1sica da RENAME \u2013 Rela\u00e7\u00e3o Nacional de Medicamentos \u2013 de onde forma-se a listagem b\u00e1sica REMUME \u2013 Rela\u00e7\u00e3o Municipal de Medicamentos. Podem ser identificados a seguir quanto aqueles em estoque e em falta na Farm\u00e1cia Municipal.<\/span><\/div><div><span style=\"font-family: Arial, Verdana;\">\u00a0<\/span><\/div><div><span style=\"font-family: Arial, Verdana;\">No que se refere aos medicamentos de alto custo, n\u00e3o s\u00e3o de compet\u00eancia Municipal. Os usu\u00e1rios SUS s\u00e3o orientados na Farm\u00e1cia Municipal a buscar estes medicamentos junto ao Estado entregando os documentos que precisam ser preenchidos e como fazer o encaminhamento.<\/span><\/div><div>\u00a0<\/div><div><a href=\"https:\/\/famurs.com.br\/remume#inicioRemume\">Rela\u00e7\u00e3o de Medicamentos da Farm\u00e1cia Central REMUME.<\/a><\/div><\/div>\n\t\t\t\t<\/div>\n\t\t\t\t\t\t\t<div class=\"elementor-toggle-item\">\n\t\t\t\t\t<div id=\"elementor-tab-title-5384\" class=\"elementor-tab-title\" data-tab=\"4\" role=\"button\" aria-controls=\"elementor-tab-content-5384\" aria-expanded=\"false\">\n\t\t\t\t\t\t\t\t\t\t\t\t<span class=\"elementor-toggle-icon elementor-toggle-icon-left\" aria-hidden=\"true\">\n\t\t\t\t\t\t\t\t\t\t\t\t\t\t\t<span class=\"elementor-toggle-icon-closed\"><i class=\"fas fa-caret-right\"><\/i><\/span>\n\t\t\t\t\t\t\t\t<span class=\"elementor-toggle-icon-opened\"><i class=\"elementor-toggle-icon-opened fas fa-caret-up\"><\/i><\/span>\n\t\t\t\t\t\t\t\t\t\t\t\t\t<\/span>\n\t\t\t\t\t\t\t\t\t\t\t\t<a class=\"elementor-toggle-title\" tabindex=\"0\">ESCALA DE M\u00c9DICOS E DENTISTAS DOS POSTOS DE SA\u00daDE<\/a>\n\t\t\t\t\t<\/div>\n\n\t\t\t\t\t<div id=\"elementor-tab-content-5384\" class=\"elementor-tab-content elementor-clearfix\" data-tab=\"4\" role=\"region\" aria-labelledby=\"elementor-tab-title-5384\"><p><strong>ESCALA M\u00c9DICOS ESF 1 \u2013 BAIRRO COPETTI<\/strong><\/p><p><img fetchpriority=\"high\" decoding=\"async\" class=\"alignnone wp-image-17580 size-large\" src=\"http:\/\/www.sobradinho.rs.gov.br\/portal\/wp-content\/uploads\/2024\/10\/Horario-dos-medicos-e-dentistas-nos-postos-de-saude-1024x248.jpg\" alt=\"\" width=\"1024\" height=\"248\" srcset=\"http:\/\/www.sobradinho.rs.gov.br\/portal\/wp-content\/uploads\/2024\/10\/Horario-dos-medicos-e-dentistas-nos-postos-de-saude-1024x248.jpg 1024w, http:\/\/www.sobradinho.rs.gov.br\/portal\/wp-content\/uploads\/2024\/10\/Horario-dos-medicos-e-dentistas-nos-postos-de-saude-300x73.jpg 300w, http:\/\/www.sobradinho.rs.gov.br\/portal\/wp-content\/uploads\/2024\/10\/Horario-dos-medicos-e-dentistas-nos-postos-de-saude-768x186.jpg 768w, http:\/\/www.sobradinho.rs.gov.br\/portal\/wp-content\/uploads\/2024\/10\/Horario-dos-medicos-e-dentistas-nos-postos-de-saude.jpg 1311w\" sizes=\"(max-width: 1024px) 100vw, 1024px\" \/><\/p><p><strong>ESCALA M\u00c9DICOS ESF 2 \u2013 BAIRRO BAIXADA<\/strong><\/p><p><img decoding=\"async\" class=\"alignnone wp-image-17586 size-large\" src=\"http:\/\/www.sobradinho.rs.gov.br\/portal\/wp-content\/uploads\/2024\/10\/Medicos-ESF-2-1024x226.jpg\" alt=\"\" width=\"1024\" height=\"226\" srcset=\"http:\/\/www.sobradinho.rs.gov.br\/portal\/wp-content\/uploads\/2024\/10\/Medicos-ESF-2-1024x226.jpg 1024w, http:\/\/www.sobradinho.rs.gov.br\/portal\/wp-content\/uploads\/2024\/10\/Medicos-ESF-2-300x66.jpg 300w, http:\/\/www.sobradinho.rs.gov.br\/portal\/wp-content\/uploads\/2024\/10\/Medicos-ESF-2-768x170.jpg 768w, http:\/\/www.sobradinho.rs.gov.br\/portal\/wp-content\/uploads\/2024\/10\/Medicos-ESF-2.jpg 1285w\" sizes=\"(max-width: 1024px) 100vw, 1024px\" \/><\/p><p><strong>ESCALA DENTISTA ESF 2 \u2013 BAIRRO BAIXADA<\/strong><\/p><p><img decoding=\"async\" class=\"alignnone wp-image-17584 size-large\" src=\"http:\/\/www.sobradinho.rs.gov.br\/portal\/wp-content\/uploads\/2024\/10\/Escola-Dentista-baixada-1024x226.jpg\" alt=\"\" width=\"1024\" height=\"226\" srcset=\"http:\/\/www.sobradinho.rs.gov.br\/portal\/wp-content\/uploads\/2024\/10\/Escola-Dentista-baixada-1024x226.jpg 1024w, http:\/\/www.sobradinho.rs.gov.br\/portal\/wp-content\/uploads\/2024\/10\/Escola-Dentista-baixada-300x66.jpg 300w, http:\/\/www.sobradinho.rs.gov.br\/portal\/wp-content\/uploads\/2024\/10\/Escola-Dentista-baixada-768x170.jpg 768w, http:\/\/www.sobradinho.rs.gov.br\/portal\/wp-content\/uploads\/2024\/10\/Escola-Dentista-baixada.jpg 1286w\" sizes=\"(max-width: 1024px) 100vw, 1024px\" \/><\/p><p><strong>ESCALA M\u00c9DICOS ESF 3 \u2013 BAIRRO RIO BRANCO<\/strong><\/p><p><img loading=\"lazy\" decoding=\"async\" class=\"alignnone wp-image-17591 size-large\" src=\"http:\/\/www.sobradinho.rs.gov.br\/portal\/wp-content\/uploads\/2024\/10\/Medico-Rio-Branco-1024x320.jpg\" alt=\"\" width=\"1024\" height=\"320\" srcset=\"http:\/\/www.sobradinho.rs.gov.br\/portal\/wp-content\/uploads\/2024\/10\/Medico-Rio-Branco-1024x320.jpg 1024w, http:\/\/www.sobradinho.rs.gov.br\/portal\/wp-content\/uploads\/2024\/10\/Medico-Rio-Branco-300x94.jpg 300w, http:\/\/www.sobradinho.rs.gov.br\/portal\/wp-content\/uploads\/2024\/10\/Medico-Rio-Branco-768x240.jpg 768w, http:\/\/www.sobradinho.rs.gov.br\/portal\/wp-content\/uploads\/2024\/10\/Medico-Rio-Branco.jpg 1281w\" sizes=\"(max-width: 1024px) 100vw, 1024px\" \/><\/p><p><strong>ESCALA DENTISTA ESF 3 \u2013 BAIRRO RIO BRANCO<\/strong><\/p><p><img loading=\"lazy\" decoding=\"async\" class=\"alignnone wp-image-17592 size-large\" src=\"http:\/\/www.sobradinho.rs.gov.br\/portal\/wp-content\/uploads\/2024\/10\/Dentista-Rio-Branco-1024x227.jpg\" alt=\"\" width=\"1024\" height=\"227\" srcset=\"http:\/\/www.sobradinho.rs.gov.br\/portal\/wp-content\/uploads\/2024\/10\/Dentista-Rio-Branco-1024x227.jpg 1024w, http:\/\/www.sobradinho.rs.gov.br\/portal\/wp-content\/uploads\/2024\/10\/Dentista-Rio-Branco-300x67.jpg 300w, http:\/\/www.sobradinho.rs.gov.br\/portal\/wp-content\/uploads\/2024\/10\/Dentista-Rio-Branco-768x170.jpg 768w, http:\/\/www.sobradinho.rs.gov.br\/portal\/wp-content\/uploads\/2024\/10\/Dentista-Rio-Branco.jpg 1285w\" sizes=\"(max-width: 1024px) 100vw, 1024px\" \/><\/p><p><strong>ESCALA M\u00c9DICOS ESF 4 \u2013 BAIRRO VERA CRUZ<\/strong><\/p><p><img loading=\"lazy\" decoding=\"async\" class=\"alignnone wp-image-17593 size-large\" src=\"http:\/\/www.sobradinho.rs.gov.br\/portal\/wp-content\/uploads\/2024\/10\/Medico-vera-Cruz-1024x504.jpg\" alt=\"\" width=\"1024\" height=\"504\" srcset=\"http:\/\/www.sobradinho.rs.gov.br\/portal\/wp-content\/uploads\/2024\/10\/Medico-vera-Cruz-1024x504.jpg 1024w, http:\/\/www.sobradinho.rs.gov.br\/portal\/wp-content\/uploads\/2024\/10\/Medico-vera-Cruz-300x148.jpg 300w, http:\/\/www.sobradinho.rs.gov.br\/portal\/wp-content\/uploads\/2024\/10\/Medico-vera-Cruz-768x378.jpg 768w, http:\/\/www.sobradinho.rs.gov.br\/portal\/wp-content\/uploads\/2024\/10\/Medico-vera-Cruz.jpg 1286w\" sizes=\"(max-width: 1024px) 100vw, 1024px\" \/><\/p><p><strong>ESCALA DENTISTA ESF 4 \u2013 BAIRRO VERA CRUZ<\/strong><\/p><p><img loading=\"lazy\" decoding=\"async\" class=\"alignnone wp-image-17594 size-large\" src=\"http:\/\/www.sobradinho.rs.gov.br\/portal\/wp-content\/uploads\/2024\/10\/Dentista-vera-Cruz-1024x224.jpg\" alt=\"\" width=\"1024\" height=\"224\" srcset=\"http:\/\/www.sobradinho.rs.gov.br\/portal\/wp-content\/uploads\/2024\/10\/Dentista-vera-Cruz-1024x224.jpg 1024w, http:\/\/www.sobradinho.rs.gov.br\/portal\/wp-content\/uploads\/2024\/10\/Dentista-vera-Cruz-300x66.jpg 300w, http:\/\/www.sobradinho.rs.gov.br\/portal\/wp-content\/uploads\/2024\/10\/Dentista-vera-Cruz-768x168.jpg 768w, http:\/\/www.sobradinho.rs.gov.br\/portal\/wp-content\/uploads\/2024\/10\/Dentista-vera-Cruz.jpg 1286w\" sizes=\"(max-width: 1024px) 100vw, 1024px\" \/><\/p><p><strong>ESCALA M\u00c9DICOS \u2013 POSTO GRAMADO<\/strong><\/p><p><img loading=\"lazy\" decoding=\"async\" class=\"alignnone wp-image-17598 size-large\" src=\"http:\/\/www.sobradinho.rs.gov.br\/portal\/wp-content\/uploads\/2024\/10\/Medicos-gramado-1024x225.jpg\" alt=\"\" width=\"1024\" height=\"225\" srcset=\"http:\/\/www.sobradinho.rs.gov.br\/portal\/wp-content\/uploads\/2024\/10\/Medicos-gramado-1024x225.jpg 1024w, http:\/\/www.sobradinho.rs.gov.br\/portal\/wp-content\/uploads\/2024\/10\/Medicos-gramado-300x66.jpg 300w, http:\/\/www.sobradinho.rs.gov.br\/portal\/wp-content\/uploads\/2024\/10\/Medicos-gramado-768x169.jpg 768w, http:\/\/www.sobradinho.rs.gov.br\/portal\/wp-content\/uploads\/2024\/10\/Medicos-gramado.jpg 1286w\" sizes=\"(max-width: 1024px) 100vw, 1024px\" \/><\/p><p>\u00a0<\/p><\/div>\n\t\t\t\t<\/div>\n\t\t\t\t\t\t\t\t<\/div>\n\t\t\t\t\t\t<\/div>\n\t\t\t\t<\/div>\n\t\t\t\t\t<\/div>\n\t\t<\/div>\n\t\t\t\t\t<\/div>\n\t\t<\/section>\n\t\t\t\t<\/div>\n\t\t","protected":false},"excerpt":{"rendered":"<p>PLANEJAMENTO E RELAT\u00d3RIO DE GEST\u00c3O EM SA\u00daDE Plano Municipal de Sa\u00fade. Relat\u00f3rio Anual de Gest\u00e3o &#8211; RAG Resolu\u00e7\u00e3o que aprova [&hellip;]<\/p>\n","protected":false},"author":2,"featured_media":0,"parent":0,"menu_order":0,"comment_status":"closed","ping_status":"closed","template":"","meta":{"_eb_attr":"","site-sidebar-layout":"default","site-content-layout":"","ast-site-content-layout":"default","site-content-style":"default","site-sidebar-style":"default","ast-global-header-display":"","ast-banner-title-visibility":"","ast-main-header-display":"","ast-hfb-above-header-display":"","ast-hfb-below-header-display":"","ast-hfb-mobile-header-display":"","site-post-title":"","ast-breadcrumbs-content":"","ast-featured-img":"","footer-sml-layout":"","theme-transparent-header-meta":"","adv-header-id-meta":"","stick-header-meta":"","header-above-stick-meta":"","header-main-stick-meta":"","header-below-stick-meta":"","astra-migrate-meta-layouts":"default","ast-page-background-enabled":"default","ast-page-background-meta":{"desktop":{"background-color":"var(--ast-global-color-4)","background-image":"","background-repeat":"repeat","background-position":"center center","background-size":"auto","background-attachment":"scroll","background-type":"","background-media":"","overlay-type":"","overlay-color":"","overlay-opacity":"","overlay-gradient":""},"tablet":{"background-color":"","background-image":"","background-repeat":"repeat","background-position":"center center","background-size":"auto","background-attachment":"scroll","background-type":"","background-media":"","overlay-type":"","overlay-color":"","overlay-opacity":"","overlay-gradient":""},"mobile":{"background-color":"","background-image":"","background-repeat":"repeat","background-position":"center center","background-size":"auto","background-attachment":"scroll","background-type":"","background-media":"","overlay-type":"","overlay-color":"","overlay-opacity":"","overlay-gradient":""}},"ast-content-background-meta":{"desktop":{"background-color":"var(--ast-global-color-5)","background-image":"","background-repeat":"repeat","background-position":"center center","background-size":"auto","background-attachment":"scroll","background-type":"","background-media":"","overlay-type":"","overlay-color":"","overlay-opacity":"","overlay-gradient":""},"tablet":{"background-color":"var(--ast-global-color-5)","background-image":"","background-repeat":"repeat","background-position":"center center","background-size":"auto","background-attachment":"scroll","background-type":"","background-media":"","overlay-type":"","overlay-color":"","overlay-opacity":"","overlay-gradient":""},"mobile":{"background-color":"var(--ast-global-color-5)","background-image":"","background-repeat":"repeat","background-position":"center center","background-size":"auto","background-attachment":"scroll","background-type":"","background-media":"","overlay-type":"","overlay-color":"","overlay-opacity":"","overlay-gradient":""}},"footnotes":""},"class_list":["post-14797","page","type-page","status-publish","hentry"],"_links":{"self":[{"href":"http:\/\/www.sobradinho.rs.gov.br\/portal\/index.php?rest_route=\/wp\/v2\/pages\/14797","targetHints":{"allow":["GET"]}}],"collection":[{"href":"http:\/\/www.sobradinho.rs.gov.br\/portal\/index.php?rest_route=\/wp\/v2\/pages"}],"about":[{"href":"http:\/\/www.sobradinho.rs.gov.br\/portal\/index.php?rest_route=\/wp\/v2\/types\/page"}],"author":[{"embeddable":true,"href":"http:\/\/www.sobradinho.rs.gov.br\/portal\/index.php?rest_route=\/wp\/v2\/users\/2"}],"replies":[{"embeddable":true,"href":"http:\/\/www.sobradinho.rs.gov.br\/portal\/index.php?rest_route=%2Fwp%2Fv2%2Fcomments&post=14797"}],"version-history":[{"count":31,"href":"http:\/\/www.sobradinho.rs.gov.br\/portal\/index.php?rest_route=\/wp\/v2\/pages\/14797\/revisions"}],"predecessor-version":[{"id":17601,"href":"http:\/\/www.sobradinho.rs.gov.br\/portal\/index.php?rest_route=\/wp\/v2\/pages\/14797\/revisions\/17601"}],"wp:attachment":[{"href":"http:\/\/www.sobradinho.rs.gov.br\/portal\/index.php?rest_route=%2Fwp%2Fv2%2Fmedia&parent=14797"}],"curies":[{"name":"wp","href":"https:\/\/api.w.org\/{rel}","templated":true}]}}