{"id":16332,"date":"2024-03-06T16:02:31","date_gmt":"2024-03-06T19:02:31","guid":{"rendered":"http:\/\/www.sobradinho.rs.gov.br\/portal\/?page_id=16332"},"modified":"2024-03-06T16:03:58","modified_gmt":"2024-03-06T19:03:58","slug":"unidades-e-setores-vinculados-a-saude","status":"publish","type":"page","link":"http:\/\/www.sobradinho.rs.gov.br\/portal\/?page_id=16332","title":{"rendered":"Unidades e Setores Vinculados \u00e0 Sa\u00fade"},"content":{"rendered":"\t\t<div data-elementor-type=\"wp-page\" data-elementor-id=\"16332\" class=\"elementor elementor-16332\" data-elementor-settings=\"{&quot;ha_cmc_init_switcher&quot;:&quot;no&quot;}\" data-elementor-post-type=\"page\">\n\t\t\t\t\t\t<section class=\"elementor-section elementor-top-section elementor-element elementor-element-4ec2578 elementor-section-boxed elementor-section-height-default elementor-section-height-default\" data-id=\"4ec2578\" data-element_type=\"section\" data-settings=\"{&quot;_ha_eqh_enable&quot;:false}\">\n\t\t\t\t\t\t<div class=\"elementor-container elementor-column-gap-default\">\n\t\t\t\t\t<div class=\"elementor-column elementor-col-100 elementor-top-column elementor-element elementor-element-d46034d\" data-id=\"d46034d\" data-element_type=\"column\">\n\t\t\t<div class=\"elementor-widget-wrap elementor-element-populated\">\n\t\t\t\t\t\t<div class=\"elementor-element elementor-element-406174f elementor-widget elementor-widget-text-editor\" data-id=\"406174f\" data-element_type=\"widget\" data-widget_type=\"text-editor.default\">\n\t\t\t\t<div class=\"elementor-widget-container\">\n\t\t\t\t\t\t\t\t\t<p><strong>Departamentos e Setores Vinculados:<\/strong><\/p><p>\u00a0<\/p><p><strong>Unidade: Posto de Sa\u00fade Central<\/strong><\/p><p><strong>E-mail:<\/strong> <a href=\"mailto:postocentralsho@sobradinho-rs.com.br\">postocentralsho@sobradinho-rs.com.br<\/a><\/p><p><strong>Enfermeira Respons\u00e1vel:<\/strong> MARILIA JUDITH SEGATTO<\/p><p><strong>Endere\u00e7o:<\/strong> Rua Jo\u00e3o Alfredo, s\/n, Bairro Centro, Sobradinho- RS.<\/p><p><strong>Telefone:<\/strong> (51) 3742-1178<\/p><p><strong>Hor\u00e1rio de atendimento:<\/strong> 7h 30 min \u00e0s 11h30 min- 13h00 min \u00e0s 17h00min<\/p><p>\u00a0<\/p><p><strong>Unidade: ESF 1<\/strong><\/p><p><strong>E-mail:<\/strong> <a href=\"mailto:fuxasegatto@gmail.com\">fuxasegatto@gmail.com<\/a><\/p><p><strong>Enfermeira Respons\u00e1vel:<\/strong> AMANDA NUNES DA ROSA\u00a0<\/p><p><strong>M\u00e9dicos:<\/strong> ERICO SOUSA CAMILO<\/p><p><strong>Endere\u00e7o:<\/strong> RUA: AR\u00c3O RODRIGUES DE SOUZA, N\u00ba 35, BAIRRO COPETTI<\/p><p><strong>Telefone:<\/strong> (51) 3742-2611<\/p><p><strong>Hor\u00e1rio de atendimento:<\/strong> 7h 30 min \u00e0s 11h30 min- 13h00 min \u00e0s 17h00min<\/p><p>\u00a0<\/p><p>\u00a0<\/p><p><strong>Unidade: ESF 2<\/strong><\/p><p><strong>E-mail:<\/strong> <a href=\"mailto:esfbaixada@hotmail.com\">esfbaixada@hotmail.com<\/a><\/p><p><strong>Enfermeira Respons\u00e1vel:<\/strong> MAR\u00cdLIA BINOTTO<\/p><p><strong>M\u00e9dico: <\/strong>ALEJANDRO SANTANA LOPEZ<\/p><p><strong>Endere\u00e7o:<\/strong> RUA\u00a0 FREDERICO MUNDSTOK, N\u00ba 117, BAIRRO BAIXADA<\/p><p><strong>Telefone:<\/strong> (51) 3742-3399<\/p><p><strong>Hor\u00e1rio de atendimento:<\/strong> 7h 30 min \u00e0s 11h30 min- 13h00 min \u00e0s 17h00min<\/p><p>\u00a0<\/p><p><strong>Unidade: ESF 3<\/strong><\/p><p><strong>E-mail:<\/strong> <a href=\"mailto:psfriobranco@hotmail.com\">psfriobranco@hotmail.com<\/a><\/p><p><strong>Enfermeira Respons\u00e1vel:<\/strong> VANESSA MAIA DE OLIVEIRA<\/p><p><strong>M\u00e9dicos:<\/strong> HOMERO DE LIMA MENEZES<\/p><p><strong>Endere\u00e7o:<\/strong> RUA<\/p><p><strong>Telefone:<\/strong> (51) 3742-3576<\/p><p><strong>Hor\u00e1rio de atendimento:<\/strong> 7h 30 min \u00e0s 11h30 min- 13h00 min \u00e0s 17h00min<\/p><p>\u00a0<\/p><p><strong>Unidade: ESF 4<br \/><\/strong><\/p><p><strong>E-mail:<\/strong> <a href=\"mailto:saude@sobradinho-rs.com.br\">saude@sobradinho-rs.com.br<\/a><\/p><p><strong>Enfermeira Respons\u00e1vel:<\/strong> CAMILA WAGNER LAGO<\/p><p><strong>M\u00e9dicos:<\/strong> ALVARO RIVERO TEIXEIRA E GILSON DIESEL SEBASTIANY<\/p><p><strong>Endere\u00e7o:<\/strong> RUA PEDRO ALVARES CABRAL S\/N CENTRO<\/p><p><strong>Telefone:<\/strong> (51) 3742- 2151<\/p><p><strong>Hor\u00e1rio de atendimento:<\/strong> 7h 30 min \u00e0s 11h30 min- 13h00 min \u00e0s 17h00min<\/p><p>\u00a0<\/p><p><strong>Unidade: Posto de Sa\u00fade Gramado<\/strong><\/p><p><strong>E-mail:<\/strong> <a href=\"mailto:postogramado@hotmail.com\">postogramado@hotmail.com<\/a><\/p><p><strong>Enfermeira Respons\u00e1vel<\/strong>: JANAINA DIESEL SEBASTIANY<\/p><p><strong>M\u00e9dico:<\/strong> FERNANDO SEITENFUS<\/p><p><strong>Endere\u00e7o:<\/strong> VILA GRAMADO INTERIOR<\/p><p><strong>Telefone:<\/strong> (51) 96993133<\/p><p><strong>Hor\u00e1rio de atendimento:<\/strong> 7h 30 min \u00e0s 11h30 min- 13h00 min \u00e0s 17h00mi<\/p><p>n<\/p><p>\u00a0<\/p>\t\t\t\t\t\t\t\t<\/div>\n\t\t\t\t<\/div>\n\t\t\t\t\t<\/div>\n\t\t<\/div>\n\t\t\t\t\t<\/div>\n\t\t<\/section>\n\t\t\t\t<\/div>\n\t\t","protected":false},"excerpt":{"rendered":"<p>Departamentos e Setores Vinculados: \u00a0 Unidade: Posto de Sa\u00fade Central E-mail: postocentralsho@sobradinho-rs.com.br Enfermeira Respons\u00e1vel: MARILIA JUDITH SEGATTO Endere\u00e7o: Rua Jo\u00e3o [&hellip;]<\/p>\n","protected":false},"author":2,"featured_media":0,"parent":0,"menu_order":0,"comment_status":"closed","ping_status":"closed","template":"","meta":{"_eb_attr":"","site-sidebar-layout":"no-sidebar","site-content-layout":"","ast-site-content-layout":"full-width-container","site-content-style":"default","site-sidebar-style":"default","ast-global-header-display":"","ast-banner-title-visibility":"","ast-main-header-display":"","ast-hfb-above-header-display":"","ast-hfb-below-header-display":"","ast-hfb-mobile-header-display":"","site-post-title":"disabled","ast-breadcrumbs-content":"","ast-featured-img":"disabled","footer-sml-layout":"","theme-transparent-header-meta":"","adv-header-id-meta":"","stick-header-meta":"","header-above-stick-meta":"","header-main-stick-meta":"","header-below-stick-meta":"","astra-migrate-meta-layouts":"default","ast-page-background-enabled":"default","ast-page-background-meta":{"desktop":{"background-color":"var(--ast-global-color-4)","background-image":"","background-repeat":"repeat","background-position":"center center","background-size":"auto","background-attachment":"scroll","background-type":"","background-media":"","overlay-type":"","overlay-color":"","overlay-opacity":"","overlay-gradient":""},"tablet":{"background-color":"","background-image":"","background-repeat":"repeat","background-position":"center center","background-size":"auto","background-attachment":"scroll","background-type":"","background-media":"","overlay-type":"","overlay-color":"","overlay-opacity":"","overlay-gradient":""},"mobile":{"background-color":"","background-image":"","background-repeat":"repeat","background-position":"center center","background-size":"auto","background-attachment":"scroll","background-type":"","background-media":"","overlay-type":"","overlay-color":"","overlay-opacity":"","overlay-gradient":""}},"ast-content-background-meta":{"desktop":{"background-color":"var(--ast-global-color-5)","background-image":"","background-repeat":"repeat","background-position":"center center","background-size":"auto","background-attachment":"scroll","background-type":"","background-media":"","overlay-type":"","overlay-color":"","overlay-opacity":"","overlay-gradient":""},"tablet":{"background-color":"var(--ast-global-color-5)","background-image":"","background-repeat":"repeat","background-position":"center center","background-size":"auto","background-attachment":"scroll","background-type":"","background-media":"","overlay-type":"","overlay-color":"","overlay-opacity":"","overlay-gradient":""},"mobile":{"background-color":"var(--ast-global-color-5)","background-image":"","background-repeat":"repeat","background-position":"center center","background-size":"auto","background-attachment":"scroll","background-type":"","background-media":"","overlay-type":"","overlay-color":"","overlay-opacity":"","overlay-gradient":""}},"footnotes":""},"class_list":["post-16332","page","type-page","status-publish","hentry"],"_links":{"self":[{"href":"http:\/\/www.sobradinho.rs.gov.br\/portal\/index.php?rest_route=\/wp\/v2\/pages\/16332","targetHints":{"allow":["GET"]}}],"collection":[{"href":"http:\/\/www.sobradinho.rs.gov.br\/portal\/index.php?rest_route=\/wp\/v2\/pages"}],"about":[{"href":"http:\/\/www.sobradinho.rs.gov.br\/portal\/index.php?rest_route=\/wp\/v2\/types\/page"}],"author":[{"embeddable":true,"href":"http:\/\/www.sobradinho.rs.gov.br\/portal\/index.php?rest_route=\/wp\/v2\/users\/2"}],"replies":[{"embeddable":true,"href":"http:\/\/www.sobradinho.rs.gov.br\/portal\/index.php?rest_route=%2Fwp%2Fv2%2Fcomments&post=16332"}],"version-history":[{"count":7,"href":"http:\/\/www.sobradinho.rs.gov.br\/portal\/index.php?rest_route=\/wp\/v2\/pages\/16332\/revisions"}],"predecessor-version":[{"id":16339,"href":"http:\/\/www.sobradinho.rs.gov.br\/portal\/index.php?rest_route=\/wp\/v2\/pages\/16332\/revisions\/16339"}],"wp:attachment":[{"href":"http:\/\/www.sobradinho.rs.gov.br\/portal\/index.php?rest_route=%2Fwp%2Fv2%2Fmedia&parent=16332"}],"curies":[{"name":"wp","href":"https:\/\/api.w.org\/{rel}","templated":true}]}}