{"id":16346,"date":"2024-03-06T16:07:04","date_gmt":"2024-03-06T19:07:04","guid":{"rendered":"http:\/\/www.sobradinho.rs.gov.br\/portal\/?page_id=16346"},"modified":"2024-03-06T16:24:42","modified_gmt":"2024-03-06T19:24:42","slug":"covid-19","status":"publish","type":"page","link":"http:\/\/www.sobradinho.rs.gov.br\/portal\/?page_id=16346","title":{"rendered":"COVID-19"},"content":{"rendered":"\t\t<div data-elementor-type=\"wp-page\" data-elementor-id=\"16346\" class=\"elementor elementor-16346\" data-elementor-settings=\"{&quot;ha_cmc_init_switcher&quot;:&quot;no&quot;}\" data-elementor-post-type=\"page\">\n\t\t\t\t\t\t<section class=\"elementor-section elementor-top-section elementor-element elementor-element-d0ef74d elementor-section-boxed elementor-section-height-default elementor-section-height-default\" data-id=\"d0ef74d\" data-element_type=\"section\" data-settings=\"{&quot;_ha_eqh_enable&quot;:false}\">\n\t\t\t\t\t\t<div class=\"elementor-container elementor-column-gap-default\">\n\t\t\t\t\t<div class=\"elementor-column elementor-col-20 elementor-top-column elementor-element elementor-element-94cc7a2\" data-id=\"94cc7a2\" data-element_type=\"column\">\n\t\t\t<div class=\"elementor-widget-wrap elementor-element-populated\">\n\t\t\t\t\t\t<div class=\"elementor-element elementor-element-5487ea4 elementor-position-top elementor-widget__width-initial elementor-view-default elementor-mobile-position-top ha-has-bg-overlay elementor-widget elementor-widget-icon-box\" data-id=\"5487ea4\" data-element_type=\"widget\" data-widget_type=\"icon-box.default\">\n\t\t\t\t<div class=\"elementor-widget-container\">\n\t\t\t\t\t\t\t<div class=\"elementor-icon-box-wrapper\">\n\n\t\t\t\t\t\t<div class=\"elementor-icon-box-icon\">\n\t\t\t\t<a href=\"http:\/\/www.sobradinho.rs.gov.br\/portal\/?page_id=10707\" class=\"elementor-icon\" tabindex=\"-1\" aria-label=\"PLANO DE A\u00c7\u00c3O MUNICIPAL DE VACINA\u00c7\u00c3O\">\n\t\t\t\t<i aria-hidden=\"true\" class=\"fas fa-syringe\"><\/i>\t\t\t\t<\/a>\n\t\t\t<\/div>\n\t\t\t\n\t\t\t\t\t\t<div class=\"elementor-icon-box-content\">\n\n\t\t\t\t\t\t\t\t\t<h5 class=\"elementor-icon-box-title\">\n\t\t\t\t\t\t<a href=\"http:\/\/www.sobradinho.rs.gov.br\/portal\/?page_id=10707\" >\n\t\t\t\t\t\t\tPLANO DE A\u00c7\u00c3O MUNICIPAL DE VACINA\u00c7\u00c3O\t\t\t\t\t\t<\/a>\n\t\t\t\t\t<\/h5>\n\t\t\t\t\n\t\t\t\t\n\t\t\t<\/div>\n\t\t\t\n\t\t<\/div>\n\t\t\t\t\t\t<\/div>\n\t\t\t\t<\/div>\n\t\t\t\t\t<\/div>\n\t\t<\/div>\n\t\t\t\t<div class=\"elementor-column elementor-col-20 elementor-top-column elementor-element elementor-element-7565838\" data-id=\"7565838\" data-element_type=\"column\">\n\t\t\t<div class=\"elementor-widget-wrap elementor-element-populated\">\n\t\t\t\t\t\t<div class=\"elementor-element elementor-element-01b1133 elementor-position-top elementor-widget__width-initial elementor-view-default elementor-mobile-position-top ha-has-bg-overlay elementor-widget elementor-widget-icon-box\" data-id=\"01b1133\" data-element_type=\"widget\" data-widget_type=\"icon-box.default\">\n\t\t\t\t<div class=\"elementor-widget-container\">\n\t\t\t\t\t\t\t<div class=\"elementor-icon-box-wrapper\">\n\n\t\t\t\t\t\t<div class=\"elementor-icon-box-icon\">\n\t\t\t\t<a href=\"http:\/\/www.sobradinho.rs.gov.br\/portal\/?page_id=10741\" class=\"elementor-icon\" tabindex=\"-1\" aria-label=\"SEFURAN\u00c7A, EFIC\u00c1CIA, POTENCIAIS RISCOS E BENEF\u00cdCIOS\">\n\t\t\t\t<i aria-hidden=\"true\" class=\"fas fa-clipboard-list\"><\/i>\t\t\t\t<\/a>\n\t\t\t<\/div>\n\t\t\t\n\t\t\t\t\t\t<div class=\"elementor-icon-box-content\">\n\n\t\t\t\t\t\t\t\t\t<h5 class=\"elementor-icon-box-title\">\n\t\t\t\t\t\t<a href=\"http:\/\/www.sobradinho.rs.gov.br\/portal\/?page_id=10741\" >\n\t\t\t\t\t\t\tSEFURAN\u00c7A, EFIC\u00c1CIA, POTENCIAIS RISCOS E BENEF\u00cdCIOS\t\t\t\t\t\t<\/a>\n\t\t\t\t\t<\/h5>\n\t\t\t\t\n\t\t\t\t\n\t\t\t<\/div>\n\t\t\t\n\t\t<\/div>\n\t\t\t\t\t\t<\/div>\n\t\t\t\t<\/div>\n\t\t\t\t\t<\/div>\n\t\t<\/div>\n\t\t\t\t<div class=\"elementor-column elementor-col-20 elementor-top-column elementor-element elementor-element-c281b62\" data-id=\"c281b62\" data-element_type=\"column\">\n\t\t\t<div class=\"elementor-widget-wrap elementor-element-populated\">\n\t\t\t\t\t\t<div class=\"elementor-element elementor-element-ad67182 elementor-position-top elementor-widget__width-initial elementor-view-default elementor-mobile-position-top ha-has-bg-overlay elementor-widget elementor-widget-icon-box\" data-id=\"ad67182\" data-element_type=\"widget\" data-widget_type=\"icon-box.default\">\n\t\t\t\t<div class=\"elementor-widget-container\">\n\t\t\t\t\t\t\t<div class=\"elementor-icon-box-wrapper\">\n\n\t\t\t\t\t\t<div class=\"elementor-icon-box-icon\">\n\t\t\t\t<a href=\"http:\/\/www.sobradinho.rs.gov.br\/portal\/?page_id=10835\" class=\"elementor-icon\" tabindex=\"-1\" aria-label=\"HOR\u00c1RIOS E LOCAIS PARA A VACINA\u00c7\u00c3O\">\n\t\t\t\t<i aria-hidden=\"true\" class=\"fas fa-clock\"><\/i>\t\t\t\t<\/a>\n\t\t\t<\/div>\n\t\t\t\n\t\t\t\t\t\t<div class=\"elementor-icon-box-content\">\n\n\t\t\t\t\t\t\t\t\t<h5 class=\"elementor-icon-box-title\">\n\t\t\t\t\t\t<a href=\"http:\/\/www.sobradinho.rs.gov.br\/portal\/?page_id=10835\" >\n\t\t\t\t\t\t\tHOR\u00c1RIOS E LOCAIS PARA A VACINA\u00c7\u00c3O\t\t\t\t\t\t<\/a>\n\t\t\t\t\t<\/h5>\n\t\t\t\t\n\t\t\t\t\n\t\t\t<\/div>\n\t\t\t\n\t\t<\/div>\n\t\t\t\t\t\t<\/div>\n\t\t\t\t<\/div>\n\t\t\t\t\t<\/div>\n\t\t<\/div>\n\t\t\t\t<div class=\"elementor-column elementor-col-20 elementor-top-column elementor-element elementor-element-a470128\" data-id=\"a470128\" data-element_type=\"column\">\n\t\t\t<div class=\"elementor-widget-wrap elementor-element-populated\">\n\t\t\t\t\t\t<div class=\"elementor-element elementor-element-d4a48be elementor-position-top elementor-widget__width-initial elementor-view-default elementor-mobile-position-top ha-has-bg-overlay elementor-widget elementor-widget-icon-box\" data-id=\"d4a48be\" data-element_type=\"widget\" data-widget_type=\"icon-box.default\">\n\t\t\t\t<div class=\"elementor-widget-container\">\n\t\t\t\t\t\t\t<div class=\"elementor-icon-box-wrapper\">\n\n\t\t\t\t\t\t<div class=\"elementor-icon-box-icon\">\n\t\t\t\t<a href=\"http:\/\/www.sobradinho.rs.gov.br\/portal\/?page_id=10419\" class=\"elementor-icon\" tabindex=\"-1\" aria-label=\"ORDEM DOS GRUPOS PRIORIT\u00c1RIOS COM QUANTITATIVOS DE  PESSOAS\">\n\t\t\t\t<i aria-hidden=\"true\" class=\"fas fa-user-friends\"><\/i>\t\t\t\t<\/a>\n\t\t\t<\/div>\n\t\t\t\n\t\t\t\t\t\t<div class=\"elementor-icon-box-content\">\n\n\t\t\t\t\t\t\t\t\t<h5 class=\"elementor-icon-box-title\">\n\t\t\t\t\t\t<a href=\"http:\/\/www.sobradinho.rs.gov.br\/portal\/?page_id=10419\" >\n\t\t\t\t\t\t\tORDEM DOS GRUPOS PRIORIT\u00c1RIOS COM QUANTITATIVOS DE  PESSOAS\t\t\t\t\t\t<\/a>\n\t\t\t\t\t<\/h5>\n\t\t\t\t\n\t\t\t\t\n\t\t\t<\/div>\n\t\t\t\n\t\t<\/div>\n\t\t\t\t\t\t<\/div>\n\t\t\t\t<\/div>\n\t\t\t\t\t<\/div>\n\t\t<\/div>\n\t\t\t\t<div class=\"elementor-column elementor-col-20 elementor-top-column elementor-element elementor-element-147cd84\" data-id=\"147cd84\" data-element_type=\"column\">\n\t\t\t<div class=\"elementor-widget-wrap elementor-element-populated\">\n\t\t\t\t\t\t<div class=\"elementor-element elementor-element-9dcf2a2 elementor-position-top elementor-widget__width-initial elementor-view-default elementor-mobile-position-top ha-has-bg-overlay elementor-widget elementor-widget-icon-box\" data-id=\"9dcf2a2\" data-element_type=\"widget\" data-widget_type=\"icon-box.default\">\n\t\t\t\t<div class=\"elementor-widget-container\">\n\t\t\t\t\t\t\t<div class=\"elementor-icon-box-wrapper\">\n\n\t\t\t\t\t\t<div class=\"elementor-icon-box-icon\">\n\t\t\t\t<a href=\"http:\/\/www.sobradinho.rs.gov.br\/portal\/?page_id=10752\" class=\"elementor-icon\" tabindex=\"-1\" aria-label=\"OUVIDORIA COVID-19\">\n\t\t\t\t<i aria-hidden=\"true\" class=\"fas fa-headphones\"><\/i>\t\t\t\t<\/a>\n\t\t\t<\/div>\n\t\t\t\n\t\t\t\t\t\t<div class=\"elementor-icon-box-content\">\n\n\t\t\t\t\t\t\t\t\t<h5 class=\"elementor-icon-box-title\">\n\t\t\t\t\t\t<a href=\"http:\/\/www.sobradinho.rs.gov.br\/portal\/?page_id=10752\" >\n\t\t\t\t\t\t\tOUVIDORIA COVID-19\t\t\t\t\t\t<\/a>\n\t\t\t\t\t<\/h5>\n\t\t\t\t\n\t\t\t\t\n\t\t\t<\/div>\n\t\t\t\n\t\t<\/div>\n\t\t\t\t\t\t<\/div>\n\t\t\t\t<\/div>\n\t\t\t\t\t<\/div>\n\t\t<\/div>\n\t\t\t\t\t<\/div>\n\t\t<\/section>\n\t\t\t\t<section class=\"elementor-section elementor-top-section elementor-element elementor-element-99fc783 elementor-section-boxed elementor-section-height-default elementor-section-height-default\" data-id=\"99fc783\" data-element_type=\"section\" data-settings=\"{&quot;_ha_eqh_enable&quot;:false}\">\n\t\t\t\t\t\t<div class=\"elementor-container elementor-column-gap-default\">\n\t\t\t\t\t<div class=\"elementor-column elementor-col-20 elementor-top-column elementor-element elementor-element-a38793d\" data-id=\"a38793d\" data-element_type=\"column\">\n\t\t\t<div class=\"elementor-widget-wrap elementor-element-populated\">\n\t\t\t\t\t\t<div class=\"elementor-element elementor-element-063d7e7 elementor-position-top elementor-widget__width-initial elementor-view-default elementor-mobile-position-top ha-has-bg-overlay elementor-widget elementor-widget-icon-box\" data-id=\"063d7e7\" data-element_type=\"widget\" data-widget_type=\"icon-box.default\">\n\t\t\t\t<div class=\"elementor-widget-container\">\n\t\t\t\t\t\t\t<div class=\"elementor-icon-box-wrapper\">\n\n\t\t\t\t\t\t<div class=\"elementor-icon-box-icon\">\n\t\t\t\t<a href=\"http:\/\/www.sobradinho.rs.gov.br\/portal\/?page_id=10832\" class=\"elementor-icon\" tabindex=\"-1\" aria-label=\"DOSES DE VACINAS RECEBIDAS\/ADQUIRIDAS\">\n\t\t\t\t<i aria-hidden=\"true\" class=\"fas fa-syringe\"><\/i>\t\t\t\t<\/a>\n\t\t\t<\/div>\n\t\t\t\n\t\t\t\t\t\t<div class=\"elementor-icon-box-content\">\n\n\t\t\t\t\t\t\t\t\t<h5 class=\"elementor-icon-box-title\">\n\t\t\t\t\t\t<a href=\"http:\/\/www.sobradinho.rs.gov.br\/portal\/?page_id=10832\" >\n\t\t\t\t\t\t\tDOSES DE VACINAS RECEBIDAS\/ADQUIRIDAS\t\t\t\t\t\t<\/a>\n\t\t\t\t\t<\/h5>\n\t\t\t\t\n\t\t\t\t\n\t\t\t<\/div>\n\t\t\t\n\t\t<\/div>\n\t\t\t\t\t\t<\/div>\n\t\t\t\t<\/div>\n\t\t\t\t\t<\/div>\n\t\t<\/div>\n\t\t\t\t<div class=\"elementor-column elementor-col-20 elementor-top-column elementor-element elementor-element-76f6d5a\" data-id=\"76f6d5a\" data-element_type=\"column\">\n\t\t\t<div class=\"elementor-widget-wrap elementor-element-populated\">\n\t\t\t\t\t\t<div class=\"elementor-element elementor-element-18d7c2d elementor-position-top elementor-widget__width-initial elementor-view-default elementor-mobile-position-top ha-has-bg-overlay elementor-widget elementor-widget-icon-box\" data-id=\"18d7c2d\" data-element_type=\"widget\" data-widget_type=\"icon-box.default\">\n\t\t\t\t<div class=\"elementor-widget-container\">\n\t\t\t\t\t\t\t<div class=\"elementor-icon-box-wrapper\">\n\n\t\t\t\t\t\t<div class=\"elementor-icon-box-icon\">\n\t\t\t\t<a href=\"http:\/\/www.sobradinho.rs.gov.br\/portal\/?page_id=10841\" class=\"elementor-icon\" tabindex=\"-1\" aria-label=\"PAINEL DE VACINAS COVID-19\">\n\t\t\t\t<i aria-hidden=\"true\" class=\"fas fa-syringe\"><\/i>\t\t\t\t<\/a>\n\t\t\t<\/div>\n\t\t\t\n\t\t\t\t\t\t<div class=\"elementor-icon-box-content\">\n\n\t\t\t\t\t\t\t\t\t<h5 class=\"elementor-icon-box-title\">\n\t\t\t\t\t\t<a href=\"http:\/\/www.sobradinho.rs.gov.br\/portal\/?page_id=10841\" >\n\t\t\t\t\t\t\tPAINEL DE VACINAS COVID-19\t\t\t\t\t\t<\/a>\n\t\t\t\t\t<\/h5>\n\t\t\t\t\n\t\t\t\t\n\t\t\t<\/div>\n\t\t\t\n\t\t<\/div>\n\t\t\t\t\t\t<\/div>\n\t\t\t\t<\/div>\n\t\t\t\t\t<\/div>\n\t\t<\/div>\n\t\t\t\t<div class=\"elementor-column elementor-col-20 elementor-top-column elementor-element elementor-element-a0e1fb9\" data-id=\"a0e1fb9\" data-element_type=\"column\">\n\t\t\t<div class=\"elementor-widget-wrap elementor-element-populated\">\n\t\t\t\t\t\t<div class=\"elementor-element elementor-element-2d238f2 elementor-position-top elementor-widget__width-initial elementor-view-default elementor-mobile-position-top ha-has-bg-overlay elementor-widget elementor-widget-icon-box\" data-id=\"2d238f2\" data-element_type=\"widget\" data-widget_type=\"icon-box.default\">\n\t\t\t\t<div class=\"elementor-widget-container\">\n\t\t\t\t\t\t\t<div class=\"elementor-icon-box-wrapper\">\n\n\t\t\t\t\t\t<div class=\"elementor-icon-box-icon\">\n\t\t\t\t<a href=\"http:\/\/www.sobradinho.rs.gov.br\/portal\/?page_id=10763\" class=\"elementor-icon\" tabindex=\"-1\" aria-label=\"TRANSPAR\u00caNCIA COVID-19\">\n\t\t\t\t<i aria-hidden=\"true\" class=\"far fa-handshake\"><\/i>\t\t\t\t<\/a>\n\t\t\t<\/div>\n\t\t\t\n\t\t\t\t\t\t<div class=\"elementor-icon-box-content\">\n\n\t\t\t\t\t\t\t\t\t<h5 class=\"elementor-icon-box-title\">\n\t\t\t\t\t\t<a href=\"http:\/\/www.sobradinho.rs.gov.br\/portal\/?page_id=10763\" >\n\t\t\t\t\t\t\tTRANSPAR\u00caNCIA COVID-19\t\t\t\t\t\t<\/a>\n\t\t\t\t\t<\/h5>\n\t\t\t\t\n\t\t\t\t\n\t\t\t<\/div>\n\t\t\t\n\t\t<\/div>\n\t\t\t\t\t\t<\/div>\n\t\t\t\t<\/div>\n\t\t\t\t\t<\/div>\n\t\t<\/div>\n\t\t\t\t<div class=\"elementor-column elementor-col-20 elementor-top-column elementor-element elementor-element-3a66a56\" data-id=\"3a66a56\" data-element_type=\"column\">\n\t\t\t<div class=\"elementor-widget-wrap elementor-element-populated\">\n\t\t\t\t\t\t<div class=\"elementor-element elementor-element-2b65f27 elementor-position-top elementor-widget__width-initial elementor-view-default elementor-mobile-position-top ha-has-bg-overlay elementor-widget elementor-widget-icon-box\" data-id=\"2b65f27\" data-element_type=\"widget\" data-widget_type=\"icon-box.default\">\n\t\t\t\t<div class=\"elementor-widget-container\">\n\t\t\t\t\t\t\t<div class=\"elementor-icon-box-wrapper\">\n\n\t\t\t\t\t\t<div class=\"elementor-icon-box-icon\">\n\t\t\t\t<a href=\"http:\/\/www.sobradinho.rs.gov.br\/portal\/?page_id=10768\" class=\"elementor-icon\" tabindex=\"-1\" aria-label=\"SOBRE O V\u00cdRUS\">\n\t\t\t\t<i aria-hidden=\"true\" class=\"fas fa-viruses\"><\/i>\t\t\t\t<\/a>\n\t\t\t<\/div>\n\t\t\t\n\t\t\t\t\t\t<div class=\"elementor-icon-box-content\">\n\n\t\t\t\t\t\t\t\t\t<h5 class=\"elementor-icon-box-title\">\n\t\t\t\t\t\t<a href=\"http:\/\/www.sobradinho.rs.gov.br\/portal\/?page_id=10768\" >\n\t\t\t\t\t\t\tSOBRE O V\u00cdRUS\t\t\t\t\t\t<\/a>\n\t\t\t\t\t<\/h5>\n\t\t\t\t\n\t\t\t\t\n\t\t\t<\/div>\n\t\t\t\n\t\t<\/div>\n\t\t\t\t\t\t<\/div>\n\t\t\t\t<\/div>\n\t\t\t\t\t<\/div>\n\t\t<\/div>\n\t\t\t\t<div class=\"elementor-column elementor-col-20 elementor-top-column elementor-element elementor-element-26b3426\" data-id=\"26b3426\" data-element_type=\"column\">\n\t\t\t<div class=\"elementor-widget-wrap elementor-element-populated\">\n\t\t\t\t\t\t<div class=\"elementor-element elementor-element-da176da elementor-position-top elementor-widget__width-initial elementor-view-default elementor-mobile-position-top ha-has-bg-overlay elementor-widget elementor-widget-icon-box\" data-id=\"da176da\" data-element_type=\"widget\" data-widget_type=\"icon-box.default\">\n\t\t\t\t<div class=\"elementor-widget-container\">\n\t\t\t\t\t\t\t<div class=\"elementor-icon-box-wrapper\">\n\n\t\t\t\t\t\t<div class=\"elementor-icon-box-icon\">\n\t\t\t\t<a href=\"http:\/\/www.sobradinho.rs.gov.br\/portal\/?page_id=10803\" class=\"elementor-icon\" tabindex=\"-1\" aria-label=\"REGISTRO DE SOBRAS DE VACINAS\">\n\t\t\t\t<i aria-hidden=\"true\" class=\"fas fa-syringe\"><\/i>\t\t\t\t<\/a>\n\t\t\t<\/div>\n\t\t\t\n\t\t\t\t\t\t<div class=\"elementor-icon-box-content\">\n\n\t\t\t\t\t\t\t\t\t<h5 class=\"elementor-icon-box-title\">\n\t\t\t\t\t\t<a href=\"http:\/\/www.sobradinho.rs.gov.br\/portal\/?page_id=10803\" >\n\t\t\t\t\t\t\tREGISTRO DE SOBRAS DE VACINAS\t\t\t\t\t\t<\/a>\n\t\t\t\t\t<\/h5>\n\t\t\t\t\n\t\t\t\t\n\t\t\t<\/div>\n\t\t\t\n\t\t<\/div>\n\t\t\t\t\t\t<\/div>\n\t\t\t\t<\/div>\n\t\t\t\t\t<\/div>\n\t\t<\/div>\n\t\t\t\t\t<\/div>\n\t\t<\/section>\n\t\t\t\t<\/div>\n\t\t","protected":false},"excerpt":{"rendered":"<p>PLANO DE A\u00c7\u00c3O MUNICIPAL DE VACINA\u00c7\u00c3O SEFURAN\u00c7A, EFIC\u00c1CIA, POTENCIAIS RISCOS E BENEF\u00cdCIOS HOR\u00c1RIOS E LOCAIS PARA A VACINA\u00c7\u00c3O ORDEM DOS [&hellip;]<\/p>\n","protected":false},"author":2,"featured_media":0,"parent":0,"menu_order":0,"comment_status":"closed","ping_status":"closed","template":"","meta":{"_eb_attr":"","site-sidebar-layout":"no-sidebar","site-content-layout":"","ast-site-content-layout":"full-width-container","site-content-style":"default","site-sidebar-style":"default","ast-global-header-display":"","ast-banner-title-visibility":"","ast-main-header-display":"","ast-hfb-above-header-display":"","ast-hfb-below-header-display":"","ast-hfb-mobile-header-display":"","site-post-title":"disabled","ast-breadcrumbs-content":"","ast-featured-img":"disabled","footer-sml-layout":"","theme-transparent-header-meta":"","adv-header-id-meta":"","stick-header-meta":"","header-above-stick-meta":"","header-main-stick-meta":"","header-below-stick-meta":"","astra-migrate-meta-layouts":"default","ast-page-background-enabled":"default","ast-page-background-meta":{"desktop":{"background-color":"var(--ast-global-color-4)","background-image":"","background-repeat":"repeat","background-position":"center center","background-size":"auto","background-attachment":"scroll","background-type":"","background-media":"","overlay-type":"","overlay-color":"","overlay-opacity":"","overlay-gradient":""},"tablet":{"background-color":"","background-image":"","background-repeat":"repeat","background-position":"center center","background-size":"auto","background-attachment":"scroll","background-type":"","background-media":"","overlay-type":"","overlay-color":"","overlay-opacity":"","overlay-gradient":""},"mobile":{"background-color":"","background-image":"","background-repeat":"repeat","background-position":"center center","background-size":"auto","background-attachment":"scroll","background-type":"","background-media":"","overlay-type":"","overlay-color":"","overlay-opacity":"","overlay-gradient":""}},"ast-content-background-meta":{"desktop":{"background-color":"var(--ast-global-color-5)","background-image":"","background-repeat":"repeat","background-position":"center center","background-size":"auto","background-attachment":"scroll","background-type":"","background-media":"","overlay-type":"","overlay-color":"","overlay-opacity":"","overlay-gradient":""},"tablet":{"background-color":"var(--ast-global-color-5)","background-image":"","background-repeat":"repeat","background-position":"center center","background-size":"auto","background-attachment":"scroll","background-type":"","background-media":"","overlay-type":"","overlay-color":"","overlay-opacity":"","overlay-gradient":""},"mobile":{"background-color":"var(--ast-global-color-5)","background-image":"","background-repeat":"repeat","background-position":"center center","background-size":"auto","background-attachment":"scroll","background-type":"","background-media":"","overlay-type":"","overlay-color":"","overlay-opacity":"","overlay-gradient":""}},"footnotes":""},"class_list":["post-16346","page","type-page","status-publish","hentry"],"_links":{"self":[{"href":"http:\/\/www.sobradinho.rs.gov.br\/portal\/index.php?rest_route=\/wp\/v2\/pages\/16346","targetHints":{"allow":["GET"]}}],"collection":[{"href":"http:\/\/www.sobradinho.rs.gov.br\/portal\/index.php?rest_route=\/wp\/v2\/pages"}],"about":[{"href":"http:\/\/www.sobradinho.rs.gov.br\/portal\/index.php?rest_route=\/wp\/v2\/types\/page"}],"author":[{"embeddable":true,"href":"http:\/\/www.sobradinho.rs.gov.br\/portal\/index.php?rest_route=\/wp\/v2\/users\/2"}],"replies":[{"embeddable":true,"href":"http:\/\/www.sobradinho.rs.gov.br\/portal\/index.php?rest_route=%2Fwp%2Fv2%2Fcomments&post=16346"}],"version-history":[{"count":25,"href":"http:\/\/www.sobradinho.rs.gov.br\/portal\/index.php?rest_route=\/wp\/v2\/pages\/16346\/revisions"}],"predecessor-version":[{"id":16373,"href":"http:\/\/www.sobradinho.rs.gov.br\/portal\/index.php?rest_route=\/wp\/v2\/pages\/16346\/revisions\/16373"}],"wp:attachment":[{"href":"http:\/\/www.sobradinho.rs.gov.br\/portal\/index.php?rest_route=%2Fwp%2Fv2%2Fmedia&parent=16346"}],"curies":[{"name":"wp","href":"https:\/\/api.w.org\/{rel}","templated":true}]}}