{"id":16472,"date":"2024-03-11T13:25:24","date_gmt":"2024-03-11T16:25:24","guid":{"rendered":"http:\/\/www.sobradinho.rs.gov.br\/portal\/?page_id=16472"},"modified":"2024-03-11T13:25:43","modified_gmt":"2024-03-11T16:25:43","slug":"pontos-turisticos","status":"publish","type":"page","link":"http:\/\/www.sobradinho.rs.gov.br\/portal\/?page_id=16472","title":{"rendered":"Pontos Tur\u00edsticos"},"content":{"rendered":"\t\t<div data-elementor-type=\"wp-page\" data-elementor-id=\"16472\" class=\"elementor elementor-16472\" data-elementor-settings=\"{&quot;ha_cmc_init_switcher&quot;:&quot;no&quot;}\" data-elementor-post-type=\"page\">\n\t\t\t\t\t\t<section class=\"elementor-section elementor-top-section elementor-element elementor-element-8a38831 elementor-section-boxed elementor-section-height-default elementor-section-height-default\" data-id=\"8a38831\" data-element_type=\"section\" data-settings=\"{&quot;_ha_eqh_enable&quot;:false}\">\n\t\t\t\t\t\t<div class=\"elementor-container elementor-column-gap-default\">\n\t\t\t\t\t<div class=\"elementor-column elementor-col-100 elementor-top-column elementor-element elementor-element-ce5c171\" data-id=\"ce5c171\" data-element_type=\"column\">\n\t\t\t<div class=\"elementor-widget-wrap elementor-element-populated\">\n\t\t\t\t\t\t<div class=\"elementor-element elementor-element-7c7ddbc elementor-widget elementor-widget-text-editor\" data-id=\"7c7ddbc\" data-element_type=\"widget\" data-widget_type=\"text-editor.default\">\n\t\t\t\t<div class=\"elementor-widget-container\">\n\t\t\t\t\t\t\t\t\t<h3><strong>Pontos Tur\u00edsticos:<\/strong><\/h3><ul><li>Balne\u00e1rio Lazzari &#8211; Curva do Rio<\/li><li>Cantina Granja do Sil\u00eancio<\/li><li>Recanto do Peixe<\/li><li>Capela Nossa Senhora da Medianeira<\/li><li>Casa da Cultura de Sobradinho<\/li><li>Casa dos Artes\u00f5es de Sobradinho<\/li><li>Cascata da Linha Tupi<\/li><li>Cascata da Linha Carijinho<\/li><li>Igreja Nossa Senhora dos Navegantes<\/li><li>Igreja Evang\u00e9lica de Confiss\u00e3o Luterana no Brasil<\/li><li>Museu Municipal de Sobradinho<\/li><li>Museu do Imigrante<\/li><li>Cantina Redin<\/li><li>Parque Municipal Marci Luiz Nardi (Parque da FEJ\u00c3O)<\/li><li>Pra\u00e7a 3 de Dezembro<\/li><li>Prefeitura Municipal de Sobradinho<\/li><li>Quiosque da Pra\u00e7a 3 de Dezembro<\/li><li>Rota dos Casar\u00f5es<\/li><li>Torre do \u201cLeoni nelle Piazze\u201d<\/li><li><em>Via Cr\u00facis <\/em>do Morro da Medianeira<\/li><\/ul><h3><strong>Fotos de Pontos tur\u00edsticos e culturais de Sobradinho:<\/strong><\/h3><p><img fetchpriority=\"high\" decoding=\"async\" class=\"alignnone size-medium wp-image-2631\" src=\"http:\/\/sobradinho.rs.gov.br\/portal\/wp-content\/uploads\/2019\/02\/Casa-da-Cultura-e-Coral-Municipal-300x199.jpg\" alt=\"\" width=\"300\" height=\"199\" srcset=\"http:\/\/www.sobradinho.rs.gov.br\/portal\/wp-content\/uploads\/2019\/02\/Casa-da-Cultura-e-Coral-Municipal-300x199.jpg 300w, http:\/\/www.sobradinho.rs.gov.br\/portal\/wp-content\/uploads\/2019\/02\/Casa-da-Cultura-e-Coral-Municipal-768x510.jpg 768w, http:\/\/www.sobradinho.rs.gov.br\/portal\/wp-content\/uploads\/2019\/02\/Casa-da-Cultura-e-Coral-Municipal-220x146.jpg 220w, http:\/\/www.sobradinho.rs.gov.br\/portal\/wp-content\/uploads\/2019\/02\/Casa-da-Cultura-e-Coral-Municipal-50x33.jpg 50w, http:\/\/www.sobradinho.rs.gov.br\/portal\/wp-content\/uploads\/2019\/02\/Casa-da-Cultura-e-Coral-Municipal-113x75.jpg 113w, http:\/\/www.sobradinho.rs.gov.br\/portal\/wp-content\/uploads\/2019\/02\/Casa-da-Cultura-e-Coral-Municipal.jpg 960w\" sizes=\"(max-width: 300px) 100vw, 300px\" \/><\/p><p>Casa da Cultura e Coral Municipal<\/p><p><img decoding=\"async\" class=\"alignnone size-medium wp-image-2632\" src=\"http:\/\/sobradinho.rs.gov.br\/portal\/wp-content\/uploads\/2019\/02\/Vista-a\u00e9rea-300x225.jpg\" alt=\"\" width=\"300\" height=\"225\" srcset=\"http:\/\/www.sobradinho.rs.gov.br\/portal\/wp-content\/uploads\/2019\/02\/Vista-a\u00e9rea-300x225.jpg 300w, http:\/\/www.sobradinho.rs.gov.br\/portal\/wp-content\/uploads\/2019\/02\/Vista-a\u00e9rea-768x576.jpg 768w, http:\/\/www.sobradinho.rs.gov.br\/portal\/wp-content\/uploads\/2019\/02\/Vista-a\u00e9rea-195x146.jpg 195w, http:\/\/www.sobradinho.rs.gov.br\/portal\/wp-content\/uploads\/2019\/02\/Vista-a\u00e9rea-50x38.jpg 50w, http:\/\/www.sobradinho.rs.gov.br\/portal\/wp-content\/uploads\/2019\/02\/Vista-a\u00e9rea-100x75.jpg 100w, http:\/\/www.sobradinho.rs.gov.br\/portal\/wp-content\/uploads\/2019\/02\/Vista-a\u00e9rea.jpg 960w\" sizes=\"(max-width: 300px) 100vw, 300px\" \/><\/p><p>Vista a\u00e9rea da cidade<\/p><p><img decoding=\"async\" class=\"alignnone size-medium wp-image-2633\" src=\"http:\/\/sobradinho.rs.gov.br\/portal\/wp-content\/uploads\/2019\/02\/Recanto-do-Peixe-300x225.jpg\" alt=\"\" width=\"300\" height=\"225\" srcset=\"http:\/\/www.sobradinho.rs.gov.br\/portal\/wp-content\/uploads\/2019\/02\/Recanto-do-Peixe-300x225.jpg 300w, http:\/\/www.sobradinho.rs.gov.br\/portal\/wp-content\/uploads\/2019\/02\/Recanto-do-Peixe-768x576.jpg 768w, http:\/\/www.sobradinho.rs.gov.br\/portal\/wp-content\/uploads\/2019\/02\/Recanto-do-Peixe-1024x768.jpg 1024w, http:\/\/www.sobradinho.rs.gov.br\/portal\/wp-content\/uploads\/2019\/02\/Recanto-do-Peixe-195x146.jpg 195w, http:\/\/www.sobradinho.rs.gov.br\/portal\/wp-content\/uploads\/2019\/02\/Recanto-do-Peixe-50x38.jpg 50w, http:\/\/www.sobradinho.rs.gov.br\/portal\/wp-content\/uploads\/2019\/02\/Recanto-do-Peixe-100x75.jpg 100w, http:\/\/www.sobradinho.rs.gov.br\/portal\/wp-content\/uploads\/2019\/02\/Recanto-do-Peixe.jpg 1386w\" sizes=\"(max-width: 300px) 100vw, 300px\" \/><\/p><p>Recanto do Peixe \/ Linha Tupi<\/p><p><img loading=\"lazy\" decoding=\"async\" class=\"alignnone size-medium wp-image-2634\" src=\"http:\/\/sobradinho.rs.gov.br\/portal\/wp-content\/uploads\/2019\/02\/Monumento-Imigrante-300x225.jpg\" alt=\"\" width=\"300\" height=\"225\" srcset=\"http:\/\/www.sobradinho.rs.gov.br\/portal\/wp-content\/uploads\/2019\/02\/Monumento-Imigrante-300x225.jpg 300w, http:\/\/www.sobradinho.rs.gov.br\/portal\/wp-content\/uploads\/2019\/02\/Monumento-Imigrante-768x576.jpg 768w, http:\/\/www.sobradinho.rs.gov.br\/portal\/wp-content\/uploads\/2019\/02\/Monumento-Imigrante-1024x768.jpg 1024w, http:\/\/www.sobradinho.rs.gov.br\/portal\/wp-content\/uploads\/2019\/02\/Monumento-Imigrante-195x146.jpg 195w, http:\/\/www.sobradinho.rs.gov.br\/portal\/wp-content\/uploads\/2019\/02\/Monumento-Imigrante-50x38.jpg 50w, http:\/\/www.sobradinho.rs.gov.br\/portal\/wp-content\/uploads\/2019\/02\/Monumento-Imigrante-100x75.jpg 100w, http:\/\/www.sobradinho.rs.gov.br\/portal\/wp-content\/uploads\/2019\/02\/Monumento-Imigrante.jpg 1386w\" sizes=\"(max-width: 300px) 100vw, 300px\" \/><\/p><p>Monumento ao imigrante italiano em Campestre<\/p><p><img loading=\"lazy\" decoding=\"async\" class=\"alignnone size-medium wp-image-2635\" src=\"http:\/\/sobradinho.rs.gov.br\/portal\/wp-content\/uploads\/2019\/02\/Escola-Mocidade-300x146.jpg\" alt=\"\" width=\"300\" height=\"146\" srcset=\"http:\/\/www.sobradinho.rs.gov.br\/portal\/wp-content\/uploads\/2019\/02\/Escola-Mocidade-300x146.jpg 300w, http:\/\/www.sobradinho.rs.gov.br\/portal\/wp-content\/uploads\/2019\/02\/Escola-Mocidade-768x374.jpg 768w, http:\/\/www.sobradinho.rs.gov.br\/portal\/wp-content\/uploads\/2019\/02\/Escola-Mocidade-260x126.jpg 260w, http:\/\/www.sobradinho.rs.gov.br\/portal\/wp-content\/uploads\/2019\/02\/Escola-Mocidade-50x24.jpg 50w, http:\/\/www.sobradinho.rs.gov.br\/portal\/wp-content\/uploads\/2019\/02\/Escola-Mocidade-150x73.jpg 150w, http:\/\/www.sobradinho.rs.gov.br\/portal\/wp-content\/uploads\/2019\/02\/Escola-Mocidade.jpg 960w\" sizes=\"(max-width: 300px) 100vw, 300px\" \/><\/p><p>Escola de Samba Mocidade Independente Bairro Vera Cruz<\/p><p><img loading=\"lazy\" decoding=\"async\" class=\"alignnone size-medium wp-image-2636\" src=\"http:\/\/sobradinho.rs.gov.br\/portal\/wp-content\/uploads\/2019\/02\/Escola-Unidos-300x125.jpg\" alt=\"\" width=\"300\" height=\"125\" srcset=\"http:\/\/www.sobradinho.rs.gov.br\/portal\/wp-content\/uploads\/2019\/02\/Escola-Unidos-300x125.jpg 300w, http:\/\/www.sobradinho.rs.gov.br\/portal\/wp-content\/uploads\/2019\/02\/Escola-Unidos-768x321.jpg 768w, http:\/\/www.sobradinho.rs.gov.br\/portal\/wp-content\/uploads\/2019\/02\/Escola-Unidos-260x109.jpg 260w, http:\/\/www.sobradinho.rs.gov.br\/portal\/wp-content\/uploads\/2019\/02\/Escola-Unidos-50x21.jpg 50w, http:\/\/www.sobradinho.rs.gov.br\/portal\/wp-content\/uploads\/2019\/02\/Escola-Unidos-150x63.jpg 150w, http:\/\/www.sobradinho.rs.gov.br\/portal\/wp-content\/uploads\/2019\/02\/Escola-Unidos.jpg 960w\" sizes=\"(max-width: 300px) 100vw, 300px\" \/><\/p><p>Escola de Samba Unidos do Samba Bairro Uni\u00e3o<\/p><p><img loading=\"lazy\" decoding=\"async\" class=\"alignnone size-medium wp-image-2637\" src=\"http:\/\/sobradinho.rs.gov.br\/portal\/wp-content\/uploads\/2019\/02\/Feira-de-Produtos-300x199.jpg\" alt=\"\" width=\"300\" height=\"199\" srcset=\"http:\/\/www.sobradinho.rs.gov.br\/portal\/wp-content\/uploads\/2019\/02\/Feira-de-Produtos-300x199.jpg 300w, http:\/\/www.sobradinho.rs.gov.br\/portal\/wp-content\/uploads\/2019\/02\/Feira-de-Produtos-768x510.jpg 768w, http:\/\/www.sobradinho.rs.gov.br\/portal\/wp-content\/uploads\/2019\/02\/Feira-de-Produtos-220x146.jpg 220w, http:\/\/www.sobradinho.rs.gov.br\/portal\/wp-content\/uploads\/2019\/02\/Feira-de-Produtos-50x33.jpg 50w, http:\/\/www.sobradinho.rs.gov.br\/portal\/wp-content\/uploads\/2019\/02\/Feira-de-Produtos-113x75.jpg 113w, http:\/\/www.sobradinho.rs.gov.br\/portal\/wp-content\/uploads\/2019\/02\/Feira-de-Produtos.jpg 960w\" sizes=\"(max-width: 300px) 100vw, 300px\" \/><\/p><p>Feira de produtos agr\u00edcolas<\/p><p><img loading=\"lazy\" decoding=\"async\" class=\"alignnone size-medium wp-image-2638\" src=\"http:\/\/sobradinho.rs.gov.br\/portal\/wp-content\/uploads\/2019\/02\/Balne\u00e1rio-Cursva-300x199.jpg\" alt=\"\" width=\"300\" height=\"199\" srcset=\"http:\/\/www.sobradinho.rs.gov.br\/portal\/wp-content\/uploads\/2019\/02\/Balne\u00e1rio-Cursva-300x199.jpg 300w, http:\/\/www.sobradinho.rs.gov.br\/portal\/wp-content\/uploads\/2019\/02\/Balne\u00e1rio-Cursva-768x510.jpg 768w, http:\/\/www.sobradinho.rs.gov.br\/portal\/wp-content\/uploads\/2019\/02\/Balne\u00e1rio-Cursva-220x146.jpg 220w, http:\/\/www.sobradinho.rs.gov.br\/portal\/wp-content\/uploads\/2019\/02\/Balne\u00e1rio-Cursva-50x33.jpg 50w, http:\/\/www.sobradinho.rs.gov.br\/portal\/wp-content\/uploads\/2019\/02\/Balne\u00e1rio-Cursva-113x75.jpg 113w, http:\/\/www.sobradinho.rs.gov.br\/portal\/wp-content\/uploads\/2019\/02\/Balne\u00e1rio-Cursva.jpg 960w\" sizes=\"(max-width: 300px) 100vw, 300px\" \/><\/p><p>Balne\u00e1rio Curva do Rio<\/p><p><img loading=\"lazy\" decoding=\"async\" class=\"alignnone size-medium wp-image-2639\" src=\"http:\/\/sobradinho.rs.gov.br\/portal\/wp-content\/uploads\/2019\/02\/natal1-300x199.jpg\" alt=\"\" width=\"300\" height=\"199\" srcset=\"http:\/\/www.sobradinho.rs.gov.br\/portal\/wp-content\/uploads\/2019\/02\/natal1-300x199.jpg 300w, http:\/\/www.sobradinho.rs.gov.br\/portal\/wp-content\/uploads\/2019\/02\/natal1-768x510.jpg 768w, http:\/\/www.sobradinho.rs.gov.br\/portal\/wp-content\/uploads\/2019\/02\/natal1-220x146.jpg 220w, http:\/\/www.sobradinho.rs.gov.br\/portal\/wp-content\/uploads\/2019\/02\/natal1-50x33.jpg 50w, http:\/\/www.sobradinho.rs.gov.br\/portal\/wp-content\/uploads\/2019\/02\/natal1-113x75.jpg 113w, http:\/\/www.sobradinho.rs.gov.br\/portal\/wp-content\/uploads\/2019\/02\/natal1.jpg 960w\" sizes=\"(max-width: 300px) 100vw, 300px\" \/><img loading=\"lazy\" decoding=\"async\" class=\"alignnone size-medium wp-image-2640\" src=\"http:\/\/sobradinho.rs.gov.br\/portal\/wp-content\/uploads\/2019\/02\/natal2-300x199.jpg\" alt=\"\" width=\"300\" height=\"199\" srcset=\"http:\/\/www.sobradinho.rs.gov.br\/portal\/wp-content\/uploads\/2019\/02\/natal2-300x199.jpg 300w, http:\/\/www.sobradinho.rs.gov.br\/portal\/wp-content\/uploads\/2019\/02\/natal2-768x510.jpg 768w, http:\/\/www.sobradinho.rs.gov.br\/portal\/wp-content\/uploads\/2019\/02\/natal2-220x146.jpg 220w, http:\/\/www.sobradinho.rs.gov.br\/portal\/wp-content\/uploads\/2019\/02\/natal2-50x33.jpg 50w, http:\/\/www.sobradinho.rs.gov.br\/portal\/wp-content\/uploads\/2019\/02\/natal2-113x75.jpg 113w, http:\/\/www.sobradinho.rs.gov.br\/portal\/wp-content\/uploads\/2019\/02\/natal2.jpg 960w\" sizes=\"(max-width: 300px) 100vw, 300px\" \/><\/p><p>Decora\u00e7\u00e3o do Natal das Estrelas<\/p><p><img loading=\"lazy\" decoding=\"async\" class=\"alignnone size-medium wp-image-2641\" src=\"http:\/\/sobradinho.rs.gov.br\/portal\/wp-content\/uploads\/2019\/02\/Rota-dos-Casar\u00f5es-300x199.jpg\" alt=\"\" width=\"300\" height=\"199\" srcset=\"http:\/\/www.sobradinho.rs.gov.br\/portal\/wp-content\/uploads\/2019\/02\/Rota-dos-Casar\u00f5es-300x199.jpg 300w, http:\/\/www.sobradinho.rs.gov.br\/portal\/wp-content\/uploads\/2019\/02\/Rota-dos-Casar\u00f5es-768x510.jpg 768w, http:\/\/www.sobradinho.rs.gov.br\/portal\/wp-content\/uploads\/2019\/02\/Rota-dos-Casar\u00f5es-220x146.jpg 220w, http:\/\/www.sobradinho.rs.gov.br\/portal\/wp-content\/uploads\/2019\/02\/Rota-dos-Casar\u00f5es-50x33.jpg 50w, http:\/\/www.sobradinho.rs.gov.br\/portal\/wp-content\/uploads\/2019\/02\/Rota-dos-Casar\u00f5es-113x75.jpg 113w, http:\/\/www.sobradinho.rs.gov.br\/portal\/wp-content\/uploads\/2019\/02\/Rota-dos-Casar\u00f5es.jpg 960w\" sizes=\"(max-width: 300px) 100vw, 300px\" \/><\/p><p>Rota dos casar\u00f5es<\/p><p><img loading=\"lazy\" decoding=\"async\" class=\"alignnone size-medium wp-image-2642\" src=\"http:\/\/sobradinho.rs.gov.br\/portal\/wp-content\/uploads\/2019\/02\/Le\u00e3o-300x199.jpg\" alt=\"\" width=\"300\" height=\"199\" srcset=\"http:\/\/www.sobradinho.rs.gov.br\/portal\/wp-content\/uploads\/2019\/02\/Le\u00e3o-300x199.jpg 300w, http:\/\/www.sobradinho.rs.gov.br\/portal\/wp-content\/uploads\/2019\/02\/Le\u00e3o-768x510.jpg 768w, http:\/\/www.sobradinho.rs.gov.br\/portal\/wp-content\/uploads\/2019\/02\/Le\u00e3o-220x146.jpg 220w, http:\/\/www.sobradinho.rs.gov.br\/portal\/wp-content\/uploads\/2019\/02\/Le\u00e3o-50x33.jpg 50w, http:\/\/www.sobradinho.rs.gov.br\/portal\/wp-content\/uploads\/2019\/02\/Le\u00e3o-113x75.jpg 113w, http:\/\/www.sobradinho.rs.gov.br\/portal\/wp-content\/uploads\/2019\/02\/Le\u00e3o.jpg 960w\" sizes=\"(max-width: 300px) 100vw, 300px\" \/><\/p><p>Monumento em homenagem ao gemelagio com a cidade italiana de Cornedo Vicentino, \u00a0\u201cLeoni nelle Piazze\u201d<\/p><p><img loading=\"lazy\" decoding=\"async\" class=\"alignnone size-medium wp-image-2643\" src=\"http:\/\/sobradinho.rs.gov.br\/portal\/wp-content\/uploads\/2019\/02\/Igreja-Matriz-Nossa-Senhora-dos-Navegantes-199x300.jpg\" alt=\"\" width=\"199\" height=\"300\" srcset=\"http:\/\/www.sobradinho.rs.gov.br\/portal\/wp-content\/uploads\/2019\/02\/Igreja-Matriz-Nossa-Senhora-dos-Navegantes-199x300.jpg 199w, http:\/\/www.sobradinho.rs.gov.br\/portal\/wp-content\/uploads\/2019\/02\/Igreja-Matriz-Nossa-Senhora-dos-Navegantes-768x1155.jpg 768w, http:\/\/www.sobradinho.rs.gov.br\/portal\/wp-content\/uploads\/2019\/02\/Igreja-Matriz-Nossa-Senhora-dos-Navegantes-681x1024.jpg 681w, http:\/\/www.sobradinho.rs.gov.br\/portal\/wp-content\/uploads\/2019\/02\/Igreja-Matriz-Nossa-Senhora-dos-Navegantes-97x146.jpg 97w, http:\/\/www.sobradinho.rs.gov.br\/portal\/wp-content\/uploads\/2019\/02\/Igreja-Matriz-Nossa-Senhora-dos-Navegantes-33x50.jpg 33w, http:\/\/www.sobradinho.rs.gov.br\/portal\/wp-content\/uploads\/2019\/02\/Igreja-Matriz-Nossa-Senhora-dos-Navegantes-50x75.jpg 50w\" sizes=\"(max-width: 199px) 100vw, 199px\" \/><\/p><p>Igreja Matriz Nossa Senhora dos Navegantes<\/p><p><img loading=\"lazy\" decoding=\"async\" class=\"alignnone size-medium wp-image-2644\" src=\"http:\/\/sobradinho.rs.gov.br\/portal\/wp-content\/uploads\/2019\/02\/Centro-Administrativo-Ataualpa-de-Freitas-Marques-300x199.jpg\" alt=\"\" width=\"300\" height=\"199\" srcset=\"http:\/\/www.sobradinho.rs.gov.br\/portal\/wp-content\/uploads\/2019\/02\/Centro-Administrativo-Ataualpa-de-Freitas-Marques-300x199.jpg 300w, http:\/\/www.sobradinho.rs.gov.br\/portal\/wp-content\/uploads\/2019\/02\/Centro-Administrativo-Ataualpa-de-Freitas-Marques-768x511.jpg 768w, http:\/\/www.sobradinho.rs.gov.br\/portal\/wp-content\/uploads\/2019\/02\/Centro-Administrativo-Ataualpa-de-Freitas-Marques-1024x681.jpg 1024w, http:\/\/www.sobradinho.rs.gov.br\/portal\/wp-content\/uploads\/2019\/02\/Centro-Administrativo-Ataualpa-de-Freitas-Marques-220x146.jpg 220w, http:\/\/www.sobradinho.rs.gov.br\/portal\/wp-content\/uploads\/2019\/02\/Centro-Administrativo-Ataualpa-de-Freitas-Marques-50x33.jpg 50w, http:\/\/www.sobradinho.rs.gov.br\/portal\/wp-content\/uploads\/2019\/02\/Centro-Administrativo-Ataualpa-de-Freitas-Marques-113x75.jpg 113w\" sizes=\"(max-width: 300px) 100vw, 300px\" \/><\/p><p>Centro Administrativo Ataualpa de Freitas Marques<\/p><p style=\"text-align: justify;\">Dados sob responsabilidade de Ingrid Hermes, Diretora de Cultura e Turismo em 13 de junho de 2017, Secretaria Municipal de Educa\u00e7\u00e3o, Cultura, Turismo e Desporto de Sobradinho.<\/p>\t\t\t\t\t\t\t\t<\/div>\n\t\t\t\t<\/div>\n\t\t\t\t\t<\/div>\n\t\t<\/div>\n\t\t\t\t\t<\/div>\n\t\t<\/section>\n\t\t\t\t<\/div>\n\t\t","protected":false},"excerpt":{"rendered":"<p>Pontos Tur\u00edsticos: Balne\u00e1rio Lazzari &#8211; Curva do Rio Cantina Granja do Sil\u00eancio Recanto do Peixe Capela Nossa Senhora da Medianeira [&hellip;]<\/p>\n","protected":false},"author":2,"featured_media":0,"parent":0,"menu_order":0,"comment_status":"closed","ping_status":"closed","template":"","meta":{"_eb_attr":"","site-sidebar-layout":"no-sidebar","site-content-layout":"","ast-site-content-layout":"full-width-container","site-content-style":"default","site-sidebar-style":"default","ast-global-header-display":"","ast-banner-title-visibility":"","ast-main-header-display":"","ast-hfb-above-header-display":"","ast-hfb-below-header-display":"","ast-hfb-mobile-header-display":"","site-post-title":"disabled","ast-breadcrumbs-content":"","ast-featured-img":"disabled","footer-sml-layout":"","theme-transparent-header-meta":"","adv-header-id-meta":"","stick-header-meta":"","header-above-stick-meta":"","header-main-stick-meta":"","header-below-stick-meta":"","astra-migrate-meta-layouts":"default","ast-page-background-enabled":"default","ast-page-background-meta":{"desktop":{"background-color":"var(--ast-global-color-4)","background-image":"","background-repeat":"repeat","background-position":"center center","background-size":"auto","background-attachment":"scroll","background-type":"","background-media":"","overlay-type":"","overlay-color":"","overlay-opacity":"","overlay-gradient":""},"tablet":{"background-color":"","background-image":"","background-repeat":"repeat","background-position":"center center","background-size":"auto","background-attachment":"scroll","background-type":"","background-media":"","overlay-type":"","overlay-color":"","overlay-opacity":"","overlay-gradient":""},"mobile":{"background-color":"","background-image":"","background-repeat":"repeat","background-position":"center center","background-size":"auto","background-attachment":"scroll","background-type":"","background-media":"","overlay-type":"","overlay-color":"","overlay-opacity":"","overlay-gradient":""}},"ast-content-background-meta":{"desktop":{"background-color":"var(--ast-global-color-5)","background-image":"","background-repeat":"repeat","background-position":"center center","background-size":"auto","background-attachment":"scroll","background-type":"","background-media":"","overlay-type":"","overlay-color":"","overlay-opacity":"","overlay-gradient":""},"tablet":{"background-color":"var(--ast-global-color-5)","background-image":"","background-repeat":"repeat","background-position":"center center","background-size":"auto","background-attachment":"scroll","background-type":"","background-media":"","overlay-type":"","overlay-color":"","overlay-opacity":"","overlay-gradient":""},"mobile":{"background-color":"var(--ast-global-color-5)","background-image":"","background-repeat":"repeat","background-position":"center center","background-size":"auto","background-attachment":"scroll","background-type":"","background-media":"","overlay-type":"","overlay-color":"","overlay-opacity":"","overlay-gradient":""}},"footnotes":""},"class_list":["post-16472","page","type-page","status-publish","hentry"],"_links":{"self":[{"href":"http:\/\/www.sobradinho.rs.gov.br\/portal\/index.php?rest_route=\/wp\/v2\/pages\/16472","targetHints":{"allow":["GET"]}}],"collection":[{"href":"http:\/\/www.sobradinho.rs.gov.br\/portal\/index.php?rest_route=\/wp\/v2\/pages"}],"about":[{"href":"http:\/\/www.sobradinho.rs.gov.br\/portal\/index.php?rest_route=\/wp\/v2\/types\/page"}],"author":[{"embeddable":true,"href":"http:\/\/www.sobradinho.rs.gov.br\/portal\/index.php?rest_route=\/wp\/v2\/users\/2"}],"replies":[{"embeddable":true,"href":"http:\/\/www.sobradinho.rs.gov.br\/portal\/index.php?rest_route=%2Fwp%2Fv2%2Fcomments&post=16472"}],"version-history":[{"count":4,"href":"http:\/\/www.sobradinho.rs.gov.br\/portal\/index.php?rest_route=\/wp\/v2\/pages\/16472\/revisions"}],"predecessor-version":[{"id":16476,"href":"http:\/\/www.sobradinho.rs.gov.br\/portal\/index.php?rest_route=\/wp\/v2\/pages\/16472\/revisions\/16476"}],"wp:attachment":[{"href":"http:\/\/www.sobradinho.rs.gov.br\/portal\/index.php?rest_route=%2Fwp%2Fv2%2Fmedia&parent=16472"}],"curies":[{"name":"wp","href":"https:\/\/api.w.org\/{rel}","templated":true}]}}