{"id":2585,"date":"2019-02-01T09:58:05","date_gmt":"2019-02-01T11:58:05","guid":{"rendered":"http:\/\/sobradinho.rs.gov.br\/portal\/?page_id=2585"},"modified":"2025-07-11T16:22:32","modified_gmt":"2025-07-11T19:22:32","slug":"localizacao","status":"publish","type":"page","link":"http:\/\/www.sobradinho.rs.gov.br\/portal\/?page_id=2585","title":{"rendered":"Localiza\u00e7\u00e3o"},"content":{"rendered":"<p><img fetchpriority=\"high\" decoding=\"async\" class=\"wp-image-2586 alignnone aligncenter\" src=\"http:\/\/sobradinho.rs.gov.br\/portal\/wp-content\/uploads\/2019\/02\/Localiza\u00e7\u00e3o.jpg\" alt=\"\" width=\"513\" height=\"600\" srcset=\"http:\/\/www.sobradinho.rs.gov.br\/portal\/wp-content\/uploads\/2019\/02\/Localiza\u00e7\u00e3o.jpg 710w, http:\/\/www.sobradinho.rs.gov.br\/portal\/wp-content\/uploads\/2019\/02\/Localiza\u00e7\u00e3o-257x300.jpg 257w, http:\/\/www.sobradinho.rs.gov.br\/portal\/wp-content\/uploads\/2019\/02\/Localiza\u00e7\u00e3o-125x146.jpg 125w, http:\/\/www.sobradinho.rs.gov.br\/portal\/wp-content\/uploads\/2019\/02\/Localiza\u00e7\u00e3o-43x50.jpg 43w, http:\/\/www.sobradinho.rs.gov.br\/portal\/wp-content\/uploads\/2019\/02\/Localiza\u00e7\u00e3o-64x75.jpg 64w\" sizes=\"(max-width: 513px) 100vw, 513px\" \/><\/p>\n<p style=\"text-align: center;\">O munic\u00edpio de Sobradinho situa-se na regi\u00e3o Centro Serra e integra a Associa\u00e7\u00e3o dos Munic\u00edpios da Regi\u00e3o Centro Serra (AMCSERRA). Sobradinho faz divisa ao Norte com o munic\u00edpio de Arroio do Tigre, ao Sul com Lagoa Bonita do Sul, ao Leste com Passa Sete e Segredo e ao Oeste com Ibarama. A altitude do munic\u00edpio de Sobradinho em sua sede \u00e9 de 427 metros; Longitude -53,029; Latitude -29,421.<\/p>\n<p style=\"text-align: center;\">Informa\u00e7\u00f5es Geogr\u00e1ficas Dist\u00e2ncia de POA (Km): 236<\/p>\n<p style=\"text-align: center;\">\u00c1rea em Km2: 130,39<\/p>\n<p style=\"text-align: center;\">Informa\u00e7\u00f5es Populacionais Popula\u00e7\u00e3o em 2000: 16.328;<\/p>\n<p style=\"text-align: center;\">em 2003: 14.121;<\/p>\n<p style=\"text-align: center;\">em 2004: 14287;<\/p>\n<p style=\"text-align: center;\">em 2007: 14.162;<\/p>\n<p style=\"text-align: center;\">em 2010:14.283<\/p>\n\n\n<p><\/p>\n","protected":false},"excerpt":{"rendered":"<p>O munic\u00edpio de Sobradinho situa-se na regi\u00e3o Centro Serra e integra a Associa\u00e7\u00e3o dos Munic\u00edpios da Regi\u00e3o Centro Serra (AMCSERRA). [&hellip;]<\/p>\n","protected":false},"author":2,"featured_media":0,"parent":0,"menu_order":0,"comment_status":"closed","ping_status":"closed","template":"","meta":{"_eb_attr":"","site-sidebar-layout":"default","site-content-layout":"","ast-site-content-layout":"default","site-content-style":"default","site-sidebar-style":"default","ast-global-header-display":"","ast-banner-title-visibility":"","ast-main-header-display":"","ast-hfb-above-header-display":"","ast-hfb-below-header-display":"","ast-hfb-mobile-header-display":"","site-post-title":"","ast-breadcrumbs-content":"","ast-featured-img":"","footer-sml-layout":"","theme-transparent-header-meta":"","adv-header-id-meta":"","stick-header-meta":"","header-above-stick-meta":"","header-main-stick-meta":"","header-below-stick-meta":"","astra-migrate-meta-layouts":"default","ast-page-background-enabled":"default","ast-page-background-meta":{"desktop":{"background-color":"var(--ast-global-color-4)","background-image":"","background-repeat":"repeat","background-position":"center center","background-size":"auto","background-attachment":"scroll","background-type":"","background-media":"","overlay-type":"","overlay-color":"","overlay-opacity":"","overlay-gradient":""},"tablet":{"background-color":"","background-image":"","background-repeat":"repeat","background-position":"center center","background-size":"auto","background-attachment":"scroll","background-type":"","background-media":"","overlay-type":"","overlay-color":"","overlay-opacity":"","overlay-gradient":""},"mobile":{"background-color":"","background-image":"","background-repeat":"repeat","background-position":"center center","background-size":"auto","background-attachment":"scroll","background-type":"","background-media":"","overlay-type":"","overlay-color":"","overlay-opacity":"","overlay-gradient":""}},"ast-content-background-meta":{"desktop":{"background-color":"var(--ast-global-color-5)","background-image":"","background-repeat":"repeat","background-position":"center center","background-size":"auto","background-attachment":"scroll","background-type":"","background-media":"","overlay-type":"","overlay-color":"","overlay-opacity":"","overlay-gradient":""},"tablet":{"background-color":"var(--ast-global-color-5)","background-image":"","background-repeat":"repeat","background-position":"center center","background-size":"auto","background-attachment":"scroll","background-type":"","background-media":"","overlay-type":"","overlay-color":"","overlay-opacity":"","overlay-gradient":""},"mobile":{"background-color":"var(--ast-global-color-5)","background-image":"","background-repeat":"repeat","background-position":"center center","background-size":"auto","background-attachment":"scroll","background-type":"","background-media":"","overlay-type":"","overlay-color":"","overlay-opacity":"","overlay-gradient":""}},"footnotes":""},"class_list":["post-2585","page","type-page","status-publish","hentry"],"_links":{"self":[{"href":"http:\/\/www.sobradinho.rs.gov.br\/portal\/index.php?rest_route=\/wp\/v2\/pages\/2585","targetHints":{"allow":["GET"]}}],"collection":[{"href":"http:\/\/www.sobradinho.rs.gov.br\/portal\/index.php?rest_route=\/wp\/v2\/pages"}],"about":[{"href":"http:\/\/www.sobradinho.rs.gov.br\/portal\/index.php?rest_route=\/wp\/v2\/types\/page"}],"author":[{"embeddable":true,"href":"http:\/\/www.sobradinho.rs.gov.br\/portal\/index.php?rest_route=\/wp\/v2\/users\/2"}],"replies":[{"embeddable":true,"href":"http:\/\/www.sobradinho.rs.gov.br\/portal\/index.php?rest_route=%2Fwp%2Fv2%2Fcomments&post=2585"}],"version-history":[{"count":10,"href":"http:\/\/www.sobradinho.rs.gov.br\/portal\/index.php?rest_route=\/wp\/v2\/pages\/2585\/revisions"}],"predecessor-version":[{"id":19536,"href":"http:\/\/www.sobradinho.rs.gov.br\/portal\/index.php?rest_route=\/wp\/v2\/pages\/2585\/revisions\/19536"}],"wp:attachment":[{"href":"http:\/\/www.sobradinho.rs.gov.br\/portal\/index.php?rest_route=%2Fwp%2Fv2%2Fmedia&parent=2585"}],"curies":[{"name":"wp","href":"https:\/\/api.w.org\/{rel}","templated":true}]}}