{"id":2613,"date":"2019-02-01T16:35:31","date_gmt":"2019-02-01T18:35:31","guid":{"rendered":"http:\/\/sobradinho.rs.gov.br\/portal\/?page_id=2613"},"modified":"2019-02-01T16:40:43","modified_gmt":"2019-02-01T18:40:43","slug":"telefones-uteis","status":"publish","type":"page","link":"http:\/\/www.sobradinho.rs.gov.br\/portal\/?page_id=2613","title":{"rendered":"Telefones \u00dateis"},"content":{"rendered":"<h3><strong>Seguran\u00e7a<\/strong><\/h3>\n<p>Brigada Militar: (51) 3742.1054<\/p>\n<p>Delagacia de Pol\u00edcia: (51) 3742.1378<\/p>\n<p>F\u00f3rum: (51) 3742.3400<\/p>\n<h4><\/h4>\n<h3><strong>Transporte<\/strong><\/h3>\n<p>Esta\u00e7\u00e3o Rodovi\u00e1ria: (51) 3742.1379<\/p>\n<p>T\u00e1xi Rodovi\u00e1ria: (51) 3742.1489<\/p>\n<p>T\u00e1xi Centro: (51) 3742.2794<\/p>\n<h4><\/h4>\n<h3><strong>Sa\u00fade<\/strong><\/h3>\n<p>Hospital Sebastiany (antigo) \/ Hosp. S\u00e3o Jo\u00e3o Evangelista: (51) 4742.1066<\/p>\n<p>Hospital Dr. Hom. Men.: (51) 3742.1001<\/p>\n<h4><\/h4>\n<h3><strong>Bancos<\/strong><\/h3>\n<p>Banco do Brasil: (51) 3742.1300<\/p>\n<p>Banrisul: (51) 3742.1466<\/p>\n<p>Bradesco: (51) 3742.1812<\/p>\n<p>Caixa Econ\u00f4mica Federal: (51) 3742.1286<\/p>\n<p>SICREDI: (51) 3742.1754<\/p>\n","protected":false},"excerpt":{"rendered":"<p>Seguran\u00e7a Brigada Militar: (51) 3742.1054 Delagacia de Pol\u00edcia: (51) 3742.1378 F\u00f3rum: (51) 3742.3400 Transporte Esta\u00e7\u00e3o Rodovi\u00e1ria: (51) 3742.1379 T\u00e1xi Rodovi\u00e1ria: [&hellip;]<\/p>\n","protected":false},"author":2,"featured_media":0,"parent":0,"menu_order":0,"comment_status":"closed","ping_status":"closed","template":"","meta":{"_eb_attr":"","site-sidebar-layout":"default","site-content-layout":"","ast-site-content-layout":"default","site-content-style":"default","site-sidebar-style":"default","ast-global-header-display":"","ast-banner-title-visibility":"","ast-main-header-display":"","ast-hfb-above-header-display":"","ast-hfb-below-header-display":"","ast-hfb-mobile-header-display":"","site-post-title":"","ast-breadcrumbs-content":"","ast-featured-img":"","footer-sml-layout":"","theme-transparent-header-meta":"","adv-header-id-meta":"","stick-header-meta":"","header-above-stick-meta":"","header-main-stick-meta":"","header-below-stick-meta":"","astra-migrate-meta-layouts":"default","ast-page-background-enabled":"default","ast-page-background-meta":{"desktop":{"background-color":"var(--ast-global-color-4)","background-image":"","background-repeat":"repeat","background-position":"center center","background-size":"auto","background-attachment":"scroll","background-type":"","background-media":"","overlay-type":"","overlay-color":"","overlay-opacity":"","overlay-gradient":""},"tablet":{"background-color":"","background-image":"","background-repeat":"repeat","background-position":"center center","background-size":"auto","background-attachment":"scroll","background-type":"","background-media":"","overlay-type":"","overlay-color":"","overlay-opacity":"","overlay-gradient":""},"mobile":{"background-color":"","background-image":"","background-repeat":"repeat","background-position":"center center","background-size":"auto","background-attachment":"scroll","background-type":"","background-media":"","overlay-type":"","overlay-color":"","overlay-opacity":"","overlay-gradient":""}},"ast-content-background-meta":{"desktop":{"background-color":"var(--ast-global-color-5)","background-image":"","background-repeat":"repeat","background-position":"center center","background-size":"auto","background-attachment":"scroll","background-type":"","background-media":"","overlay-type":"","overlay-color":"","overlay-opacity":"","overlay-gradient":""},"tablet":{"background-color":"var(--ast-global-color-5)","background-image":"","background-repeat":"repeat","background-position":"center center","background-size":"auto","background-attachment":"scroll","background-type":"","background-media":"","overlay-type":"","overlay-color":"","overlay-opacity":"","overlay-gradient":""},"mobile":{"background-color":"var(--ast-global-color-5)","background-image":"","background-repeat":"repeat","background-position":"center center","background-size":"auto","background-attachment":"scroll","background-type":"","background-media":"","overlay-type":"","overlay-color":"","overlay-opacity":"","overlay-gradient":""}},"footnotes":""},"class_list":["post-2613","page","type-page","status-publish","hentry"],"_links":{"self":[{"href":"http:\/\/www.sobradinho.rs.gov.br\/portal\/index.php?rest_route=\/wp\/v2\/pages\/2613","targetHints":{"allow":["GET"]}}],"collection":[{"href":"http:\/\/www.sobradinho.rs.gov.br\/portal\/index.php?rest_route=\/wp\/v2\/pages"}],"about":[{"href":"http:\/\/www.sobradinho.rs.gov.br\/portal\/index.php?rest_route=\/wp\/v2\/types\/page"}],"author":[{"embeddable":true,"href":"http:\/\/www.sobradinho.rs.gov.br\/portal\/index.php?rest_route=\/wp\/v2\/users\/2"}],"replies":[{"embeddable":true,"href":"http:\/\/www.sobradinho.rs.gov.br\/portal\/index.php?rest_route=%2Fwp%2Fv2%2Fcomments&post=2613"}],"version-history":[{"count":3,"href":"http:\/\/www.sobradinho.rs.gov.br\/portal\/index.php?rest_route=\/wp\/v2\/pages\/2613\/revisions"}],"predecessor-version":[{"id":2618,"href":"http:\/\/www.sobradinho.rs.gov.br\/portal\/index.php?rest_route=\/wp\/v2\/pages\/2613\/revisions\/2618"}],"wp:attachment":[{"href":"http:\/\/www.sobradinho.rs.gov.br\/portal\/index.php?rest_route=%2Fwp%2Fv2%2Fmedia&parent=2613"}],"curies":[{"name":"wp","href":"https:\/\/api.w.org\/{rel}","templated":true}]}}