{"id":8496,"date":"2021-01-08T21:25:49","date_gmt":"2021-01-09T00:25:49","guid":{"rendered":"http:\/\/sobradinho.rs.gov.br\/portal\/?page_id=8496"},"modified":"2021-01-08T21:25:50","modified_gmt":"2021-01-09T00:25:50","slug":"decretos-2021","status":"publish","type":"page","link":"http:\/\/www.sobradinho.rs.gov.br\/portal\/?page_id=8496","title":{"rendered":"Decretos 2021"},"content":{"rendered":"<div class=\"sdm_download_item \"><div class=\"sdm_download_item_top\"><div class=\"sdm_download_thumbnail\"><\/div><div class=\"sdm_download_title\">DECRETO 7176.2021<\/div><\/div><div style=\"clear:both;\"><\/div><div class=\"sdm_download_description\"><p><a href=\"https:\/\/sobradinho.rs.gov.br\/portal\/wp-content\/uploads\/2021\/12\/DECRETO-7176.2021-2.pdf\">DECRETO 7176.2021 (2)<\/a> <a href=\"https:\/\/sobradinho.rs.gov.br\/portal\/wp-content\/uploads\/2021\/12\/DECRETO-7176.2021-anexo-1.pdf\">DECRETO 7176.2021 anexo 1<\/a> <a href=\"https:\/\/sobradinho.rs.gov.br\/portal\/wp-content\/uploads\/2021\/12\/DECRETO-7176.2021-anexo-2.pdf\">DECRETO 7176.2021 anexo 2<\/a> <a href=\"https:\/\/sobradinho.rs.gov.br\/portal\/wp-content\/uploads\/2021\/12\/DECRETO-7176.2021-anexo-3.pdf\">DECRETO 7176.2021 anexo 3<\/a><\/p>\n<\/div><div class=\"sdm_download_link\"><span class=\"sdm_download_button\"><a href=\"http:\/\/www.sobradinho.rs.gov.br\/portal\/?sdm_process_download=1&download_id=11949\" class=\"sdm_download grey\" title=\"DECRETO 7176.2021\" target=\"_self\">Baixar agora!<\/a><\/span><span class=\"sdm_download_item_count\"><span class=\"sdm_item_count_number\">0<\/span><span class=\"sdm_item_count_string\"> Downloads<\/span><\/span><\/div><\/div><div class=\"sdm_download_item \"><div class=\"sdm_download_item_top\"><div class=\"sdm_download_thumbnail\"><\/div><div class=\"sdm_download_title\">DECRETO 7171.2021 LUTO OFICIAL TERCISO REDIN<\/div><\/div><div style=\"clear:both;\"><\/div><div class=\"sdm_download_description\"><p><a href=\"https:\/\/sobradinho.rs.gov.br\/portal\/wp-content\/uploads\/2021\/12\/DECRETO7171.2021-luto-oficial-Terciso-Redin-.pdf\">DECRETO7171.2021 luto oficial Terciso Redin<\/a><\/p>\n<\/div><div class=\"sdm_download_link\"><span class=\"sdm_download_button\"><a href=\"http:\/\/www.sobradinho.rs.gov.br\/portal\/?sdm_process_download=1&download_id=11901\" class=\"sdm_download grey\" title=\"DECRETO 7171.2021 LUTO OFICIAL TERCISO REDIN\" target=\"_self\">Baixar agora!<\/a><\/span><span class=\"sdm_download_item_count\"><span class=\"sdm_item_count_number\">0<\/span><span class=\"sdm_item_count_string\"> Downloads<\/span><\/span><\/div><\/div><div class=\"sdm_download_item \"><div class=\"sdm_download_item_top\"><div class=\"sdm_download_thumbnail\"><\/div><div class=\"sdm_download_title\">DECRETO 7153.2021 &#8211; COVID<\/div><\/div><div style=\"clear:both;\"><\/div><div class=\"sdm_download_description\"><p><a href=\"https:\/\/sobradinho.rs.gov.br\/portal\/wp-content\/uploads\/2021\/11\/DECRETO7153.2021-COVID.pdf\">DECRETO7153.2021 &#8211; COVID<\/a><\/p>\n<\/div><div class=\"sdm_download_link\"><span class=\"sdm_download_button\"><a href=\"http:\/\/www.sobradinho.rs.gov.br\/portal\/?sdm_process_download=1&download_id=11722\" class=\"sdm_download grey\" title=\"DECRETO 7153.2021 &#8211; COVID\" target=\"_self\">Baixar agora!<\/a><\/span><span class=\"sdm_download_item_count\"><span class=\"sdm_item_count_number\">0<\/span><span class=\"sdm_item_count_string\"> Downloads<\/span><\/span><\/div><\/div><div class=\"sdm_download_item \"><div class=\"sdm_download_item_top\"><div class=\"sdm_download_thumbnail\"><\/div><div class=\"sdm_download_title\">DECRETO 7136.2021 &#8211; ALTERA DECRETO COVID 7119<\/div><\/div><div style=\"clear:both;\"><\/div><div class=\"sdm_download_description\"><p><a href=\"https:\/\/sobradinho.rs.gov.br\/portal\/wp-content\/uploads\/2021\/10\/DECRETO7136.2021-ALTERA-DECRETO-COVID-7119-.pdf\">DECRETO7136.2021 &#8211; ALTERA DECRETO COVID 7119<\/a><\/p>\n<\/div><div class=\"sdm_download_link\"><span class=\"sdm_download_button\"><a href=\"http:\/\/www.sobradinho.rs.gov.br\/portal\/?sdm_process_download=1&download_id=11320\" class=\"sdm_download grey\" title=\"DECRETO 7136.2021 &#8211; ALTERA DECRETO COVID 7119\" target=\"_self\">Baixar agora!<\/a><\/span><span class=\"sdm_download_item_count\"><span class=\"sdm_item_count_number\">0<\/span><span class=\"sdm_item_count_string\"> Downloads<\/span><\/span><\/div><\/div><div class=\"sdm_download_item \"><div class=\"sdm_download_item_top\"><div class=\"sdm_download_thumbnail\"><\/div><div class=\"sdm_download_title\">DECRETO N\u00ba 7.136 &#8211; ALTERA DECRETO COVID-19 7119<\/div><\/div><div style=\"clear:both;\"><\/div><div class=\"sdm_download_description\"><p><a href=\"https:\/\/sobradinho.rs.gov.br\/portal\/wp-content\/uploads\/2021\/10\/DECRETO-No-7.136-ALTERA-DECRETO-COVID-7119.pdf\">DECRETO N\u00ba 7.136 &#8211; ALTERA DECRETO COVID 7119<\/a><\/p>\n<\/div><div class=\"sdm_download_link\"><span class=\"sdm_download_button\"><a href=\"http:\/\/www.sobradinho.rs.gov.br\/portal\/?sdm_process_download=1&download_id=11263\" class=\"sdm_download grey\" title=\"DECRETO N\u00ba 7.136 &#8211; ALTERA DECRETO COVID-19 7119\" target=\"_self\">Baixar agora!<\/a><\/span><span class=\"sdm_download_item_count\"><span class=\"sdm_item_count_number\">0<\/span><span class=\"sdm_item_count_string\"> Downloads<\/span><\/span><\/div><\/div><div class=\"sdm_download_item \"><div class=\"sdm_download_item_top\"><div class=\"sdm_download_thumbnail\"><\/div><div class=\"sdm_download_title\">DECRETO 7107.2021<\/div><\/div><div style=\"clear:both;\"><\/div><div class=\"sdm_download_description\"><p><a href=\"https:\/\/sobradinho.rs.gov.br\/portal\/wp-content\/uploads\/2021\/08\/DECRETO-7107.2021-COVID-ALTERACAO.pdf\">DECRETO 7107.2021 COVID ALTERA\u00c7\u00c3O<\/a><\/p>\n<\/div><div class=\"sdm_download_link\"><span class=\"sdm_download_button\"><a href=\"http:\/\/www.sobradinho.rs.gov.br\/portal\/?sdm_process_download=1&download_id=10615\" class=\"sdm_download grey\" title=\"DECRETO 7107.2021\" target=\"_self\">Baixar agora!<\/a><\/span><span class=\"sdm_download_item_count\"><span class=\"sdm_item_count_number\">0<\/span><span class=\"sdm_item_count_string\"> Downloads<\/span><\/span><\/div><\/div><div class=\"sdm_download_item \"><div class=\"sdm_download_item_top\"><div class=\"sdm_download_thumbnail\"><\/div><div class=\"sdm_download_title\">Decreto 7.072 (com altera\u00e7\u00f5es)<\/div><\/div><div style=\"clear:both;\"><\/div><div class=\"sdm_download_description\"><p><a href=\"http:\/\/sobradinho.rs.gov.br\/portal\/wp-content\/uploads\/2021\/07\/Decreto-7.072-com-alteracoes.pdf\">Decreto 7.072 (com altera\u00e7\u00f5es)<\/a><\/p>\n<\/div><div class=\"sdm_download_link\"><span class=\"sdm_download_button\"><a href=\"http:\/\/www.sobradinho.rs.gov.br\/portal\/?sdm_process_download=1&download_id=10482\" class=\"sdm_download grey\" title=\"Decreto 7.072 (com altera\u00e7\u00f5es)\" target=\"_self\">Baixar agora!<\/a><\/span><span class=\"sdm_download_item_count\"><span class=\"sdm_item_count_number\">0<\/span><span class=\"sdm_item_count_string\"> Downloads<\/span><\/span><\/div><\/div><div class=\"sdm_download_item \"><div class=\"sdm_download_item_top\"><div class=\"sdm_download_thumbnail\"><\/div><div class=\"sdm_download_title\">DECRETO 7088.2021<\/div><\/div><div style=\"clear:both;\"><\/div><div class=\"sdm_download_description\"><p><a href=\"http:\/\/sobradinho.rs.gov.br\/portal\/wp-content\/uploads\/2021\/07\/DECRETO7088.2021.pdf\">DECRETO7088.2021<\/a><\/p>\n<\/div><div class=\"sdm_download_link\"><span class=\"sdm_download_button\"><a href=\"http:\/\/www.sobradinho.rs.gov.br\/portal\/?sdm_process_download=1&download_id=10480\" class=\"sdm_download grey\" title=\"DECRETO 7088.2021\" target=\"_self\">Baixar agora!<\/a><\/span><span class=\"sdm_download_item_count\"><span class=\"sdm_item_count_number\">0<\/span><span class=\"sdm_item_count_string\"> Downloads<\/span><\/span><\/div><\/div><div class=\"sdm_download_item \"><div class=\"sdm_download_item_top\"><div class=\"sdm_download_thumbnail\"><\/div><div class=\"sdm_download_title\">DECRETO 7085.2021<\/div><\/div><div style=\"clear:both;\"><\/div><div class=\"sdm_download_description\"><p><a href=\"http:\/\/sobradinho.rs.gov.br\/portal\/wp-content\/uploads\/2021\/07\/DECRETO7085.2021.pdf\">DECRETO7085.2021<\/a><\/p>\n<\/div><div class=\"sdm_download_link\"><span class=\"sdm_download_button\"><a href=\"http:\/\/www.sobradinho.rs.gov.br\/portal\/?sdm_process_download=1&download_id=10341\" class=\"sdm_download grey\" title=\"DECRETO 7085.2021\" target=\"_self\">Baixar agora!<\/a><\/span><span class=\"sdm_download_item_count\"><span class=\"sdm_item_count_number\">0<\/span><span class=\"sdm_item_count_string\"> Downloads<\/span><\/span><\/div><\/div><div class=\"sdm_download_item \"><div class=\"sdm_download_item_top\"><div class=\"sdm_download_thumbnail\"><\/div><div class=\"sdm_download_title\">DECRETO 7083 2021<\/div><\/div><div style=\"clear:both;\"><\/div><div class=\"sdm_download_description\"><p><a href=\"https:\/\/sobradinho.rs.gov.br\/portal\/wp-content\/uploads\/2021\/07\/DECRETO7083.2021.pdf\">DECRETO7083.2021<\/a><\/p>\n<\/div><div class=\"sdm_download_link\"><span class=\"sdm_download_button\"><a href=\"http:\/\/www.sobradinho.rs.gov.br\/portal\/?sdm_process_download=1&download_id=10320\" class=\"sdm_download grey\" title=\"DECRETO 7083 2021\" target=\"_self\">Baixar agora!<\/a><\/span><span class=\"sdm_download_item_count\"><span class=\"sdm_item_count_number\">0<\/span><span class=\"sdm_item_count_string\"> Downloads<\/span><\/span><\/div><\/div><div class=\"sdm_download_item \"><div class=\"sdm_download_item_top\"><div class=\"sdm_download_thumbnail\"><\/div><div class=\"sdm_download_title\">Decreto 7072.2021<\/div><\/div><div style=\"clear:both;\"><\/div><div class=\"sdm_download_description\"><p><a href=\"http:\/\/sobradinho.rs.gov.br\/portal\/wp-content\/uploads\/2021\/07\/Decreto-7072.2021.pdf\">Decreto 7072.2021<\/a><\/p>\n<\/div><div class=\"sdm_download_link\"><span class=\"sdm_download_button\"><a href=\"http:\/\/www.sobradinho.rs.gov.br\/portal\/?sdm_process_download=1&download_id=10263\" class=\"sdm_download grey\" title=\"Decreto 7072.2021\" target=\"_self\">Baixar agora!<\/a><\/span><span class=\"sdm_download_item_count\"><span class=\"sdm_item_count_number\">0<\/span><span class=\"sdm_item_count_string\"> Downloads<\/span><\/span><\/div><\/div><div class=\"sdm_download_item \"><div class=\"sdm_download_item_top\"><div class=\"sdm_download_thumbnail\"><\/div><div class=\"sdm_download_title\">Decreto 7.048.2021<\/div><\/div><div style=\"clear:both;\"><\/div><div class=\"sdm_download_description\"><p><a href=\"http:\/\/sobradinho.rs.gov.br\/portal\/wp-content\/uploads\/2021\/06\/Decreto-7.048.2021.pdf\">Decreto 7.048.2021<\/a><\/p>\n<\/div><div class=\"sdm_download_link\"><span class=\"sdm_download_button\"><a href=\"http:\/\/www.sobradinho.rs.gov.br\/portal\/?sdm_process_download=1&download_id=9950\" class=\"sdm_download grey\" title=\"Decreto 7.048.2021\" target=\"_self\">Baixar agora!<\/a><\/span><span class=\"sdm_download_item_count\"><span class=\"sdm_item_count_number\">0<\/span><span class=\"sdm_item_count_string\"> Downloads<\/span><\/span><\/div><\/div><div class=\"sdm_download_item \"><div class=\"sdm_download_item_top\"><div class=\"sdm_download_thumbnail\"><\/div><div class=\"sdm_download_title\">Decreto 7.036<\/div><\/div><div style=\"clear:both;\"><\/div><div class=\"sdm_download_description\"><p><a href=\"http:\/\/sobradinho.rs.gov.br\/portal\/wp-content\/uploads\/2021\/05\/Decreto-7.036.pdf\">Decreto 7.036<\/a><\/p>\n<\/div><div class=\"sdm_download_link\"><span class=\"sdm_download_button\"><a href=\"http:\/\/www.sobradinho.rs.gov.br\/portal\/?sdm_process_download=1&download_id=9865\" class=\"sdm_download grey\" title=\"Decreto 7.036\" target=\"_self\">Baixar agora!<\/a><\/span><span class=\"sdm_download_item_count\"><span class=\"sdm_item_count_number\">0<\/span><span class=\"sdm_item_count_string\"> Downloads<\/span><\/span><\/div><\/div><div class=\"sdm_download_item \"><div class=\"sdm_download_item_top\"><div class=\"sdm_download_thumbnail\"><\/div><div class=\"sdm_download_title\">DECRETO N\u00ba 7.012, DE 10 DE ABRIL DE 2021<\/div><\/div><div style=\"clear:both;\"><\/div><div class=\"sdm_download_description\"><p><a href=\"http:\/\/sobradinho.rs.gov.br\/portal\/wp-content\/uploads\/2021\/04\/DECRETO7012.2021-1.pdf\">DECRETO7012.2021<\/a><\/p>\n<\/div><div class=\"sdm_download_link\"><span class=\"sdm_download_button\"><a href=\"http:\/\/www.sobradinho.rs.gov.br\/portal\/?sdm_process_download=1&download_id=9478\" class=\"sdm_download grey\" title=\"DECRETO N\u00ba 7.012, DE 10 DE ABRIL DE 2021\" target=\"_self\">Baixar agora!<\/a><\/span><span class=\"sdm_download_item_count\"><span class=\"sdm_item_count_number\">0<\/span><span class=\"sdm_item_count_string\"> Downloads<\/span><\/span><\/div><\/div><div class=\"sdm_download_item \"><div class=\"sdm_download_item_top\"><div class=\"sdm_download_thumbnail\"><\/div><div class=\"sdm_download_title\">EDITAL 014.2021-DIVULGA\u00c7\u00c3O da ATA 02.2021 divulga\u00e7\u00e3o dos inscritos professores<\/div><\/div><div style=\"clear:both;\"><\/div><div class=\"sdm_download_description\"><p><a href=\"http:\/\/sobradinho.rs.gov.br\/portal\/wp-content\/uploads\/2021\/04\/EDITAL-014.2021-DIVULGACAO-da-ATA-02.2021-divulgacao-dos-inscritos-professores.pdf\">EDITAL 014.2021-DIVULGA\u00c7\u00c3O da ATA 02.2021 divulga\u00e7\u00e3o dos inscritos professores<\/a><\/p>\n<\/div><div class=\"sdm_download_link\"><span class=\"sdm_download_button\"><a href=\"http:\/\/www.sobradinho.rs.gov.br\/portal\/?sdm_process_download=1&download_id=9427\" class=\"sdm_download grey\" title=\"EDITAL 014.2021-DIVULGA\u00c7\u00c3O da ATA 02.2021 divulga\u00e7\u00e3o dos inscritos professores\" target=\"_self\">Baixar agora!<\/a><\/span><span class=\"sdm_download_item_count\"><span class=\"sdm_item_count_number\">0<\/span><span class=\"sdm_item_count_string\"> Downloads<\/span><\/span><\/div><\/div><div class=\"sdm_download_item \"><div class=\"sdm_download_item_top\"><div class=\"sdm_download_thumbnail\"><\/div><div class=\"sdm_download_title\">DECRETO N\u00ba 6.999, DE 02 DE ABRIL DE 2021<\/div><\/div><div style=\"clear:both;\"><\/div><div class=\"sdm_download_description\"><p><a href=\"http:\/\/sobradinho.rs.gov.br\/portal\/wp-content\/uploads\/2021\/04\/DECRETO6999.2021.pdf\">DECRETO6999.2021<\/a><\/p>\n<\/div><div class=\"sdm_download_link\"><span class=\"sdm_download_button\"><a href=\"http:\/\/www.sobradinho.rs.gov.br\/portal\/?sdm_process_download=1&download_id=9395\" class=\"sdm_download grey\" title=\"DECRETO N\u00ba 6.999, DE 02 DE ABRIL DE 2021\" target=\"_self\">Baixar agora!<\/a><\/span><span class=\"sdm_download_item_count\"><span class=\"sdm_item_count_number\">0<\/span><span class=\"sdm_item_count_string\"> Downloads<\/span><\/span><\/div><\/div><div class=\"sdm_download_item \"><div class=\"sdm_download_item_top\"><div class=\"sdm_download_thumbnail\"><\/div><div class=\"sdm_download_title\">DECRETO N\u00ba 6.983, DE 26 DE MAR\u00c7O DE 2021<\/div><\/div><div style=\"clear:both;\"><\/div><div class=\"sdm_download_description\"><p><a href=\"http:\/\/sobradinho.rs.gov.br\/portal\/wp-content\/uploads\/2021\/03\/Decreto-6983.2021.pdf\">Decreto 6983.2021<\/a><\/p>\n<\/div><div class=\"sdm_download_link\"><span class=\"sdm_download_button\"><a href=\"http:\/\/www.sobradinho.rs.gov.br\/portal\/?sdm_process_download=1&download_id=9308\" class=\"sdm_download grey\" title=\"DECRETO N\u00ba 6.983, DE 26 DE MAR\u00c7O DE 2021\" target=\"_self\">Baixar agora!<\/a><\/span><span class=\"sdm_download_item_count\"><span class=\"sdm_item_count_number\">0<\/span><span class=\"sdm_item_count_string\"> Downloads<\/span><\/span><\/div><\/div><div class=\"sdm_download_item \"><div class=\"sdm_download_item_top\"><div class=\"sdm_download_thumbnail\"><\/div><div class=\"sdm_download_title\">Decreto Luto Oficial Falecimento Servidor Carlos de Moura<\/div><\/div><div style=\"clear:both;\"><\/div><div class=\"sdm_download_description\"><p><a href=\"http:\/\/sobradinho.rs.gov.br\/portal\/wp-content\/uploads\/2021\/03\/DECRETO-LUTO-OFICIAL-FALECIMENTO-SEVIDOR-CARLOS-DE-MOURA.pdf\">DECRETO LUTO OFICIAL FALECIMENTO SEVIDOR CARLOS DE MOURA<\/a><\/p>\n<\/div><div class=\"sdm_download_link\"><span class=\"sdm_download_button\"><a href=\"http:\/\/www.sobradinho.rs.gov.br\/portal\/?sdm_process_download=1&download_id=9270\" class=\"sdm_download grey\" title=\"Decreto Luto Oficial Falecimento Servidor Carlos de Moura\" target=\"_self\">Baixar agora!<\/a><\/span><span class=\"sdm_download_item_count\"><span class=\"sdm_item_count_number\">0<\/span><span class=\"sdm_item_count_string\"> Downloads<\/span><\/span><\/div><\/div><div class=\"sdm_download_item \"><div class=\"sdm_download_item_top\"><div class=\"sdm_download_thumbnail\"><\/div><div class=\"sdm_download_title\">Decreto Luto Oficial Falecimento Ex Prefeito Jurandir Serena<\/div><\/div><div style=\"clear:both;\"><\/div><div class=\"sdm_download_description\"><p><a href=\"http:\/\/sobradinho.rs.gov.br\/portal\/wp-content\/uploads\/2021\/03\/DECRETO-LUTO-OFICIAL-FALECIMENTO-EX-PREFEITO-JURANDIR-SERENA.pdf\">DECRETO LUTO OFICIAL FALECIMENTO EX PREFEITO JURANDIR SERENA<\/a><\/p>\n<\/div><div class=\"sdm_download_link\"><span class=\"sdm_download_button\"><a href=\"http:\/\/www.sobradinho.rs.gov.br\/portal\/?sdm_process_download=1&download_id=9268\" class=\"sdm_download grey\" title=\"Decreto Luto Oficial Falecimento Ex Prefeito Jurandir Serena\" target=\"_self\">Baixar agora!<\/a><\/span><span class=\"sdm_download_item_count\"><span class=\"sdm_item_count_number\">0<\/span><span class=\"sdm_item_count_string\"> Downloads<\/span><\/span><\/div><\/div><div class=\"sdm_download_item \"><div class=\"sdm_download_item_top\"><div class=\"sdm_download_thumbnail\"><\/div><div class=\"sdm_download_title\">Decreto 6975-2021 &#8211; DECRETO CONJUNTO MUNIC\u00cdPIOS<\/div><\/div><div style=\"clear:both;\"><\/div><div class=\"sdm_download_description\"><p><a href=\"http:\/\/sobradinho.rs.gov.br\/portal\/wp-content\/uploads\/2021\/03\/Decreto-6975-2021-DECRETO-CONJUNTO-MUNICIPIOS.pdf\">Decreto 6975-2021 &#8211; DECRETO CONJUNTO MUNIC\u00cdPIOS<\/a><\/p>\n<\/div><div class=\"sdm_download_link\"><span class=\"sdm_download_button\"><a href=\"http:\/\/www.sobradinho.rs.gov.br\/portal\/?sdm_process_download=1&download_id=9260\" class=\"sdm_download grey\" title=\"Decreto 6975-2021 &#8211; DECRETO CONJUNTO MUNIC\u00cdPIOS\" target=\"_self\">Baixar agora!<\/a><\/span><span class=\"sdm_download_item_count\"><span class=\"sdm_item_count_number\">0<\/span><span class=\"sdm_item_count_string\"> Downloads<\/span><\/span><\/div><\/div><div class=\"sdm_clear_float\"><\/div><div class=\"sdm_pagination\"><span aria-current=\"page\" class=\"page-numbers current\">1<\/span>\n<a class=\"page-numbers\" href=\"http:\/\/www.sobradinho.rs.gov.br\/portal\/index.php#038;paged=2\">2<\/a>\n<a class=\"next page-numbers\" href=\"http:\/\/www.sobradinho.rs.gov.br\/portal\/index.php#038;paged=2\">&raquo;<\/a><\/div>\n","protected":false},"excerpt":{"rendered":"","protected":false},"author":2,"featured_media":0,"parent":0,"menu_order":0,"comment_status":"closed","ping_status":"closed","template":"","meta":{"_eb_attr":"","site-sidebar-layout":"default","site-content-layout":"","ast-site-content-layout":"default","site-content-style":"default","site-sidebar-style":"default","ast-global-header-display":"","ast-banner-title-visibility":"","ast-main-header-display":"","ast-hfb-above-header-display":"","ast-hfb-below-header-display":"","ast-hfb-mobile-header-display":"","site-post-title":"","ast-breadcrumbs-content":"","ast-featured-img":"","footer-sml-layout":"","theme-transparent-header-meta":"","adv-header-id-meta":"","stick-header-meta":"","header-above-stick-meta":"","header-main-stick-meta":"","header-below-stick-meta":"","astra-migrate-meta-layouts":"default","ast-page-background-enabled":"default","ast-page-background-meta":{"desktop":{"background-color":"var(--ast-global-color-4)","background-image":"","background-repeat":"repeat","background-position":"center center","background-size":"auto","background-attachment":"scroll","background-type":"","background-media":"","overlay-type":"","overlay-color":"","overlay-opacity":"","overlay-gradient":""},"tablet":{"background-color":"","background-image":"","background-repeat":"repeat","background-position":"center center","background-size":"auto","background-attachment":"scroll","background-type":"","background-media":"","overlay-type":"","overlay-color":"","overlay-opacity":"","overlay-gradient":""},"mobile":{"background-color":"","background-image":"","background-repeat":"repeat","background-position":"center center","background-size":"auto","background-attachment":"scroll","background-type":"","background-media":"","overlay-type":"","overlay-color":"","overlay-opacity":"","overlay-gradient":""}},"ast-content-background-meta":{"desktop":{"background-color":"var(--ast-global-color-5)","background-image":"","background-repeat":"repeat","background-position":"center center","background-size":"auto","background-attachment":"scroll","background-type":"","background-media":"","overlay-type":"","overlay-color":"","overlay-opacity":"","overlay-gradient":""},"tablet":{"background-color":"var(--ast-global-color-5)","background-image":"","background-repeat":"repeat","background-position":"center center","background-size":"auto","background-attachment":"scroll","background-type":"","background-media":"","overlay-type":"","overlay-color":"","overlay-opacity":"","overlay-gradient":""},"mobile":{"background-color":"var(--ast-global-color-5)","background-image":"","background-repeat":"repeat","background-position":"center center","background-size":"auto","background-attachment":"scroll","background-type":"","background-media":"","overlay-type":"","overlay-color":"","overlay-opacity":"","overlay-gradient":""}},"footnotes":""},"class_list":["post-8496","page","type-page","status-publish","hentry"],"_links":{"self":[{"href":"http:\/\/www.sobradinho.rs.gov.br\/portal\/index.php?rest_route=\/wp\/v2\/pages\/8496","targetHints":{"allow":["GET"]}}],"collection":[{"href":"http:\/\/www.sobradinho.rs.gov.br\/portal\/index.php?rest_route=\/wp\/v2\/pages"}],"about":[{"href":"http:\/\/www.sobradinho.rs.gov.br\/portal\/index.php?rest_route=\/wp\/v2\/types\/page"}],"author":[{"embeddable":true,"href":"http:\/\/www.sobradinho.rs.gov.br\/portal\/index.php?rest_route=\/wp\/v2\/users\/2"}],"replies":[{"embeddable":true,"href":"http:\/\/www.sobradinho.rs.gov.br\/portal\/index.php?rest_route=%2Fwp%2Fv2%2Fcomments&post=8496"}],"version-history":[{"count":1,"href":"http:\/\/www.sobradinho.rs.gov.br\/portal\/index.php?rest_route=\/wp\/v2\/pages\/8496\/revisions"}],"predecessor-version":[{"id":8497,"href":"http:\/\/www.sobradinho.rs.gov.br\/portal\/index.php?rest_route=\/wp\/v2\/pages\/8496\/revisions\/8497"}],"wp:attachment":[{"href":"http:\/\/www.sobradinho.rs.gov.br\/portal\/index.php?rest_route=%2Fwp%2Fv2%2Fmedia&parent=8496"}],"curies":[{"name":"wp","href":"https:\/\/api.w.org\/{rel}","templated":true}]}}