{"id":12544,"date":"2022-03-11T13:22:20","date_gmt":"2022-03-11T16:22:20","guid":{"rendered":"http:\/\/sobradinho.rs.gov.br\/portal\/?page_id=12544"},"modified":"2022-03-30T12:42:48","modified_gmt":"2022-03-30T15:42:48","slug":"associacao-civil-corpo-de-bombeiros-voluntarios-de-sobradinho-prestacao-de-contas","status":"publish","type":"page","link":"https:\/\/www.sobradinho.rs.gov.br\/portal\/?page_id=12544","title":{"rendered":"Associa\u00e7\u00e3o Civil Corpo de Bombeiros Volunt\u00e1rios de Sobradinho &#8211; Presta\u00e7\u00e3o de Contas"},"content":{"rendered":"\n<div class=\"wp-block-file\"><a href=\"http:\/\/sobradinho.rs.gov.br\/portal\/wp-content\/uploads\/2022\/03\/Requerimento-de-Prorrogacao-de-Prazo-para-Prestacao-de-Contas-Bombeiros.pdf\">Requerimento-de-Prorrogacao-de-Prazo-para-Prestacao-de-Contas-Bombeiros<\/a><a href=\"http:\/\/sobradinho.rs.gov.br\/portal\/wp-content\/uploads\/2022\/03\/Requerimento-de-Prorrogacao-de-Prazo-para-Prestacao-de-Contas-Bombeiros.pdf\" class=\"wp-block-file__button\" download>Baixar<\/a><\/div>\n\n\n\n<div class=\"wp-block-file\"><a href=\"http:\/\/sobradinho.rs.gov.br\/portal\/wp-content\/uploads\/2022\/03\/Protocolo-de-Prestacao-de-Contas-Inicial-Bombeiros.pdf\">Protocolo-de-Prestacao-de-Contas-Inicial-Bombeiros<\/a><a href=\"http:\/\/sobradinho.rs.gov.br\/portal\/wp-content\/uploads\/2022\/03\/Protocolo-de-Prestacao-de-Contas-Inicial-Bombeiros.pdf\" class=\"wp-block-file__button\" download>Baixar<\/a><\/div>\n\n\n\n<div class=\"wp-block-file\"><a href=\"http:\/\/sobradinho.rs.gov.br\/portal\/wp-content\/uploads\/2022\/03\/Prestacao-de-Contas-Inicial-Bombeiros.pdf\">Prestacao-de-Contas-Inicial-Bombeiros<\/a><a href=\"http:\/\/sobradinho.rs.gov.br\/portal\/wp-content\/uploads\/2022\/03\/Prestacao-de-Contas-Inicial-Bombeiros.pdf\" class=\"wp-block-file__button\" download>Baixar<\/a><\/div>\n\n\n\n<div class=\"wp-block-file\"><a href=\"http:\/\/sobradinho.rs.gov.br\/portal\/wp-content\/uploads\/2022\/03\/Prorrogacao-Prazo-Prestacao-de-Contas-Bombeiros.pdf\">Prorrogacao-Prazo-Prestacao-de-Contas-Bombeiros<\/a><a href=\"http:\/\/sobradinho.rs.gov.br\/portal\/wp-content\/uploads\/2022\/03\/Prorrogacao-Prazo-Prestacao-de-Contas-Bombeiros.pdf\" class=\"wp-block-file__button\" download>Baixar<\/a><\/div>\n\n\n\n<div class=\"wp-block-file\"><a href=\"http:\/\/sobradinho.rs.gov.br\/portal\/wp-content\/uploads\/2022\/03\/Protocolo-Prestacao-de-Contas-Final-Bombeiros.pdf\">Protocolo-Prestacao-de-Contas-Final-Bombeiros<\/a><a href=\"http:\/\/sobradinho.rs.gov.br\/portal\/wp-content\/uploads\/2022\/03\/Protocolo-Prestacao-de-Contas-Final-Bombeiros.pdf\" class=\"wp-block-file__button\" download>Baixar<\/a><\/div>\n\n\n\n<div class=\"wp-block-file\"><a href=\"http:\/\/sobradinho.rs.gov.br\/portal\/wp-content\/uploads\/2022\/03\/Prestacao-de-Contas-Final-Bombeiros.pdf\">Prestacao-de-Contas-Final-Bombeiros<\/a><a href=\"http:\/\/sobradinho.rs.gov.br\/portal\/wp-content\/uploads\/2022\/03\/Prestacao-de-Contas-Final-Bombeiros.pdf\" class=\"wp-block-file__button\" download>Baixar<\/a><\/div>\n\n\n\n<div class=\"wp-block-file\"><a href=\"http:\/\/sobradinho.rs.gov.br\/portal\/wp-content\/uploads\/2022\/03\/Prestacao-de-Contas-Final-Bombeiros-2.pdf\">Prestacao-de-Contas-Final-Bombeiros-2<\/a><a href=\"http:\/\/sobradinho.rs.gov.br\/portal\/wp-content\/uploads\/2022\/03\/Prestacao-de-Contas-Final-Bombeiros-2.pdf\" class=\"wp-block-file__button\" download>Baixar<\/a><\/div>\n\n\n\n<div class=\"wp-block-file\"><a href=\"http:\/\/sobradinho.rs.gov.br\/portal\/wp-content\/uploads\/2022\/03\/Prestacao-de-Contas-Final-Bombeiros-3.pdf\">Prestacao-de-Contas-Final-Bombeiros-3<\/a><a href=\"http:\/\/sobradinho.rs.gov.br\/portal\/wp-content\/uploads\/2022\/03\/Prestacao-de-Contas-Final-Bombeiros-3.pdf\" class=\"wp-block-file__button\" download>Baixar<\/a><\/div>\n\n\n\n<div class=\"wp-block-file\"><a href=\"http:\/\/sobradinho.rs.gov.br\/portal\/wp-content\/uploads\/2022\/03\/Parecer-da-Comissao.pdf\">Parecer-da-Comissao<\/a><a href=\"http:\/\/sobradinho.rs.gov.br\/portal\/wp-content\/uploads\/2022\/03\/Parecer-da-Comissao.pdf\" class=\"wp-block-file__button\" download>Baixar<\/a><\/div>\n\n\n\n<div class=\"wp-block-file\"><a href=\"http:\/\/sobradinho.rs.gov.br\/portal\/wp-content\/uploads\/2022\/03\/Parecer-Final-Prestacao-de-Contas-Bombeiros.pdf\">Parecer-Final-Prestacao-de-Contas-Bombeiros<\/a><a href=\"http:\/\/sobradinho.rs.gov.br\/portal\/wp-content\/uploads\/2022\/03\/Parecer-Final-Prestacao-de-Contas-Bombeiros.pdf\" class=\"wp-block-file__button\" download>Baixar<\/a><\/div>\n","protected":false},"excerpt":{"rendered":"","protected":false},"author":19,"featured_media":0,"parent":0,"menu_order":0,"comment_status":"closed","ping_status":"closed","template":"","meta":{"_eb_attr":"","site-sidebar-layout":"default","site-content-layout":"","ast-site-content-layout":"default","site-content-style":"default","site-sidebar-style":"default","ast-global-header-display":"","ast-banner-title-visibility":"","ast-main-header-display":"","ast-hfb-above-header-display":"","ast-hfb-below-header-display":"","ast-hfb-mobile-header-display":"","site-post-title":"","ast-breadcrumbs-content":"","ast-featured-img":"","footer-sml-layout":"","theme-transparent-header-meta":"","adv-header-id-meta":"","stick-header-meta":"","header-above-stick-meta":"","header-main-stick-meta":"","header-below-stick-meta":"","astra-migrate-meta-layouts":"default","ast-page-background-enabled":"default","ast-page-background-meta":{"desktop":{"background-color":"var(--ast-global-color-4)","background-image":"","background-repeat":"repeat","background-position":"center center","background-size":"auto","background-attachment":"scroll","background-type":"","background-media":"","overlay-type":"","overlay-color":"","overlay-opacity":"","overlay-gradient":""},"tablet":{"background-color":"","background-image":"","background-repeat":"repeat","background-position":"center center","background-size":"auto","background-attachment":"scroll","background-type":"","background-media":"","overlay-type":"","overlay-color":"","overlay-opacity":"","overlay-gradient":""},"mobile":{"background-color":"","background-image":"","background-repeat":"repeat","background-position":"center center","background-size":"auto","background-attachment":"scroll","background-type":"","background-media":"","overlay-type":"","overlay-color":"","overlay-opacity":"","overlay-gradient":""}},"ast-content-background-meta":{"desktop":{"background-color":"var(--ast-global-color-5)","background-image":"","background-repeat":"repeat","background-position":"center center","background-size":"auto","background-attachment":"scroll","background-type":"","background-media":"","overlay-type":"","overlay-color":"","overlay-opacity":"","overlay-gradient":""},"tablet":{"background-color":"var(--ast-global-color-5)","background-image":"","background-repeat":"repeat","background-position":"center center","background-size":"auto","background-attachment":"scroll","background-type":"","background-media":"","overlay-type":"","overlay-color":"","overlay-opacity":"","overlay-gradient":""},"mobile":{"background-color":"var(--ast-global-color-5)","background-image":"","background-repeat":"repeat","background-position":"center center","background-size":"auto","background-attachment":"scroll","background-type":"","background-media":"","overlay-type":"","overlay-color":"","overlay-opacity":"","overlay-gradient":""}},"footnotes":""},"class_list":["post-12544","page","type-page","status-publish","hentry"],"_links":{"self":[{"href":"https:\/\/www.sobradinho.rs.gov.br\/portal\/index.php?rest_route=\/wp\/v2\/pages\/12544","targetHints":{"allow":["GET"]}}],"collection":[{"href":"https:\/\/www.sobradinho.rs.gov.br\/portal\/index.php?rest_route=\/wp\/v2\/pages"}],"about":[{"href":"https:\/\/www.sobradinho.rs.gov.br\/portal\/index.php?rest_route=\/wp\/v2\/types\/page"}],"author":[{"embeddable":true,"href":"https:\/\/www.sobradinho.rs.gov.br\/portal\/index.php?rest_route=\/wp\/v2\/users\/19"}],"replies":[{"embeddable":true,"href":"https:\/\/www.sobradinho.rs.gov.br\/portal\/index.php?rest_route=%2Fwp%2Fv2%2Fcomments&post=12544"}],"version-history":[{"count":2,"href":"https:\/\/www.sobradinho.rs.gov.br\/portal\/index.php?rest_route=\/wp\/v2\/pages\/12544\/revisions"}],"predecessor-version":[{"id":12672,"href":"https:\/\/www.sobradinho.rs.gov.br\/portal\/index.php?rest_route=\/wp\/v2\/pages\/12544\/revisions\/12672"}],"wp:attachment":[{"href":"https:\/\/www.sobradinho.rs.gov.br\/portal\/index.php?rest_route=%2Fwp%2Fv2%2Fmedia&parent=12544"}],"curies":[{"name":"wp","href":"https:\/\/api.w.org\/{rel}","templated":true}]}}