{"id":13654,"date":"2022-08-19T13:59:27","date_gmt":"2022-08-19T16:59:27","guid":{"rendered":"http:\/\/sobradinho.rs.gov.br\/portal\/?page_id=13654"},"modified":"2022-10-18T13:37:04","modified_gmt":"2022-10-18T16:37:04","slug":"edital-de-chamamento-publico-n-01-2022-documentos","status":"publish","type":"page","link":"https:\/\/www.sobradinho.rs.gov.br\/portal\/?page_id=13654","title":{"rendered":"Edital de Chamamento P\u00fablico n\u00b0 01\/2022 &#8211; Documentos"},"content":{"rendered":"\n<div class=\"wp-block-file\"><a href=\"http:\/\/sobradinho.rs.gov.br\/portal\/wp-content\/uploads\/2022\/10\/Edital-047.2022.-Chamamento-001.2022.pdf\">Edital-047.2022.-Chamamento-001.2022<\/a><a href=\"http:\/\/sobradinho.rs.gov.br\/portal\/wp-content\/uploads\/2022\/10\/Edital-047.2022.-Chamamento-001.2022.pdf\" class=\"wp-block-file__button\" download>Baixar<\/a><\/div>\n\n\n\n<div class=\"wp-block-file\"><a href=\"http:\/\/sobradinho.rs.gov.br\/portal\/wp-content\/uploads\/2022\/10\/Parecer-de-Julgamento-das-Propostas.pdf\">Parecer de Julgamento das Propostas<\/a><a href=\"http:\/\/sobradinho.rs.gov.br\/portal\/wp-content\/uploads\/2022\/10\/Parecer-de-Julgamento-das-Propostas.pdf\" class=\"wp-block-file__button\" download>Baixar<\/a><\/div>\n\n\n\n<div class=\"wp-block-file\"><a href=\"http:\/\/sobradinho.rs.gov.br\/portal\/wp-content\/uploads\/2022\/10\/Parecer-de-Homologacao-do-Resultado-Final.pdf\">Parecer de Homologa\u00e7\u00e3o do Resultado Final<\/a><a href=\"http:\/\/sobradinho.rs.gov.br\/portal\/wp-content\/uploads\/2022\/10\/Parecer-de-Homologacao-do-Resultado-Final.pdf\" class=\"wp-block-file__button\" download>Baixar<\/a><\/div>\n\n\n\n<div class=\"wp-block-file\"><a href=\"http:\/\/sobradinho.rs.gov.br\/portal\/wp-content\/uploads\/2022\/10\/Convocacao-das-Entidades.pdf\">Convoca\u00e7\u00e3o das Entidades<\/a><a href=\"http:\/\/sobradinho.rs.gov.br\/portal\/wp-content\/uploads\/2022\/10\/Convocacao-das-Entidades.pdf\" class=\"wp-block-file__button\" download>Baixar<\/a><\/div>\n\n\n\n<div class=\"wp-block-file\"><a href=\"http:\/\/sobradinho.rs.gov.br\/portal\/wp-content\/uploads\/2022\/10\/Portaria-do-Gestor-Bombeiros.pdf\">Portaria do Gestor &#8211; Bombeiros<\/a><a href=\"http:\/\/sobradinho.rs.gov.br\/portal\/wp-content\/uploads\/2022\/10\/Portaria-do-Gestor-Bombeiros.pdf\" class=\"wp-block-file__button\" download>Baixar<\/a><\/div>\n\n\n\n<div class=\"wp-block-file\"><a href=\"http:\/\/sobradinho.rs.gov.br\/portal\/wp-content\/uploads\/2022\/10\/Portaria-do-Gestor-Arte-Rodas.pdf\">Portaria do Gestor &#8211; Arte Rodas<\/a><a href=\"http:\/\/sobradinho.rs.gov.br\/portal\/wp-content\/uploads\/2022\/10\/Portaria-do-Gestor-Arte-Rodas.pdf\" class=\"wp-block-file__button\" download>Baixar<\/a><\/div>\n\n\n\n<div class=\"wp-block-file\"><a href=\"http:\/\/sobradinho.rs.gov.br\/portal\/wp-content\/uploads\/2022\/10\/Portaria-do-Gestor-Arte-e-Cidadania.pdf\">Portaria do Gestor &#8211; Arte e Cidadania<\/a><a href=\"http:\/\/sobradinho.rs.gov.br\/portal\/wp-content\/uploads\/2022\/10\/Portaria-do-Gestor-Arte-e-Cidadania.pdf\" class=\"wp-block-file__button\" download>Baixar<\/a><\/div>\n\n\n\n<div class=\"wp-block-file\"><a href=\"http:\/\/sobradinho.rs.gov.br\/portal\/wp-content\/uploads\/2022\/10\/Portaria-do-Gestor-Arte-e-Canto.pdf\">Portaria do Gestor &#8211; Arte e Canto<\/a><a href=\"http:\/\/sobradinho.rs.gov.br\/portal\/wp-content\/uploads\/2022\/10\/Portaria-do-Gestor-Arte-e-Canto.pdf\" class=\"wp-block-file__button\" download>Baixar<\/a><\/div>\n\n\n\n<div class=\"wp-block-file\"><a href=\"http:\/\/sobradinho.rs.gov.br\/portal\/wp-content\/uploads\/2022\/10\/Notificacoes.pdf\">Notifica\u00e7\u00f5es<\/a><a href=\"http:\/\/sobradinho.rs.gov.br\/portal\/wp-content\/uploads\/2022\/10\/Notificacoes.pdf\" class=\"wp-block-file__button\" download>Baixar<\/a><\/div>\n\n\n\n<div class=\"wp-block-file\"><a href=\"http:\/\/sobradinho.rs.gov.br\/portal\/wp-content\/uploads\/2022\/10\/Analise-de-Documentacao-Notificacao-1-Bombeiros.pdf\">An\u00e1lise de Documenta\u00e7\u00e3o &#8211; Notifica\u00e7\u00e3o 1 &#8211; Bombeiros<\/a><a href=\"http:\/\/sobradinho.rs.gov.br\/portal\/wp-content\/uploads\/2022\/10\/Analise-de-Documentacao-Notificacao-1-Bombeiros.pdf\" class=\"wp-block-file__button\" download>Baixar<\/a><\/div>\n\n\n\n<div class=\"wp-block-file\"><a href=\"http:\/\/sobradinho.rs.gov.br\/portal\/wp-content\/uploads\/2022\/10\/Analise-de-Documentacao-Notificacao-3-Arte-e-Canto.pdf\">An\u00e1lise de Documenta\u00e7\u00e3o &#8211; Notifica\u00e7\u00e3o 3 &#8211; Arte e Canto<\/a><a href=\"http:\/\/sobradinho.rs.gov.br\/portal\/wp-content\/uploads\/2022\/10\/Analise-de-Documentacao-Notificacao-3-Arte-e-Canto.pdf\" class=\"wp-block-file__button\" download>Baixar<\/a><\/div>\n","protected":false},"excerpt":{"rendered":"","protected":false},"author":19,"featured_media":0,"parent":0,"menu_order":0,"comment_status":"closed","ping_status":"closed","template":"","meta":{"_eb_attr":"","site-sidebar-layout":"default","site-content-layout":"","ast-site-content-layout":"default","site-content-style":"default","site-sidebar-style":"default","ast-global-header-display":"","ast-banner-title-visibility":"","ast-main-header-display":"","ast-hfb-above-header-display":"","ast-hfb-below-header-display":"","ast-hfb-mobile-header-display":"","site-post-title":"","ast-breadcrumbs-content":"","ast-featured-img":"","footer-sml-layout":"","theme-transparent-header-meta":"","adv-header-id-meta":"","stick-header-meta":"","header-above-stick-meta":"","header-main-stick-meta":"","header-below-stick-meta":"","astra-migrate-meta-layouts":"default","ast-page-background-enabled":"default","ast-page-background-meta":{"desktop":{"background-color":"var(--ast-global-color-4)","background-image":"","background-repeat":"repeat","background-position":"center center","background-size":"auto","background-attachment":"scroll","background-type":"","background-media":"","overlay-type":"","overlay-color":"","overlay-opacity":"","overlay-gradient":""},"tablet":{"background-color":"","background-image":"","background-repeat":"repeat","background-position":"center center","background-size":"auto","background-attachment":"scroll","background-type":"","background-media":"","overlay-type":"","overlay-color":"","overlay-opacity":"","overlay-gradient":""},"mobile":{"background-color":"","background-image":"","background-repeat":"repeat","background-position":"center center","background-size":"auto","background-attachment":"scroll","background-type":"","background-media":"","overlay-type":"","overlay-color":"","overlay-opacity":"","overlay-gradient":""}},"ast-content-background-meta":{"desktop":{"background-color":"var(--ast-global-color-5)","background-image":"","background-repeat":"repeat","background-position":"center center","background-size":"auto","background-attachment":"scroll","background-type":"","background-media":"","overlay-type":"","overlay-color":"","overlay-opacity":"","overlay-gradient":""},"tablet":{"background-color":"var(--ast-global-color-5)","background-image":"","background-repeat":"repeat","background-position":"center center","background-size":"auto","background-attachment":"scroll","background-type":"","background-media":"","overlay-type":"","overlay-color":"","overlay-opacity":"","overlay-gradient":""},"mobile":{"background-color":"var(--ast-global-color-5)","background-image":"","background-repeat":"repeat","background-position":"center center","background-size":"auto","background-attachment":"scroll","background-type":"","background-media":"","overlay-type":"","overlay-color":"","overlay-opacity":"","overlay-gradient":""}},"footnotes":""},"class_list":["post-13654","page","type-page","status-publish","hentry"],"_links":{"self":[{"href":"https:\/\/www.sobradinho.rs.gov.br\/portal\/index.php?rest_route=\/wp\/v2\/pages\/13654","targetHints":{"allow":["GET"]}}],"collection":[{"href":"https:\/\/www.sobradinho.rs.gov.br\/portal\/index.php?rest_route=\/wp\/v2\/pages"}],"about":[{"href":"https:\/\/www.sobradinho.rs.gov.br\/portal\/index.php?rest_route=\/wp\/v2\/types\/page"}],"author":[{"embeddable":true,"href":"https:\/\/www.sobradinho.rs.gov.br\/portal\/index.php?rest_route=\/wp\/v2\/users\/19"}],"replies":[{"embeddable":true,"href":"https:\/\/www.sobradinho.rs.gov.br\/portal\/index.php?rest_route=%2Fwp%2Fv2%2Fcomments&post=13654"}],"version-history":[{"count":2,"href":"https:\/\/www.sobradinho.rs.gov.br\/portal\/index.php?rest_route=\/wp\/v2\/pages\/13654\/revisions"}],"predecessor-version":[{"id":14060,"href":"https:\/\/www.sobradinho.rs.gov.br\/portal\/index.php?rest_route=\/wp\/v2\/pages\/13654\/revisions\/14060"}],"wp:attachment":[{"href":"https:\/\/www.sobradinho.rs.gov.br\/portal\/index.php?rest_route=%2Fwp%2Fv2%2Fmedia&parent=13654"}],"curies":[{"name":"wp","href":"https:\/\/api.w.org\/{rel}","templated":true}]}}