{"id":13884,"date":"2022-09-29T10:23:29","date_gmt":"2022-09-29T13:23:29","guid":{"rendered":"http:\/\/sobradinho.rs.gov.br\/portal\/?page_id=13884"},"modified":"2022-09-29T10:59:28","modified_gmt":"2022-09-29T13:59:28","slug":"previdencia-complementar","status":"publish","type":"page","link":"https:\/\/www.sobradinho.rs.gov.br\/portal\/?page_id=13884","title":{"rendered":"Previd\u00eancia Complementar"},"content":{"rendered":"\n<figure class=\"wp-block-image size-large\"><img fetchpriority=\"high\" decoding=\"async\" width=\"1024\" height=\"899\" src=\"http:\/\/sobradinho.rs.gov.br\/portal\/wp-content\/uploads\/2022\/09\/Campanha-FBPREV-Multipatrocinado-POST-redes-sociais1_Easy-Resize.com_-1024x899.jpg\" alt=\"\" class=\"wp-image-13888\" srcset=\"https:\/\/www.sobradinho.rs.gov.br\/portal\/wp-content\/uploads\/2022\/09\/Campanha-FBPREV-Multipatrocinado-POST-redes-sociais1_Easy-Resize.com_-1024x899.jpg 1024w, https:\/\/www.sobradinho.rs.gov.br\/portal\/wp-content\/uploads\/2022\/09\/Campanha-FBPREV-Multipatrocinado-POST-redes-sociais1_Easy-Resize.com_-300x263.jpg 300w, https:\/\/www.sobradinho.rs.gov.br\/portal\/wp-content\/uploads\/2022\/09\/Campanha-FBPREV-Multipatrocinado-POST-redes-sociais1_Easy-Resize.com_-768x674.jpg 768w, https:\/\/www.sobradinho.rs.gov.br\/portal\/wp-content\/uploads\/2022\/09\/Campanha-FBPREV-Multipatrocinado-POST-redes-sociais1_Easy-Resize.com_-166x146.jpg 166w, https:\/\/www.sobradinho.rs.gov.br\/portal\/wp-content\/uploads\/2022\/09\/Campanha-FBPREV-Multipatrocinado-POST-redes-sociais1_Easy-Resize.com_-50x44.jpg 50w, https:\/\/www.sobradinho.rs.gov.br\/portal\/wp-content\/uploads\/2022\/09\/Campanha-FBPREV-Multipatrocinado-POST-redes-sociais1_Easy-Resize.com_-85x75.jpg 85w, https:\/\/www.sobradinho.rs.gov.br\/portal\/wp-content\/uploads\/2022\/09\/Campanha-FBPREV-Multipatrocinado-POST-redes-sociais1_Easy-Resize.com_.jpg 1280w\" sizes=\"(max-width: 1024px) 100vw, 1024px\" \/><\/figure>\n\n\n<p style=\"text-align: justify;\"><strong>A Funda\u00e7\u00e3o Banrisul foi selecionada para ser gestora da Previd\u00eancia Complementar do seu Munic\u00edpio<\/strong><\/p>\n<p style=\"text-align: justify;\">Ol\u00e1, tudo bem?<\/p>\n<p style=\"text-align: justify;\">A Funda\u00e7\u00e3o Banrisul foi a vencedora do Processo de Sele\u00e7\u00e3o para a gest\u00e3o da Previd\u00eancia Complementar dos servidores no seu Munic\u00edpio. A partir de agora voc\u00ea, servidor p\u00fablico, passa a ter a op\u00e7\u00e3o de ampliar a sua prote\u00e7\u00e3o previdenci\u00e1ria e, assim, preservar a qualidade de vida na aposentadoria.<\/p>\n<p style=\"text-align: justify;\">Com a ades\u00e3o do seu Munic\u00edpio ao plano de benef\u00edcios, criado e administrado pela Funda\u00e7\u00e3o Banrisul, e a respectiva aprova\u00e7\u00e3o por parte da PREVIC (\u00f3rg\u00e3o fiscalizador das Entidades Fechadas de Previd\u00eancia Complementar \u2013 EFPC) voc\u00ea, servidor p\u00fablico, passa a ter a op\u00e7\u00e3o de ampliar a prote\u00e7\u00e3o previdenci\u00e1ria e assim preservar sua qualidade de vida na aposentadoria.<\/p>\n<p style=\"text-align: justify;\">A PREVID\u00caNCIA COMPLEMENTAR \u00c9 DE ADES\u00c3O OBRIGAT\u00d3RIA aos servidores que ingressarem por Concurso P\u00fablico a partir de sua constitui\u00e7\u00e3o. Para os Servidores Efetivos que j\u00e1 fazem parte do quadro ser\u00e1 de ades\u00e3o FACULTATIVA.<\/p>\n<p style=\"text-align: justify;\">O FBPREV Multipatrocinado \u00e9 um plano estruturado na modalidade de Contribui\u00e7\u00e3o Definida (CD), o que significa dizer que \u00e9 o participante quem definir\u00e1 o percentual de sua contribui\u00e7\u00e3o respeitados os limites da Lei Municipal de cria\u00e7\u00e3o do Regime de Previd\u00eancia Complementar, e o seu benef\u00edcio futuro ser\u00e1 estabelecido com base no saldo decorrente dos aportes efetuados pelos participantes e patrocinadores (Entes Federativos) durante todo o per\u00edodo de contribui\u00e7\u00e3o, podendo assim manter sua capacidade de renda na aposentadoria.<\/p>\n<p style=\"text-align: justify;\">O que queremos agora \u00e9 conhecer voc\u00ea, compreender melhor suas necessidades, falar um pouco mais sobre as vantagens da Previd\u00eancia Complementar e sobre todos os benef\u00edcios que o Plano FBPREV Multipatrocinado tem a lhe oferecer, na certeza de que, fazendo isso, estamos fazendo o melhor por voc\u00ea, seu futuro e da sua fam\u00edlia.<\/p>\n<p style=\"text-align: justify;\">Acesse nossa p\u00e1gina oficial (<a href=\"https:\/\/www.fbss.org.br\/v2021\/#!\">https:\/\/www.fbss.org.br\/v2021\/#!<\/a>) e conhe\u00e7a mais sobre o Plano e as possibilidades de simula\u00e7\u00e3o de seu benef\u00edcio futuro.<\/p>\n\n\n<div class=\"wp-block-file\"><a href=\"http:\/\/sobradinho.rs.gov.br\/portal\/wp-content\/uploads\/2022\/09\/Guia_do_Participante_FBPREVMulti-1.pdf\"><strong>Guia do Participante FBPREV<\/strong><\/a><a href=\"http:\/\/sobradinho.rs.gov.br\/portal\/wp-content\/uploads\/2022\/09\/Guia_do_Participante_FBPREVMulti-1.pdf\" class=\"wp-block-file__button\" download>Baixar<\/a><\/div>\n\n\n\n<figure class=\"wp-block-embed-youtube wp-block-embed is-type-video is-provider-youtube wp-embed-aspect-16-9 wp-has-aspect-ratio\"><div class=\"wp-block-embed__wrapper\">\n<div class=\"ast-oembed-container \" style=\"height: 100%;\"><iframe title=\"Campanha FBPREV Multi patrocinado\" width=\"500\" height=\"281\" src=\"https:\/\/www.youtube.com\/embed\/JGDBMvnhJe0?feature=oembed\" frameborder=\"0\" allow=\"accelerometer; autoplay; clipboard-write; encrypted-media; gyroscope; picture-in-picture; web-share\" referrerpolicy=\"strict-origin-when-cross-origin\" allowfullscreen><\/iframe><\/div>\n<\/div><\/figure>\n\n\n\n<figure class=\"wp-block-image size-large\"><img decoding=\"async\" width=\"1024\" height=\"455\" src=\"http:\/\/sobradinho.rs.gov.br\/portal\/wp-content\/uploads\/2021\/06\/Logo_Secretaria-de-Administracao-1024x455.jpg\" alt=\"\" class=\"wp-image-10130\" srcset=\"https:\/\/www.sobradinho.rs.gov.br\/portal\/wp-content\/uploads\/2021\/06\/Logo_Secretaria-de-Administracao-1024x455.jpg 1024w, https:\/\/www.sobradinho.rs.gov.br\/portal\/wp-content\/uploads\/2021\/06\/Logo_Secretaria-de-Administracao-300x133.jpg 300w, https:\/\/www.sobradinho.rs.gov.br\/portal\/wp-content\/uploads\/2021\/06\/Logo_Secretaria-de-Administracao-768x341.jpg 768w, https:\/\/www.sobradinho.rs.gov.br\/portal\/wp-content\/uploads\/2021\/06\/Logo_Secretaria-de-Administracao-260x116.jpg 260w, https:\/\/www.sobradinho.rs.gov.br\/portal\/wp-content\/uploads\/2021\/06\/Logo_Secretaria-de-Administracao-50x22.jpg 50w, https:\/\/www.sobradinho.rs.gov.br\/portal\/wp-content\/uploads\/2021\/06\/Logo_Secretaria-de-Administracao-150x67.jpg 150w, https:\/\/www.sobradinho.rs.gov.br\/portal\/wp-content\/uploads\/2021\/06\/Logo_Secretaria-de-Administracao.jpg 1280w\" sizes=\"(max-width: 1024px) 100vw, 1024px\" \/><\/figure>\n","protected":false},"excerpt":{"rendered":"<p>A Funda\u00e7\u00e3o Banrisul foi selecionada para ser gestora da Previd\u00eancia Complementar do seu Munic\u00edpio Ol\u00e1, tudo bem? A Funda\u00e7\u00e3o Banrisul [&hellip;]<\/p>\n","protected":false},"author":1,"featured_media":0,"parent":0,"menu_order":0,"comment_status":"closed","ping_status":"closed","template":"","meta":{"_eb_attr":"","site-sidebar-layout":"default","site-content-layout":"","ast-site-content-layout":"default","site-content-style":"default","site-sidebar-style":"default","ast-global-header-display":"","ast-banner-title-visibility":"","ast-main-header-display":"","ast-hfb-above-header-display":"","ast-hfb-below-header-display":"","ast-hfb-mobile-header-display":"","site-post-title":"","ast-breadcrumbs-content":"","ast-featured-img":"","footer-sml-layout":"","theme-transparent-header-meta":"","adv-header-id-meta":"","stick-header-meta":"","header-above-stick-meta":"","header-main-stick-meta":"","header-below-stick-meta":"","astra-migrate-meta-layouts":"default","ast-page-background-enabled":"default","ast-page-background-meta":{"desktop":{"background-color":"var(--ast-global-color-4)","background-image":"","background-repeat":"repeat","background-position":"center center","background-size":"auto","background-attachment":"scroll","background-type":"","background-media":"","overlay-type":"","overlay-color":"","overlay-opacity":"","overlay-gradient":""},"tablet":{"background-color":"","background-image":"","background-repeat":"repeat","background-position":"center center","background-size":"auto","background-attachment":"scroll","background-type":"","background-media":"","overlay-type":"","overlay-color":"","overlay-opacity":"","overlay-gradient":""},"mobile":{"background-color":"","background-image":"","background-repeat":"repeat","background-position":"center center","background-size":"auto","background-attachment":"scroll","background-type":"","background-media":"","overlay-type":"","overlay-color":"","overlay-opacity":"","overlay-gradient":""}},"ast-content-background-meta":{"desktop":{"background-color":"var(--ast-global-color-5)","background-image":"","background-repeat":"repeat","background-position":"center center","background-size":"auto","background-attachment":"scroll","background-type":"","background-media":"","overlay-type":"","overlay-color":"","overlay-opacity":"","overlay-gradient":""},"tablet":{"background-color":"var(--ast-global-color-5)","background-image":"","background-repeat":"repeat","background-position":"center center","background-size":"auto","background-attachment":"scroll","background-type":"","background-media":"","overlay-type":"","overlay-color":"","overlay-opacity":"","overlay-gradient":""},"mobile":{"background-color":"var(--ast-global-color-5)","background-image":"","background-repeat":"repeat","background-position":"center center","background-size":"auto","background-attachment":"scroll","background-type":"","background-media":"","overlay-type":"","overlay-color":"","overlay-opacity":"","overlay-gradient":""}},"footnotes":""},"class_list":["post-13884","page","type-page","status-publish","hentry"],"_links":{"self":[{"href":"https:\/\/www.sobradinho.rs.gov.br\/portal\/index.php?rest_route=\/wp\/v2\/pages\/13884","targetHints":{"allow":["GET"]}}],"collection":[{"href":"https:\/\/www.sobradinho.rs.gov.br\/portal\/index.php?rest_route=\/wp\/v2\/pages"}],"about":[{"href":"https:\/\/www.sobradinho.rs.gov.br\/portal\/index.php?rest_route=\/wp\/v2\/types\/page"}],"author":[{"embeddable":true,"href":"https:\/\/www.sobradinho.rs.gov.br\/portal\/index.php?rest_route=\/wp\/v2\/users\/1"}],"replies":[{"embeddable":true,"href":"https:\/\/www.sobradinho.rs.gov.br\/portal\/index.php?rest_route=%2Fwp%2Fv2%2Fcomments&post=13884"}],"version-history":[{"count":3,"href":"https:\/\/www.sobradinho.rs.gov.br\/portal\/index.php?rest_route=\/wp\/v2\/pages\/13884\/revisions"}],"predecessor-version":[{"id":13893,"href":"https:\/\/www.sobradinho.rs.gov.br\/portal\/index.php?rest_route=\/wp\/v2\/pages\/13884\/revisions\/13893"}],"wp:attachment":[{"href":"https:\/\/www.sobradinho.rs.gov.br\/portal\/index.php?rest_route=%2Fwp%2Fv2%2Fmedia&parent=13884"}],"curies":[{"name":"wp","href":"https:\/\/api.w.org\/{rel}","templated":true}]}}