{"id":16759,"date":"2024-04-01T15:39:34","date_gmt":"2024-04-01T18:39:34","guid":{"rendered":"http:\/\/www.sobradinho.rs.gov.br\/portal\/?page_id=16759"},"modified":"2025-05-29T15:02:03","modified_gmt":"2025-05-29T18:02:03","slug":"avaliacao-metas-fiscais-2024","status":"publish","type":"page","link":"https:\/\/www.sobradinho.rs.gov.br\/portal\/?page_id=16759","title":{"rendered":"Avalia\u00e7\u00e3o Metas Fiscais"},"content":{"rendered":"<div class=\"sdm_download_item \"><div class=\"sdm_download_item_top\"><div class=\"sdm_download_thumbnail\"><\/div><div class=\"sdm_download_title\"><\/div><\/div><div style=\"clear:both;\"><\/div><div class=\"sdm_download_description\"><p>Para acessar os relat\u00f3rios de Audi\u00eancia P\u00fablica, acesse o Portal da Transpar\u00eancia em <a class=\"button-path\" title=\"Grupos da Transpar\u00eancia\" href=\"https:\/\/sobradinho.atende.net\/transparencia\/grupo\" aria-label=\"Link para: Grupos da Transpar\u00eancia\">Grupos da Transpar\u00eancia &gt;<\/a>\u00a0<a class=\"button-path\" title=\"Relat\u00f3rios Legais\" href=\"https:\/\/sobradinho.atende.net\/transparencia\/grupo\/relatorios-legais\" aria-label=\"Link para: Relat\u00f3rios Legais\">Relat\u00f3rios Legais &gt;<\/a>\u00a0<a class=\"button-path\" title=\"Atas Aud. P\u00fab. Aval. Metas Fiscais\" href=\"https:\/\/sobradinho.atende.net\/transparencia\/item\/atas-aud-pub-aval-metas-fiscais\" aria-label=\"Link para: Atas Aud. P\u00fab. Aval. Metas Fiscais\">Atas Aud. P\u00fab. Aval. Metas Fiscais.<\/a><\/p>\n<p>Link: https:\/\/sobradinho.atende.net\/transparencia\/item\/atas-aud-pub-aval-metas-fiscais#conteudo.<\/p>\n<\/div><div class=\"sdm_download_link\"><span class=\"sdm_download_button\"><a href=\"https:\/\/www.sobradinho.rs.gov.br\/portal\/?sdm_process_download=1&download_id=18954\" class=\"sdm_download grey\" title=\"\" target=\"_self\">Baixar agora!<\/a><\/span><span class=\"sdm_download_item_count\"><span class=\"sdm_item_count_number\">0<\/span><span class=\"sdm_item_count_string\"> Downloads<\/span><\/span><\/div><\/div><div class=\"sdm_download_item \"><div class=\"sdm_download_item_top\"><div class=\"sdm_download_thumbnail\"><\/div><div class=\"sdm_download_title\">AUDI\u00caNCIA P\u00daBLICA \u2013 2\u00ba QUADRIMESTRE 2024<\/div><\/div><div style=\"clear:both;\"><\/div><div class=\"sdm_download_description\"><p>RELAT\u00d3RIOS:<\/p>\n<p><a href=\"http:\/\/www.sobradinho.rs.gov.br\/portal\/wp-content\/uploads\/2024\/09\/Indicadores-de-Gastos-com-Saude.pdf\">Indicadores de Gastos com Sa\u00fade<\/a><\/p>\n<p><a href=\"http:\/\/www.sobradinho.rs.gov.br\/portal\/wp-content\/uploads\/2024\/09\/Indicadores-de-Gastos-com-Educacao.pdf\">Indicadores de Gastos com Educa\u00e7\u00e3o<\/a><\/p>\n<p><a href=\"http:\/\/www.sobradinho.rs.gov.br\/portal\/wp-content\/uploads\/2024\/09\/Demonstrativo-dos-Suprimentos-da-Camara.pdf\">Demonstrativo dos Suprimentos da C\u00e2mara<\/a><\/p>\n<p><a href=\"http:\/\/www.sobradinho.rs.gov.br\/portal\/wp-content\/uploads\/2024\/09\/Demonstrativo-das-Transferencias-Financeiras.pdf\">Demonstrativo das Transfer\u00eancias Financeiras<\/a><\/p>\n<\/div><div class=\"sdm_download_link\"><span class=\"sdm_download_button\"><a href=\"https:\/\/www.sobradinho.rs.gov.br\/portal\/?sdm_process_download=1&download_id=17535\" class=\"sdm_download grey\" title=\"AUDI\u00caNCIA P\u00daBLICA \u2013 2\u00ba QUADRIMESTRE 2024\" target=\"_self\">Baixar agora!<\/a><\/span><span class=\"sdm_download_item_count\"><span class=\"sdm_item_count_number\">354<\/span><span class=\"sdm_item_count_string\"> Downloads<\/span><\/span><\/div><\/div><div class=\"sdm_download_item \"><div class=\"sdm_download_item_top\"><div class=\"sdm_download_thumbnail\"><\/div><div class=\"sdm_download_title\">AUDI\u00caNCIA P\u00daBLICA &#8211; 1\u00ba QUADRIMESTRE 2024<\/div><\/div><div style=\"clear:both;\"><\/div><div class=\"sdm_download_description\"><\/div><div class=\"sdm_download_link\"><span class=\"sdm_download_button\"><a href=\"https:\/\/www.sobradinho.rs.gov.br\/portal\/?sdm_process_download=1&download_id=16836\" class=\"sdm_download grey\" title=\"AUDI\u00caNCIA P\u00daBLICA &#8211; 1\u00ba QUADRIMESTRE 2024\" target=\"_self\">Baixar agora!<\/a><\/span><span class=\"sdm_download_item_count\"><span class=\"sdm_item_count_number\">906<\/span><span class=\"sdm_item_count_string\"> Downloads<\/span><\/span><\/div><\/div><div class=\"sdm_download_item \"><div class=\"sdm_download_item_top\"><div class=\"sdm_download_thumbnail\"><\/div><div class=\"sdm_download_title\">CONVOCA AUDI\u00caNCIA P\u00daBLICA<\/div><\/div><div style=\"clear:both;\"><\/div><div class=\"sdm_download_description\"><p>AVALIA\u00c7\u00c3O E DISCUSS\u00c3O DAS METAS FISCAIS DO PRIMEIRO QUADRIMESTRE DE 2024<\/p>\n<\/div><div class=\"sdm_download_link\"><span class=\"sdm_download_button\"><a href=\"https:\/\/www.sobradinho.rs.gov.br\/portal\/?sdm_process_download=1&download_id=16817\" class=\"sdm_download grey\" title=\"CONVOCA AUDI\u00caNCIA P\u00daBLICA\" target=\"_self\">Baixar agora!<\/a><\/span><span class=\"sdm_download_item_count\"><span class=\"sdm_item_count_number\">482<\/span><span class=\"sdm_item_count_string\"> Downloads<\/span><\/span><\/div><\/div><div class=\"sdm_download_item \"><div class=\"sdm_download_item_top\"><div class=\"sdm_download_thumbnail\"><\/div><div class=\"sdm_download_title\">PRESTA\u00c7\u00c3O DE CONTAS, 2023 &#8211; EXECUTIVO<\/div><\/div><div style=\"clear:both;\"><\/div><div class=\"sdm_download_description\"><\/div><div class=\"sdm_download_link\"><span class=\"sdm_download_button\"><a href=\"https:\/\/www.sobradinho.rs.gov.br\/portal\/?sdm_process_download=1&download_id=16743\" class=\"sdm_download grey\" title=\"PRESTA\u00c7\u00c3O DE CONTAS, 2023 &#8211; EXECUTIVO\" target=\"_self\">Baixar agora!<\/a><\/span><span class=\"sdm_download_item_count\"><span class=\"sdm_item_count_number\">783<\/span><span class=\"sdm_item_count_string\"> Downloads<\/span><\/span><\/div><\/div><div class=\"sdm_clear_float\"><\/div><div class=\"sdm_pagination\"><\/div>\n","protected":false},"excerpt":{"rendered":"","protected":false},"author":2,"featured_media":0,"parent":0,"menu_order":0,"comment_status":"closed","ping_status":"closed","template":"","meta":{"_eb_attr":"","site-sidebar-layout":"default","site-content-layout":"","ast-site-content-layout":"default","site-content-style":"default","site-sidebar-style":"default","ast-global-header-display":"","ast-banner-title-visibility":"","ast-main-header-display":"","ast-hfb-above-header-display":"","ast-hfb-below-header-display":"","ast-hfb-mobile-header-display":"","site-post-title":"","ast-breadcrumbs-content":"","ast-featured-img":"","footer-sml-layout":"","theme-transparent-header-meta":"","adv-header-id-meta":"","stick-header-meta":"","header-above-stick-meta":"","header-main-stick-meta":"","header-below-stick-meta":"","astra-migrate-meta-layouts":"default","ast-page-background-enabled":"default","ast-page-background-meta":{"desktop":{"background-color":"var(--ast-global-color-4)","background-image":"","background-repeat":"repeat","background-position":"center center","background-size":"auto","background-attachment":"scroll","background-type":"","background-media":"","overlay-type":"","overlay-color":"","overlay-opacity":"","overlay-gradient":""},"tablet":{"background-color":"","background-image":"","background-repeat":"repeat","background-position":"center center","background-size":"auto","background-attachment":"scroll","background-type":"","background-media":"","overlay-type":"","overlay-color":"","overlay-opacity":"","overlay-gradient":""},"mobile":{"background-color":"","background-image":"","background-repeat":"repeat","background-position":"center center","background-size":"auto","background-attachment":"scroll","background-type":"","background-media":"","overlay-type":"","overlay-color":"","overlay-opacity":"","overlay-gradient":""}},"ast-content-background-meta":{"desktop":{"background-color":"var(--ast-global-color-5)","background-image":"","background-repeat":"repeat","background-position":"center center","background-size":"auto","background-attachment":"scroll","background-type":"","background-media":"","overlay-type":"","overlay-color":"","overlay-opacity":"","overlay-gradient":""},"tablet":{"background-color":"var(--ast-global-color-5)","background-image":"","background-repeat":"repeat","background-position":"center center","background-size":"auto","background-attachment":"scroll","background-type":"","background-media":"","overlay-type":"","overlay-color":"","overlay-opacity":"","overlay-gradient":""},"mobile":{"background-color":"var(--ast-global-color-5)","background-image":"","background-repeat":"repeat","background-position":"center center","background-size":"auto","background-attachment":"scroll","background-type":"","background-media":"","overlay-type":"","overlay-color":"","overlay-opacity":"","overlay-gradient":""}},"footnotes":""},"class_list":["post-16759","page","type-page","status-publish","hentry"],"_links":{"self":[{"href":"https:\/\/www.sobradinho.rs.gov.br\/portal\/index.php?rest_route=\/wp\/v2\/pages\/16759","targetHints":{"allow":["GET"]}}],"collection":[{"href":"https:\/\/www.sobradinho.rs.gov.br\/portal\/index.php?rest_route=\/wp\/v2\/pages"}],"about":[{"href":"https:\/\/www.sobradinho.rs.gov.br\/portal\/index.php?rest_route=\/wp\/v2\/types\/page"}],"author":[{"embeddable":true,"href":"https:\/\/www.sobradinho.rs.gov.br\/portal\/index.php?rest_route=\/wp\/v2\/users\/2"}],"replies":[{"embeddable":true,"href":"https:\/\/www.sobradinho.rs.gov.br\/portal\/index.php?rest_route=%2Fwp%2Fv2%2Fcomments&post=16759"}],"version-history":[{"count":2,"href":"https:\/\/www.sobradinho.rs.gov.br\/portal\/index.php?rest_route=\/wp\/v2\/pages\/16759\/revisions"}],"predecessor-version":[{"id":19197,"href":"https:\/\/www.sobradinho.rs.gov.br\/portal\/index.php?rest_route=\/wp\/v2\/pages\/16759\/revisions\/19197"}],"wp:attachment":[{"href":"https:\/\/www.sobradinho.rs.gov.br\/portal\/index.php?rest_route=%2Fwp%2Fv2%2Fmedia&parent=16759"}],"curies":[{"name":"wp","href":"https:\/\/api.w.org\/{rel}","templated":true}]}}