{"id":19172,"date":"2025-05-29T14:49:02","date_gmt":"2025-05-29T17:49:02","guid":{"rendered":"https:\/\/www.sobradinho.rs.gov.br\/portal\/?page_id=19172"},"modified":"2025-05-29T15:28:08","modified_gmt":"2025-05-29T18:28:08","slug":"secretaria-municipal-de-administracao-e-financas","status":"publish","type":"page","link":"https:\/\/www.sobradinho.rs.gov.br\/portal\/?page_id=19172","title":{"rendered":"SECRETARIA MUNICIPAL DE ADMINISTRA\u00c7\u00c3O E FINAN\u00c7AS"},"content":{"rendered":"\t\t<div data-elementor-type=\"wp-page\" data-elementor-id=\"19172\" class=\"elementor elementor-19172\" data-elementor-settings=\"{&quot;ha_cmc_init_switcher&quot;:&quot;no&quot;}\" data-elementor-post-type=\"page\">\n\t\t\t\t\t\t<section class=\"elementor-section elementor-top-section elementor-element elementor-element-7321b34e elementor-section-boxed elementor-section-height-default elementor-section-height-default\" data-id=\"7321b34e\" data-element_type=\"section\" data-settings=\"{&quot;_ha_eqh_enable&quot;:false}\">\n\t\t\t\t\t\t<div class=\"elementor-container elementor-column-gap-default\">\n\t\t\t\t\t<div class=\"elementor-column elementor-col-100 elementor-top-column elementor-element elementor-element-63af8998\" data-id=\"63af8998\" data-element_type=\"column\">\n\t\t\t<div class=\"elementor-widget-wrap elementor-element-populated\">\n\t\t\t\t\t\t<div class=\"elementor-element elementor-element-1f419540 elementor-widget elementor-widget-text-editor\" data-id=\"1f419540\" data-element_type=\"widget\" data-widget_type=\"text-editor.default\">\n\t\t\t\t<div class=\"elementor-widget-container\">\n\t\t\t\t\t\t\t\t\t\n<p><img fetchpriority=\"high\" decoding=\"async\" class=\"size-medium wp-image-19199 alignleft\" src=\"http:\/\/www.sobradinho.rs.gov.br\/portal\/wp-content\/uploads\/2025\/05\/NILO-200x300.jpg\" alt=\"\" width=\"200\" height=\"300\" srcset=\"https:\/\/www.sobradinho.rs.gov.br\/portal\/wp-content\/uploads\/2025\/05\/NILO-200x300.jpg 200w, https:\/\/www.sobradinho.rs.gov.br\/portal\/wp-content\/uploads\/2025\/05\/NILO-683x1024.jpg 683w, https:\/\/www.sobradinho.rs.gov.br\/portal\/wp-content\/uploads\/2025\/05\/NILO-768x1152.jpg 768w, https:\/\/www.sobradinho.rs.gov.br\/portal\/wp-content\/uploads\/2025\/05\/NILO-1024x1536.jpg 1024w, https:\/\/www.sobradinho.rs.gov.br\/portal\/wp-content\/uploads\/2025\/05\/NILO-1365x2048.jpg 1365w, https:\/\/www.sobradinho.rs.gov.br\/portal\/wp-content\/uploads\/2025\/05\/NILO-scaled.jpg 1707w\" sizes=\"(max-width: 200px) 100vw, 200px\" \/><strong> Secret\u00e1rio:<\/strong> Nilo Ivan Wietzke<\/p>\n\n<p>\u00a0<\/p>\n<p>\u00a0<\/p>\n<p>\u00a0<\/p>\n<p>\u00a0<\/p>\n<p>\u00a0<\/p>\n<p><strong>Telefone:<\/strong> (51) 9 99172417 Ramal: 215<\/p>\n\n<p class=\"has-text-align-left\"><strong>Email:<\/strong> administracao@sobradinho-rs.com.br;\u00a0 secadm@sobradinho-rs.com.br;\u00a0 prefeitura@sobradinho-rs.com.br<\/p>\n\n<p><strong>Departamentos e Setores Vinculados:<\/strong><\/p>\n\n<ul class=\"wp-block-list\">\n<li><strong>Setor de Recursos Humanos<\/strong><\/li>\n<\/ul>\n\n<p>\u00a0<strong>Ramal:<\/strong> 214 \u00a0 \u00a0<\/p>\n\n<p><strong>E-mail<\/strong>:\u00a0 <a href=\"mailto:pessoal@sobradinho-rs.com.br\">pessoal@sobradinho-rs.com.br<\/a><\/p>\n\n<p><strong>E-mail<\/strong>: <a href=\"mailto:pessoal@sobradinho-rs.com.br\">pessoal2@sobradinho-rs.com.br<\/a><\/p>\n\n<ul class=\"wp-block-list\">\n<li><strong>Setor de Patrim\u00f4nio e Frotas<\/strong><\/li>\n<\/ul>\n\n<p><strong>Ramal<\/strong>: 244<\/p>\n\n<p><strong>E-mail<\/strong>: <a href=\"mailto:patrimonio@sobradinho-rs.com.br\">patrimonio@sobradinho-rs.com.br<\/a><\/p>\n\n<ul class=\"wp-block-list\">\n<li><strong>Setor de Compras e Licita\u00e7\u00f5es<\/strong><\/li>\n<\/ul>\n\n<p><strong>Ramal<\/strong>: 242<\/p>\n\n<p><strong>E-mail:<\/strong> <a href=\"mailto:compras@sobradinho-rs.com.br\">compras@sobradinho-rs.com.br<\/a>, <a href=\"mailto:compras2@sobradinho-rs.com.br\">compras2@sobradinho-rs.com.br<\/a><\/p>\n\n<ul class=\"wp-block-list\">\n<li><strong>Licita\u00e7\u00f5es<\/strong><\/li>\n<\/ul>\n\n<p><strong>\u00a0Ramal<\/strong>: 221<\/p>\n\n<p><strong>E-mail: <\/strong><a href=\"mailto:licitacao@sobradinho-rs.com.br\">licitacao@sobradinho-rs.com.br<\/a><\/p>\n\n<ul class=\"wp-block-list\">\n<li><strong>Setor de Estoque e Almoxarifado<\/strong><\/li>\n<\/ul>\n\n<p><strong>Ramal: <\/strong>239<\/p>\n\n<p><strong>E-mail:<\/strong> <a href=\"mailto:e.mailalmoxarifado@sobradinho-rs.com.br\">almoxarifado@sobradinho-rs.com.br<\/a><\/p>\n\n<ul class=\"wp-block-list\">\n<li><strong>Recep\u00e7\u00e3o<\/strong><\/li>\n<\/ul>\n\n<p><strong>Ramal: <\/strong>246<\/p>\n\n<ul class=\"wp-block-list\">\n<li><strong>Central telef\u00f4nica<\/strong><\/li>\n<\/ul>\n\n<p><strong>Ramal:<\/strong>\u00a0\u00a0211<\/p>\n\n<p>\u00a0<\/p>\n\n<p>\u00a0<\/p>\n\t\t\t\t\t\t\t\t<\/div>\n\t\t\t\t<\/div>\n\t\t\t\t\t<\/div>\n\t\t<\/div>\n\t\t\t\t\t<\/div>\n\t\t<\/section>\n\t\t\t\t<\/div>\n\t\t","protected":false},"excerpt":{"rendered":"<p>Secret\u00e1rio: Nilo Ivan Wietzke \u00a0 \u00a0 \u00a0 \u00a0 \u00a0 Telefone: (51) 9 99172417 Ramal: 215 Email: administracao@sobradinho-rs.com.br;\u00a0 secadm@sobradinho-rs.com.br;\u00a0 prefeitura@sobradinho-rs.com.br Departamentos [&hellip;]<\/p>\n","protected":false},"author":24,"featured_media":0,"parent":0,"menu_order":0,"comment_status":"closed","ping_status":"closed","template":"","meta":{"_eb_attr":"","site-sidebar-layout":"default","site-content-layout":"","ast-site-content-layout":"default","site-content-style":"default","site-sidebar-style":"default","ast-global-header-display":"","ast-banner-title-visibility":"","ast-main-header-display":"","ast-hfb-above-header-display":"","ast-hfb-below-header-display":"","ast-hfb-mobile-header-display":"","site-post-title":"","ast-breadcrumbs-content":"","ast-featured-img":"","footer-sml-layout":"","theme-transparent-header-meta":"","adv-header-id-meta":"","stick-header-meta":"","header-above-stick-meta":"","header-main-stick-meta":"","header-below-stick-meta":"","astra-migrate-meta-layouts":"default","ast-page-background-enabled":"default","ast-page-background-meta":{"desktop":{"background-color":"var(--ast-global-color-4)","background-image":"","background-repeat":"repeat","background-position":"center center","background-size":"auto","background-attachment":"scroll","background-type":"","background-media":"","overlay-type":"","overlay-color":"","overlay-opacity":"","overlay-gradient":""},"tablet":{"background-color":"","background-image":"","background-repeat":"repeat","background-position":"center center","background-size":"auto","background-attachment":"scroll","background-type":"","background-media":"","overlay-type":"","overlay-color":"","overlay-opacity":"","overlay-gradient":""},"mobile":{"background-color":"","background-image":"","background-repeat":"repeat","background-position":"center center","background-size":"auto","background-attachment":"scroll","background-type":"","background-media":"","overlay-type":"","overlay-color":"","overlay-opacity":"","overlay-gradient":""}},"ast-content-background-meta":{"desktop":{"background-color":"var(--ast-global-color-5)","background-image":"","background-repeat":"repeat","background-position":"center center","background-size":"auto","background-attachment":"scroll","background-type":"","background-media":"","overlay-type":"","overlay-color":"","overlay-opacity":"","overlay-gradient":""},"tablet":{"background-color":"var(--ast-global-color-5)","background-image":"","background-repeat":"repeat","background-position":"center center","background-size":"auto","background-attachment":"scroll","background-type":"","background-media":"","overlay-type":"","overlay-color":"","overlay-opacity":"","overlay-gradient":""},"mobile":{"background-color":"var(--ast-global-color-5)","background-image":"","background-repeat":"repeat","background-position":"center center","background-size":"auto","background-attachment":"scroll","background-type":"","background-media":"","overlay-type":"","overlay-color":"","overlay-opacity":"","overlay-gradient":""}},"footnotes":""},"class_list":["post-19172","page","type-page","status-publish","hentry"],"_links":{"self":[{"href":"https:\/\/www.sobradinho.rs.gov.br\/portal\/index.php?rest_route=\/wp\/v2\/pages\/19172","targetHints":{"allow":["GET"]}}],"collection":[{"href":"https:\/\/www.sobradinho.rs.gov.br\/portal\/index.php?rest_route=\/wp\/v2\/pages"}],"about":[{"href":"https:\/\/www.sobradinho.rs.gov.br\/portal\/index.php?rest_route=\/wp\/v2\/types\/page"}],"author":[{"embeddable":true,"href":"https:\/\/www.sobradinho.rs.gov.br\/portal\/index.php?rest_route=\/wp\/v2\/users\/24"}],"replies":[{"embeddable":true,"href":"https:\/\/www.sobradinho.rs.gov.br\/portal\/index.php?rest_route=%2Fwp%2Fv2%2Fcomments&post=19172"}],"version-history":[{"count":4,"href":"https:\/\/www.sobradinho.rs.gov.br\/portal\/index.php?rest_route=\/wp\/v2\/pages\/19172\/revisions"}],"predecessor-version":[{"id":19203,"href":"https:\/\/www.sobradinho.rs.gov.br\/portal\/index.php?rest_route=\/wp\/v2\/pages\/19172\/revisions\/19203"}],"wp:attachment":[{"href":"https:\/\/www.sobradinho.rs.gov.br\/portal\/index.php?rest_route=%2Fwp%2Fv2%2Fmedia&parent=19172"}],"curies":[{"name":"wp","href":"https:\/\/api.w.org\/{rel}","templated":true}]}}