{"id":19208,"date":"2025-05-30T11:18:05","date_gmt":"2025-05-30T14:18:05","guid":{"rendered":"http:\/\/www.sobradinho.rs.gov.br\/portal\/?page_id=19208"},"modified":"2025-06-23T14:23:53","modified_gmt":"2025-06-23T17:23:53","slug":"contas-publicas-2025","status":"publish","type":"page","link":"https:\/\/www.sobradinho.rs.gov.br\/portal\/?page_id=19208","title":{"rendered":"Contas P\u00fablicas 2025"},"content":{"rendered":"\t\t<div data-elementor-type=\"wp-page\" data-elementor-id=\"19208\" class=\"elementor elementor-19208\" data-elementor-settings=\"{&quot;ha_cmc_init_switcher&quot;:&quot;no&quot;}\" data-elementor-post-type=\"page\">\n\t\t\t\t\t\t<section class=\"elementor-section elementor-top-section elementor-element elementor-element-980fbc1 elementor-section-boxed elementor-section-height-default elementor-section-height-default\" data-id=\"980fbc1\" data-element_type=\"section\" data-settings=\"{&quot;_ha_eqh_enable&quot;:false}\">\n\t\t\t\t\t\t<div class=\"elementor-container elementor-column-gap-default\">\n\t\t\t\t\t<div class=\"elementor-column elementor-col-100 elementor-top-column elementor-element elementor-element-4736189\" data-id=\"4736189\" data-element_type=\"column\">\n\t\t\t<div class=\"elementor-widget-wrap elementor-element-populated\">\n\t\t\t\t\t\t<div class=\"elementor-element elementor-element-1db7e8d elementor-widget elementor-widget-heading\" data-id=\"1db7e8d\" data-element_type=\"widget\" data-widget_type=\"heading.default\">\n\t\t\t\t<div class=\"elementor-widget-container\">\n\t\t\t\t\t<h2 class=\"elementor-heading-title elementor-size-default\"><h1 class=\"entry-title\">Avalia\u00e7\u00e3o Metas Fiscais<\/h1><\/h2>\t\t\t\t<\/div>\n\t\t\t\t<\/div>\n\t\t\t\t\t<\/div>\n\t\t<\/div>\n\t\t\t\t\t<\/div>\n\t\t<\/section>\n\t\t\t\t<section class=\"elementor-section elementor-top-section elementor-element elementor-element-8c50161 elementor-section-boxed elementor-section-height-default elementor-section-height-default\" data-id=\"8c50161\" data-element_type=\"section\" data-settings=\"{&quot;_ha_eqh_enable&quot;:false}\">\n\t\t\t\t\t\t<div class=\"elementor-container elementor-column-gap-default\">\n\t\t\t\t\t<div class=\"elementor-column elementor-col-100 elementor-top-column elementor-element elementor-element-cbeaeec\" data-id=\"cbeaeec\" data-element_type=\"column\">\n\t\t\t<div class=\"elementor-widget-wrap elementor-element-populated\">\n\t\t\t\t\t\t<div class=\"elementor-element elementor-element-14b7501 elementor-widget elementor-widget-text-editor\" data-id=\"14b7501\" data-element_type=\"widget\" data-widget_type=\"text-editor.default\">\n\t\t\t\t<div class=\"elementor-widget-container\">\n\t\t\t\t\t\t\t\t\t<div class=\"sdm_download_description\"><p>Para acessar os relat\u00f3rios de Audi\u00eancia P\u00fablica, acesse o Portal da Transpar\u00eancia em <a class=\"button-path\" title=\"Grupos da Transpar\u00eancia\" href=\"https:\/\/sobradinho.atende.net\/transparencia\/grupo\" aria-label=\"Link para: Grupos da Transpar\u00eancia\">Grupos da Transpar\u00eancia &gt;<\/a>\u00a0<a class=\"button-path\" title=\"Relat\u00f3rios Legais\" href=\"https:\/\/sobradinho.atende.net\/transparencia\/grupo\/relatorios-legais\" aria-label=\"Link para: Relat\u00f3rios Legais\">Relat\u00f3rios Legais &gt;<\/a>\u00a0<a class=\"button-path\" title=\"Atas Aud. P\u00fab. Aval. Metas Fiscais\" href=\"https:\/\/sobradinho.atende.net\/transparencia\/item\/atas-aud-pub-aval-metas-fiscais\" aria-label=\"Link para: Atas Aud. P\u00fab. Aval. Metas Fiscais\">Atas Aud. P\u00fab. Aval. Metas Fiscais.<\/a><\/p><p>Link: https:\/\/sobradinho.atende.net\/transparencia\/item\/atas-aud-pub-aval-metas-fiscais#conteudo.<\/p><\/div>\t\t\t\t\t\t\t\t<\/div>\n\t\t\t\t<\/div>\n\t\t\t\t\t<\/div>\n\t\t<\/div>\n\t\t\t\t\t<\/div>\n\t\t<\/section>\n\t\t\t\t<section class=\"elementor-section elementor-top-section elementor-element elementor-element-34a680d elementor-section-boxed elementor-section-height-default elementor-section-height-default\" data-id=\"34a680d\" data-element_type=\"section\" data-settings=\"{&quot;_ha_eqh_enable&quot;:false}\">\n\t\t\t\t\t\t<div class=\"elementor-container elementor-column-gap-default\">\n\t\t\t\t\t<div class=\"elementor-column elementor-col-100 elementor-top-column elementor-element elementor-element-477c0aa\" data-id=\"477c0aa\" data-element_type=\"column\">\n\t\t\t<div class=\"elementor-widget-wrap elementor-element-populated\">\n\t\t\t\t\t\t<div class=\"elementor-element elementor-element-532b130 elementor-widget elementor-widget-heading\" data-id=\"532b130\" data-element_type=\"widget\" data-widget_type=\"heading.default\">\n\t\t\t\t<div class=\"elementor-widget-container\">\n\t\t\t\t\t<h2 class=\"elementor-heading-title elementor-size-default\">Plano Plurianual - PPA 2026-2029<\/h2>\t\t\t\t<\/div>\n\t\t\t\t<\/div>\n\t\t\t\t\t<\/div>\n\t\t<\/div>\n\t\t\t\t\t<\/div>\n\t\t<\/section>\n\t\t\t\t<section class=\"elementor-section elementor-top-section elementor-element elementor-element-b0d7c4e elementor-section-boxed elementor-section-height-default elementor-section-height-default\" data-id=\"b0d7c4e\" data-element_type=\"section\" data-settings=\"{&quot;_ha_eqh_enable&quot;:false}\">\n\t\t\t\t\t\t<div class=\"elementor-container elementor-column-gap-default\">\n\t\t\t\t\t<div class=\"elementor-column elementor-col-100 elementor-top-column elementor-element elementor-element-3a9255b\" data-id=\"3a9255b\" data-element_type=\"column\">\n\t\t\t<div class=\"elementor-widget-wrap elementor-element-populated\">\n\t\t\t\t\t\t<div class=\"elementor-element elementor-element-3dcdcba elementor-widget elementor-widget-text-editor\" data-id=\"3dcdcba\" data-element_type=\"widget\" data-widget_type=\"text-editor.default\">\n\t\t\t\t<div class=\"elementor-widget-container\">\n\t\t\t\t\t\t\t\t\t<p>Para acessar os relat\u00f3rios de Plano Plurianual &#8211; PPA 2026-2029, acesse o Portal da Transpar\u00eancia em <a class=\"button-path\" title=\"Grupos da Transpar\u00eancia\" href=\"https:\/\/nfse-sobradinho.atende.net\/transparencia\/grupo\" aria-label=\"Link para: Grupos da Transpar\u00eancia\">Grupos da Transpar\u00eancia &gt;<\/a>&nbsp;<a class=\"button-path\" title=\"Relat\u00f3rios Legais\" href=\"https:\/\/nfse-sobradinho.atende.net\/transparencia\/grupo\/relatorios-legais\" aria-label=\"Link para: Relat\u00f3rios Legais\" style=\"background-color: rgb(255, 255, 255); font-size: 1rem;\">Relat\u00f3rios Legais<\/a>&gt;<a class=\"button-path\" title=\"Plano Plurianual - PPA\" href=\"https:\/\/nfse-sobradinho.atende.net\/transparencia\/item\/plano-plurianual-ppa\" aria-label=\"Link para: Plano Plurianual - PPA\" style=\"background-color: rgb(255, 255, 255); font-size: 1rem;\">Plano Plurianual &#8211; PPA<\/a>&nbsp;<b style=\"font-size: 1rem;\">Relat\u00f3rio: <\/b><span class=\"coluna_agrupador_valor\" style=\"font-size: 1rem;\">2026 &#8211; 2029<\/span><\/p>\n<p>Link:&nbsp;https:\/\/nfse-sobradinho.atende.net\/transparencia\/item\/plano-plurianual-ppa#conteudo<\/p>\t\t\t\t\t\t\t\t<\/div>\n\t\t\t\t<\/div>\n\t\t\t\t\t<\/div>\n\t\t<\/div>\n\t\t\t\t\t<\/div>\n\t\t<\/section>\n\t\t\t\t<\/div>\n\t\t","protected":false},"excerpt":{"rendered":"<p>Avalia\u00e7\u00e3o Metas Fiscais Para acessar os relat\u00f3rios de Audi\u00eancia P\u00fablica, acesse o Portal da Transpar\u00eancia em Grupos da Transpar\u00eancia &gt;\u00a0Relat\u00f3rios [&hellip;]<\/p>\n","protected":false},"author":2,"featured_media":0,"parent":0,"menu_order":0,"comment_status":"closed","ping_status":"closed","template":"","meta":{"_eb_attr":"","site-sidebar-layout":"no-sidebar","site-content-layout":"","ast-site-content-layout":"full-width-container","site-content-style":"default","site-sidebar-style":"default","ast-global-header-display":"","ast-banner-title-visibility":"","ast-main-header-display":"","ast-hfb-above-header-display":"","ast-hfb-below-header-display":"","ast-hfb-mobile-header-display":"","site-post-title":"disabled","ast-breadcrumbs-content":"","ast-featured-img":"disabled","footer-sml-layout":"","theme-transparent-header-meta":"","adv-header-id-meta":"","stick-header-meta":"","header-above-stick-meta":"","header-main-stick-meta":"","header-below-stick-meta":"","astra-migrate-meta-layouts":"default","ast-page-background-enabled":"default","ast-page-background-meta":{"desktop":{"background-color":"var(--ast-global-color-4)","background-image":"","background-repeat":"repeat","background-position":"center center","background-size":"auto","background-attachment":"scroll","background-type":"","background-media":"","overlay-type":"","overlay-color":"","overlay-opacity":"","overlay-gradient":""},"tablet":{"background-color":"","background-image":"","background-repeat":"repeat","background-position":"center center","background-size":"auto","background-attachment":"scroll","background-type":"","background-media":"","overlay-type":"","overlay-color":"","overlay-opacity":"","overlay-gradient":""},"mobile":{"background-color":"","background-image":"","background-repeat":"repeat","background-position":"center center","background-size":"auto","background-attachment":"scroll","background-type":"","background-media":"","overlay-type":"","overlay-color":"","overlay-opacity":"","overlay-gradient":""}},"ast-content-background-meta":{"desktop":{"background-color":"var(--ast-global-color-5)","background-image":"","background-repeat":"repeat","background-position":"center center","background-size":"auto","background-attachment":"scroll","background-type":"","background-media":"","overlay-type":"","overlay-color":"","overlay-opacity":"","overlay-gradient":""},"tablet":{"background-color":"var(--ast-global-color-5)","background-image":"","background-repeat":"repeat","background-position":"center center","background-size":"auto","background-attachment":"scroll","background-type":"","background-media":"","overlay-type":"","overlay-color":"","overlay-opacity":"","overlay-gradient":""},"mobile":{"background-color":"var(--ast-global-color-5)","background-image":"","background-repeat":"repeat","background-position":"center center","background-size":"auto","background-attachment":"scroll","background-type":"","background-media":"","overlay-type":"","overlay-color":"","overlay-opacity":"","overlay-gradient":""}},"footnotes":""},"class_list":["post-19208","page","type-page","status-publish","hentry"],"_links":{"self":[{"href":"https:\/\/www.sobradinho.rs.gov.br\/portal\/index.php?rest_route=\/wp\/v2\/pages\/19208","targetHints":{"allow":["GET"]}}],"collection":[{"href":"https:\/\/www.sobradinho.rs.gov.br\/portal\/index.php?rest_route=\/wp\/v2\/pages"}],"about":[{"href":"https:\/\/www.sobradinho.rs.gov.br\/portal\/index.php?rest_route=\/wp\/v2\/types\/page"}],"author":[{"embeddable":true,"href":"https:\/\/www.sobradinho.rs.gov.br\/portal\/index.php?rest_route=\/wp\/v2\/users\/2"}],"replies":[{"embeddable":true,"href":"https:\/\/www.sobradinho.rs.gov.br\/portal\/index.php?rest_route=%2Fwp%2Fv2%2Fcomments&post=19208"}],"version-history":[{"count":16,"href":"https:\/\/www.sobradinho.rs.gov.br\/portal\/index.php?rest_route=\/wp\/v2\/pages\/19208\/revisions"}],"predecessor-version":[{"id":19312,"href":"https:\/\/www.sobradinho.rs.gov.br\/portal\/index.php?rest_route=\/wp\/v2\/pages\/19208\/revisions\/19312"}],"wp:attachment":[{"href":"https:\/\/www.sobradinho.rs.gov.br\/portal\/index.php?rest_route=%2Fwp%2Fv2%2Fmedia&parent=19208"}],"curies":[{"name":"wp","href":"https:\/\/api.w.org\/{rel}","templated":true}]}}