{"id":2374,"date":"2018-10-26T13:35:32","date_gmt":"2018-10-26T16:35:32","guid":{"rendered":"http:\/\/sobradinho.rs.gov.br\/portal\/?page_id=2374"},"modified":"2018-10-26T14:00:21","modified_gmt":"2018-10-26T17:00:21","slug":"jsm","status":"publish","type":"page","link":"https:\/\/www.sobradinho.rs.gov.br\/portal\/?page_id=2374","title":{"rendered":"jsm"},"content":{"rendered":"<p style=\"text-align: justify;\"><span style=\"color: #4f9246;\"><strong><u>JUNTA DE SERVI\u00c7O MILITAR<\/u><\/strong><img fetchpriority=\"high\" decoding=\"async\" class=\"size-medium wp-image-2385 alignright\" src=\"http:\/\/sobradinho.rs.gov.br\/portal\/wp-content\/uploads\/2018\/10\/jsm-300x254.jpg\" alt=\"\" width=\"300\" height=\"254\" srcset=\"https:\/\/www.sobradinho.rs.gov.br\/portal\/wp-content\/uploads\/2018\/10\/jsm.jpg 300w, https:\/\/www.sobradinho.rs.gov.br\/portal\/wp-content\/uploads\/2018\/10\/jsm-172x146.jpg 172w, https:\/\/www.sobradinho.rs.gov.br\/portal\/wp-content\/uploads\/2018\/10\/jsm-50x42.jpg 50w, https:\/\/www.sobradinho.rs.gov.br\/portal\/wp-content\/uploads\/2018\/10\/jsm-89x75.jpg 89w\" sizes=\"(max-width: 300px) 100vw, 300px\" \/><br \/>\n<\/span><span style=\"color: #4f9246;\"><br \/>\n\u00d3rg\u00e3o de alistamento militar<br \/>\n<\/span>Presidente: Prefeito Municipal Luiz Affonso Trevisan<br \/>\nSecret\u00e1rio: Jonas Horbach<br \/>\nEndere\u00e7o: Rua General Os\u00f3rio, 200, Centro<br \/>\nCEP: 96900-000 Sobradinho-RS<br \/>\nFone: (51) 3742-1098 Ramal: 245<br \/>\nE-mail: <a href=\"mailto:juntamilitar@sobradinho-rs.com.br\">juntamilitar@sobradinho-rs.com.br<\/a><br \/>\nHor\u00e1rio de Atendimento: 7 horas \u00e0s 13 horas, de segunda a sexta-feira.<\/p>\n<p style=\"text-align: justify;\">Subordinado ao Posto de Recrutamento e Mobiliza\u00e7\u00e3o (PRM 03\/005)<br \/>\nChefe PRM\/Of Mob: Cap- <strong>Clovis <\/strong>Cruz de Sousa<br \/>\nDelegados: 1\u00ba Ten- S\u00e9rgio <strong>Gritzenco<\/strong> do Nascimento<\/p>\n<p style=\"text-align: justify;\">1\u00ba Ten- <strong>Jo\u00e3o Pedro<\/strong> da Silva Santos<\/p>\n<p style=\"text-align: justify;\"><span style=\"color: #4f9246;\"><br \/>\nOrienta\u00e7\u00f5es aos Cidad\u00e3os<br \/>\n<\/span><br \/>\n<strong>ATEN\u00c7\u00c3O! SE VOC\u00ca TEM ENTRE 18 E 45 ANOS COMPARE\u00c7A NA JUNTA DE SERVI\u00c7O MILITAR PARA ATUALIZAR O SEU CADASTRO<\/strong><\/p>\n<p style=\"text-align: justify;\"><strong>\u00a0<\/strong>Cidad\u00e3o, compare\u00e7a \u00e0 Junta de Servi\u00e7o Militar do seu munic\u00edpio para atualizar o seu cadastro no novo Sistema Eletr\u00f4nico de Recrutamento Militar e Mobiliza\u00e7\u00e3o (SERMILMOB), devendo apresentar os seguintes documentos:<\/p>\n<p style=\"text-align: justify;\">-Comprovante de endere\u00e7o;<br \/>\n-RG ou CNH;<br \/>\n-CPF;<br \/>\n-Documento militar (se possuir);<br \/>\n-Informar um e-mail v\u00e1lido e telefone celular para contato.<\/p>\n<p style=\"text-align: justify;\">\n<p style=\"text-align: justify;\">Alistamento<\/p>\n<p style=\"text-align: justify;\">Procedimentos para ausentar-se do Brasil<br \/>\nBrasileiro residindo no exterior<br \/>\nEmiss\u00e3o de 2\u00aa Via de Certificados<br \/>\nExerc\u00edcio de Apresenta\u00e7\u00e3o da Reserva (EXAR) \u2013 De 09 de Dez a 31 de Jan (Obs: A quinta e \u00faltima apresenta\u00e7\u00e3o, obrigatoriamente, ter\u00e1 que ser presencial).<\/p>\n","protected":false},"excerpt":{"rendered":"<p>JUNTA DE SERVI\u00c7O MILITAR \u00d3rg\u00e3o de alistamento militar Presidente: Prefeito Municipal Luiz Affonso Trevisan Secret\u00e1rio: Jonas Horbach Endere\u00e7o: Rua General [&hellip;]<\/p>\n","protected":false},"author":1,"featured_media":0,"parent":0,"menu_order":0,"comment_status":"closed","ping_status":"closed","template":"","meta":{"_eb_attr":"","site-sidebar-layout":"default","site-content-layout":"","ast-site-content-layout":"default","site-content-style":"default","site-sidebar-style":"default","ast-global-header-display":"","ast-banner-title-visibility":"","ast-main-header-display":"","ast-hfb-above-header-display":"","ast-hfb-below-header-display":"","ast-hfb-mobile-header-display":"","site-post-title":"","ast-breadcrumbs-content":"","ast-featured-img":"","footer-sml-layout":"","theme-transparent-header-meta":"","adv-header-id-meta":"","stick-header-meta":"","header-above-stick-meta":"","header-main-stick-meta":"","header-below-stick-meta":"","astra-migrate-meta-layouts":"default","ast-page-background-enabled":"default","ast-page-background-meta":{"desktop":{"background-color":"var(--ast-global-color-4)","background-image":"","background-repeat":"repeat","background-position":"center center","background-size":"auto","background-attachment":"scroll","background-type":"","background-media":"","overlay-type":"","overlay-color":"","overlay-opacity":"","overlay-gradient":""},"tablet":{"background-color":"","background-image":"","background-repeat":"repeat","background-position":"center center","background-size":"auto","background-attachment":"scroll","background-type":"","background-media":"","overlay-type":"","overlay-color":"","overlay-opacity":"","overlay-gradient":""},"mobile":{"background-color":"","background-image":"","background-repeat":"repeat","background-position":"center center","background-size":"auto","background-attachment":"scroll","background-type":"","background-media":"","overlay-type":"","overlay-color":"","overlay-opacity":"","overlay-gradient":""}},"ast-content-background-meta":{"desktop":{"background-color":"var(--ast-global-color-5)","background-image":"","background-repeat":"repeat","background-position":"center center","background-size":"auto","background-attachment":"scroll","background-type":"","background-media":"","overlay-type":"","overlay-color":"","overlay-opacity":"","overlay-gradient":""},"tablet":{"background-color":"var(--ast-global-color-5)","background-image":"","background-repeat":"repeat","background-position":"center center","background-size":"auto","background-attachment":"scroll","background-type":"","background-media":"","overlay-type":"","overlay-color":"","overlay-opacity":"","overlay-gradient":""},"mobile":{"background-color":"var(--ast-global-color-5)","background-image":"","background-repeat":"repeat","background-position":"center center","background-size":"auto","background-attachment":"scroll","background-type":"","background-media":"","overlay-type":"","overlay-color":"","overlay-opacity":"","overlay-gradient":""}},"footnotes":""},"class_list":["post-2374","page","type-page","status-publish","hentry"],"_links":{"self":[{"href":"https:\/\/www.sobradinho.rs.gov.br\/portal\/index.php?rest_route=\/wp\/v2\/pages\/2374","targetHints":{"allow":["GET"]}}],"collection":[{"href":"https:\/\/www.sobradinho.rs.gov.br\/portal\/index.php?rest_route=\/wp\/v2\/pages"}],"about":[{"href":"https:\/\/www.sobradinho.rs.gov.br\/portal\/index.php?rest_route=\/wp\/v2\/types\/page"}],"author":[{"embeddable":true,"href":"https:\/\/www.sobradinho.rs.gov.br\/portal\/index.php?rest_route=\/wp\/v2\/users\/1"}],"replies":[{"embeddable":true,"href":"https:\/\/www.sobradinho.rs.gov.br\/portal\/index.php?rest_route=%2Fwp%2Fv2%2Fcomments&post=2374"}],"version-history":[{"count":10,"href":"https:\/\/www.sobradinho.rs.gov.br\/portal\/index.php?rest_route=\/wp\/v2\/pages\/2374\/revisions"}],"predecessor-version":[{"id":2419,"href":"https:\/\/www.sobradinho.rs.gov.br\/portal\/index.php?rest_route=\/wp\/v2\/pages\/2374\/revisions\/2419"}],"wp:attachment":[{"href":"https:\/\/www.sobradinho.rs.gov.br\/portal\/index.php?rest_route=%2Fwp%2Fv2%2Fmedia&parent=2374"}],"curies":[{"name":"wp","href":"https:\/\/api.w.org\/{rel}","templated":true}]}}