{"id":2437,"date":"2019-01-16T15:56:06","date_gmt":"2019-01-16T17:56:06","guid":{"rendered":"http:\/\/sobradinho.rs.gov.br\/portal\/?page_id=2437"},"modified":"2025-07-11T16:17:36","modified_gmt":"2025-07-11T19:17:36","slug":"gabinete-do-prefeito-2","status":"publish","type":"page","link":"https:\/\/www.sobradinho.rs.gov.br\/portal\/?page_id=2437","title":{"rendered":"GABINETE DO PREFEITO"},"content":{"rendered":"<p><img fetchpriority=\"high\" decoding=\"async\" class=\"size-medium wp-image-19533 alignleft\" src=\"http:\/\/www.sobradinho.rs.gov.br\/portal\/wp-content\/uploads\/2025\/07\/DSC09938-200x300.jpg\" alt=\"\" width=\"200\" height=\"300\" srcset=\"https:\/\/www.sobradinho.rs.gov.br\/portal\/wp-content\/uploads\/2025\/07\/DSC09938-200x300.jpg 200w, https:\/\/www.sobradinho.rs.gov.br\/portal\/wp-content\/uploads\/2025\/07\/DSC09938-683x1024.jpg 683w, https:\/\/www.sobradinho.rs.gov.br\/portal\/wp-content\/uploads\/2025\/07\/DSC09938-768x1152.jpg 768w, https:\/\/www.sobradinho.rs.gov.br\/portal\/wp-content\/uploads\/2025\/07\/DSC09938-1024x1536.jpg 1024w, https:\/\/www.sobradinho.rs.gov.br\/portal\/wp-content\/uploads\/2025\/07\/DSC09938-1365x2048.jpg 1365w, https:\/\/www.sobradinho.rs.gov.br\/portal\/wp-content\/uploads\/2025\/07\/DSC09938-scaled.jpg 1707w\" sizes=\"(max-width: 200px) 100vw, 200px\" \/><\/p>\n<p>\u00a0<\/p>\n<p>\u00a0<\/p>\n<p><strong>Prefeito: Luiz Affonso Trevisan<\/strong><\/p>\n<p>\u00a0<\/p>\n<p>\u00a0<\/p>\n<p>\u00a0<\/p>\n<p><strong>Atribui\u00e7\u00f5es:<\/strong><\/p>\n<p style=\"text-align: justify;\">\u00a0O Gabinete do Prefeito \u00e9 \u00f3rg\u00e3o de assessoramento direto do Chefe do Executivo, atuando em estreita colabora\u00e7\u00e3o com as demais secretarias. Tem atua\u00e7\u00e3o no setor pol\u00edtico e compet\u00eancia nas \u00e1reas de relacionamento no Legislativo. Tem sob seu controle direto, os Conselhos Municipais, e toda a pol\u00edtica de atua\u00e7\u00e3o e estudo para a implanta\u00e7\u00e3o de projetos, programas, cria\u00e7\u00e3o de autarquias e funda\u00e7\u00f5es municipais. Atua integrado com a Procuradoria Municipal e controla por delega\u00e7\u00e3o, as tarefas atinentes ao alistamento militar, a Assessoria de Imprensa e a Coordena\u00e7\u00e3o de Defesa Civil e toda a forma de Assessoria Especial. Compete-lhe, tamb\u00e9m, mediante atua\u00e7\u00e3o de seus assessores, assistir, assessorar, auxiliar e representar o Prefeito Municipal em suas atribui\u00e7\u00f5es legais e atividades oficiais, assim como suas fun\u00e7\u00f5es administrativas, pol\u00edticas, sociais, de cerimonial, de rela\u00e7\u00f5es p\u00fablicas e comunit\u00e1rias e tudo mais que for inerente \u00e0 espec\u00edfica atividade do Prefeito. Controla os prazos legais de san\u00e7\u00e3o e veto, e efetua registros de Leis e Decretos. \u00c9 tamb\u00e9m o \u00f3rg\u00e3o respons\u00e1vel por executar os servi\u00e7os de rela\u00e7\u00f5es p\u00fablicas, preparar as audi\u00eancias, a recep\u00e7\u00e3o e os encargos de representa\u00e7\u00e3o, organizar o protocolo de cerimonial, comanda as diretrizes pol\u00edticas, orientar as rela\u00e7\u00f5es com entidades p\u00fablicas ou privadas, associa\u00e7\u00f5es de classe e \u00f3rg\u00e3os de imprensa, atender o p\u00fablico que se dirige ao gabinete e orient\u00e1-lo nos respectivos encaminhamentos, preparar os expedientes para despacho, manter sob sua guarda documentos e processos de interesse do gabinete, acompanhar todo o processo legislativo incluindo a tramita\u00e7\u00e3o de documentos, redigir, registrar e distribuir correspond\u00eancias e documentos de interesse e executar demais tarefas correlatas.<\/p>\n<p><strong>E-mail:<\/strong> <a href=\"mailto:gabinete@sobradinho-rs.com.br;\">gabinete@sobradinho.rs.gov.br<\/a>;\u00a0 <a href=\"mailto:procuradorjuridico@sobradinho-rs.com.br\">procuradorjuridico@sobradinho-rs.com.br<\/a>; <a href=\"mailto:procuradorjuridico1@sobradinho-rs.com.br\">procuradorjuridico1@sobradinho-rs.com.br<\/a>; <a href=\"mailto:assessorjuridico@sobradinho-rs.com.br\">assessorjuridico@sobradinho-rs.com.br<\/a>.<\/p>\n\n\n<p><\/p>\n","protected":false},"excerpt":{"rendered":"<p>\u00a0 \u00a0 Prefeito: Luiz Affonso Trevisan \u00a0 \u00a0 \u00a0 Atribui\u00e7\u00f5es: \u00a0O Gabinete do Prefeito \u00e9 \u00f3rg\u00e3o de assessoramento direto do [&hellip;]<\/p>\n","protected":false},"author":2,"featured_media":0,"parent":0,"menu_order":0,"comment_status":"closed","ping_status":"closed","template":"","meta":{"_eb_attr":"","site-sidebar-layout":"default","site-content-layout":"","ast-site-content-layout":"default","site-content-style":"default","site-sidebar-style":"default","ast-global-header-display":"","ast-banner-title-visibility":"","ast-main-header-display":"","ast-hfb-above-header-display":"","ast-hfb-below-header-display":"","ast-hfb-mobile-header-display":"","site-post-title":"","ast-breadcrumbs-content":"","ast-featured-img":"","footer-sml-layout":"","theme-transparent-header-meta":"","adv-header-id-meta":"","stick-header-meta":"","header-above-stick-meta":"","header-main-stick-meta":"","header-below-stick-meta":"","astra-migrate-meta-layouts":"default","ast-page-background-enabled":"default","ast-page-background-meta":{"desktop":{"background-color":"var(--ast-global-color-4)","background-image":"","background-repeat":"repeat","background-position":"center center","background-size":"auto","background-attachment":"scroll","background-type":"","background-media":"","overlay-type":"","overlay-color":"","overlay-opacity":"","overlay-gradient":""},"tablet":{"background-color":"","background-image":"","background-repeat":"repeat","background-position":"center center","background-size":"auto","background-attachment":"scroll","background-type":"","background-media":"","overlay-type":"","overlay-color":"","overlay-opacity":"","overlay-gradient":""},"mobile":{"background-color":"","background-image":"","background-repeat":"repeat","background-position":"center center","background-size":"auto","background-attachment":"scroll","background-type":"","background-media":"","overlay-type":"","overlay-color":"","overlay-opacity":"","overlay-gradient":""}},"ast-content-background-meta":{"desktop":{"background-color":"var(--ast-global-color-5)","background-image":"","background-repeat":"repeat","background-position":"center center","background-size":"auto","background-attachment":"scroll","background-type":"","background-media":"","overlay-type":"","overlay-color":"","overlay-opacity":"","overlay-gradient":""},"tablet":{"background-color":"var(--ast-global-color-5)","background-image":"","background-repeat":"repeat","background-position":"center center","background-size":"auto","background-attachment":"scroll","background-type":"","background-media":"","overlay-type":"","overlay-color":"","overlay-opacity":"","overlay-gradient":""},"mobile":{"background-color":"var(--ast-global-color-5)","background-image":"","background-repeat":"repeat","background-position":"center center","background-size":"auto","background-attachment":"scroll","background-type":"","background-media":"","overlay-type":"","overlay-color":"","overlay-opacity":"","overlay-gradient":""}},"footnotes":""},"class_list":["post-2437","page","type-page","status-publish","hentry"],"_links":{"self":[{"href":"https:\/\/www.sobradinho.rs.gov.br\/portal\/index.php?rest_route=\/wp\/v2\/pages\/2437","targetHints":{"allow":["GET"]}}],"collection":[{"href":"https:\/\/www.sobradinho.rs.gov.br\/portal\/index.php?rest_route=\/wp\/v2\/pages"}],"about":[{"href":"https:\/\/www.sobradinho.rs.gov.br\/portal\/index.php?rest_route=\/wp\/v2\/types\/page"}],"author":[{"embeddable":true,"href":"https:\/\/www.sobradinho.rs.gov.br\/portal\/index.php?rest_route=\/wp\/v2\/users\/2"}],"replies":[{"embeddable":true,"href":"https:\/\/www.sobradinho.rs.gov.br\/portal\/index.php?rest_route=%2Fwp%2Fv2%2Fcomments&post=2437"}],"version-history":[{"count":10,"href":"https:\/\/www.sobradinho.rs.gov.br\/portal\/index.php?rest_route=\/wp\/v2\/pages\/2437\/revisions"}],"predecessor-version":[{"id":19535,"href":"https:\/\/www.sobradinho.rs.gov.br\/portal\/index.php?rest_route=\/wp\/v2\/pages\/2437\/revisions\/19535"}],"wp:attachment":[{"href":"https:\/\/www.sobradinho.rs.gov.br\/portal\/index.php?rest_route=%2Fwp%2Fv2%2Fmedia&parent=2437"}],"curies":[{"name":"wp","href":"https:\/\/api.w.org\/{rel}","templated":true}]}}