{"id":2445,"date":"2019-01-16T16:18:42","date_gmt":"2019-01-16T18:18:42","guid":{"rendered":"http:\/\/sobradinho.rs.gov.br\/portal\/?page_id=2445"},"modified":"2025-05-05T08:57:01","modified_gmt":"2025-05-05T11:57:01","slug":"secretaria-municipal-de-saude","status":"publish","type":"page","link":"https:\/\/www.sobradinho.rs.gov.br\/portal\/?page_id=2445","title":{"rendered":"SECRETARIA MUNICIPAL DA SA\u00daDE"},"content":{"rendered":"\t\t<div data-elementor-type=\"wp-page\" data-elementor-id=\"2445\" class=\"elementor elementor-2445\" data-elementor-settings=\"{&quot;ha_cmc_init_switcher&quot;:&quot;no&quot;}\" data-elementor-post-type=\"page\">\n\t\t\t\t\t\t<section class=\"elementor-section elementor-top-section elementor-element elementor-element-401ee7b6 elementor-section-boxed elementor-section-height-default elementor-section-height-default\" data-id=\"401ee7b6\" data-element_type=\"section\" data-settings=\"{&quot;_ha_eqh_enable&quot;:false}\">\n\t\t\t\t\t\t<div class=\"elementor-container elementor-column-gap-default\">\n\t\t\t\t\t<div class=\"elementor-column elementor-col-100 elementor-top-column elementor-element elementor-element-1e187408\" data-id=\"1e187408\" data-element_type=\"column\">\n\t\t\t<div class=\"elementor-widget-wrap elementor-element-populated\">\n\t\t\t\t\t\t<div class=\"elementor-element elementor-element-4fd6983a elementor-widget elementor-widget-text-editor\" data-id=\"4fd6983a\" data-element_type=\"widget\" data-widget_type=\"text-editor.default\">\n\t\t\t\t<div class=\"elementor-widget-container\">\n\t\t\t\t\t\t\t\t\t<p><img fetchpriority=\"high\" decoding=\"async\" class=\"size-medium wp-image-18823 alignleft\" src=\"http:\/\/www.sobradinho.rs.gov.br\/portal\/wp-content\/uploads\/2025\/04\/LIBERTO-200x300.jpeg\" alt=\"\" width=\"200\" height=\"300\" srcset=\"https:\/\/www.sobradinho.rs.gov.br\/portal\/wp-content\/uploads\/2025\/04\/LIBERTO-200x300.jpeg 200w, https:\/\/www.sobradinho.rs.gov.br\/portal\/wp-content\/uploads\/2025\/04\/LIBERTO-682x1024.jpeg 682w, https:\/\/www.sobradinho.rs.gov.br\/portal\/wp-content\/uploads\/2025\/04\/LIBERTO-768x1153.jpeg 768w, https:\/\/www.sobradinho.rs.gov.br\/portal\/wp-content\/uploads\/2025\/04\/LIBERTO-1023x1536.jpeg 1023w, https:\/\/www.sobradinho.rs.gov.br\/portal\/wp-content\/uploads\/2025\/04\/LIBERTO.jpeg 1066w\" sizes=\"(max-width: 200px) 100vw, 200px\" \/><\/p>\n<p>\u00a0<\/p>\n<p><strong>SECRET\u00c1RIO: Liberto Mehler<\/strong><\/p>\n<p>\u00a0<\/p>\n<p><strong style=\"font-style: inherit; color: var( --e-global-color-text ); font-family: var( --e-global-typography-text-font-family ), Sans-serif; background-color: var(--ast-global-color-5);\">BIOGRAFIA:\u00a0<\/strong><span style=\"font-style: inherit; font-weight: inherit;\">\u00c9 natural de Cerro Branco e mudou-se para Sobradinho em 1973, ainda na inf\u00e2ncia, onde reside at\u00e9 hoje. \u00c9 filho de Or\u00eamia Zitzmann Mehler e Ludwig Mehler.<\/span><\/p>\n<p class=\"\" data-start=\"261\" data-end=\"660\">Desde muito jovem, ingressou no mercado de trabalho. Seu primeiro emprego foi aos 10 anos de idade, na Picadeira de Fumo do senhor \u00cdtalo Ant\u00f4nio, localizada na Rua da Ladeira, em um pr\u00e9dio ainda existente. Trabalhou tamb\u00e9m no Dep\u00f3sito de Bebidas Bert\u00f3 e Carlin &amp; Cia. Ltda. Aos 18 anos, prestou o servi\u00e7o militar e, posteriormente, atuou na empresa Via\u00e7\u00e3o Uni\u00e3o Santa Cruz, onde permaneceu at\u00e9 1994.<\/p>\n<p class=\"\" data-start=\"662\" data-end=\"965\">Nesse mesmo ano, foi aprovado em concurso p\u00fablico e passou a integrar o quadro de servidores da Prefeitura Municipal de Sobradinho. Exerceu a fun\u00e7\u00e3o de motorista por 31 anos, sendo 11 deles dedicados ao transporte de pacientes na Secretaria Municipal de Sa\u00fade. Atualmente, \u00e9 servidor p\u00fablico aposentado.<\/p>\n<p class=\"\" data-start=\"967\" data-end=\"1043\">Liberto Guilherme Mehler \u00e9 casado, pai de quatro filhos e av\u00f4 de duas netas.<\/p>\n<p><strong style=\"font-style: inherit; color: var( --e-global-color-text ); font-family: var( --e-global-typography-text-font-family ), Sans-serif; background-color: var(--ast-global-color-5);\">\u00a0<\/strong><\/p>\n<p><strong style=\"font-style: inherit; color: var( --e-global-color-text ); font-family: var( --e-global-typography-text-font-family ), Sans-serif; background-color: var(--ast-global-color-5);\">\u00a0<\/strong><\/p>\n<p><strong style=\"font-style: inherit; color: var( --e-global-color-text ); font-family: var( --e-global-typography-text-font-family ), Sans-serif; background-color: var(--ast-global-color-5);\">\u00a0<\/strong><\/p>\n<p><span style=\"box-sizing: inherit; font-weight: bold; color: #334155; font-family: -apple-system, BlinkMacSystemFont, 'Segoe UI', Roboto, Oxygen-Sans, Ubuntu, Cantarell, 'Helvetica Neue', sans-serif;\">Compete \u00e0 Secretaria Municipal:\u00a0<\/span><span style=\"font-style: inherit; font-weight: inherit;\">A Secretaria Municipal de Sa\u00fade \u00e9 respons\u00e1vel por implementar e coordenar a\u00e7\u00f5es fundamentadas no Programa de Sa\u00fade da Fam\u00edlia, com foco na medicina preventiva. Dentre suas atribui\u00e7\u00f5es, destaca-se a execu\u00e7\u00e3o de atividades relacionadas \u00e0 vigil\u00e2ncia sanit\u00e1ria e epidemiol\u00f3gica, com o objetivo de garantir a seguran\u00e7a e o bem-estar da popula\u00e7\u00e3o. Al\u00e9m disso, cabe \u00e0 Secretaria a gest\u00e3o das a\u00e7\u00f5es t\u00e9cnicas na \u00e1rea da sa\u00fade, assegurando a qualidade dos servi\u00e7os prestados e a implementa\u00e7\u00e3o de boas pr\u00e1ticas.<\/span><\/p>\n<p class=\"\" data-start=\"502\" data-end=\"857\">A Secretaria tamb\u00e9m \u00e9 respons\u00e1vel pelo controle e gest\u00e3o dos Postos de Sa\u00fade e Ambulat\u00f3rios Municipais, garantindo o adequado funcionamento dessas unidades e a disponibilidade de atendimento \u00e0 popula\u00e7\u00e3o. No \u00e2mbito administrativo, a Secretaria presta suporte \u00e0s suas atividades, exercendo controle sobre o planejamento, organiza\u00e7\u00e3o e dire\u00e7\u00e3o de suas a\u00e7\u00f5es.<\/p>\n<p class=\"\" data-start=\"859\" data-end=\"1445\">Outra fun\u00e7\u00e3o importante \u00e9 a colabora\u00e7\u00e3o na elabora\u00e7\u00e3o e acompanhamento do plano de metas da Secretaria, mantendo a organiza\u00e7\u00e3o de fich\u00e1rios e coordenando o funcionamento dos ambulat\u00f3rios municipais, sempre com o objetivo de garantir a efic\u00e1cia e o cumprimento das metas estabelecidas. Por fim, a promo\u00e7\u00e3o de a\u00e7\u00f5es comunit\u00e1rias de sa\u00fade, em suas diversas modalidades, \u00e9 uma atribui\u00e7\u00e3o essencial, que envolve o estabelecimento de planos de metas, a manuten\u00e7\u00e3o de arquivos e a delega\u00e7\u00e3o de responsabilidades, com o intuito de centralizar e organizar as a\u00e7\u00f5es para o bem-estar da popula\u00e7\u00e3o.<\/p>\n<p><strong style=\"font-style: inherit; color: var( --e-global-color-text ); font-family: var( --e-global-typography-text-font-family ), Sans-serif; background-color: var(--ast-global-color-5);\">\u00a0<\/strong><\/p>\n<p><strong style=\"font-style: inherit; color: var( --e-global-color-text ); font-family: var( --e-global-typography-text-font-family ), Sans-serif; background-color: var(--ast-global-color-5);\">\u00a0<\/strong><\/p>\n<p><strong style=\"font-style: inherit; color: var( --e-global-color-text ); font-family: var( --e-global-typography-text-font-family ), Sans-serif; background-color: var(--ast-global-color-5);\">Contatos:\u00a0\u00a0<\/strong><\/p>\n<p><strong style=\"font-style: inherit; color: var( --e-global-color-text ); font-family: var( --e-global-typography-text-font-family ), Sans-serif; background-color: var(--ast-global-color-5);\">Telefone:<\/strong><span style=\"font-style: inherit; font-weight: inherit; color: var( --e-global-color-text ); font-family: var( --e-global-typography-text-font-family ), Sans-serif; background-color: var(--ast-global-color-5);\"> (51) 3742-1164\u00a0<\/span><\/p>\n<p>(51) 3742-1178<\/p>\n<p><strong>E-mail:<\/strong> <a href=\"mailto:saude@sobradinho-rs.com.br\">saude@sobradinho-rs.com.br<\/a><\/p>\n<p><\/p>\t\t\t\t\t\t\t\t<\/div>\n\t\t\t\t<\/div>\n\t\t\t\t\t<\/div>\n\t\t<\/div>\n\t\t\t\t\t<\/div>\n\t\t<\/section>\n\t\t\t\t<section class=\"elementor-section elementor-top-section elementor-element elementor-element-8c330b0 elementor-section-boxed elementor-section-height-default elementor-section-height-default\" data-id=\"8c330b0\" data-element_type=\"section\" data-settings=\"{&quot;_ha_eqh_enable&quot;:false}\">\n\t\t\t\t\t\t<div class=\"elementor-container elementor-column-gap-default\">\n\t\t\t\t\t<div class=\"elementor-column elementor-col-25 elementor-top-column elementor-element elementor-element-3928f58\" data-id=\"3928f58\" data-element_type=\"column\">\n\t\t\t<div class=\"elementor-widget-wrap elementor-element-populated\">\n\t\t\t\t\t\t<div class=\"elementor-element elementor-element-85e71ef elementor-position-top elementor-widget__width-initial elementor-view-default elementor-mobile-position-top ha-has-bg-overlay elementor-widget elementor-widget-icon-box\" data-id=\"85e71ef\" data-element_type=\"widget\" data-widget_type=\"icon-box.default\">\n\t\t\t\t<div class=\"elementor-widget-container\">\n\t\t\t\t\t\t\t<div class=\"elementor-icon-box-wrapper\">\n\n\t\t\t\t\t\t<div class=\"elementor-icon-box-icon\">\n\t\t\t\t<a href=\"http:\/\/sobradinho.rs.gov.br\/portal\/?page_id=14797&#038;preview=true\" class=\"elementor-icon\" tabindex=\"-1\" aria-label=\"PANEJAMENTO E SERVI\u00c7OS DA SA\u00daDE\">\n\t\t\t\t<i aria-hidden=\"true\" class=\"fas fa-first-aid\"><\/i>\t\t\t\t<\/a>\n\t\t\t<\/div>\n\t\t\t\n\t\t\t\t\t\t<div class=\"elementor-icon-box-content\">\n\n\t\t\t\t\t\t\t\t\t<h5 class=\"elementor-icon-box-title\">\n\t\t\t\t\t\t<a href=\"http:\/\/sobradinho.rs.gov.br\/portal\/?page_id=14797&#038;preview=true\" >\n\t\t\t\t\t\t\tPANEJAMENTO E SERVI\u00c7OS DA SA\u00daDE\t\t\t\t\t\t<\/a>\n\t\t\t\t\t<\/h5>\n\t\t\t\t\n\t\t\t\t\n\t\t\t<\/div>\n\t\t\t\n\t\t<\/div>\n\t\t\t\t\t\t<\/div>\n\t\t\t\t<\/div>\n\t\t\t\t\t<\/div>\n\t\t<\/div>\n\t\t\t\t<div class=\"elementor-column elementor-col-25 elementor-top-column elementor-element elementor-element-6c3f3e9\" data-id=\"6c3f3e9\" data-element_type=\"column\">\n\t\t\t<div class=\"elementor-widget-wrap elementor-element-populated\">\n\t\t\t\t\t\t<div class=\"elementor-element elementor-element-ffaee98 elementor-position-top elementor-widget__width-initial elementor-view-default elementor-mobile-position-top ha-has-bg-overlay elementor-widget elementor-widget-icon-box\" data-id=\"ffaee98\" data-element_type=\"widget\" data-widget_type=\"icon-box.default\">\n\t\t\t\t<div class=\"elementor-widget-container\">\n\t\t\t\t\t\t\t<div class=\"elementor-icon-box-wrapper\">\n\n\t\t\t\t\t\t<div class=\"elementor-icon-box-icon\">\n\t\t\t\t<a href=\"http:\/\/www.sobradinho.rs.gov.br\/portal\/?page_id=16332\" class=\"elementor-icon\" tabindex=\"-1\" aria-label=\"DEPARTAMENTOS E SETORES VINCULADOS\">\n\t\t\t\t<i aria-hidden=\"true\" class=\"far fa-address-card\"><\/i>\t\t\t\t<\/a>\n\t\t\t<\/div>\n\t\t\t\n\t\t\t\t\t\t<div class=\"elementor-icon-box-content\">\n\n\t\t\t\t\t\t\t\t\t<h5 class=\"elementor-icon-box-title\">\n\t\t\t\t\t\t<a href=\"http:\/\/www.sobradinho.rs.gov.br\/portal\/?page_id=16332\" >\n\t\t\t\t\t\t\tDEPARTAMENTOS E SETORES VINCULADOS\t\t\t\t\t\t<\/a>\n\t\t\t\t\t<\/h5>\n\t\t\t\t\n\t\t\t\t\n\t\t\t<\/div>\n\t\t\t\n\t\t<\/div>\n\t\t\t\t\t\t<\/div>\n\t\t\t\t<\/div>\n\t\t\t\t\t<\/div>\n\t\t<\/div>\n\t\t\t\t<div class=\"elementor-column elementor-col-25 elementor-top-column elementor-element elementor-element-4a2079f\" data-id=\"4a2079f\" data-element_type=\"column\">\n\t\t\t<div class=\"elementor-widget-wrap elementor-element-populated\">\n\t\t\t\t\t\t<div class=\"elementor-element elementor-element-5480666 elementor-position-top elementor-widget__width-initial elementor-view-default elementor-mobile-position-top ha-has-bg-overlay elementor-widget elementor-widget-icon-box\" data-id=\"5480666\" data-element_type=\"widget\" data-widget_type=\"icon-box.default\">\n\t\t\t\t<div class=\"elementor-widget-container\">\n\t\t\t\t\t\t\t<div class=\"elementor-icon-box-wrapper\">\n\n\t\t\t\t\t\t<div class=\"elementor-icon-box-icon\">\n\t\t\t\t<a href=\"http:\/\/www.sobradinho.rs.gov.br\/portal\/?page_id=16346\" class=\"elementor-icon\" tabindex=\"-1\" aria-label=\"COVID-19\">\n\t\t\t\t<i aria-hidden=\"true\" class=\"fas fa-virus\"><\/i>\t\t\t\t<\/a>\n\t\t\t<\/div>\n\t\t\t\n\t\t\t\t\t\t<div class=\"elementor-icon-box-content\">\n\n\t\t\t\t\t\t\t\t\t<h5 class=\"elementor-icon-box-title\">\n\t\t\t\t\t\t<a href=\"http:\/\/www.sobradinho.rs.gov.br\/portal\/?page_id=16346\" >\n\t\t\t\t\t\t\tCOVID-19\t\t\t\t\t\t<\/a>\n\t\t\t\t\t<\/h5>\n\t\t\t\t\n\t\t\t\t\n\t\t\t<\/div>\n\t\t\t\n\t\t<\/div>\n\t\t\t\t\t\t<\/div>\n\t\t\t\t<\/div>\n\t\t\t\t\t<\/div>\n\t\t<\/div>\n\t\t\t\t<div class=\"elementor-column elementor-col-25 elementor-top-column elementor-element elementor-element-2eeb0f9\" data-id=\"2eeb0f9\" data-element_type=\"column\">\n\t\t\t<div class=\"elementor-widget-wrap\">\n\t\t\t\t\t\t\t<\/div>\n\t\t<\/div>\n\t\t\t\t\t<\/div>\n\t\t<\/section>\n\t\t\t\t<section class=\"elementor-section elementor-top-section elementor-element elementor-element-86e219b elementor-section-boxed elementor-section-height-default elementor-section-height-default\" data-id=\"86e219b\" data-element_type=\"section\" data-settings=\"{&quot;_ha_eqh_enable&quot;:false}\">\n\t\t\t\t\t\t<div class=\"elementor-container elementor-column-gap-default\">\n\t\t\t\t\t<div class=\"elementor-column elementor-col-100 elementor-top-column elementor-element elementor-element-8c0d658\" data-id=\"8c0d658\" data-element_type=\"column\">\n\t\t\t<div class=\"elementor-widget-wrap elementor-element-populated\">\n\t\t\t\t\t\t\t<\/div>\n\t\t<\/div>\n\t\t\t\t\t<\/div>\n\t\t<\/section>\n\t\t\t\t<\/div>\n\t\t","protected":false},"excerpt":{"rendered":"<p>\u00a0 SECRET\u00c1RIO: Liberto Mehler \u00a0 BIOGRAFIA:\u00a0\u00c9 natural de Cerro Branco e mudou-se para Sobradinho em 1973, ainda na inf\u00e2ncia, onde [&hellip;]<\/p>\n","protected":false},"author":2,"featured_media":0,"parent":0,"menu_order":0,"comment_status":"closed","ping_status":"closed","template":"","meta":{"_eb_attr":"","site-sidebar-layout":"default","site-content-layout":"","ast-site-content-layout":"default","site-content-style":"default","site-sidebar-style":"default","ast-global-header-display":"","ast-banner-title-visibility":"","ast-main-header-display":"","ast-hfb-above-header-display":"","ast-hfb-below-header-display":"","ast-hfb-mobile-header-display":"","site-post-title":"","ast-breadcrumbs-content":"","ast-featured-img":"","footer-sml-layout":"","theme-transparent-header-meta":"","adv-header-id-meta":"","stick-header-meta":"","header-above-stick-meta":"","header-main-stick-meta":"","header-below-stick-meta":"","astra-migrate-meta-layouts":"default","ast-page-background-enabled":"default","ast-page-background-meta":{"desktop":{"background-color":"var(--ast-global-color-4)","background-image":"","background-repeat":"repeat","background-position":"center center","background-size":"auto","background-attachment":"scroll","background-type":"","background-media":"","overlay-type":"","overlay-color":"","overlay-opacity":"","overlay-gradient":""},"tablet":{"background-color":"","background-image":"","background-repeat":"repeat","background-position":"center center","background-size":"auto","background-attachment":"scroll","background-type":"","background-media":"","overlay-type":"","overlay-color":"","overlay-opacity":"","overlay-gradient":""},"mobile":{"background-color":"","background-image":"","background-repeat":"repeat","background-position":"center center","background-size":"auto","background-attachment":"scroll","background-type":"","background-media":"","overlay-type":"","overlay-color":"","overlay-opacity":"","overlay-gradient":""}},"ast-content-background-meta":{"desktop":{"background-color":"var(--ast-global-color-5)","background-image":"","background-repeat":"repeat","background-position":"center center","background-size":"auto","background-attachment":"scroll","background-type":"","background-media":"","overlay-type":"","overlay-color":"","overlay-opacity":"","overlay-gradient":""},"tablet":{"background-color":"var(--ast-global-color-5)","background-image":"","background-repeat":"repeat","background-position":"center center","background-size":"auto","background-attachment":"scroll","background-type":"","background-media":"","overlay-type":"","overlay-color":"","overlay-opacity":"","overlay-gradient":""},"mobile":{"background-color":"var(--ast-global-color-5)","background-image":"","background-repeat":"repeat","background-position":"center center","background-size":"auto","background-attachment":"scroll","background-type":"","background-media":"","overlay-type":"","overlay-color":"","overlay-opacity":"","overlay-gradient":""}},"footnotes":""},"class_list":["post-2445","page","type-page","status-publish","hentry"],"_links":{"self":[{"href":"https:\/\/www.sobradinho.rs.gov.br\/portal\/index.php?rest_route=\/wp\/v2\/pages\/2445","targetHints":{"allow":["GET"]}}],"collection":[{"href":"https:\/\/www.sobradinho.rs.gov.br\/portal\/index.php?rest_route=\/wp\/v2\/pages"}],"about":[{"href":"https:\/\/www.sobradinho.rs.gov.br\/portal\/index.php?rest_route=\/wp\/v2\/types\/page"}],"author":[{"embeddable":true,"href":"https:\/\/www.sobradinho.rs.gov.br\/portal\/index.php?rest_route=\/wp\/v2\/users\/2"}],"replies":[{"embeddable":true,"href":"https:\/\/www.sobradinho.rs.gov.br\/portal\/index.php?rest_route=%2Fwp%2Fv2%2Fcomments&post=2445"}],"version-history":[{"count":46,"href":"https:\/\/www.sobradinho.rs.gov.br\/portal\/index.php?rest_route=\/wp\/v2\/pages\/2445\/revisions"}],"predecessor-version":[{"id":18985,"href":"https:\/\/www.sobradinho.rs.gov.br\/portal\/index.php?rest_route=\/wp\/v2\/pages\/2445\/revisions\/18985"}],"wp:attachment":[{"href":"https:\/\/www.sobradinho.rs.gov.br\/portal\/index.php?rest_route=%2Fwp%2Fv2%2Fmedia&parent=2445"}],"curies":[{"name":"wp","href":"https:\/\/api.w.org\/{rel}","templated":true}]}}