{"id":2601,"date":"2019-02-01T11:17:08","date_gmt":"2019-02-01T13:17:08","guid":{"rendered":"http:\/\/sobradinho.rs.gov.br\/portal\/?page_id=2601"},"modified":"2019-02-01T11:21:25","modified_gmt":"2019-02-01T13:21:25","slug":"simbolos","status":"publish","type":"page","link":"https:\/\/www.sobradinho.rs.gov.br\/portal\/?page_id=2601","title":{"rendered":"S\u00edmbolos"},"content":{"rendered":"<h4 style=\"text-align: left;\"><strong>Bandeira Municipal<\/strong><\/h4>\n<p><img decoding=\"async\" class=\"alignnone size-medium wp-image-2602\" src=\"http:\/\/sobradinho.rs.gov.br\/portal\/wp-content\/uploads\/2019\/02\/Bandeira-300x163.jpg\" alt=\"\" width=\"300\" height=\"163\" srcset=\"https:\/\/www.sobradinho.rs.gov.br\/portal\/wp-content\/uploads\/2019\/02\/Bandeira-300x163.jpg 300w, https:\/\/www.sobradinho.rs.gov.br\/portal\/wp-content\/uploads\/2019\/02\/Bandeira-260x141.jpg 260w, https:\/\/www.sobradinho.rs.gov.br\/portal\/wp-content\/uploads\/2019\/02\/Bandeira-50x27.jpg 50w, https:\/\/www.sobradinho.rs.gov.br\/portal\/wp-content\/uploads\/2019\/02\/Bandeira-138x75.jpg 138w, https:\/\/www.sobradinho.rs.gov.br\/portal\/wp-content\/uploads\/2019\/02\/Bandeira.jpg 335w\" sizes=\"(max-width: 300px) 100vw, 300px\" \/><\/p>\n<p style=\"text-align: justify;\">A Bandeira Municipal de Sobradinho \u00e9 de autoria do Professor Arcin\u00f3s Ant\u00f4nio \u00a0\u00a0\u00a0\u00a0Peixoto de Farias, e tem os seguintes significados:<\/p>\n<p>\u00a0<\/p>\n<ul>\n<li>o bras\u00e3o aplicado na Bandeira representa o Governo Municipal;<\/li>\n<\/ul>\n<p>\u00a0<\/p>\n<ul>\n<li style=\"text-align: justify;\">o Tri\u00e2ngulo is\u00f3sceles amarelo, onde est\u00e1 o Bras\u00e3o, representa a pr\u00f3pria cidade, sede do munic\u00edpio. O Tri\u00e2ngulo \u00e9 o s\u00edmbolo da Liberdade, Igualdade e Fraternidade e a cor amarela simboliza a Gl\u00f3ria, o Esplendor, a Grandeza, a Riqueza e a Soberania;<\/li>\n<\/ul>\n<p>\u00a0<\/p>\n<ul>\n<li style=\"text-align: justify;\">a faixa amarela central, com a sobre faixa vermelha, representa a irradia\u00e7\u00e3o do Poder Municipal que se expande a todos os quadrantes de seu territ\u00f3rio, e a cor vermelha \u00e9 o s\u00edmbolo de Dedica\u00e7\u00e3o, Amor pr\u00f3prio, Aud\u00e1cia, Coragem e Valentia;<\/li>\n<\/ul>\n<p>\u00a0<\/p>\n<ul>\n<li style=\"text-align: justify;\">os quart\u00e9is verdes representam as Propriedades Rurais existentes no territ\u00f3rio Municipal, a cor verde simboliza a Honra, Civilidade, Cidadania, Cortesia, Alegria e Abund\u00e2ncia. E a cor simb\u00f3lica da Esperan\u00e7a, porque lembra os campos verdejantes da primavera fazendo esperar copiosas colheitas.<\/li>\n<\/ul>\n<p>\u00a0<\/p>\n<h4><strong>Bras\u00e3o de Armas do Munic\u00edpio<\/strong><\/h4>\n<p><img fetchpriority=\"high\" decoding=\"async\" class=\"alignnone size-full wp-image-2603\" src=\"http:\/\/sobradinho.rs.gov.br\/portal\/wp-content\/uploads\/2019\/02\/Bras\u00e3o.jpg\" alt=\"\" width=\"219\" height=\"234\" srcset=\"https:\/\/www.sobradinho.rs.gov.br\/portal\/wp-content\/uploads\/2019\/02\/Bras\u00e3o.jpg 219w, https:\/\/www.sobradinho.rs.gov.br\/portal\/wp-content\/uploads\/2019\/02\/Bras\u00e3o-137x146.jpg 137w, https:\/\/www.sobradinho.rs.gov.br\/portal\/wp-content\/uploads\/2019\/02\/Bras\u00e3o-47x50.jpg 47w, https:\/\/www.sobradinho.rs.gov.br\/portal\/wp-content\/uploads\/2019\/02\/Bras\u00e3o-70x75.jpg 70w\" sizes=\"(max-width: 219px) 100vw, 219px\" \/><\/p>\n<p style=\"text-align: justify;\">O autor do Bras\u00e3o de Armas do Munic\u00edpio de Sobradinho foi o professor Arcin\u00f3s Ant\u00f4nio Peixoto de Farias.<\/p>\n<p style=\"text-align: justify;\">O Bras\u00e3o \u00e9 um Escudo que representa o Munic\u00edpio, e possui uma s\u00e9rie de desenhos e cores que significam:<\/p>\n<p>\u00a0<\/p>\n<ul>\n<li style=\"text-align: justify;\">a esquerda e \u00e0 direita do Escudo, est\u00e3o representados os principais produtos agr\u00edcolas da \u00e9poca de sua cria\u00e7\u00e3o: o fumo, introduzido no Munic\u00edpio pelo imigrante alem\u00e3o e o milho, muito cultivado pelo imigrante italiano;<\/li>\n<\/ul>\n<p>\u00a0<\/p>\n<ul>\n<li style=\"text-align: justify;\">no centro, o pequeno escudete, reproduz a armaria da fam\u00edlia Bento Pereira, lembrando o vulto de Bento Ant\u00f4nio Pereira que, com sua fam\u00edlia iniciou a povoa\u00e7\u00e3o de Sobradinho, em 1848;<\/li>\n<\/ul>\n<p>\u00a0<\/p>\n<ul>\n<li style=\"text-align: justify;\">abaixo do escudete, aparece o verde ondulado que representa a topografia acidentada (morros) e o verde dos campos da agricultura, o Berrante de prata representa a buzina de ca\u00e7a, estilo boiadeiro, retratando a pecu\u00e1ria;<\/li>\n<\/ul>\n<p>\u00a0<\/p>\n<ul>\n<li style=\"text-align: justify;\">o amarelo do fundo do escudete, simboliza a Gl\u00f3ria, Esplendor, Grandeza, Riqueza e Soberania;<\/li>\n<\/ul>\n<p>\u00a0<\/p>\n<ul>\n<li style=\"text-align: justify;\">na faixa vermelha da parte inferior, com o nome do munic\u00edpio, aparecem as datas: 1848 e 1927;<\/li>\n<\/ul>\n<p>\u00a0<\/p>\n<ul>\n<li style=\"text-align: justify;\">a coroa da muralha que sobrep\u00f5e o escudo, \u00e9 o s\u00edmbolo universal dos Bras\u00f5es de Dom\u00ednio, classifica a cidade na terceira grandeza, ou seja, Sede do Munic\u00edpio. O Bras\u00e3o de Armas \u00e9 usado em documentos oficiais, na Bandeira, em \u00f3rg\u00e3o p\u00fablicos, em carros oficiais e em distintivos.<\/li>\n<\/ul>\n<p><strong>\u00a0<\/strong><\/p>\n<h4><strong>Gent\u00edlico<\/strong><\/h4>\n<p><strong>\u00a0<\/strong><strong>\u00a0<\/strong>\u00a0Sobradinhense, ou Superense.<\/p>\n<p>\u00a0<\/p>\n<h4><strong>Hino Municipal<\/strong><\/h4>\n<p style=\"text-align: left;\">Autor, letra e m\u00fasica Val\u00eddio Scherer<\/p>\n<p style=\"text-align: center;\">\u00a0\u00a0\u00a0\u00a0\u00a0\u00a0\u00a0\u00a0\u00a0\u00a0\u00a0\u00a0\u00a0\u00a0\u00a0<\/p>\n<p style=\"text-align: left;\"><em>Neste povo de presente ventureiro<\/em><\/p>\n<p style=\"text-align: left;\"><em>Corre o sangue do ancestral desbravador<\/em><\/p>\n<p style=\"text-align: left;\"><em>Que escolheu dentre outras esta terra<\/em><\/p>\n<p style=\"text-align: left;\"><em>Dedicando-lhe trabalho e muito amor<\/em><\/p>\n<p style=\"text-align: left;\">\u00a0<\/p>\n<p style=\"text-align: left;\"><em>Valorosos imigrantes lhes legaram<\/em><\/p>\n<p style=\"text-align: left;\"><em>O esp\u00edrito da luta e do saber<\/em><\/p>\n<p style=\"text-align: left;\"><em>E \u00e9 por isso que este povo que \u00e9 grande<\/em><\/p>\n<p style=\"text-align: left;\"><em>Bem maior haver\u00e1 de um dia ser<\/em><\/p>\n<p style=\"text-align: left;\">\u00a0<\/p>\n<p style=\"text-align: left;\">\u00a0<\/p>\n<p style=\"text-align: left;\"><em>ESTRIBILHO (bis)<\/em><\/p>\n<p style=\"text-align: left;\"><em>Juntos<\/em><\/p>\n<p style=\"text-align: left;\"><em>Cantemos juntos<\/em><\/p>\n<p style=\"text-align: left;\"><em>Sigamos sempre engrandecendo esta terra<\/em><\/p>\n<p style=\"text-align: left;\"><em>Sobradinho de teus filhos ou\u00e7a o canto<\/em><\/p>\n<p style=\"text-align: left;\"><em>Esta gente te ama tanto<\/em><\/p>\n<p style=\"text-align: left;\"><em>E na can\u00e7\u00e3o tudo se encerra<\/em><\/p>\n<p style=\"text-align: left;\">\u00a0<\/p>\n<p style=\"text-align: left;\">\u00a0<\/p>\n<p style=\"text-align: left;\"><em>Entre morros desta serra do Rio Grande<\/em><\/p>\n<p style=\"text-align: left;\"><em>Superenses que labutam sem parar<\/em><\/p>\n<p style=\"text-align: left;\"><em>Nas lavouras inclinadas onde plantam<\/em><\/p>\n<p style=\"text-align: left;\"><em>Mostram garra de quem deve prosperar<\/em><\/p>\n<p style=\"text-align: left;\">\u00a0<\/p>\n<p style=\"text-align: left;\"><em>E em todos os setores h\u00e1 grandeza<\/em><\/p>\n<p style=\"text-align: left;\"><em>Das fronteiras dessa terra v\u00e3o al\u00e9m<\/em><\/p>\n<p style=\"text-align: left;\"><em>Gente assim como filhos bem queridos<\/em><\/p>\n<p style=\"text-align: left;\">\u00a0<\/p>\n<p style=\"text-align: left;\"><em>Juntos&#8230;&#8230;&#8230;&#8230;..(Bis Estribilho).<\/em><\/p>\n<p>\u00a0<\/p>\n<p>\u00a0<\/p>\n\n\n<p><\/p>\n","protected":false},"excerpt":{"rendered":"<p>Bandeira Municipal A Bandeira Municipal de Sobradinho \u00e9 de autoria do Professor Arcin\u00f3s Ant\u00f4nio \u00a0\u00a0\u00a0\u00a0Peixoto de Farias, e tem os [&hellip;]<\/p>\n","protected":false},"author":2,"featured_media":0,"parent":0,"menu_order":0,"comment_status":"closed","ping_status":"closed","template":"","meta":{"_eb_attr":"","site-sidebar-layout":"default","site-content-layout":"","ast-site-content-layout":"default","site-content-style":"default","site-sidebar-style":"default","ast-global-header-display":"","ast-banner-title-visibility":"","ast-main-header-display":"","ast-hfb-above-header-display":"","ast-hfb-below-header-display":"","ast-hfb-mobile-header-display":"","site-post-title":"","ast-breadcrumbs-content":"","ast-featured-img":"","footer-sml-layout":"","theme-transparent-header-meta":"","adv-header-id-meta":"","stick-header-meta":"","header-above-stick-meta":"","header-main-stick-meta":"","header-below-stick-meta":"","astra-migrate-meta-layouts":"default","ast-page-background-enabled":"default","ast-page-background-meta":{"desktop":{"background-color":"var(--ast-global-color-4)","background-image":"","background-repeat":"repeat","background-position":"center center","background-size":"auto","background-attachment":"scroll","background-type":"","background-media":"","overlay-type":"","overlay-color":"","overlay-opacity":"","overlay-gradient":""},"tablet":{"background-color":"","background-image":"","background-repeat":"repeat","background-position":"center center","background-size":"auto","background-attachment":"scroll","background-type":"","background-media":"","overlay-type":"","overlay-color":"","overlay-opacity":"","overlay-gradient":""},"mobile":{"background-color":"","background-image":"","background-repeat":"repeat","background-position":"center center","background-size":"auto","background-attachment":"scroll","background-type":"","background-media":"","overlay-type":"","overlay-color":"","overlay-opacity":"","overlay-gradient":""}},"ast-content-background-meta":{"desktop":{"background-color":"var(--ast-global-color-5)","background-image":"","background-repeat":"repeat","background-position":"center center","background-size":"auto","background-attachment":"scroll","background-type":"","background-media":"","overlay-type":"","overlay-color":"","overlay-opacity":"","overlay-gradient":""},"tablet":{"background-color":"var(--ast-global-color-5)","background-image":"","background-repeat":"repeat","background-position":"center center","background-size":"auto","background-attachment":"scroll","background-type":"","background-media":"","overlay-type":"","overlay-color":"","overlay-opacity":"","overlay-gradient":""},"mobile":{"background-color":"var(--ast-global-color-5)","background-image":"","background-repeat":"repeat","background-position":"center center","background-size":"auto","background-attachment":"scroll","background-type":"","background-media":"","overlay-type":"","overlay-color":"","overlay-opacity":"","overlay-gradient":""}},"footnotes":""},"class_list":["post-2601","page","type-page","status-publish","hentry"],"_links":{"self":[{"href":"https:\/\/www.sobradinho.rs.gov.br\/portal\/index.php?rest_route=\/wp\/v2\/pages\/2601","targetHints":{"allow":["GET"]}}],"collection":[{"href":"https:\/\/www.sobradinho.rs.gov.br\/portal\/index.php?rest_route=\/wp\/v2\/pages"}],"about":[{"href":"https:\/\/www.sobradinho.rs.gov.br\/portal\/index.php?rest_route=\/wp\/v2\/types\/page"}],"author":[{"embeddable":true,"href":"https:\/\/www.sobradinho.rs.gov.br\/portal\/index.php?rest_route=\/wp\/v2\/users\/2"}],"replies":[{"embeddable":true,"href":"https:\/\/www.sobradinho.rs.gov.br\/portal\/index.php?rest_route=%2Fwp%2Fv2%2Fcomments&post=2601"}],"version-history":[{"count":4,"href":"https:\/\/www.sobradinho.rs.gov.br\/portal\/index.php?rest_route=\/wp\/v2\/pages\/2601\/revisions"}],"predecessor-version":[{"id":2609,"href":"https:\/\/www.sobradinho.rs.gov.br\/portal\/index.php?rest_route=\/wp\/v2\/pages\/2601\/revisions\/2609"}],"wp:attachment":[{"href":"https:\/\/www.sobradinho.rs.gov.br\/portal\/index.php?rest_route=%2Fwp%2Fv2%2Fmedia&parent=2601"}],"curies":[{"name":"wp","href":"https:\/\/api.w.org\/{rel}","templated":true}]}}