{"id":2610,"date":"2019-02-01T15:08:33","date_gmt":"2019-02-01T17:08:33","guid":{"rendered":"http:\/\/sobradinho.rs.gov.br\/portal\/?page_id=2610"},"modified":"2025-07-11T14:53:48","modified_gmt":"2025-07-11T17:53:48","slug":"producao","status":"publish","type":"page","link":"https:\/\/www.sobradinho.rs.gov.br\/portal\/?page_id=2610","title":{"rendered":"CULTURA"},"content":{"rendered":"<h4>\u00a0<\/h4>\n<h1 style=\"text-align: center;\"><strong>DEPARTAMENTO DE CULTURA\u00a0<\/strong><\/h1>\n<h4 style=\"text-align: center;\"><img fetchpriority=\"high\" decoding=\"async\" class=\"aligncenter size-large wp-image-19490\" src=\"http:\/\/www.sobradinho.rs.gov.br\/portal\/wp-content\/uploads\/2025\/07\/casa-da-cultura-3-1024x669.jpg\" alt=\"\" width=\"1024\" height=\"669\" srcset=\"https:\/\/www.sobradinho.rs.gov.br\/portal\/wp-content\/uploads\/2025\/07\/casa-da-cultura-3-1024x669.jpg 1024w, https:\/\/www.sobradinho.rs.gov.br\/portal\/wp-content\/uploads\/2025\/07\/casa-da-cultura-3-300x196.jpg 300w, https:\/\/www.sobradinho.rs.gov.br\/portal\/wp-content\/uploads\/2025\/07\/casa-da-cultura-3-768x502.jpg 768w, https:\/\/www.sobradinho.rs.gov.br\/portal\/wp-content\/uploads\/2025\/07\/casa-da-cultura-3.jpg 1458w\" sizes=\"(max-width: 1024px) 100vw, 1024px\" \/><\/h4>\n<h3 style=\"text-align: center;\"><span style=\"color: #000000;\">Casa da Cultura Am\u00e1rio Jo\u00e3o Lazzari<\/span><\/h3>\n<h6 style=\"text-align: center;\"><span style=\"color: #808080;\">Endere\u00e7o: Av. Jo\u00e3o Ant\u00f4nio, 381 \u2013 Centro &#8211; Sobradinho\/RS<\/span><br \/><span style=\"color: #808080;\">Telefone: (51) 3742-1804\u00a0<\/span><br \/><span style=\"color: #808080;\">E-mail: casadacultura.sho@gmail.com<\/span><\/h6>\n<hr \/>\n<h2 style=\"text-align: center;\"><span style=\"color: #993300;\"><strong>21\u00ba Concurso Liter\u00e1rio Jornalista Valacir Cremonese 2025<\/strong><\/span><\/h2>\n<p style=\"text-align: center;\"><img decoding=\"async\" class=\"aligncenter size-large wp-image-19492\" src=\"http:\/\/www.sobradinho.rs.gov.br\/portal\/wp-content\/uploads\/2025\/07\/VALACIR-CREMONESE-724x1024.jpeg\" alt=\"\" width=\"724\" height=\"1024\" srcset=\"https:\/\/www.sobradinho.rs.gov.br\/portal\/wp-content\/uploads\/2025\/07\/VALACIR-CREMONESE-724x1024.jpeg 724w, https:\/\/www.sobradinho.rs.gov.br\/portal\/wp-content\/uploads\/2025\/07\/VALACIR-CREMONESE-212x300.jpeg 212w, https:\/\/www.sobradinho.rs.gov.br\/portal\/wp-content\/uploads\/2025\/07\/VALACIR-CREMONESE-768x1086.jpeg 768w, https:\/\/www.sobradinho.rs.gov.br\/portal\/wp-content\/uploads\/2025\/07\/VALACIR-CREMONESE-1086x1536.jpeg 1086w, https:\/\/www.sobradinho.rs.gov.br\/portal\/wp-content\/uploads\/2025\/07\/VALACIR-CREMONESE.jpeg 1131w\" sizes=\"(max-width: 724px) 100vw, 724px\" \/><\/p>\n<p>\u00a0<\/p>\n<h4 style=\"text-align: center;\">Para se inscrever acesse:<\/h4>\n<p style=\"text-align: center;\"><a href=\"https:\/\/drive.google.com\/drive\/folders\/1azITHEiHtzlqb0odOxAbSOWeDdFFO7Sj?usp=drive_link\">https:\/\/drive.google.com\/drive\/folders\/1azITHEiHtzlqb0odOxAbSOWeDdFFO7Sj?usp=drive_link<\/a><\/p>\n<p>\u00a0<\/p>\n<p>\u00a0<\/p>\n<hr \/>\n<p>\u00a0<\/p>\n<p>\u00a0<\/p>\n<p><img decoding=\"async\" class=\"alignnone  wp-image-17373 aligncenter\" src=\"http:\/\/www.sobradinho.rs.gov.br\/portal\/wp-content\/uploads\/2024\/08\/comunicados-SMECTD-41-e1723827481624-300x187.png\" alt=\"\" width=\"462\" height=\"288\" srcset=\"https:\/\/www.sobradinho.rs.gov.br\/portal\/wp-content\/uploads\/2024\/08\/comunicados-SMECTD-41-e1723827481624-300x187.png 300w, https:\/\/www.sobradinho.rs.gov.br\/portal\/wp-content\/uploads\/2024\/08\/comunicados-SMECTD-41-e1723827481624-1024x638.png 1024w, https:\/\/www.sobradinho.rs.gov.br\/portal\/wp-content\/uploads\/2024\/08\/comunicados-SMECTD-41-e1723827481624-768x479.png 768w, https:\/\/www.sobradinho.rs.gov.br\/portal\/wp-content\/uploads\/2024\/08\/comunicados-SMECTD-41-e1723827481624-1536x957.png 1536w, https:\/\/www.sobradinho.rs.gov.br\/portal\/wp-content\/uploads\/2024\/08\/comunicados-SMECTD-41-e1723827481624-2048x1276.png 2048w\" sizes=\"(max-width: 462px) 100vw, 462px\" \/><\/p>\n<p style=\"text-align: center;\">Sobre a Pol\u00edtica Nacional Aldir Blanc, acesse:\u00a0<a href=\"https:\/\/www.sobradinho.rs.gov.br\/portal\/?page_id=16870\">PNAB<\/a><\/p>\n<p>\u00a0<\/p>\n<hr \/>\n<p>\u00a0<\/p>\n<p><img loading=\"lazy\" decoding=\"async\" class=\"alignnone  wp-image-17208 aligncenter\" src=\"http:\/\/www.sobradinho.rs.gov.br\/portal\/wp-content\/uploads\/2024\/07\/CMAC-3-300x167.png\" alt=\"\" width=\"462\" height=\"257\" srcset=\"https:\/\/www.sobradinho.rs.gov.br\/portal\/wp-content\/uploads\/2024\/07\/CMAC-3-300x167.png 300w, https:\/\/www.sobradinho.rs.gov.br\/portal\/wp-content\/uploads\/2024\/07\/CMAC-3-768x426.png 768w, https:\/\/www.sobradinho.rs.gov.br\/portal\/wp-content\/uploads\/2024\/07\/CMAC-3.png 852w\" sizes=\"(max-width: 462px) 100vw, 462px\" \/><\/p>\n<p style=\"text-align: center;\">Para o Cadastro Municipal de Artista, acesse:\u00a0 <a href=\"https:\/\/forms.gle\/FsCPpQ3GFGfPrU1V6\">https:\/\/forms.gle\/FsCPpQ3GFGfPrU1V6<\/a><\/p>\n\n\n<figure class=\"wp-block-gallery has-nested-images columns-default is-cropped wp-block-gallery-1 is-layout-flex wp-block-gallery-is-layout-flex\"><\/figure>\n\n\n\n<p><\/p>\n","protected":false},"excerpt":{"rendered":"<p>\u00a0 DEPARTAMENTO DE CULTURA\u00a0 Casa da Cultura Am\u00e1rio Jo\u00e3o Lazzari Endere\u00e7o: Av. Jo\u00e3o Ant\u00f4nio, 381 \u2013 Centro &#8211; Sobradinho\/RSTelefone: (51) [&hellip;]<\/p>\n","protected":false},"author":2,"featured_media":0,"parent":0,"menu_order":0,"comment_status":"closed","ping_status":"closed","template":"","meta":{"_eb_attr":"","site-sidebar-layout":"default","site-content-layout":"","ast-site-content-layout":"default","site-content-style":"default","site-sidebar-style":"default","ast-global-header-display":"","ast-banner-title-visibility":"","ast-main-header-display":"","ast-hfb-above-header-display":"","ast-hfb-below-header-display":"","ast-hfb-mobile-header-display":"","site-post-title":"","ast-breadcrumbs-content":"","ast-featured-img":"","footer-sml-layout":"","theme-transparent-header-meta":"","adv-header-id-meta":"","stick-header-meta":"","header-above-stick-meta":"","header-main-stick-meta":"","header-below-stick-meta":"","astra-migrate-meta-layouts":"default","ast-page-background-enabled":"default","ast-page-background-meta":{"desktop":{"background-color":"var(--ast-global-color-4)","background-image":"","background-repeat":"repeat","background-position":"center center","background-size":"auto","background-attachment":"scroll","background-type":"","background-media":"","overlay-type":"","overlay-color":"","overlay-opacity":"","overlay-gradient":""},"tablet":{"background-color":"","background-image":"","background-repeat":"repeat","background-position":"center center","background-size":"auto","background-attachment":"scroll","background-type":"","background-media":"","overlay-type":"","overlay-color":"","overlay-opacity":"","overlay-gradient":""},"mobile":{"background-color":"","background-image":"","background-repeat":"repeat","background-position":"center center","background-size":"auto","background-attachment":"scroll","background-type":"","background-media":"","overlay-type":"","overlay-color":"","overlay-opacity":"","overlay-gradient":""}},"ast-content-background-meta":{"desktop":{"background-color":"var(--ast-global-color-5)","background-image":"","background-repeat":"repeat","background-position":"center center","background-size":"auto","background-attachment":"scroll","background-type":"","background-media":"","overlay-type":"","overlay-color":"","overlay-opacity":"","overlay-gradient":""},"tablet":{"background-color":"var(--ast-global-color-5)","background-image":"","background-repeat":"repeat","background-position":"center center","background-size":"auto","background-attachment":"scroll","background-type":"","background-media":"","overlay-type":"","overlay-color":"","overlay-opacity":"","overlay-gradient":""},"mobile":{"background-color":"var(--ast-global-color-5)","background-image":"","background-repeat":"repeat","background-position":"center center","background-size":"auto","background-attachment":"scroll","background-type":"","background-media":"","overlay-type":"","overlay-color":"","overlay-opacity":"","overlay-gradient":""}},"footnotes":""},"class_list":["post-2610","page","type-page","status-publish","hentry"],"_links":{"self":[{"href":"https:\/\/www.sobradinho.rs.gov.br\/portal\/index.php?rest_route=\/wp\/v2\/pages\/2610","targetHints":{"allow":["GET"]}}],"collection":[{"href":"https:\/\/www.sobradinho.rs.gov.br\/portal\/index.php?rest_route=\/wp\/v2\/pages"}],"about":[{"href":"https:\/\/www.sobradinho.rs.gov.br\/portal\/index.php?rest_route=\/wp\/v2\/types\/page"}],"author":[{"embeddable":true,"href":"https:\/\/www.sobradinho.rs.gov.br\/portal\/index.php?rest_route=\/wp\/v2\/users\/2"}],"replies":[{"embeddable":true,"href":"https:\/\/www.sobradinho.rs.gov.br\/portal\/index.php?rest_route=%2Fwp%2Fv2%2Fcomments&post=2610"}],"version-history":[{"count":10,"href":"https:\/\/www.sobradinho.rs.gov.br\/portal\/index.php?rest_route=\/wp\/v2\/pages\/2610\/revisions"}],"predecessor-version":[{"id":19493,"href":"https:\/\/www.sobradinho.rs.gov.br\/portal\/index.php?rest_route=\/wp\/v2\/pages\/2610\/revisions\/19493"}],"wp:attachment":[{"href":"https:\/\/www.sobradinho.rs.gov.br\/portal\/index.php?rest_route=%2Fwp%2Fv2%2Fmedia&parent=2610"}],"curies":[{"name":"wp","href":"https:\/\/api.w.org\/{rel}","templated":true}]}}