{"id":2700,"date":"2019-02-04T10:48:44","date_gmt":"2019-02-04T12:48:44","guid":{"rendered":"http:\/\/sobradinho.rs.gov.br\/portal\/?page_id=2700"},"modified":"2019-02-04T10:53:31","modified_gmt":"2019-02-04T12:53:31","slug":"editais-e-concursos-2019","status":"publish","type":"page","link":"https:\/\/www.sobradinho.rs.gov.br\/portal\/?page_id=2700","title":{"rendered":"2019"},"content":{"rendered":"<div class=\"sdm_download_item \"><div class=\"sdm_download_item_top\"><div class=\"sdm_download_thumbnail\"><\/div><div class=\"sdm_download_title\">EDITAL 086 DE HOMOLOGA\u00c7\u00c3O FINAL &#8211; INCISO III<\/div><\/div><div style=\"clear:both;\"><\/div><div class=\"sdm_download_description\"><p><a href=\"http:\/\/sobradinho.rs.gov.br\/portal\/wp-content\/uploads\/2020\/12\/EDITAL-086-DE-HOMOLOGACAO-FINAL-INCISO-III.pdf\">EDITAL 086 DE HOMOLOGA\u00c7\u00c3O FINAL &#8211; INCISO III<\/a><\/p>\n<\/div><div class=\"sdm_download_link\"><span class=\"sdm_download_button\"><a href=\"https:\/\/www.sobradinho.rs.gov.br\/portal\/?sdm_process_download=1&download_id=8339\" class=\"sdm_download grey\" title=\"EDITAL 086 DE HOMOLOGA\u00c7\u00c3O FINAL &#8211; INCISO III\" target=\"_self\">Baixar agora!<\/a><\/span><span class=\"sdm_download_item_count\"><span class=\"sdm_item_count_number\">743<\/span><span class=\"sdm_item_count_string\"> Downloads<\/span><\/span><\/div><\/div><div class=\"sdm_download_item \"><div class=\"sdm_download_item_top\"><div class=\"sdm_download_thumbnail\"><\/div><div class=\"sdm_download_title\">EDITAL 085.2020 HOMOLOGA\u00c7\u00c3O INCISO III &#8211; LEI ALDIR BLANC<\/div><\/div><div style=\"clear:both;\"><\/div><div class=\"sdm_download_description\"><ul>\n<li><a href=\"http:\/\/sobradinho.rs.gov.br\/portal\/wp-content\/uploads\/2020\/12\/EDITAL-085.2020-HOMOLOGACAO-INCISO-III-LEI-ALDIR-BLANC.pdf\">EDITAL 085.2020 HOMOLOGA\u00c7\u00c3O INCISO III &#8211; LEI ALDIR BLANC<\/a><\/li>\n<\/ul>\n<\/div><div class=\"sdm_download_link\"><span class=\"sdm_download_button\"><a href=\"https:\/\/www.sobradinho.rs.gov.br\/portal\/?sdm_process_download=1&download_id=8312\" class=\"sdm_download grey\" title=\"EDITAL 085.2020 HOMOLOGA\u00c7\u00c3O INCISO III &#8211; LEI ALDIR BLANC\" target=\"_self\">Baixar agora!<\/a><\/span><span class=\"sdm_download_item_count\"><span class=\"sdm_item_count_number\">731<\/span><span class=\"sdm_item_count_string\"> Downloads<\/span><\/span><\/div><\/div><div class=\"sdm_download_item \"><div class=\"sdm_download_item_top\"><div class=\"sdm_download_thumbnail\"><\/div><div class=\"sdm_download_title\">EDITAL 084-2020- ALTERA\u00c7\u00c3O EDITAL 083 AUDIENCIA PUBLICA ALTERA\u00c7\u00c3O DO PLANO DIRETOR PARTICIPATIVO<\/div><\/div><div style=\"clear:both;\"><\/div><div class=\"sdm_download_description\"><p><a href=\"http:\/\/sobradinho.rs.gov.br\/portal\/wp-content\/uploads\/2020\/12\/EDITAL-084-2020-ALTERACAO-EDITAL-083-AUDIENCIA-PUBLICA-ALTERACAO-DO-PLANO-DIRETOR-PARTICIPATIVO.doc\">EDITAL 084-2020- ALTERA\u00c7\u00c3O EDITAL 083 AUDIENCIA PUBLICA ALTERA\u00c7\u00c3O DO PLANO DIRETOR PARTICIPATIVO<\/a><\/p>\n<\/div><div class=\"sdm_download_link\"><span class=\"sdm_download_button\"><a href=\"https:\/\/www.sobradinho.rs.gov.br\/portal\/?sdm_process_download=1&download_id=8305\" class=\"sdm_download grey\" title=\"EDITAL 084-2020- ALTERA\u00c7\u00c3O EDITAL 083 AUDIENCIA PUBLICA ALTERA\u00c7\u00c3O DO PLANO DIRETOR PARTICIPATIVO\" target=\"_self\">Baixar agora!<\/a><\/span><span class=\"sdm_download_item_count\"><span class=\"sdm_item_count_number\">772<\/span><span class=\"sdm_item_count_string\"> Downloads<\/span><\/span><\/div><\/div><div class=\"sdm_download_item \"><div class=\"sdm_download_item_top\"><div class=\"sdm_download_thumbnail\"><\/div><div class=\"sdm_download_title\">EDITAL 083-2020- AUDI\u00caNCIA PUBLICA ALTERA\u00c7\u00c3O DO PLANO DIRETOR PARTICIPATIVO<\/div><\/div><div style=\"clear:both;\"><\/div><div class=\"sdm_download_description\"><p><a href=\"http:\/\/sobradinho.rs.gov.br\/portal\/wp-content\/uploads\/2020\/12\/EDITAL-083-2020-AUDIENCIA-PUBLICA-ALTERACAO-DO-PLANO-DIRETOR-PARTICIPATIVO.doc\">EDITAL 083-2020- AUDIENCIA PUBLICA ALTERA\u00c7\u00c3O DO PLANO DIRETOR PARTICIPATIVO<\/a><\/p>\n<\/div><div class=\"sdm_download_link\"><span class=\"sdm_download_button\"><a href=\"https:\/\/www.sobradinho.rs.gov.br\/portal\/?sdm_process_download=1&download_id=8271\" class=\"sdm_download grey\" title=\"EDITAL 083-2020- AUDI\u00caNCIA PUBLICA ALTERA\u00c7\u00c3O DO PLANO DIRETOR PARTICIPATIVO\" target=\"_self\">Baixar agora!<\/a><\/span><span class=\"sdm_download_item_count\"><span class=\"sdm_item_count_number\">718<\/span><span class=\"sdm_item_count_string\"> Downloads<\/span><\/span><\/div><\/div><div class=\"sdm_download_item \"><div class=\"sdm_download_item_top\"><div class=\"sdm_download_thumbnail\"><\/div><div class=\"sdm_download_title\">EDITAL INCISO III- LEI ALDIR BLANC<\/div><\/div><div style=\"clear:both;\"><\/div><div class=\"sdm_download_description\"><p><a href=\"http:\/\/sobradinho.rs.gov.br\/portal\/wp-content\/uploads\/2020\/11\/EDITAL-INCISO-III-LEI-ALDIR-BLANC.pdf\">\u00a0EDITAL INCISO III<\/a><a href=\"http:\/\/sobradinho.rs.gov.br\/portal\/wp-content\/uploads\/2020\/11\/EDITAL-INCISO-III-LEI-ALDIR-BLANC.pdf\">&#8211; LEI ALDIR BLANC<\/a><\/p>\n<\/div><div class=\"sdm_download_link\"><span class=\"sdm_download_button\"><a href=\"https:\/\/www.sobradinho.rs.gov.br\/portal\/?sdm_process_download=1&download_id=8261\" class=\"sdm_download grey\" title=\"EDITAL INCISO III- LEI ALDIR BLANC\" target=\"_self\">Baixar agora!<\/a><\/span><span class=\"sdm_download_item_count\"><span class=\"sdm_item_count_number\">793<\/span><span class=\"sdm_item_count_string\"> Downloads<\/span><\/span><\/div><\/div><div class=\"sdm_download_item \"><div class=\"sdm_download_item_top\"><div class=\"sdm_download_thumbnail\"><\/div><div class=\"sdm_download_title\">EDITAL &#8211; RESULTADO DEFINITIVO &#8211; INCISO II DO ART. 2\u00ba DA LEI ALDIR BLANC<\/div><\/div><div style=\"clear:both;\"><\/div><div class=\"sdm_download_description\"><p><a href=\"http:\/\/sobradinho.rs.gov.br\/portal\/wp-content\/uploads\/2020\/11\/EDITAL-RESULTADO-DEFINITIVO-INCISO-II-DO-ART.-2o-DA-LEI-ALDIR-BLANC-1.doc\">EDITAL &#8211; RESULTADO DEFINITIVO &#8211; INCISO II DO ART. 2\u00ba DA LEI ALDIR BLANC (1)<\/a><\/p>\n<\/div><div class=\"sdm_download_link\"><span class=\"sdm_download_button\"><a href=\"https:\/\/www.sobradinho.rs.gov.br\/portal\/?sdm_process_download=1&download_id=8252\" class=\"sdm_download grey\" title=\"EDITAL &#8211; RESULTADO DEFINITIVO &#8211; INCISO II DO ART. 2\u00ba DA LEI ALDIR BLANC\" target=\"_self\">Baixar agora!<\/a><\/span><span class=\"sdm_download_item_count\"><span class=\"sdm_item_count_number\">757<\/span><span class=\"sdm_item_count_string\"> Downloads<\/span><\/span><\/div><\/div><div class=\"sdm_download_item \"><div class=\"sdm_download_item_top\"><div class=\"sdm_download_thumbnail\"><\/div><div class=\"sdm_download_title\">EDITAL 081 &#8211; LEI ALDIR BLANC<\/div><\/div><div style=\"clear:both;\"><\/div><div class=\"sdm_download_description\"><p><a href=\"http:\/\/sobradinho.rs.gov.br\/portal\/wp-content\/uploads\/2020\/11\/EDITAL-081-LEI-ALDIR-BLANC-1.pdf\">EDITAL 081-LEI ALDIR BLANC<\/a><\/p>\n<\/div><div class=\"sdm_download_link\"><span class=\"sdm_download_button\"><a href=\"https:\/\/www.sobradinho.rs.gov.br\/portal\/?sdm_process_download=1&download_id=8228\" class=\"sdm_download grey\" title=\"EDITAL 081 &#8211; LEI ALDIR BLANC\" target=\"_self\">Baixar agora!<\/a><\/span><span class=\"sdm_download_item_count\"><span class=\"sdm_item_count_number\">856<\/span><span class=\"sdm_item_count_string\"> Downloads<\/span><\/span><\/div><\/div><div class=\"sdm_download_item \"><div class=\"sdm_download_item_top\"><div class=\"sdm_download_thumbnail\"><\/div><div class=\"sdm_download_title\">EDITAL 024-20- PROCESSO SELETIVO 007-2020- PROFESSOR PEDAGOGIA-BANDA<\/div><\/div><div style=\"clear:both;\"><\/div><div class=\"sdm_download_description\"><\/div><div class=\"sdm_download_link\"><span class=\"sdm_download_button\"><a href=\"https:\/\/www.sobradinho.rs.gov.br\/portal\/?sdm_process_download=1&download_id=6502\" class=\"sdm_download grey\" title=\"EDITAL 024-20- PROCESSO SELETIVO 007-2020- PROFESSOR PEDAGOGIA-BANDA\" target=\"_self\">Baixar agora!<\/a><\/span><span class=\"sdm_download_item_count\"><span class=\"sdm_item_count_number\">847<\/span><span class=\"sdm_item_count_string\"> Downloads<\/span><\/span><\/div><\/div><div class=\"sdm_download_item \"><div class=\"sdm_download_item_top\"><div class=\"sdm_download_thumbnail\"><\/div><div class=\"sdm_download_title\">EDITAL 023.2020- PROCESSO SELETIVO 006-2020- CONTRATA\u00c7\u00c3O TEMPOR\u00c1RIA- FISIOTERAPEUTA<\/div><\/div><div style=\"clear:both;\"><\/div><div class=\"sdm_download_description\"><\/div><div class=\"sdm_download_link\"><span class=\"sdm_download_button\"><a href=\"https:\/\/www.sobradinho.rs.gov.br\/portal\/?sdm_process_download=1&download_id=6500\" class=\"sdm_download grey\" title=\"EDITAL 023.2020- PROCESSO SELETIVO 006-2020- CONTRATA\u00c7\u00c3O TEMPOR\u00c1RIA- FISIOTERAPEUTA\" target=\"_self\">Baixar agora!<\/a><\/span><span class=\"sdm_download_item_count\"><span class=\"sdm_item_count_number\">933<\/span><span class=\"sdm_item_count_string\"> Downloads<\/span><\/span><\/div><\/div><div class=\"sdm_download_item \"><div class=\"sdm_download_item_top\"><div class=\"sdm_download_thumbnail\"><\/div><div class=\"sdm_download_title\">EDITAL N\u00ba 022.2020, DE HOMOLOGA\u00c7\u00c3O DO RESULTADO FINAL DA SELE\u00c7\u00c3O P\u00daBLICA N\u00ba 0052020, EDITAL n\u00b0 0092020, RETIFICADO PELO EDITAL 0142020<\/div><\/div><div style=\"clear:both;\"><\/div><div class=\"sdm_download_description\"><p><a href=\"http:\/\/sobradinho.rs.gov.br\/portal\/wp-content\/uploads\/2020\/03\/EDITAL-N\u00ba-022.2020-DE-HOMOLOGA\u00c7\u00c3O-DO-RESULTADO-FINAL-DA-SELE\u00c7\u00c3O-P\u00daBLICA-N\u00ba-0052020-EDITAL-n\u00b0-0092020-RETIFICADO-PELO-EDITAL-0142020.doc\">EDITAL N\u00ba 022.2020, DE HOMOLOGA\u00c7\u00c3O DO RESULTADO FINAL DA SELE\u00c7\u00c3O P\u00daBLICA N\u00ba 0052020, EDITAL n\u00b0 0092020, RETIFICADO PELO EDITAL 0142020<\/a><\/p>\n<\/div><div class=\"sdm_download_link\"><span class=\"sdm_download_button\"><a href=\"https:\/\/www.sobradinho.rs.gov.br\/portal\/?sdm_process_download=1&download_id=6390\" class=\"sdm_download grey\" title=\"EDITAL N\u00ba 022.2020, DE HOMOLOGA\u00c7\u00c3O DO RESULTADO FINAL DA SELE\u00c7\u00c3O P\u00daBLICA N\u00ba 0052020, EDITAL n\u00b0 0092020, RETIFICADO PELO EDITAL 0142020\" target=\"_self\">Baixar agora!<\/a><\/span><span class=\"sdm_download_item_count\"><span class=\"sdm_item_count_number\">0<\/span><span class=\"sdm_item_count_string\"> Downloads<\/span><\/span><\/div><\/div><div class=\"sdm_download_item \"><div class=\"sdm_download_item_top\"><div class=\"sdm_download_thumbnail\"><\/div><div class=\"sdm_download_title\">LEI MUNICIPAL N\u00ba 4.681 De 20 de fevereiro de 2020.<\/div><\/div><div style=\"clear:both;\"><\/div><div class=\"sdm_download_description\"><\/div><div class=\"sdm_download_link\"><span class=\"sdm_download_button\"><a href=\"https:\/\/www.sobradinho.rs.gov.br\/portal\/?sdm_process_download=1&download_id=6360\" class=\"sdm_download grey\" title=\"LEI MUNICIPAL N\u00ba 4.681 De 20 de fevereiro de 2020.\" target=\"_self\">Baixar agora!<\/a><\/span><span class=\"sdm_download_item_count\"><span class=\"sdm_item_count_number\">790<\/span><span class=\"sdm_item_count_string\"> Downloads<\/span><\/span><\/div><\/div><div class=\"sdm_download_item \"><div class=\"sdm_download_item_top\"><div class=\"sdm_download_thumbnail\"><\/div><div class=\"sdm_download_title\">LEI MUNICIPAL N\u00ba 4.680 De 20 de fevereiro de 2020.<\/div><\/div><div style=\"clear:both;\"><\/div><div class=\"sdm_download_description\"><\/div><div class=\"sdm_download_link\"><span class=\"sdm_download_button\"><a href=\"https:\/\/www.sobradinho.rs.gov.br\/portal\/?sdm_process_download=1&download_id=6358\" class=\"sdm_download grey\" title=\"LEI MUNICIPAL N\u00ba 4.680 De 20 de fevereiro de 2020.\" target=\"_self\">Baixar agora!<\/a><\/span><span class=\"sdm_download_item_count\"><span class=\"sdm_item_count_number\">773<\/span><span class=\"sdm_item_count_string\"> Downloads<\/span><\/span><\/div><\/div><div class=\"sdm_download_item \"><div class=\"sdm_download_item_top\"><div class=\"sdm_download_thumbnail\"><\/div><div class=\"sdm_download_title\">Lei Municipal n\u00ba 4.679, em 20 de fevereiro de 2020.<\/div><\/div><div style=\"clear:both;\"><\/div><div class=\"sdm_download_description\"><\/div><div class=\"sdm_download_link\"><span class=\"sdm_download_button\"><a href=\"https:\/\/www.sobradinho.rs.gov.br\/portal\/?sdm_process_download=1&download_id=6356\" class=\"sdm_download grey\" title=\"Lei Municipal n\u00ba 4.679, em 20 de fevereiro de 2020.\" target=\"_self\">Baixar agora!<\/a><\/span><span class=\"sdm_download_item_count\"><span class=\"sdm_item_count_number\">902<\/span><span class=\"sdm_item_count_string\"> Downloads<\/span><\/span><\/div><\/div><div class=\"sdm_download_item \"><div class=\"sdm_download_item_top\"><div class=\"sdm_download_thumbnail\"><\/div><div class=\"sdm_download_title\">Lei Municipal n.\u00ba 4.678, em 20 de fevereiro de 2020.<\/div><\/div><div style=\"clear:both;\"><\/div><div class=\"sdm_download_description\"><\/div><div class=\"sdm_download_link\"><span class=\"sdm_download_button\"><a href=\"https:\/\/www.sobradinho.rs.gov.br\/portal\/?sdm_process_download=1&download_id=6354\" class=\"sdm_download grey\" title=\"Lei Municipal n.\u00ba 4.678, em 20 de fevereiro de 2020.\" target=\"_self\">Baixar agora!<\/a><\/span><span class=\"sdm_download_item_count\"><span class=\"sdm_item_count_number\">827<\/span><span class=\"sdm_item_count_string\"> Downloads<\/span><\/span><\/div><\/div><div class=\"sdm_download_item \"><div class=\"sdm_download_item_top\"><div class=\"sdm_download_thumbnail\"><\/div><div class=\"sdm_download_title\">EDITAL N\u00ba 019\/2020, DE DIVULGA\u00c7\u00c3O DO RESULTADO PRELIMINAR DA SELE\u00c7\u00c3O P\u00daBLICA N\u00ba 004\/2020, EDITAL n\u00b0 008\/2020<\/div><\/div><div style=\"clear:both;\"><\/div><div class=\"sdm_download_description\"><\/div><div class=\"sdm_download_link\"><span class=\"sdm_download_button\"><a href=\"https:\/\/www.sobradinho.rs.gov.br\/portal\/?sdm_process_download=1&download_id=6344\" class=\"sdm_download grey\" title=\"EDITAL N\u00ba 019\/2020, DE DIVULGA\u00c7\u00c3O DO RESULTADO PRELIMINAR DA SELE\u00c7\u00c3O P\u00daBLICA N\u00ba 004\/2020, EDITAL n\u00b0 008\/2020\" target=\"_self\">Baixar agora!<\/a><\/span><span class=\"sdm_download_item_count\"><span class=\"sdm_item_count_number\">892<\/span><span class=\"sdm_item_count_string\"> Downloads<\/span><\/span><\/div><\/div><div class=\"sdm_download_item \"><div class=\"sdm_download_item_top\"><div class=\"sdm_download_thumbnail\"><\/div><div class=\"sdm_download_title\">EDITAL N\u00b0 018\/2020 HOMOLOGA\u00c7\u00c3O DAS INSCRI\u00c7\u00d5ES- Para contrata\u00e7\u00e3o de Professor de Educa\u00e7\u00e3o Especial, Edital n\u00ba 009\/2020, retificado pelo Edital n\u00ba 014\/2020, Sele\u00e7\u00e3o P\u00fablica n\u00ba 005\/2020.<\/div><\/div><div style=\"clear:both;\"><\/div><div class=\"sdm_download_description\"><\/div><div class=\"sdm_download_link\"><span class=\"sdm_download_button\"><a href=\"https:\/\/www.sobradinho.rs.gov.br\/portal\/?sdm_process_download=1&download_id=6342\" class=\"sdm_download grey\" title=\"EDITAL N\u00b0 018\/2020 HOMOLOGA\u00c7\u00c3O DAS INSCRI\u00c7\u00d5ES- Para contrata\u00e7\u00e3o de Professor de Educa\u00e7\u00e3o Especial, Edital n\u00ba 009\/2020, retificado pelo Edital n\u00ba 014\/2020, Sele\u00e7\u00e3o P\u00fablica n\u00ba 005\/2020.\" target=\"_self\">Baixar agora!<\/a><\/span><span class=\"sdm_download_item_count\"><span class=\"sdm_item_count_number\">906<\/span><span class=\"sdm_item_count_string\"> Downloads<\/span><\/span><\/div><\/div><div class=\"sdm_download_item \"><div class=\"sdm_download_item_top\"><div class=\"sdm_download_thumbnail\"><\/div><div class=\"sdm_download_title\">EDITAL013-2020 &#8211; HOMOLOGA\u00c7\u00c3O DO RESULTADO FINAL-PROCESSO SELETIVO-001-2020-EDITAL 001-2020<\/div><\/div><div style=\"clear:both;\"><\/div><div class=\"sdm_download_description\"><p><a href=\"http:\/\/sobradinho.rs.gov.br\/portal\/wp-content\/uploads\/2020\/02\/EDITAL013-2020-HOMOLOGA\u00c7\u00c3O-DO-RESULTADO-FINAL-PROCESSO-SELETIVO-001-2020-EDITAL-001-2020.doc\">EDITAL013-2020 &#8211; HOMOLOGA\u00c7\u00c3O DO RESULTADO FINAL-PROCESSO SELETIVO-001-2020-EDITAL 001-2020<\/a><\/p>\n<\/div><div class=\"sdm_download_link\"><span class=\"sdm_download_button\"><a href=\"https:\/\/www.sobradinho.rs.gov.br\/portal\/?sdm_process_download=1&download_id=6201\" class=\"sdm_download grey\" title=\"EDITAL013-2020 &#8211; HOMOLOGA\u00c7\u00c3O DO RESULTADO FINAL-PROCESSO SELETIVO-001-2020-EDITAL 001-2020\" target=\"_self\">Baixar agora!<\/a><\/span><span class=\"sdm_download_item_count\"><span class=\"sdm_item_count_number\">0<\/span><span class=\"sdm_item_count_string\"> Downloads<\/span><\/span><\/div><\/div><div class=\"sdm_download_item \"><div class=\"sdm_download_item_top\"><div class=\"sdm_download_thumbnail\"><\/div><div class=\"sdm_download_title\">EDITAL 008-2020- CONTRATA\u00c7\u00c3O TEMPOR\u00c1RIA- PROFESSOR INFORM\u00c1TICA- PROCESSO SELETIVO 004-2020<\/div><\/div><div style=\"clear:both;\"><\/div><div class=\"sdm_download_description\"><p><a href=\"http:\/\/sobradinho.rs.gov.br\/portal\/wp-content\/uploads\/2020\/02\/EDITAL-008-2020-CONTRATA\u00c7\u00c3O-TEMPOR\u00c1RIA-PROFESSOR-INFORM\u00c1TICA-PROCESSO-SELETIVO-004-2020-1.doc\">EDITAL 008-2020- CONTRATA\u00c7\u00c3O TEMPOR\u00c1RIA- PROFESSOR INFORM\u00c1TICA- PROCESSO SELETIVO 004-2020<\/a>EDITAL 008-2020- CONTRATA\u00c7\u00c3O TEMPOR\u00c1RIA- PROFESSOR INFORM\u00c1TICA- PROCESSO SELETIVO 004-2020<\/p>\n<\/div><div class=\"sdm_download_link\"><span class=\"sdm_download_button\"><a href=\"https:\/\/www.sobradinho.rs.gov.br\/portal\/?sdm_process_download=1&download_id=6166\" class=\"sdm_download grey\" title=\"EDITAL 008-2020- CONTRATA\u00c7\u00c3O TEMPOR\u00c1RIA- PROFESSOR INFORM\u00c1TICA- PROCESSO SELETIVO 004-2020\" target=\"_self\">Baixar agora!<\/a><\/span><span class=\"sdm_download_item_count\"><span class=\"sdm_item_count_number\">0<\/span><span class=\"sdm_item_count_string\"> Downloads<\/span><\/span><\/div><\/div><div class=\"sdm_download_item \"><div class=\"sdm_download_item_top\"><div class=\"sdm_download_thumbnail\"><\/div><div class=\"sdm_download_title\">EDITAL 009-2020- CONTRATA\u00c7\u00c3O TEMPOR\u00c1RIA- PROFESSOR EDUCA\u00c7\u00c3O ESPECIAL- PROCESSO SELETIVO 005-2020<\/div><\/div><div style=\"clear:both;\"><\/div><div class=\"sdm_download_description\"><p><a href=\"http:\/\/sobradinho.rs.gov.br\/portal\/wp-content\/uploads\/2020\/02\/EDITAL-009-2020-CONTRATA\u00c7\u00c3O-TEMPOR\u00c1RIA-PROFESSOR-EDUCA\u00c7\u00c3O-ESPECIAL-PROCESSO-SELETIVO-005-2020-2.doc\">EDITAL 009-2020- CONTRATA\u00c7\u00c3O TEMPOR\u00c1RIA- PROFESSOR EDUCA\u00c7\u00c3O ESPECIAL- PROCESSO SELETIVO 005-2020<\/a><\/p>\n<\/div><div class=\"sdm_download_link\"><span class=\"sdm_download_button\"><a href=\"https:\/\/www.sobradinho.rs.gov.br\/portal\/?sdm_process_download=1&download_id=6164\" class=\"sdm_download grey\" title=\"EDITAL 009-2020- CONTRATA\u00c7\u00c3O TEMPOR\u00c1RIA- PROFESSOR EDUCA\u00c7\u00c3O ESPECIAL- PROCESSO SELETIVO 005-2020\" target=\"_self\">Baixar agora!<\/a><\/span><span class=\"sdm_download_item_count\"><span class=\"sdm_item_count_number\">0<\/span><span class=\"sdm_item_count_string\"> Downloads<\/span><\/span><\/div><\/div><div class=\"sdm_download_item \"><div class=\"sdm_download_item_top\"><div class=\"sdm_download_thumbnail\"><\/div><div class=\"sdm_download_title\">EDITAL010-2020 &#8211; DIVULGA\u00c7\u00c3O DO RESULTADO PRELIMINAR- PROCESSO SELETIVO PSIC\u00d3LOGO(A) -001-2020-EDITAL 001-2020<\/div><\/div><div style=\"clear:both;\"><\/div><div class=\"sdm_download_description\"><p><a href=\"http:\/\/sobradinho.rs.gov.br\/portal\/wp-content\/uploads\/2020\/01\/EDITAL010-2020-DIVULGA\u00c7\u00c3O-DO-RESULTADO-PRELIMINAR-PROCESSO-SELETIVO-001-2020-EDITAL-001-2020.doc\">EDITAL010-2020 &#8211; DIVULGA\u00c7\u00c3O DO RESULTADO PRELIMINAR-PROCESSO SELETIVO-001-2020-EDITAL 001-2020<\/a><\/p>\n<\/div><div class=\"sdm_download_link\"><span class=\"sdm_download_button\"><a href=\"https:\/\/www.sobradinho.rs.gov.br\/portal\/?sdm_process_download=1&download_id=6116\" class=\"sdm_download grey\" title=\"EDITAL010-2020 &#8211; DIVULGA\u00c7\u00c3O DO RESULTADO PRELIMINAR- PROCESSO SELETIVO PSIC\u00d3LOGO(A) -001-2020-EDITAL 001-2020\" target=\"_self\">Baixar agora!<\/a><\/span><span class=\"sdm_download_item_count\"><span class=\"sdm_item_count_number\">0<\/span><span class=\"sdm_item_count_string\"> Downloads<\/span><\/span><\/div><\/div><div class=\"sdm_clear_float\"><\/div><div class=\"sdm_pagination\"><span aria-current=\"page\" class=\"page-numbers current\">1<\/span>\n<a class=\"page-numbers\" href=\"https:\/\/www.sobradinho.rs.gov.br\/portal\/index.php#038;paged=2\">2<\/a>\n<a class=\"next page-numbers\" href=\"https:\/\/www.sobradinho.rs.gov.br\/portal\/index.php#038;paged=2\">&raquo;<\/a><\/div>\n","protected":false},"excerpt":{"rendered":"","protected":false},"author":1,"featured_media":0,"parent":0,"menu_order":0,"comment_status":"closed","ping_status":"closed","template":"","meta":{"_eb_attr":"","site-sidebar-layout":"default","site-content-layout":"","ast-site-content-layout":"default","site-content-style":"default","site-sidebar-style":"default","ast-global-header-display":"","ast-banner-title-visibility":"","ast-main-header-display":"","ast-hfb-above-header-display":"","ast-hfb-below-header-display":"","ast-hfb-mobile-header-display":"","site-post-title":"","ast-breadcrumbs-content":"","ast-featured-img":"","footer-sml-layout":"","theme-transparent-header-meta":"","adv-header-id-meta":"","stick-header-meta":"","header-above-stick-meta":"","header-main-stick-meta":"","header-below-stick-meta":"","astra-migrate-meta-layouts":"default","ast-page-background-enabled":"default","ast-page-background-meta":{"desktop":{"background-color":"var(--ast-global-color-4)","background-image":"","background-repeat":"repeat","background-position":"center center","background-size":"auto","background-attachment":"scroll","background-type":"","background-media":"","overlay-type":"","overlay-color":"","overlay-opacity":"","overlay-gradient":""},"tablet":{"background-color":"","background-image":"","background-repeat":"repeat","background-position":"center center","background-size":"auto","background-attachment":"scroll","background-type":"","background-media":"","overlay-type":"","overlay-color":"","overlay-opacity":"","overlay-gradient":""},"mobile":{"background-color":"","background-image":"","background-repeat":"repeat","background-position":"center center","background-size":"auto","background-attachment":"scroll","background-type":"","background-media":"","overlay-type":"","overlay-color":"","overlay-opacity":"","overlay-gradient":""}},"ast-content-background-meta":{"desktop":{"background-color":"var(--ast-global-color-5)","background-image":"","background-repeat":"repeat","background-position":"center center","background-size":"auto","background-attachment":"scroll","background-type":"","background-media":"","overlay-type":"","overlay-color":"","overlay-opacity":"","overlay-gradient":""},"tablet":{"background-color":"var(--ast-global-color-5)","background-image":"","background-repeat":"repeat","background-position":"center center","background-size":"auto","background-attachment":"scroll","background-type":"","background-media":"","overlay-type":"","overlay-color":"","overlay-opacity":"","overlay-gradient":""},"mobile":{"background-color":"var(--ast-global-color-5)","background-image":"","background-repeat":"repeat","background-position":"center center","background-size":"auto","background-attachment":"scroll","background-type":"","background-media":"","overlay-type":"","overlay-color":"","overlay-opacity":"","overlay-gradient":""}},"footnotes":""},"class_list":["post-2700","page","type-page","status-publish","hentry"],"_links":{"self":[{"href":"https:\/\/www.sobradinho.rs.gov.br\/portal\/index.php?rest_route=\/wp\/v2\/pages\/2700","targetHints":{"allow":["GET"]}}],"collection":[{"href":"https:\/\/www.sobradinho.rs.gov.br\/portal\/index.php?rest_route=\/wp\/v2\/pages"}],"about":[{"href":"https:\/\/www.sobradinho.rs.gov.br\/portal\/index.php?rest_route=\/wp\/v2\/types\/page"}],"author":[{"embeddable":true,"href":"https:\/\/www.sobradinho.rs.gov.br\/portal\/index.php?rest_route=\/wp\/v2\/users\/1"}],"replies":[{"embeddable":true,"href":"https:\/\/www.sobradinho.rs.gov.br\/portal\/index.php?rest_route=%2Fwp%2Fv2%2Fcomments&post=2700"}],"version-history":[{"count":2,"href":"https:\/\/www.sobradinho.rs.gov.br\/portal\/index.php?rest_route=\/wp\/v2\/pages\/2700\/revisions"}],"predecessor-version":[{"id":2702,"href":"https:\/\/www.sobradinho.rs.gov.br\/portal\/index.php?rest_route=\/wp\/v2\/pages\/2700\/revisions\/2702"}],"wp:attachment":[{"href":"https:\/\/www.sobradinho.rs.gov.br\/portal\/index.php?rest_route=%2Fwp%2Fv2%2Fmedia&parent=2700"}],"curies":[{"name":"wp","href":"https:\/\/api.w.org\/{rel}","templated":true}]}}