{"id":2800,"date":"2019-02-06T10:05:40","date_gmt":"2019-02-06T12:05:40","guid":{"rendered":"http:\/\/sobradinho.rs.gov.br\/portal\/?page_id=2800"},"modified":"2019-02-06T10:20:03","modified_gmt":"2019-02-06T12:20:03","slug":"acesso-a-informacao","status":"publish","type":"page","link":"https:\/\/www.sobradinho.rs.gov.br\/portal\/?page_id=2800","title":{"rendered":"Acesso a informa\u00e7\u00e3o"},"content":{"rendered":"<p style=\"text-align: justify;\">Os dados referentes a Aplica\u00e7\u00f5es de Recursos, Autoriza\u00e7\u00e3o de Aplica\u00e7\u00e3o e Resgate &#8211; APR, Repasses e utiliza\u00e7\u00e3o de recursos, podem ser obtidas atrav\u00e9s do link: <a href=\"https:\/\/cadprev.previdencia.gov.br\/Cadprev\/faces\/pages\/index.xhtml\">https:\/\/cadprev.previdencia.gov.br\/Cadprev\/faces\/pages\/index.xhtml<br \/>\n<\/a>na op\u00e7\u00e3o CONSULTAS P\u00daBLICAS .<\/p>\n<h6><\/h6>\n<p>Dados referentes a folha de pagamento e contabilidade do RPPS podem ser obtidos no site oficial do Munic\u00edpio no portal da transpar\u00eancia: <a href=\"https:\/\/sobradinho.atende.net\/?pg=transparencia#!\/\">https:\/\/sobradinho.atende.net\/?pg=transparencia#!\/<\/a><\/p>\n","protected":false},"excerpt":{"rendered":"<p>Os dados referentes a Aplica\u00e7\u00f5es de Recursos, Autoriza\u00e7\u00e3o de Aplica\u00e7\u00e3o e Resgate &#8211; APR, Repasses e utiliza\u00e7\u00e3o de recursos, podem [&hellip;]<\/p>\n","protected":false},"author":2,"featured_media":0,"parent":0,"menu_order":0,"comment_status":"closed","ping_status":"closed","template":"","meta":{"_eb_attr":"","site-sidebar-layout":"default","site-content-layout":"","ast-site-content-layout":"default","site-content-style":"default","site-sidebar-style":"default","ast-global-header-display":"","ast-banner-title-visibility":"","ast-main-header-display":"","ast-hfb-above-header-display":"","ast-hfb-below-header-display":"","ast-hfb-mobile-header-display":"","site-post-title":"","ast-breadcrumbs-content":"","ast-featured-img":"","footer-sml-layout":"","theme-transparent-header-meta":"","adv-header-id-meta":"","stick-header-meta":"","header-above-stick-meta":"","header-main-stick-meta":"","header-below-stick-meta":"","astra-migrate-meta-layouts":"default","ast-page-background-enabled":"default","ast-page-background-meta":{"desktop":{"background-color":"var(--ast-global-color-4)","background-image":"","background-repeat":"repeat","background-position":"center center","background-size":"auto","background-attachment":"scroll","background-type":"","background-media":"","overlay-type":"","overlay-color":"","overlay-opacity":"","overlay-gradient":""},"tablet":{"background-color":"","background-image":"","background-repeat":"repeat","background-position":"center center","background-size":"auto","background-attachment":"scroll","background-type":"","background-media":"","overlay-type":"","overlay-color":"","overlay-opacity":"","overlay-gradient":""},"mobile":{"background-color":"","background-image":"","background-repeat":"repeat","background-position":"center center","background-size":"auto","background-attachment":"scroll","background-type":"","background-media":"","overlay-type":"","overlay-color":"","overlay-opacity":"","overlay-gradient":""}},"ast-content-background-meta":{"desktop":{"background-color":"var(--ast-global-color-5)","background-image":"","background-repeat":"repeat","background-position":"center center","background-size":"auto","background-attachment":"scroll","background-type":"","background-media":"","overlay-type":"","overlay-color":"","overlay-opacity":"","overlay-gradient":""},"tablet":{"background-color":"var(--ast-global-color-5)","background-image":"","background-repeat":"repeat","background-position":"center center","background-size":"auto","background-attachment":"scroll","background-type":"","background-media":"","overlay-type":"","overlay-color":"","overlay-opacity":"","overlay-gradient":""},"mobile":{"background-color":"var(--ast-global-color-5)","background-image":"","background-repeat":"repeat","background-position":"center center","background-size":"auto","background-attachment":"scroll","background-type":"","background-media":"","overlay-type":"","overlay-color":"","overlay-opacity":"","overlay-gradient":""}},"footnotes":""},"class_list":["post-2800","page","type-page","status-publish","hentry"],"_links":{"self":[{"href":"https:\/\/www.sobradinho.rs.gov.br\/portal\/index.php?rest_route=\/wp\/v2\/pages\/2800","targetHints":{"allow":["GET"]}}],"collection":[{"href":"https:\/\/www.sobradinho.rs.gov.br\/portal\/index.php?rest_route=\/wp\/v2\/pages"}],"about":[{"href":"https:\/\/www.sobradinho.rs.gov.br\/portal\/index.php?rest_route=\/wp\/v2\/types\/page"}],"author":[{"embeddable":true,"href":"https:\/\/www.sobradinho.rs.gov.br\/portal\/index.php?rest_route=\/wp\/v2\/users\/2"}],"replies":[{"embeddable":true,"href":"https:\/\/www.sobradinho.rs.gov.br\/portal\/index.php?rest_route=%2Fwp%2Fv2%2Fcomments&post=2800"}],"version-history":[{"count":7,"href":"https:\/\/www.sobradinho.rs.gov.br\/portal\/index.php?rest_route=\/wp\/v2\/pages\/2800\/revisions"}],"predecessor-version":[{"id":2808,"href":"https:\/\/www.sobradinho.rs.gov.br\/portal\/index.php?rest_route=\/wp\/v2\/pages\/2800\/revisions\/2808"}],"wp:attachment":[{"href":"https:\/\/www.sobradinho.rs.gov.br\/portal\/index.php?rest_route=%2Fwp%2Fv2%2Fmedia&parent=2800"}],"curies":[{"name":"wp","href":"https:\/\/api.w.org\/{rel}","templated":true}]}}