{"id":2947,"date":"2019-02-22T15:32:40","date_gmt":"2019-02-22T18:32:40","guid":{"rendered":"http:\/\/sobradinho.rs.gov.br\/portal\/?page_id=2947"},"modified":"2025-05-05T08:37:35","modified_gmt":"2025-05-05T11:37:35","slug":"obras-e-servicos-urbanos","status":"publish","type":"page","link":"https:\/\/www.sobradinho.rs.gov.br\/portal\/?page_id=2947","title":{"rendered":"SECRETARIA MUNICIPAL DE OBRAS E SERVI\u00c7OS URBANOS"},"content":{"rendered":"<p><img fetchpriority=\"high\" decoding=\"async\" class=\"size-medium wp-image-18766 alignleft\" src=\"http:\/\/www.sobradinho.rs.gov.br\/portal\/wp-content\/uploads\/2025\/04\/WhatsApp-Image-2025-04-08-at-15.01.16-200x300.jpeg\" alt=\"\" width=\"200\" height=\"300\" srcset=\"https:\/\/www.sobradinho.rs.gov.br\/portal\/wp-content\/uploads\/2025\/04\/WhatsApp-Image-2025-04-08-at-15.01.16-200x300.jpeg 200w, https:\/\/www.sobradinho.rs.gov.br\/portal\/wp-content\/uploads\/2025\/04\/WhatsApp-Image-2025-04-08-at-15.01.16-683x1024.jpeg 683w, https:\/\/www.sobradinho.rs.gov.br\/portal\/wp-content\/uploads\/2025\/04\/WhatsApp-Image-2025-04-08-at-15.01.16-768x1152.jpeg 768w, https:\/\/www.sobradinho.rs.gov.br\/portal\/wp-content\/uploads\/2025\/04\/WhatsApp-Image-2025-04-08-at-15.01.16-1024x1536.jpeg 1024w, https:\/\/www.sobradinho.rs.gov.br\/portal\/wp-content\/uploads\/2025\/04\/WhatsApp-Image-2025-04-08-at-15.01.16-1365x2048.jpeg 1365w, https:\/\/www.sobradinho.rs.gov.br\/portal\/wp-content\/uploads\/2025\/04\/WhatsApp-Image-2025-04-08-at-15.01.16-scaled.jpeg 1707w\" sizes=\"(max-width: 200px) 100vw, 200px\" \/><\/p>\n<p><strong>SECRET\u00c1RIO: Paulo Renato Dalmolin<\/strong><\/p>\n<p class=\"\" data-start=\"127\" data-end=\"140\"><strong data-start=\"127\" data-end=\"140\">BIOGRAFIA: <\/strong>Natural da Linha Carijinho, no interior de Sobradinho\/RS, \u00e9 agricultor de origem e cresceu cercado pelos valores do trabalho e da dedica\u00e7\u00e3o. Filho de Odila e de Ademar Dalmolin (in memoriam), herdou do pai \u2014 filiado e apaixonado pelo MDB \u2014 o interesse pela pol\u00edtica e pelo servi\u00e7o \u00e0 comunidade.<\/p>\n<p class=\"\" data-start=\"438\" data-end=\"786\">Casado com Luciara Maculan Dalmolin, compartilha com ela o amor pela m\u00fasica, fazendo parte do Grupo Triativa. Vive sua f\u00e9 de forma ativa como membro do Movimento de Ema\u00fas da Par\u00f3quia Nossa Senhora dos Navegantes de Sobradinho, onde coloca seu dom musical a servi\u00e7o das celebra\u00e7\u00f5es e participa de a\u00e7\u00f5es sociais que fortalecem a f\u00e9 e a solidariedade.<\/p>\n<p class=\"\" data-start=\"788\" data-end=\"1083\">Conhecido por sua postura humilde e respeitosa, valoriza as pessoas e tem um carinho especial por sua equipe de trabalho, reconhecendo o esfor\u00e7o e a dedica\u00e7\u00e3o de cada um. Sempre se coloca \u00e0 disposi\u00e7\u00e3o da comunidade, buscando atender com efic\u00e1cia, respeito e compromisso com o bem-estar coletivo.<\/p>\n<p class=\"\" data-start=\"1085\" data-end=\"1352\">Ingressou na vida p\u00fablica em setembro de 2023 como Secret\u00e1rio de Agricultura e Meio Ambiente e, posteriormente, assumiu a Secretaria de Obras e Servi\u00e7os Urbanos. Em ambas as fun\u00e7\u00f5es, atua com orgulho pelo MDB, sempre em busca do melhor para a popula\u00e7\u00e3o de Sobradinho.<\/p>\n<p data-start=\"201\" data-end=\"632\">\u00a0<\/p>\n<p data-start=\"201\" data-end=\"632\">\u00a0<\/p>\n<p data-start=\"201\" data-end=\"632\">\u00a0<\/p>\n<p data-start=\"201\" data-end=\"632\">\u00a0<\/p>\n<p data-start=\"201\" data-end=\"632\">\u00a0<\/p>\n<p class=\"\" data-start=\"201\" data-end=\"632\"><strong>Compete \u00e0 Secretaria Municipal:\u00a0<\/strong>A Secretaria Municipal de Obras e Servi\u00e7os Urbanos de Sobradinho \u00e9 respons\u00e1vel pelo planejamento, coordena\u00e7\u00e3o e execu\u00e7\u00e3o de a\u00e7\u00f5es voltadas \u00e0 infraestrutura urbana e rural do munic\u00edpio. Atua diariamente na constru\u00e7\u00e3o, manuten\u00e7\u00e3o e conserva\u00e7\u00e3o de vias p\u00fablicas, drenagem pluvial, rede de ilumina\u00e7\u00e3o p\u00fablica, al\u00e9m de servi\u00e7os de limpeza e embelezamento urbano.<\/p>\n<p class=\"\" data-start=\"634\" data-end=\"1072\">Entre suas principais atribui\u00e7\u00f5es, est\u00e3o o patrolamento e cascalhamento de estradas rurais, a amplia\u00e7\u00e3o e manuten\u00e7\u00e3o da rede de esgoto pluvial, a abertura de novas vias, a conserva\u00e7\u00e3o de bueiros, pontes e acessos, e a fiscaliza\u00e7\u00e3o da frota municipal de m\u00e1quinas e ve\u00edculos. A Secretaria tamb\u00e9m responde por a\u00e7\u00f5es emergenciais em situa\u00e7\u00f5es de calamidade, promovendo interven\u00e7\u00f5es r\u00e1pidas para garantir a mobilidade e seguran\u00e7a da popula\u00e7\u00e3o.<\/p>\n<p class=\"\" data-start=\"1074\" data-end=\"1412\">Al\u00e9m disso, coordena projetos em parceria com esferas estadual, federal e com o setor privado, sempre com foco no desenvolvimento sustent\u00e1vel e na melhoria da qualidade de vida da popula\u00e7\u00e3o. Tamb\u00e9m atua na produ\u00e7\u00e3o e administra\u00e7\u00e3o de insumos necess\u00e1rios para a execu\u00e7\u00e3o de obras p\u00fablicas, bem como na gest\u00e3o de fundos e recursos pr\u00f3prios.<\/p>\n<p class=\"\" data-start=\"1414\" data-end=\"1595\">Comprometida com o bem-estar coletivo, a Secretaria busca continuamente solu\u00e7\u00f5es t\u00e9cnicas e operacionais que impulsionem o progresso e a valoriza\u00e7\u00e3o dos espa\u00e7os p\u00fablicos de Ibarama.<\/p>\n<p>\u00a0<\/p>\n<p>\u00a0<\/p>\n<p><strong>Contatos:<\/strong><\/p>\n<p><strong>Email:<\/strong> <a href=\"mailto:obras@sobradinho-rs.com.br\">obras@sobradinho-rs.com.br<\/a><\/p>\n<p><strong>E-mail:<\/strong> habitacao@sobradinho-rs.com.br<\/p>\n<p>\u00a0<\/p>\n<p><strong>Departamentos e Setores Vinculados:<\/strong><\/p>\n<p><strong>Departamento de Obras &#8211; <\/strong>Ramais: 218 e 220<\/p>\n<p><strong>Departamento de Habita\u00e7\u00e3o &#8211; <\/strong>Ramal: 228<br \/>e-mails: habitacao@sobradinho-rs.com.br<\/p>\n<p><strong>Departamento de Urbanismo &#8211; <\/strong>Ramal: 250<br \/>Email: urbanismo@sobradinho-rs.com.br<\/p>\n<p><strong>Departamento de Tr\u00e2nsito &#8211; <\/strong>Ramal: 249<br \/>Email: transito@sobradinho-rs.com.br<\/p>\n<p><strong>Departamento de Projetos e Engenharia &#8211; <\/strong>Ramal: 220<br \/>Email: engenharia@sobradinho-rs.com.br<\/p>\n<p>\u00a0<\/p>\n<p>\u00a0<\/p>\n<p><strong>Conselho Vinculado:<\/strong><br \/>Conselho Municipal de Habita\u00e7\u00e3o<br \/>Contato: ( 051) 3742- 1368<\/p>\n<p>Conselho Municipal de Tr\u00e2nsito<\/p>\n\n","protected":false},"excerpt":{"rendered":"<p>SECRET\u00c1RIO: Paulo Renato Dalmolin BIOGRAFIA: Natural da Linha Carijinho, no interior de Sobradinho\/RS, \u00e9 agricultor de origem e cresceu cercado [&hellip;]<\/p>\n","protected":false},"author":2,"featured_media":0,"parent":0,"menu_order":0,"comment_status":"closed","ping_status":"closed","template":"","meta":{"_eb_attr":"","site-sidebar-layout":"default","site-content-layout":"","ast-site-content-layout":"default","site-content-style":"default","site-sidebar-style":"default","ast-global-header-display":"","ast-banner-title-visibility":"","ast-main-header-display":"","ast-hfb-above-header-display":"","ast-hfb-below-header-display":"","ast-hfb-mobile-header-display":"","site-post-title":"","ast-breadcrumbs-content":"","ast-featured-img":"","footer-sml-layout":"","theme-transparent-header-meta":"","adv-header-id-meta":"","stick-header-meta":"","header-above-stick-meta":"","header-main-stick-meta":"","header-below-stick-meta":"","astra-migrate-meta-layouts":"default","ast-page-background-enabled":"default","ast-page-background-meta":{"desktop":{"background-color":"var(--ast-global-color-4)","background-image":"","background-repeat":"repeat","background-position":"center center","background-size":"auto","background-attachment":"scroll","background-type":"","background-media":"","overlay-type":"","overlay-color":"","overlay-opacity":"","overlay-gradient":""},"tablet":{"background-color":"","background-image":"","background-repeat":"repeat","background-position":"center center","background-size":"auto","background-attachment":"scroll","background-type":"","background-media":"","overlay-type":"","overlay-color":"","overlay-opacity":"","overlay-gradient":""},"mobile":{"background-color":"","background-image":"","background-repeat":"repeat","background-position":"center center","background-size":"auto","background-attachment":"scroll","background-type":"","background-media":"","overlay-type":"","overlay-color":"","overlay-opacity":"","overlay-gradient":""}},"ast-content-background-meta":{"desktop":{"background-color":"var(--ast-global-color-5)","background-image":"","background-repeat":"repeat","background-position":"center center","background-size":"auto","background-attachment":"scroll","background-type":"","background-media":"","overlay-type":"","overlay-color":"","overlay-opacity":"","overlay-gradient":""},"tablet":{"background-color":"var(--ast-global-color-5)","background-image":"","background-repeat":"repeat","background-position":"center center","background-size":"auto","background-attachment":"scroll","background-type":"","background-media":"","overlay-type":"","overlay-color":"","overlay-opacity":"","overlay-gradient":""},"mobile":{"background-color":"var(--ast-global-color-5)","background-image":"","background-repeat":"repeat","background-position":"center center","background-size":"auto","background-attachment":"scroll","background-type":"","background-media":"","overlay-type":"","overlay-color":"","overlay-opacity":"","overlay-gradient":""}},"footnotes":""},"class_list":["post-2947","page","type-page","status-publish","hentry"],"_links":{"self":[{"href":"https:\/\/www.sobradinho.rs.gov.br\/portal\/index.php?rest_route=\/wp\/v2\/pages\/2947","targetHints":{"allow":["GET"]}}],"collection":[{"href":"https:\/\/www.sobradinho.rs.gov.br\/portal\/index.php?rest_route=\/wp\/v2\/pages"}],"about":[{"href":"https:\/\/www.sobradinho.rs.gov.br\/portal\/index.php?rest_route=\/wp\/v2\/types\/page"}],"author":[{"embeddable":true,"href":"https:\/\/www.sobradinho.rs.gov.br\/portal\/index.php?rest_route=\/wp\/v2\/users\/2"}],"replies":[{"embeddable":true,"href":"https:\/\/www.sobradinho.rs.gov.br\/portal\/index.php?rest_route=%2Fwp%2Fv2%2Fcomments&post=2947"}],"version-history":[{"count":8,"href":"https:\/\/www.sobradinho.rs.gov.br\/portal\/index.php?rest_route=\/wp\/v2\/pages\/2947\/revisions"}],"predecessor-version":[{"id":18978,"href":"https:\/\/www.sobradinho.rs.gov.br\/portal\/index.php?rest_route=\/wp\/v2\/pages\/2947\/revisions\/18978"}],"wp:attachment":[{"href":"https:\/\/www.sobradinho.rs.gov.br\/portal\/index.php?rest_route=%2Fwp%2Fv2%2Fmedia&parent=2947"}],"curies":[{"name":"wp","href":"https:\/\/api.w.org\/{rel}","templated":true}]}}