{"id":6152,"date":"2020-02-03T10:17:43","date_gmt":"2020-02-03T13:17:43","guid":{"rendered":"http:\/\/sobradinho.rs.gov.br\/portal\/?page_id=6152"},"modified":"2020-02-03T10:17:44","modified_gmt":"2020-02-03T13:17:44","slug":"licitacoes-2020","status":"publish","type":"page","link":"https:\/\/www.sobradinho.rs.gov.br\/portal\/?page_id=6152","title":{"rendered":"Licita\u00e7\u00f5es 2020"},"content":{"rendered":"<div class=\"sdm_download_item \"><div class=\"sdm_download_item_top\"><div class=\"sdm_download_thumbnail\"><\/div><div class=\"sdm_download_title\">AVISO DE SUSPEN\u00c7\u00c3O PREGAO PRESENCIAL 03\/2020- AQUISI\u00c7\u00c3O DE GAS DE COZINHA<\/div><\/div><div style=\"clear:both;\"><\/div><div class=\"sdm_download_description\"><\/div><div class=\"sdm_download_link\"><span class=\"sdm_download_button\"><a href=\"https:\/\/www.sobradinho.rs.gov.br\/portal\/?sdm_process_download=1&download_id=8587\" class=\"sdm_download grey\" title=\"AVISO DE SUSPEN\u00c7\u00c3O PREGAO PRESENCIAL 03\/2020- AQUISI\u00c7\u00c3O DE GAS DE COZINHA\" target=\"_self\">Baixar agora!<\/a><\/span><span class=\"sdm_download_item_count\"><span class=\"sdm_item_count_number\">822<\/span><span class=\"sdm_item_count_string\"> Downloads<\/span><\/span><\/div><\/div><div class=\"sdm_download_item \"><div class=\"sdm_download_item_top\"><div class=\"sdm_download_thumbnail\"><\/div><div class=\"sdm_download_title\">AVISO DE SUSPENS\u00c3O TP 02\/2020<\/div><\/div><div style=\"clear:both;\"><\/div><div class=\"sdm_download_description\"><\/div><div class=\"sdm_download_link\"><span class=\"sdm_download_button\"><a href=\"https:\/\/www.sobradinho.rs.gov.br\/portal\/?sdm_process_download=1&download_id=8554\" class=\"sdm_download grey\" title=\"AVISO DE SUSPENS\u00c3O TP 02\/2020\" target=\"_self\">Baixar agora!<\/a><\/span><span class=\"sdm_download_item_count\"><span class=\"sdm_item_count_number\">865<\/span><span class=\"sdm_item_count_string\"> Downloads<\/span><\/span><\/div><\/div><div class=\"sdm_download_item \"><div class=\"sdm_download_item_top\"><div class=\"sdm_download_thumbnail\"><\/div><div class=\"sdm_download_title\">Anexo V TP 02\/2021<\/div><\/div><div style=\"clear:both;\"><\/div><div class=\"sdm_download_description\"><\/div><div class=\"sdm_download_link\"><span class=\"sdm_download_button\"><a href=\"https:\/\/www.sobradinho.rs.gov.br\/portal\/?sdm_process_download=1&download_id=8533\" class=\"sdm_download grey\" title=\"Anexo V TP 02\/2021\" target=\"_self\">Baixar agora!<\/a><\/span><span class=\"sdm_download_item_count\"><span class=\"sdm_item_count_number\">842<\/span><span class=\"sdm_item_count_string\"> Downloads<\/span><\/span><\/div><\/div><div class=\"sdm_download_item \"><div class=\"sdm_download_item_top\"><div class=\"sdm_download_thumbnail\"><\/div><div class=\"sdm_download_title\">Anexo IV TP 02\/2021<\/div><\/div><div style=\"clear:both;\"><\/div><div class=\"sdm_download_description\"><\/div><div class=\"sdm_download_link\"><span class=\"sdm_download_button\"><a href=\"https:\/\/www.sobradinho.rs.gov.br\/portal\/?sdm_process_download=1&download_id=8525\" class=\"sdm_download grey\" title=\"Anexo IV TP 02\/2021\" target=\"_self\">Baixar agora!<\/a><\/span><span class=\"sdm_download_item_count\"><span class=\"sdm_item_count_number\">1139<\/span><span class=\"sdm_item_count_string\"> Downloads<\/span><\/span><\/div><\/div><div class=\"sdm_download_item \"><div class=\"sdm_download_item_top\"><div class=\"sdm_download_thumbnail\"><\/div><div class=\"sdm_download_title\">Anexo III- TP 02\/2021<\/div><\/div><div style=\"clear:both;\"><\/div><div class=\"sdm_download_description\"><\/div><div class=\"sdm_download_link\"><span class=\"sdm_download_button\"><a href=\"https:\/\/www.sobradinho.rs.gov.br\/portal\/?sdm_process_download=1&download_id=8519\" class=\"sdm_download grey\" title=\"Anexo III- TP 02\/2021\" target=\"_self\">Baixar agora!<\/a><\/span><span class=\"sdm_download_item_count\"><span class=\"sdm_item_count_number\">1230<\/span><span class=\"sdm_item_count_string\"> Downloads<\/span><\/span><\/div><\/div><div class=\"sdm_download_item \"><div class=\"sdm_download_item_top\"><div class=\"sdm_download_thumbnail\"><\/div><div class=\"sdm_download_title\">Anexo II TP 02\/2021 &#8211;<\/div><\/div><div style=\"clear:both;\"><\/div><div class=\"sdm_download_description\"><\/div><div class=\"sdm_download_link\"><span class=\"sdm_download_button\"><a href=\"https:\/\/www.sobradinho.rs.gov.br\/portal\/?sdm_process_download=1&download_id=8510\" class=\"sdm_download grey\" title=\"Anexo II TP 02\/2021 &#8211;\" target=\"_self\">Baixar agora!<\/a><\/span><span class=\"sdm_download_item_count\"><span class=\"sdm_item_count_number\">948<\/span><span class=\"sdm_item_count_string\"> Downloads<\/span><\/span><\/div><\/div><div class=\"sdm_download_item \"><div class=\"sdm_download_item_top\"><div class=\"sdm_download_thumbnail\"><\/div><div class=\"sdm_download_title\">Anexo I TP 02\/2021<\/div><\/div><div style=\"clear:both;\"><\/div><div class=\"sdm_download_description\"><\/div><div class=\"sdm_download_link\"><span class=\"sdm_download_button\"><a href=\"https:\/\/www.sobradinho.rs.gov.br\/portal\/?sdm_process_download=1&download_id=8504\" class=\"sdm_download grey\" title=\"Anexo I TP 02\/2021\" target=\"_self\">Baixar agora!<\/a><\/span><span class=\"sdm_download_item_count\"><span class=\"sdm_item_count_number\">1138<\/span><span class=\"sdm_item_count_string\"> Downloads<\/span><\/span><\/div><\/div><div class=\"sdm_download_item \"><div class=\"sdm_download_item_top\"><div class=\"sdm_download_thumbnail\"><\/div><div class=\"sdm_download_title\">TP para Obras e Servi\u00e7os de Engenharia 02\/2021-Constru\u00e7\u00e3o de Pra\u00e7as<\/div><\/div><div style=\"clear:both;\"><\/div><div class=\"sdm_download_description\"><\/div><div class=\"sdm_download_link\"><span class=\"sdm_download_button\"><a href=\"https:\/\/www.sobradinho.rs.gov.br\/portal\/?sdm_process_download=1&download_id=8472\" class=\"sdm_download grey\" title=\"TP para Obras e Servi\u00e7os de Engenharia 02\/2021-Constru\u00e7\u00e3o de Pra\u00e7as\" target=\"_self\">Baixar agora!<\/a><\/span><span class=\"sdm_download_item_count\"><span class=\"sdm_item_count_number\">948<\/span><span class=\"sdm_item_count_string\"> Downloads<\/span><\/span><\/div><\/div><div class=\"sdm_download_item \"><div class=\"sdm_download_item_top\"><div class=\"sdm_download_thumbnail\"><\/div><div class=\"sdm_download_title\">Preg\u00e3o Presencial n\u00ba01\/2021- Contrata\u00e7\u00e3o de Horas M\u00e1quina<\/div><\/div><div style=\"clear:both;\"><\/div><div class=\"sdm_download_description\"><\/div><div class=\"sdm_download_link\"><span class=\"sdm_download_button\"><a href=\"https:\/\/www.sobradinho.rs.gov.br\/portal\/?sdm_process_download=1&download_id=8468\" class=\"sdm_download grey\" title=\"Preg\u00e3o Presencial n\u00ba01\/2021- Contrata\u00e7\u00e3o de Horas M\u00e1quina\" target=\"_self\">Baixar agora!<\/a><\/span><span class=\"sdm_download_item_count\"><span class=\"sdm_item_count_number\">805<\/span><span class=\"sdm_item_count_string\"> Downloads<\/span><\/span><\/div><\/div><div class=\"sdm_download_item \"><div class=\"sdm_download_item_top\"><div class=\"sdm_download_thumbnail\"><\/div><div class=\"sdm_download_title\">Preg\u00e3o Presencial\/RP n\u00ba38\/2020- Aquisi\u00e7\u00e3o de G\u00eaneros aliment\u00edcios para atender as demandas da Secretaria de Educa\u00e7\u00e3o e da Secretaria de Assist\u00eancia Social<\/div><\/div><div style=\"clear:both;\"><\/div><div class=\"sdm_download_description\"><\/div><div class=\"sdm_download_link\"><span class=\"sdm_download_button\"><a href=\"https:\/\/www.sobradinho.rs.gov.br\/portal\/?sdm_process_download=1&download_id=8365\" class=\"sdm_download grey\" title=\"Preg\u00e3o Presencial\/RP n\u00ba38\/2020- Aquisi\u00e7\u00e3o de G\u00eaneros aliment\u00edcios para atender as demandas da Secretaria de Educa\u00e7\u00e3o e da Secretaria de Assist\u00eancia Social\" target=\"_self\">Baixar agora!<\/a><\/span><span class=\"sdm_download_item_count\"><span class=\"sdm_item_count_number\">860<\/span><span class=\"sdm_item_count_string\"> Downloads<\/span><\/span><\/div><\/div><div class=\"sdm_download_item \"><div class=\"sdm_download_item_top\"><div class=\"sdm_download_thumbnail\"><\/div><div class=\"sdm_download_title\">ADENO AO PREGAO PRESENCIAL 37\/2020- PRAZO DE ENTREGA<\/div><\/div><div style=\"clear:both;\"><\/div><div class=\"sdm_download_description\"><\/div><div class=\"sdm_download_link\"><span class=\"sdm_download_button\"><a href=\"https:\/\/www.sobradinho.rs.gov.br\/portal\/?sdm_process_download=1&download_id=8356\" class=\"sdm_download grey\" title=\"ADENO AO PREGAO PRESENCIAL 37\/2020- PRAZO DE ENTREGA\" target=\"_self\">Baixar agora!<\/a><\/span><span class=\"sdm_download_item_count\"><span class=\"sdm_item_count_number\">757<\/span><span class=\"sdm_item_count_string\"> Downloads<\/span><\/span><\/div><\/div><div class=\"sdm_download_item \"><div class=\"sdm_download_item_top\"><div class=\"sdm_download_thumbnail\"><\/div><div class=\"sdm_download_title\">Preg\u00e3o Presencial n\u00ba 36\/2020-Contrata\u00e7\u00e3o de empresa para recebimento e destina\u00e7\u00e3o final de res\u00edduos s\u00f3lidos domiciliares e comerciais gerados pelo municipio de Sobradinho\/RS<\/div><\/div><div style=\"clear:both;\"><\/div><div class=\"sdm_download_description\"><\/div><div class=\"sdm_download_link\"><span class=\"sdm_download_button\"><a href=\"https:\/\/www.sobradinho.rs.gov.br\/portal\/?sdm_process_download=1&download_id=8337\" class=\"sdm_download grey\" title=\"Preg\u00e3o Presencial n\u00ba 36\/2020-Contrata\u00e7\u00e3o de empresa para recebimento e destina\u00e7\u00e3o final de res\u00edduos s\u00f3lidos domiciliares e comerciais gerados pelo municipio de Sobradinho\/RS\" target=\"_self\">Baixar agora!<\/a><\/span><span class=\"sdm_download_item_count\"><span class=\"sdm_item_count_number\">756<\/span><span class=\"sdm_item_count_string\"> Downloads<\/span><\/span><\/div><\/div><div class=\"sdm_download_item \"><div class=\"sdm_download_item_top\"><div class=\"sdm_download_thumbnail\"><\/div><div class=\"sdm_download_title\">Aviso de Licita\u00e7\u00e3o ERRATA O Munic\u00edpio de Sobradinho, RS, torna p\u00fablico, para conhecimento dos interessados, que a PREG\u00c3O 37\/2020:<\/div><\/div><div style=\"clear:both;\"><\/div><div class=\"sdm_download_description\"><\/div><div class=\"sdm_download_link\"><span class=\"sdm_download_button\"><a href=\"https:\/\/www.sobradinho.rs.gov.br\/portal\/?sdm_process_download=1&download_id=8332\" class=\"sdm_download grey\" title=\"Aviso de Licita\u00e7\u00e3o ERRATA O Munic\u00edpio de Sobradinho, RS, torna p\u00fablico, para conhecimento dos interessados, que a PREG\u00c3O 37\/2020:\" target=\"_self\">Baixar agora!<\/a><\/span><span class=\"sdm_download_item_count\"><span class=\"sdm_item_count_number\">775<\/span><span class=\"sdm_item_count_string\"> Downloads<\/span><\/span><\/div><\/div><div class=\"sdm_download_item \"><div class=\"sdm_download_item_top\"><div class=\"sdm_download_thumbnail\"><\/div><div class=\"sdm_download_title\">Preg\u00e3o Presencial RP 35\/2020- Aquisi\u00e7\u00e3o de Combust\u00edveis para uso na frota municipal(Posto de Combust\u00edvel)<\/div><\/div><div style=\"clear:both;\"><\/div><div class=\"sdm_download_description\"><\/div><div class=\"sdm_download_link\"><span class=\"sdm_download_button\"><a href=\"https:\/\/www.sobradinho.rs.gov.br\/portal\/?sdm_process_download=1&download_id=8329\" class=\"sdm_download grey\" title=\"Preg\u00e3o Presencial RP 35\/2020- Aquisi\u00e7\u00e3o de Combust\u00edveis para uso na frota municipal(Posto de Combust\u00edvel)\" target=\"_self\">Baixar agora!<\/a><\/span><span class=\"sdm_download_item_count\"><span class=\"sdm_item_count_number\">806<\/span><span class=\"sdm_item_count_string\"> Downloads<\/span><\/span><\/div><\/div><div class=\"sdm_download_item \"><div class=\"sdm_download_item_top\"><div class=\"sdm_download_thumbnail\"><\/div><div class=\"sdm_download_title\">Preg\u00e3o Presencial n\u00ba 37\/2020- Aquisi\u00e7\u00e3o de duas Vans para uso da Secretaria de Educa\u00e7\u00e3o<\/div><\/div><div style=\"clear:both;\"><\/div><div class=\"sdm_download_description\"><\/div><div class=\"sdm_download_link\"><span class=\"sdm_download_button\"><a href=\"https:\/\/www.sobradinho.rs.gov.br\/portal\/?sdm_process_download=1&download_id=8323\" class=\"sdm_download grey\" title=\"Preg\u00e3o Presencial n\u00ba 37\/2020- Aquisi\u00e7\u00e3o de duas Vans para uso da Secretaria de Educa\u00e7\u00e3o\" target=\"_self\">Baixar agora!<\/a><\/span><span class=\"sdm_download_item_count\"><span class=\"sdm_item_count_number\">823<\/span><span class=\"sdm_item_count_string\"> Downloads<\/span><\/span><\/div><\/div><div class=\"sdm_download_item \"><div class=\"sdm_download_item_top\"><div class=\"sdm_download_thumbnail\"><\/div><div class=\"sdm_download_title\">Preg\u00e3o Presencial n\u00ba 34\/2020- Aquisi\u00e7\u00e3o de Equipamentos\/Materiais e Servi\u00e7os de Instala\u00e7\u00e3o, de acordo com o Plano de Preven\u00e7\u00e3o e Prote\u00e7\u00e3o Contra Inc\u00eandio nos Pr\u00e9dios P\u00fablicos municipais designados pela SMECTD, sendo com Participa\u00e7\u00e3o EXCLUSIVA de Microempresa (ME) e Empresa de Pequeno Porte (EPP),<\/div><\/div><div style=\"clear:both;\"><\/div><div class=\"sdm_download_description\"><\/div><div class=\"sdm_download_link\"><span class=\"sdm_download_button\"><a href=\"https:\/\/www.sobradinho.rs.gov.br\/portal\/?sdm_process_download=1&download_id=8268\" class=\"sdm_download grey\" title=\"Preg\u00e3o Presencial n\u00ba 34\/2020- Aquisi\u00e7\u00e3o de Equipamentos\/Materiais e Servi\u00e7os de Instala\u00e7\u00e3o, de acordo com o Plano de Preven\u00e7\u00e3o e Prote\u00e7\u00e3o Contra Inc\u00eandio nos Pr\u00e9dios P\u00fablicos municipais designados pela SMECTD, sendo com Participa\u00e7\u00e3o EXCLUSIVA de Microempresa (ME) e Empresa de Pequeno Porte (EPP),\" target=\"_self\">Baixar agora!<\/a><\/span><span class=\"sdm_download_item_count\"><span class=\"sdm_item_count_number\">853<\/span><span class=\"sdm_item_count_string\"> Downloads<\/span><\/span><\/div><\/div><div class=\"sdm_download_item \"><div class=\"sdm_download_item_top\"><div class=\"sdm_download_thumbnail\"><\/div><div class=\"sdm_download_title\">ANEXO VI EDITAL DE TOMADA DE PRE\u00c7OS N\u00ba 033\/2020<\/div><\/div><div style=\"clear:both;\"><\/div><div class=\"sdm_download_description\"><\/div><div class=\"sdm_download_link\"><span class=\"sdm_download_button\"><a href=\"https:\/\/www.sobradinho.rs.gov.br\/portal\/?sdm_process_download=1&download_id=8097\" class=\"sdm_download grey\" title=\"ANEXO VI EDITAL DE TOMADA DE PRE\u00c7OS N\u00ba 033\/2020\" target=\"_self\">Baixar agora!<\/a><\/span><span class=\"sdm_download_item_count\"><span class=\"sdm_item_count_number\">869<\/span><span class=\"sdm_item_count_string\"> Downloads<\/span><\/span><\/div><\/div><div class=\"sdm_download_item \"><div class=\"sdm_download_item_top\"><div class=\"sdm_download_thumbnail\"><\/div><div class=\"sdm_download_title\">ANEXO V EDITAL DE TOMADA DE PRE\u00c7OS N\u00ba 033\/2020<\/div><\/div><div style=\"clear:both;\"><\/div><div class=\"sdm_download_description\"><\/div><div class=\"sdm_download_link\"><span class=\"sdm_download_button\"><a href=\"https:\/\/www.sobradinho.rs.gov.br\/portal\/?sdm_process_download=1&download_id=8095\" class=\"sdm_download grey\" title=\"ANEXO V EDITAL DE TOMADA DE PRE\u00c7OS N\u00ba 033\/2020\" target=\"_self\">Baixar agora!<\/a><\/span><span class=\"sdm_download_item_count\"><span class=\"sdm_item_count_number\">1202<\/span><span class=\"sdm_item_count_string\"> Downloads<\/span><\/span><\/div><\/div><div class=\"sdm_download_item \"><div class=\"sdm_download_item_top\"><div class=\"sdm_download_thumbnail\"><\/div><div class=\"sdm_download_title\">ANEXO III EDITAL DE TOMADA DE PRE\u00c7OS N\u00ba 033\/2020<\/div><\/div><div style=\"clear:both;\"><\/div><div class=\"sdm_download_description\"><\/div><div class=\"sdm_download_link\"><span class=\"sdm_download_button\"><a href=\"https:\/\/www.sobradinho.rs.gov.br\/portal\/?sdm_process_download=1&download_id=8091\" class=\"sdm_download grey\" title=\"ANEXO III EDITAL DE TOMADA DE PRE\u00c7OS N\u00ba 033\/2020\" target=\"_self\">Baixar agora!<\/a><\/span><span class=\"sdm_download_item_count\"><span class=\"sdm_item_count_number\">1187<\/span><span class=\"sdm_item_count_string\"> Downloads<\/span><\/span><\/div><\/div><div class=\"sdm_download_item \"><div class=\"sdm_download_item_top\"><div class=\"sdm_download_thumbnail\"><\/div><div class=\"sdm_download_title\">ANEXO II EDITAL DE TOMADA DE PRE\u00c7OS N\u00ba 033\/2020<\/div><\/div><div style=\"clear:both;\"><\/div><div class=\"sdm_download_description\"><\/div><div class=\"sdm_download_link\"><span class=\"sdm_download_button\"><a href=\"https:\/\/www.sobradinho.rs.gov.br\/portal\/?sdm_process_download=1&download_id=8089\" class=\"sdm_download grey\" title=\"ANEXO II EDITAL DE TOMADA DE PRE\u00c7OS N\u00ba 033\/2020\" target=\"_self\">Baixar agora!<\/a><\/span><span class=\"sdm_download_item_count\"><span class=\"sdm_item_count_number\">845<\/span><span class=\"sdm_item_count_string\"> Downloads<\/span><\/span><\/div><\/div><div class=\"sdm_clear_float\"><\/div><div class=\"sdm_pagination\"><span aria-current=\"page\" class=\"page-numbers current\">1<\/span>\n<a class=\"page-numbers\" href=\"https:\/\/www.sobradinho.rs.gov.br\/portal\/index.php#038;paged=2\">2<\/a>\n<a class=\"page-numbers\" href=\"https:\/\/www.sobradinho.rs.gov.br\/portal\/index.php#038;paged=3\">3<\/a>\n<span class=\"page-numbers dots\">&hellip;<\/span>\n<a class=\"page-numbers\" href=\"https:\/\/www.sobradinho.rs.gov.br\/portal\/index.php#038;paged=5\">5<\/a>\n<a class=\"next page-numbers\" href=\"https:\/\/www.sobradinho.rs.gov.br\/portal\/index.php#038;paged=2\">&raquo;<\/a><\/div>\n","protected":false},"excerpt":{"rendered":"","protected":false},"author":1,"featured_media":0,"parent":0,"menu_order":0,"comment_status":"closed","ping_status":"closed","template":"","meta":{"_eb_attr":"","site-sidebar-layout":"default","site-content-layout":"","ast-site-content-layout":"default","site-content-style":"default","site-sidebar-style":"default","ast-global-header-display":"","ast-banner-title-visibility":"","ast-main-header-display":"","ast-hfb-above-header-display":"","ast-hfb-below-header-display":"","ast-hfb-mobile-header-display":"","site-post-title":"","ast-breadcrumbs-content":"","ast-featured-img":"","footer-sml-layout":"","theme-transparent-header-meta":"","adv-header-id-meta":"","stick-header-meta":"","header-above-stick-meta":"","header-main-stick-meta":"","header-below-stick-meta":"","astra-migrate-meta-layouts":"default","ast-page-background-enabled":"default","ast-page-background-meta":{"desktop":{"background-color":"var(--ast-global-color-4)","background-image":"","background-repeat":"repeat","background-position":"center center","background-size":"auto","background-attachment":"scroll","background-type":"","background-media":"","overlay-type":"","overlay-color":"","overlay-opacity":"","overlay-gradient":""},"tablet":{"background-color":"","background-image":"","background-repeat":"repeat","background-position":"center center","background-size":"auto","background-attachment":"scroll","background-type":"","background-media":"","overlay-type":"","overlay-color":"","overlay-opacity":"","overlay-gradient":""},"mobile":{"background-color":"","background-image":"","background-repeat":"repeat","background-position":"center center","background-size":"auto","background-attachment":"scroll","background-type":"","background-media":"","overlay-type":"","overlay-color":"","overlay-opacity":"","overlay-gradient":""}},"ast-content-background-meta":{"desktop":{"background-color":"var(--ast-global-color-5)","background-image":"","background-repeat":"repeat","background-position":"center center","background-size":"auto","background-attachment":"scroll","background-type":"","background-media":"","overlay-type":"","overlay-color":"","overlay-opacity":"","overlay-gradient":""},"tablet":{"background-color":"var(--ast-global-color-5)","background-image":"","background-repeat":"repeat","background-position":"center center","background-size":"auto","background-attachment":"scroll","background-type":"","background-media":"","overlay-type":"","overlay-color":"","overlay-opacity":"","overlay-gradient":""},"mobile":{"background-color":"var(--ast-global-color-5)","background-image":"","background-repeat":"repeat","background-position":"center center","background-size":"auto","background-attachment":"scroll","background-type":"","background-media":"","overlay-type":"","overlay-color":"","overlay-opacity":"","overlay-gradient":""}},"footnotes":""},"class_list":["post-6152","page","type-page","status-publish","hentry"],"_links":{"self":[{"href":"https:\/\/www.sobradinho.rs.gov.br\/portal\/index.php?rest_route=\/wp\/v2\/pages\/6152","targetHints":{"allow":["GET"]}}],"collection":[{"href":"https:\/\/www.sobradinho.rs.gov.br\/portal\/index.php?rest_route=\/wp\/v2\/pages"}],"about":[{"href":"https:\/\/www.sobradinho.rs.gov.br\/portal\/index.php?rest_route=\/wp\/v2\/types\/page"}],"author":[{"embeddable":true,"href":"https:\/\/www.sobradinho.rs.gov.br\/portal\/index.php?rest_route=\/wp\/v2\/users\/1"}],"replies":[{"embeddable":true,"href":"https:\/\/www.sobradinho.rs.gov.br\/portal\/index.php?rest_route=%2Fwp%2Fv2%2Fcomments&post=6152"}],"version-history":[{"count":1,"href":"https:\/\/www.sobradinho.rs.gov.br\/portal\/index.php?rest_route=\/wp\/v2\/pages\/6152\/revisions"}],"predecessor-version":[{"id":6153,"href":"https:\/\/www.sobradinho.rs.gov.br\/portal\/index.php?rest_route=\/wp\/v2\/pages\/6152\/revisions\/6153"}],"wp:attachment":[{"href":"https:\/\/www.sobradinho.rs.gov.br\/portal\/index.php?rest_route=%2Fwp%2Fv2%2Fmedia&parent=6152"}],"curies":[{"name":"wp","href":"https:\/\/api.w.org\/{rel}","templated":true}]}}